{"id":3408,"date":"2014-09-09T16:46:24","date_gmt":"2014-09-09T14:46:24","guid":{"rendered":"http:\/\/thoman.de\/footer-2\/"},"modified":"2024-04-29T07:14:39","modified_gmt":"2024-04-29T05:14:39","slug":"footer","status":"publish","type":"page","link":"https:\/\/www.thoman.de\/es\/footer\/","title":{"rendered":"Footer"},"content":{"rendered":"<table>\n<tbody>\n<tr>\n<td style=\"width: 200px !important;\"><strong>Thoman Biegemaschinen\u00a0GmbH<\/strong><br \/>\nMittelmatten 1 ; Am Sportplatz<br \/>\nD &#8211; 79206 Breisach-Oberrimsingen<br \/>\nTel.: (0049) 07664 402858 0<br \/>\nFax.: (0049) 07664 402858 99<br \/>\nbiegen @ thoman.de<\/td>\n<td style=\"width: 170px;\"><a title=\"INICIO\" href=\"https:\/\/www.thoman.de\/es\/\"><strong>Inicio<\/strong><\/a><br \/>\n<a title=\"Curvadoras de perfiles\" href=\"https:\/\/www.thoman.de\/es\/maquinas\/curvadoras-de-perfiles\/\">Curvadoras de perfiles<\/a><br \/>\n<a title=\"Curvadoras de tubos\" href=\"https:\/\/www.thoman.de\/es\/maquinas\/curvadoras-de-tubos\/\">Curvadoras de tubos<\/a><br \/>\n<a title=\"Curvadoras universales\" href=\"https:\/\/www.thoman.de\/es\/maquinas\/curvadoras-universales\/\">Curvadoras universales<\/a><br \/>\n<a title=\"Controladores\" href=\"https:\/\/www.thoman.de\/es\/maquinas\/controladores\/\">Controladores<\/a><br \/>\n<a title=\"Curvado en espiral\" href=\"https:\/\/www.thoman.de\/es\/maquinas\/curvado-en-espiral\/\">Curvado en espiral<\/a><\/td>\n<td style=\"width: 109px;\"><a title=\"Centro tecnol\u00f3gico\" href=\"https:\/\/www.thoman.de\/es\/centro-tecnologico\/\"><strong>Centro tecnol\u00f3gico<\/strong><\/a><br \/>\n<a title=\"Demostraci\u00f3n\" href=\"https:\/\/www.thoman.de\/es\/centro-tecnologico\/demostracion\/\">Demostraci\u00f3n<\/a><br \/>\n<a title=\"Capacitaci\u00f3n\" href=\"https:\/\/www.thoman.de\/es\/centro-tecnologico\/capacitacion\/\">Capacitaci\u00f3n<\/a><br \/>\n<a title=\"Departamento de curvado\" href=\"https:\/\/www.thoman.de\/es\/centro-tecnologico\/departamento-de-curvado\/\">Departamento de curvado<\/a><\/td>\n<td style=\"width: 139px;\"><a title=\"La empresa\" href=\"https:\/\/www.thoman.de\/es\/unternehmen\/\"><strong>La empresa<\/strong><\/a><br \/>\n<a title=\"Noticias\" href=\"https:\/\/www.thoman.de\/es\/unternehmen\/noticias\/\">Noticias<\/a><br \/>\n<a title=\"Mercado de trabajo\" href=\"https:\/\/www.thoman.de\/es\/unternehmen\/mercado-de-trabajo\/\">Mercado de trabajo<\/a><a title=\"Aplicaciones\" href=\"https:\/\/www.thoman.de\/es\/aplicaciones\/\"><strong>Aplicaciones<\/strong><\/a><br \/>\n<a title=\"Referencias\" href=\"https:\/\/www.thoman.de\/es\/referencias\/\"><strong> Referencias<\/strong><\/a><\/td>\n<td style=\"width: 149px;\"><a title=\"Contacto\" href=\"https:\/\/www.thoman.de\/es\/contacto\/\"><strong>Contacto<\/strong><\/a><br \/>\n<a title=\"C\u00f3mo llegar\/mapa\" href=\"https:\/\/www.thoman.de\/es\/contacto\/como-llegarmapa\/\">C\u00f3mo llegar\/mapa<\/a><br \/>\n<a title=\"Distribuidores\" href=\"https:\/\/www.thoman.de\/es\/contacto\/distribuidores\/\">Distribuidores<\/a><br \/>\n<a title=\"Descarga\" href=\"https:\/\/www.thoman.de\/es\/descargas\/\">Descargas<\/a><br \/>\n<a title=\"Galer\u00eda de ilustraciones\" href=\"https:\/\/www.thoman.de\/es\/aplicaciones\/galeria-de-ilustraciones\/\">Galer\u00eda de ilustraciones<\/a><br \/>\n<a title=\"Mapa del sitio\" href=\"https:\/\/www.thoman.de\/es\/sitemap\/\">Mapa del sitio<\/a><\/td>\n<td style=\"width: 168px;\">\n<p class=\"download\" style=\"background: #cc0033; padding: 10px; text-align: center; margin-bottom: 15px;\"><a title=\"Suscribirse al bolet\u00edn de noticias\" href=\"https:\/\/www.thoman.de\/es\/suscribirse-al-boletin-de-noticias\/\">Suscribirse al bolet\u00edn de noticias <\/a><\/p>\n<p><a title=\"Aviso legal\" href=\"https:\/\/www.thoman.de\/es\/aviso-legal\/\">Aviso legal<br \/>\n<\/a><a title=\"Legal Note\" href=\"https:\/\/www.thoman.de\/es\/privacy-policy\/\">Privacy Policy<\/a><br \/>\n\u00a9 2024 copyright Thoman Biegemaschinen GmbH<\/td>\n<\/tr>\n<\/tbody>\n<\/table>\n<p>&nbsp;<\/p>\n","protected":false},"excerpt":{"rendered":"<p>Thoman Biegemaschinen\u00a0GmbH Mittelmatten 1 ; Am Sportplatz D &#8211; 79206 Breisach-Oberrimsingen Tel.: (0049) 07664 402858 0 Fax.: (0049) 07664 402858 99 biegen @ thoman.de Inicio Curvadoras de perfiles Curvadoras de tubos Curvadoras universales Controladores Curvado en espiral Centro tecnol\u00f3gico Demostraci\u00f3n Capacitaci\u00f3n Departamento de curvado La empresa Noticias Mercado de trabajoAplicaciones Referencias Contacto C\u00f3mo llegar\/mapa Distribuidores [&hellip;]<\/p>\n","protected":false},"author":11,"featured_media":0,"parent":0,"menu_order":0,"comment_status":"open","ping_status":"open","template":"","meta":{"footnotes":""},"acf":[],"yoast_head":"<!-- This site is optimized with the Yoast SEO plugin v21.3 - https:\/\/yoast.com\/wordpress\/plugins\/seo\/ -->\n<title>Footer - Thoman Biegemaschinen<\/title>\n<meta name=\"robots\" content=\"index, follow, max-snippet:-1, max-image-preview:large, max-video-preview:-1\" \/>\n<link rel=\"canonical\" href=\"https:\/\/www.thoman.de\/es\/footer\/\" \/>\n<meta property=\"og:locale\" content=\"es_ES\" \/>\n<meta property=\"og:type\" content=\"article\" \/>\n<meta property=\"og:title\" content=\"Footer - Thoman Biegemaschinen\" \/>\n<meta property=\"og:description\" content=\"Thoman Biegemaschinen\u00a0GmbH Mittelmatten 1 ; Am Sportplatz D &#8211; 79206 Breisach-Oberrimsingen Tel.: (0049) 07664 402858 0 Fax.: (0049) 07664 402858 99 biegen @ thoman.de Inicio Curvadoras de perfiles Curvadoras de tubos Curvadoras universales Controladores Curvado en espiral Centro tecnol\u00f3gico Demostraci\u00f3n Capacitaci\u00f3n Departamento de curvado La empresa Noticias Mercado de trabajoAplicaciones Referencias Contacto C\u00f3mo llegar\/mapa Distribuidores [&hellip;]\" \/>\n<meta property=\"og:url\" content=\"https:\/\/www.thoman.de\/es\/footer\/\" \/>\n<meta property=\"og:site_name\" content=\"Thoman Biegemaschinen\" \/>\n<meta property=\"article:modified_time\" content=\"2024-04-29T05:14:39+00:00\" \/>\n<meta name=\"twitter:label1\" content=\"Tiempo de lectura\" \/>\n\t<meta name=\"twitter:data1\" content=\"1 minuto\" \/>\n<script type=\"application\/ld+json\" class=\"yoast-schema-graph\">{\"@context\":\"https:\/\/schema.org\",\"@graph\":[{\"@type\":\"WebPage\",\"@id\":\"https:\/\/www.thoman.de\/es\/footer\/\",\"url\":\"https:\/\/www.thoman.de\/es\/footer\/\",\"name\":\"Footer - Thoman Biegemaschinen\",\"isPartOf\":{\"@id\":\"https:\/\/www.thoman.de\/#website\"},\"datePublished\":\"2014-09-09T14:46:24+00:00\",\"dateModified\":\"2024-04-29T05:14:39+00:00\",\"breadcrumb\":{\"@id\":\"https:\/\/www.thoman.de\/es\/footer\/#breadcrumb\"},\"inLanguage\":\"es\",\"potentialAction\":[{\"@type\":\"ReadAction\",\"target\":[\"https:\/\/www.thoman.de\/es\/footer\/\"]}]},{\"@type\":\"BreadcrumbList\",\"@id\":\"https:\/\/www.thoman.de\/es\/footer\/#breadcrumb\",\"itemListElement\":[{\"@type\":\"ListItem\",\"position\":1,\"name\":\"Home\",\"item\":\"https:\/\/www.thoman.de\/es\/\"},{\"@type\":\"ListItem\",\"position\":2,\"name\":\"Footer\"}]},{\"@type\":\"WebSite\",\"@id\":\"https:\/\/www.thoman.de\/#website\",\"url\":\"https:\/\/www.thoman.de\/\",\"name\":\"Thoman Biegemaschinen\",\"description\":\"Eine weitere WordPress-Seite\",\"potentialAction\":[{\"@type\":\"SearchAction\",\"target\":{\"@type\":\"EntryPoint\",\"urlTemplate\":\"https:\/\/www.thoman.de\/?s={search_term_string}\"},\"query-input\":\"required name=search_term_string\"}],\"inLanguage\":\"es\"}]}<\/script>\n<!-- \/ Yoast SEO plugin. -->","yoast_head_json":{"title":"Footer - Thoman Biegemaschinen","robots":{"index":"index","follow":"follow","max-snippet":"max-snippet:-1","max-image-preview":"max-image-preview:large","max-video-preview":"max-video-preview:-1"},"canonical":"https:\/\/www.thoman.de\/es\/footer\/","og_locale":"es_ES","og_type":"article","og_title":"Footer - Thoman Biegemaschinen","og_description":"Thoman Biegemaschinen\u00a0GmbH Mittelmatten 1 ; Am Sportplatz D &#8211; 79206 Breisach-Oberrimsingen Tel.: (0049) 07664 402858 0 Fax.: (0049) 07664 402858 99 biegen @ thoman.de Inicio Curvadoras de perfiles Curvadoras de tubos Curvadoras universales Controladores Curvado en espiral Centro tecnol\u00f3gico Demostraci\u00f3n Capacitaci\u00f3n Departamento de curvado La empresa Noticias Mercado de trabajoAplicaciones Referencias Contacto C\u00f3mo llegar\/mapa Distribuidores [&hellip;]","og_url":"https:\/\/www.thoman.de\/es\/footer\/","og_site_name":"Thoman Biegemaschinen","article_modified_time":"2024-04-29T05:14:39+00:00","twitter_misc":{"Tiempo de lectura":"1 minuto"},"schema":{"@context":"https:\/\/schema.org","@graph":[{"@type":"WebPage","@id":"https:\/\/www.thoman.de\/es\/footer\/","url":"https:\/\/www.thoman.de\/es\/footer\/","name":"Footer - Thoman Biegemaschinen","isPartOf":{"@id":"https:\/\/www.thoman.de\/#website"},"datePublished":"2014-09-09T14:46:24+00:00","dateModified":"2024-04-29T05:14:39+00:00","breadcrumb":{"@id":"https:\/\/www.thoman.de\/es\/footer\/#breadcrumb"},"inLanguage":"es","potentialAction":[{"@type":"ReadAction","target":["https:\/\/www.thoman.de\/es\/footer\/"]}]},{"@type":"BreadcrumbList","@id":"https:\/\/www.thoman.de\/es\/footer\/#breadcrumb","itemListElement":[{"@type":"ListItem","position":1,"name":"Home","item":"https:\/\/www.thoman.de\/es\/"},{"@type":"ListItem","position":2,"name":"Footer"}]},{"@type":"WebSite","@id":"https:\/\/www.thoman.de\/#website","url":"https:\/\/www.thoman.de\/","name":"Thoman Biegemaschinen","description":"Eine weitere WordPress-Seite","potentialAction":[{"@type":"SearchAction","target":{"@type":"EntryPoint","urlTemplate":"https:\/\/www.thoman.de\/?s={search_term_string}"},"query-input":"required name=search_term_string"}],"inLanguage":"es"}]}},"_links":{"self":[{"href":"https:\/\/www.thoman.de\/es\/wp-json\/wp\/v2\/pages\/3408"}],"collection":[{"href":"https:\/\/www.thoman.de\/es\/wp-json\/wp\/v2\/pages"}],"about":[{"href":"https:\/\/www.thoman.de\/es\/wp-json\/wp\/v2\/types\/page"}],"author":[{"embeddable":true,"href":"https:\/\/www.thoman.de\/es\/wp-json\/wp\/v2\/users\/11"}],"replies":[{"embeddable":true,"href":"https:\/\/www.thoman.de\/es\/wp-json\/wp\/v2\/comments?post=3408"}],"version-history":[{"count":12,"href":"https:\/\/www.thoman.de\/es\/wp-json\/wp\/v2\/pages\/3408\/revisions"}],"predecessor-version":[{"id":6018,"href":"https:\/\/www.thoman.de\/es\/wp-json\/wp\/v2\/pages\/3408\/revisions\/6018"}],"wp:attachment":[{"href":"https:\/\/www.thoman.de\/es\/wp-json\/wp\/v2\/media?parent=3408"}],"curies":[{"name":"wp","href":"https:\/\/api.w.org\/{rel}","templated":true}]}}