{"id":3438,"date":"2014-08-14T16:53:49","date_gmt":"2014-08-14T14:53:49","guid":{"rendered":"http:\/\/thoman.de\/maschinen\/rohrbiegemaschinen\/"},"modified":"2014-09-26T00:55:47","modified_gmt":"2014-09-25T22:55:47","slug":"curvadoras-de-tubos","status":"publish","type":"page","link":"https:\/\/www.thoman.de\/es\/maquinas\/curvadoras-de-tubos\/","title":{"rendered":"Curvadoras de tubos"},"content":{"rendered":"<h1>Curvadora de tubos modelo FK<\/h1>\n<h2>semiautom\u00e1tica o totalmente autom\u00e1tica &#8211; una buena elecci\u00f3n<\/h2>\n<table>\n<tbody>\n<tr>\n<td>\n<p style=\"color: #606060;\">Se trate de construcci\u00f3n de plantas, ingenier\u00eda mec\u00e1nica o construcci\u00f3n met\u00e1lica: cuando se necesitan tubos curvados, se utilizan curvadoras de tubos modelo FK. Las curvadoras de tubos de la serie FK est\u00e1n disponibles en versi\u00f3n semiautom\u00e1tica o totalmente autom\u00e1tica.<\/p>\n<p style=\"color: #606060;\">Todas las curvadoras de tubos de Thoman cuentan con un cabezal curvador sumamente compacto, libre y expuesto. Ello garantiza una libertad de curvado lo m\u00e1s amplia posible. <\/p>\n<\/td>\n<td>\n<p style=\"color: #606060;\">Muchas piezas que no pueden ser procesadas en otras curvadoras de tubos debido a colisiones con el cuerpo de la m\u00e1quina, pueden curvarse generalmente sin problemas en una curvadora modelo FK.<\/p>\n<p style=\"color: #606060;\">Las m\u00e1quinas son ideales para la fabricaci\u00f3n de piezas individuales o en serie. Las curvadoras modelo FK combinan una ingenier\u00eda mec\u00e1nica s\u00f3lida con la m\u00e1s moderna tecnolog\u00eda de control para obtener una excelente relaci\u00f3n precio-rendimiento.<\/p>\n<\/td>\n<\/tr>\n<\/tbody>\n<\/table>\n<h3 class=\"data-v1\">Capacidad de curvado\/resumen<\/h3>\n<table class=\"data-v1 table-line table\">\n<tbody>\n<tr>\n<th style=\"text-align: left;\">Contorno<\/th>\n<th style=\"text-align: left;\">FK 50<\/th>\n<th style=\"text-align: left;\">FK 60<\/th>\n<th style=\"text-align: left;\">FK 76<\/th>\n<th style=\"text-align: left;\">FK 90<\/th>\n<\/tr>\n<tr>\n<td>\u00a0<a href=\"https:\/\/www.thoman.de\/wp-content\/uploads\/2014\/09\/typ2.png\"><img decoding=\"async\" class=\"alignleft wp-image-1360\" src=\"https:\/\/www.thoman.de\/wp-content\/uploads\/2014\/09\/typ2.png\" alt=\"Profil-Rohr\" width=\"90\" height=\"30\" \/><\/a><\/td>\n<td>50&#215;3<\/td>\n<td>60&#215;3<\/td>\n<td>76&#215;3<\/td>\n<td>90&#215;3<\/td>\n<\/tr>\n<tr>\n<td><a href=\"https:\/\/www.thoman.de\/wp-content\/uploads\/2014\/09\/typ1.png\"><img decoding=\"async\" class=\"alignnone wp-image-1362\" src=\"https:\/\/www.thoman.de\/wp-content\/uploads\/2014\/09\/typ1.png\" alt=\"Profil-VKrohr\" width=\"90\" height=\"30\" \/><\/a><\/td>\n<td>35&#215;2,5<\/td>\n<td>40&#215;3<\/td>\n<td>50&#215;3<\/td>\n<td>70&#215;3<\/td>\n<\/tr>\n<\/tbody>\n<\/table>\n<table>\n<tbody>\n<tr>\n<td>\n<p style=\"color: #606060;\">La tabla representa solo un breve extracto de los posibles perfiles y dimensiones.<\/p>\n<p style=\"color: #606060;\">Otras formas de perfiles, dimensiones o perfiles especiales son posibles en todo momento.<\/p>\n<\/td>\n<td>\n<p style=\"color: #606060;\">Los datos son v\u00e1lidos para acero con una resistencia m\u00e1x. a la tracci\u00f3n Rm=400 N\/mm2.<\/p>\n<p style=\"color: #606060;\">Para perfiles de aluminio, acero inoxidable o materiales de alta resistencia rigen diferentes coeficientes.<\/p>\n<\/td>\n<\/tr>\n<\/tbody>\n<\/table>\n","protected":false},"excerpt":{"rendered":"<p>Curvadora de tubos modelo FK semiautom\u00e1tica o totalmente autom\u00e1tica &#8211; una buena elecci\u00f3n Se trate de construcci\u00f3n de plantas, ingenier\u00eda mec\u00e1nica o construcci\u00f3n met\u00e1lica: cuando se necesitan tubos curvados, se utilizan curvadoras de tubos modelo FK. Las curvadoras de tubos de la serie FK est\u00e1n disponibles en versi\u00f3n semiautom\u00e1tica o totalmente autom\u00e1tica. Todas las curvadoras [&hellip;]<\/p>\n","protected":false},"author":11,"featured_media":0,"parent":3423,"menu_order":0,"comment_status":"open","ping_status":"open","template":"","meta":{"footnotes":""},"acf":[],"yoast_head":"<!-- This site is optimized with the Yoast SEO plugin v21.3 - https:\/\/yoast.com\/wordpress\/plugins\/seo\/ -->\n<title>Curvadoras de tubos - Thoman Biegemaschinen<\/title>\n<meta name=\"robots\" content=\"index, follow, max-snippet:-1, max-image-preview:large, max-video-preview:-1\" \/>\n<link rel=\"canonical\" href=\"https:\/\/www.thoman.de\/es\/maquinas\/curvadoras-de-tubos\/\" \/>\n<meta property=\"og:locale\" content=\"es_ES\" \/>\n<meta property=\"og:type\" content=\"article\" \/>\n<meta property=\"og:title\" content=\"Curvadoras de tubos - Thoman Biegemaschinen\" \/>\n<meta property=\"og:description\" content=\"Curvadora de tubos modelo FK semiautom\u00e1tica o totalmente autom\u00e1tica &#8211; una buena elecci\u00f3n Se trate de construcci\u00f3n de plantas, ingenier\u00eda mec\u00e1nica o construcci\u00f3n met\u00e1lica: cuando se necesitan tubos curvados, se utilizan curvadoras de tubos modelo FK. Las curvadoras de tubos de la serie FK est\u00e1n disponibles en versi\u00f3n semiautom\u00e1tica o totalmente autom\u00e1tica. Todas las curvadoras [&hellip;]\" \/>\n<meta property=\"og:url\" content=\"https:\/\/www.thoman.de\/es\/maquinas\/curvadoras-de-tubos\/\" \/>\n<meta property=\"og:site_name\" content=\"Thoman Biegemaschinen\" \/>\n<meta property=\"article:modified_time\" content=\"2014-09-25T22:55:47+00:00\" \/>\n<meta property=\"og:image\" content=\"https:\/\/www.thoman.de\/wp-content\/uploads\/2014\/09\/typ2.png\" \/>\n<meta name=\"twitter:label1\" content=\"Tiempo de lectura\" \/>\n\t<meta name=\"twitter:data1\" content=\"1 minuto\" \/>\n<script type=\"application\/ld+json\" class=\"yoast-schema-graph\">{\"@context\":\"https:\/\/schema.org\",\"@graph\":[{\"@type\":\"WebPage\",\"@id\":\"https:\/\/www.thoman.de\/es\/maquinas\/curvadoras-de-tubos\/\",\"url\":\"https:\/\/www.thoman.de\/es\/maquinas\/curvadoras-de-tubos\/\",\"name\":\"Curvadoras de tubos - Thoman Biegemaschinen\",\"isPartOf\":{\"@id\":\"https:\/\/www.thoman.de\/#website\"},\"datePublished\":\"2014-08-14T14:53:49+00:00\",\"dateModified\":\"2014-09-25T22:55:47+00:00\",\"breadcrumb\":{\"@id\":\"https:\/\/www.thoman.de\/es\/maquinas\/curvadoras-de-tubos\/#breadcrumb\"},\"inLanguage\":\"es\",\"potentialAction\":[{\"@type\":\"ReadAction\",\"target\":[\"https:\/\/www.thoman.de\/es\/maquinas\/curvadoras-de-tubos\/\"]}]},{\"@type\":\"BreadcrumbList\",\"@id\":\"https:\/\/www.thoman.de\/es\/maquinas\/curvadoras-de-tubos\/#breadcrumb\",\"itemListElement\":[{\"@type\":\"ListItem\",\"position\":1,\"name\":\"Home\",\"item\":\"https:\/\/www.thoman.de\/es\/\"},{\"@type\":\"ListItem\",\"position\":2,\"name\":\"M\u00e1quinas\",\"item\":\"https:\/\/www.thoman.de\/es\/maquinas\/\"},{\"@type\":\"ListItem\",\"position\":3,\"name\":\"Curvadoras de tubos\"}]},{\"@type\":\"WebSite\",\"@id\":\"https:\/\/www.thoman.de\/#website\",\"url\":\"https:\/\/www.thoman.de\/\",\"name\":\"Thoman Biegemaschinen\",\"description\":\"Eine weitere WordPress-Seite\",\"potentialAction\":[{\"@type\":\"SearchAction\",\"target\":{\"@type\":\"EntryPoint\",\"urlTemplate\":\"https:\/\/www.thoman.de\/?s={search_term_string}\"},\"query-input\":\"required name=search_term_string\"}],\"inLanguage\":\"es\"}]}<\/script>\n<!-- \/ Yoast SEO plugin. -->","yoast_head_json":{"title":"Curvadoras de tubos - Thoman Biegemaschinen","robots":{"index":"index","follow":"follow","max-snippet":"max-snippet:-1","max-image-preview":"max-image-preview:large","max-video-preview":"max-video-preview:-1"},"canonical":"https:\/\/www.thoman.de\/es\/maquinas\/curvadoras-de-tubos\/","og_locale":"es_ES","og_type":"article","og_title":"Curvadoras de tubos - Thoman Biegemaschinen","og_description":"Curvadora de tubos modelo FK semiautom\u00e1tica o totalmente autom\u00e1tica &#8211; una buena elecci\u00f3n Se trate de construcci\u00f3n de plantas, ingenier\u00eda mec\u00e1nica o construcci\u00f3n met\u00e1lica: cuando se necesitan tubos curvados, se utilizan curvadoras de tubos modelo FK. Las curvadoras de tubos de la serie FK est\u00e1n disponibles en versi\u00f3n semiautom\u00e1tica o totalmente autom\u00e1tica. Todas las curvadoras [&hellip;]","og_url":"https:\/\/www.thoman.de\/es\/maquinas\/curvadoras-de-tubos\/","og_site_name":"Thoman Biegemaschinen","article_modified_time":"2014-09-25T22:55:47+00:00","og_image":[{"url":"https:\/\/www.thoman.de\/wp-content\/uploads\/2014\/09\/typ2.png"}],"twitter_misc":{"Tiempo de lectura":"1 minuto"},"schema":{"@context":"https:\/\/schema.org","@graph":[{"@type":"WebPage","@id":"https:\/\/www.thoman.de\/es\/maquinas\/curvadoras-de-tubos\/","url":"https:\/\/www.thoman.de\/es\/maquinas\/curvadoras-de-tubos\/","name":"Curvadoras de tubos - Thoman Biegemaschinen","isPartOf":{"@id":"https:\/\/www.thoman.de\/#website"},"datePublished":"2014-08-14T14:53:49+00:00","dateModified":"2014-09-25T22:55:47+00:00","breadcrumb":{"@id":"https:\/\/www.thoman.de\/es\/maquinas\/curvadoras-de-tubos\/#breadcrumb"},"inLanguage":"es","potentialAction":[{"@type":"ReadAction","target":["https:\/\/www.thoman.de\/es\/maquinas\/curvadoras-de-tubos\/"]}]},{"@type":"BreadcrumbList","@id":"https:\/\/www.thoman.de\/es\/maquinas\/curvadoras-de-tubos\/#breadcrumb","itemListElement":[{"@type":"ListItem","position":1,"name":"Home","item":"https:\/\/www.thoman.de\/es\/"},{"@type":"ListItem","position":2,"name":"M\u00e1quinas","item":"https:\/\/www.thoman.de\/es\/maquinas\/"},{"@type":"ListItem","position":3,"name":"Curvadoras de tubos"}]},{"@type":"WebSite","@id":"https:\/\/www.thoman.de\/#website","url":"https:\/\/www.thoman.de\/","name":"Thoman Biegemaschinen","description":"Eine weitere WordPress-Seite","potentialAction":[{"@type":"SearchAction","target":{"@type":"EntryPoint","urlTemplate":"https:\/\/www.thoman.de\/?s={search_term_string}"},"query-input":"required name=search_term_string"}],"inLanguage":"es"}]}},"_links":{"self":[{"href":"https:\/\/www.thoman.de\/es\/wp-json\/wp\/v2\/pages\/3438"}],"collection":[{"href":"https:\/\/www.thoman.de\/es\/wp-json\/wp\/v2\/pages"}],"about":[{"href":"https:\/\/www.thoman.de\/es\/wp-json\/wp\/v2\/types\/page"}],"author":[{"embeddable":true,"href":"https:\/\/www.thoman.de\/es\/wp-json\/wp\/v2\/users\/11"}],"replies":[{"embeddable":true,"href":"https:\/\/www.thoman.de\/es\/wp-json\/wp\/v2\/comments?post=3438"}],"version-history":[{"count":2,"href":"https:\/\/www.thoman.de\/es\/wp-json\/wp\/v2\/pages\/3438\/revisions"}],"predecessor-version":[{"id":4401,"href":"https:\/\/www.thoman.de\/es\/wp-json\/wp\/v2\/pages\/3438\/revisions\/4401"}],"up":[{"embeddable":true,"href":"https:\/\/www.thoman.de\/es\/wp-json\/wp\/v2\/pages\/3423"}],"wp:attachment":[{"href":"https:\/\/www.thoman.de\/es\/wp-json\/wp\/v2\/media?parent=3438"}],"curies":[{"name":"wp","href":"https:\/\/api.w.org\/{rel}","templated":true}]}}