{"id":3450,"date":"2014-08-14T16:55:23","date_gmt":"2014-08-14T14:55:23","guid":{"rendered":"http:\/\/thoman.de\/maschinen\/steuerungen\/"},"modified":"2014-09-26T01:27:17","modified_gmt":"2014-09-25T23:27:17","slug":"controladores","status":"publish","type":"page","link":"https:\/\/www.thoman.de\/es\/maquinas\/controladores\/","title":{"rendered":"Controladores"},"content":{"rendered":"<h1>Su \u00e9xito es controlable<\/h1>\n<h2>con la poderosa tecnolog\u00eda de control de Thoman<\/h2>\n<table>\n<tbody>\n<tr>\n<td>\n<p style=\"color: #606060;\">Gracias a la estructura modular del hardware y la arquitectura abierta del software, puede encontrarse una configuraci\u00f3n a medida de sus instalaciones y de sus requerimientos espec\u00edficos. Adem\u00e1s, disponemos de numerosas opciones de ampliaci\u00f3n, con las que usted puede adaptar f\u00e1cilmente su sistema de control a las tareas de producci\u00f3n cambiantes o completamente nuevas.<\/p>\n<\/td>\n<td>\n<p style=\"color: #606060;\">De esa manera, usted sigue siendo flexible y su producci\u00f3n siempre competitiva.<\/p>\n<p style=\"color: #606060;\">Con mucho gusto le asesoramos durante la elecci\u00f3n.<\/p>\n<\/td>\n<\/tr>\n<\/tbody>\n<\/table>\n<h3 class=\"data-v1\">Controladores de m\u00e1quinas\/utilizaci\u00f3n<\/h3>\n<table class=\"data-v1 table-second-red table\">\n<tbody>\n<tr>\n<th style=\"text-align: left;\">\n<p class=\"p1\">Controladores<\/p>\n<\/th>\n<th style=\"text-align: left;\">Curvadoras universales<br \/>\nmodelo MultiBend<\/th>\n<th style=\"text-align: left;\">Curvadoras de perfiles modelo RB<\/th>\n<th style=\"text-align: left;\">Curvadoras de mandril modelo FK<\/th>\n<\/tr>\n<tr>\n<td>\u00a0PP15-1A<\/td>\n<td>X<\/td>\n<td>X<\/td>\n<td>X<\/td>\n<\/tr>\n<tr>\n<td>\u00a0PP41-1A<\/td>\n<td>X<\/td>\n<td>X<\/td>\n<td>X<\/td>\n<\/tr>\n<tr>\n<td>\u00a0PP41-2A<\/td>\n<td>X<\/td>\n<td>X<\/td>\n<td>X<\/td>\n<\/tr>\n<tr>\n<td>\u00a0PP41-3A<\/td>\n<td>X<\/td>\n<td>&#8211;<\/td>\n<td>X<\/td>\n<\/tr>\n<tr>\n<td>\u00a0CNS-S<\/td>\n<td>&#8211;<\/td>\n<td>X<\/td>\n<td>X<\/td>\n<\/tr>\n<\/tbody>\n<\/table>\n","protected":false},"excerpt":{"rendered":"<p>Su \u00e9xito es controlable con la poderosa tecnolog\u00eda de control de Thoman Gracias a la estructura modular del hardware y la arquitectura abierta del software, puede encontrarse una configuraci\u00f3n a medida de sus instalaciones y de sus requerimientos espec\u00edficos. Adem\u00e1s, disponemos de numerosas opciones de ampliaci\u00f3n, con las que usted puede adaptar f\u00e1cilmente su sistema [&hellip;]<\/p>\n","protected":false},"author":11,"featured_media":0,"parent":3423,"menu_order":0,"comment_status":"open","ping_status":"open","template":"","meta":{"footnotes":""},"acf":[],"yoast_head":"<!-- This site is optimized with the Yoast SEO plugin v21.3 - https:\/\/yoast.com\/wordpress\/plugins\/seo\/ -->\n<title>Controladores - Thoman Biegemaschinen<\/title>\n<meta name=\"robots\" content=\"index, follow, max-snippet:-1, max-image-preview:large, max-video-preview:-1\" \/>\n<link rel=\"canonical\" href=\"https:\/\/www.thoman.de\/es\/maquinas\/controladores\/\" \/>\n<meta property=\"og:locale\" content=\"es_ES\" \/>\n<meta property=\"og:type\" content=\"article\" \/>\n<meta property=\"og:title\" content=\"Controladores - Thoman Biegemaschinen\" \/>\n<meta property=\"og:description\" content=\"Su \u00e9xito es controlable con la poderosa tecnolog\u00eda de control de Thoman Gracias a la estructura modular del hardware y la arquitectura abierta del software, puede encontrarse una configuraci\u00f3n a medida de sus instalaciones y de sus requerimientos espec\u00edficos. Adem\u00e1s, disponemos de numerosas opciones de ampliaci\u00f3n, con las que usted puede adaptar f\u00e1cilmente su sistema [&hellip;]\" \/>\n<meta property=\"og:url\" content=\"https:\/\/www.thoman.de\/es\/maquinas\/controladores\/\" \/>\n<meta property=\"og:site_name\" content=\"Thoman Biegemaschinen\" \/>\n<meta property=\"article:modified_time\" content=\"2014-09-25T23:27:17+00:00\" \/>\n<meta name=\"twitter:label1\" content=\"Tiempo de lectura\" \/>\n\t<meta name=\"twitter:data1\" content=\"1 minuto\" \/>\n<script type=\"application\/ld+json\" class=\"yoast-schema-graph\">{\"@context\":\"https:\/\/schema.org\",\"@graph\":[{\"@type\":\"WebPage\",\"@id\":\"https:\/\/www.thoman.de\/es\/maquinas\/controladores\/\",\"url\":\"https:\/\/www.thoman.de\/es\/maquinas\/controladores\/\",\"name\":\"Controladores - Thoman Biegemaschinen\",\"isPartOf\":{\"@id\":\"https:\/\/www.thoman.de\/#website\"},\"datePublished\":\"2014-08-14T14:55:23+00:00\",\"dateModified\":\"2014-09-25T23:27:17+00:00\",\"breadcrumb\":{\"@id\":\"https:\/\/www.thoman.de\/es\/maquinas\/controladores\/#breadcrumb\"},\"inLanguage\":\"es\",\"potentialAction\":[{\"@type\":\"ReadAction\",\"target\":[\"https:\/\/www.thoman.de\/es\/maquinas\/controladores\/\"]}]},{\"@type\":\"BreadcrumbList\",\"@id\":\"https:\/\/www.thoman.de\/es\/maquinas\/controladores\/#breadcrumb\",\"itemListElement\":[{\"@type\":\"ListItem\",\"position\":1,\"name\":\"Home\",\"item\":\"https:\/\/www.thoman.de\/es\/\"},{\"@type\":\"ListItem\",\"position\":2,\"name\":\"M\u00e1quinas\",\"item\":\"https:\/\/www.thoman.de\/es\/maquinas\/\"},{\"@type\":\"ListItem\",\"position\":3,\"name\":\"Controladores\"}]},{\"@type\":\"WebSite\",\"@id\":\"https:\/\/www.thoman.de\/#website\",\"url\":\"https:\/\/www.thoman.de\/\",\"name\":\"Thoman Biegemaschinen\",\"description\":\"Eine weitere WordPress-Seite\",\"potentialAction\":[{\"@type\":\"SearchAction\",\"target\":{\"@type\":\"EntryPoint\",\"urlTemplate\":\"https:\/\/www.thoman.de\/?s={search_term_string}\"},\"query-input\":\"required name=search_term_string\"}],\"inLanguage\":\"es\"}]}<\/script>\n<!-- \/ Yoast SEO plugin. -->","yoast_head_json":{"title":"Controladores - Thoman Biegemaschinen","robots":{"index":"index","follow":"follow","max-snippet":"max-snippet:-1","max-image-preview":"max-image-preview:large","max-video-preview":"max-video-preview:-1"},"canonical":"https:\/\/www.thoman.de\/es\/maquinas\/controladores\/","og_locale":"es_ES","og_type":"article","og_title":"Controladores - Thoman Biegemaschinen","og_description":"Su \u00e9xito es controlable con la poderosa tecnolog\u00eda de control de Thoman Gracias a la estructura modular del hardware y la arquitectura abierta del software, puede encontrarse una configuraci\u00f3n a medida de sus instalaciones y de sus requerimientos espec\u00edficos. Adem\u00e1s, disponemos de numerosas opciones de ampliaci\u00f3n, con las que usted puede adaptar f\u00e1cilmente su sistema [&hellip;]","og_url":"https:\/\/www.thoman.de\/es\/maquinas\/controladores\/","og_site_name":"Thoman Biegemaschinen","article_modified_time":"2014-09-25T23:27:17+00:00","twitter_misc":{"Tiempo de lectura":"1 minuto"},"schema":{"@context":"https:\/\/schema.org","@graph":[{"@type":"WebPage","@id":"https:\/\/www.thoman.de\/es\/maquinas\/controladores\/","url":"https:\/\/www.thoman.de\/es\/maquinas\/controladores\/","name":"Controladores - Thoman Biegemaschinen","isPartOf":{"@id":"https:\/\/www.thoman.de\/#website"},"datePublished":"2014-08-14T14:55:23+00:00","dateModified":"2014-09-25T23:27:17+00:00","breadcrumb":{"@id":"https:\/\/www.thoman.de\/es\/maquinas\/controladores\/#breadcrumb"},"inLanguage":"es","potentialAction":[{"@type":"ReadAction","target":["https:\/\/www.thoman.de\/es\/maquinas\/controladores\/"]}]},{"@type":"BreadcrumbList","@id":"https:\/\/www.thoman.de\/es\/maquinas\/controladores\/#breadcrumb","itemListElement":[{"@type":"ListItem","position":1,"name":"Home","item":"https:\/\/www.thoman.de\/es\/"},{"@type":"ListItem","position":2,"name":"M\u00e1quinas","item":"https:\/\/www.thoman.de\/es\/maquinas\/"},{"@type":"ListItem","position":3,"name":"Controladores"}]},{"@type":"WebSite","@id":"https:\/\/www.thoman.de\/#website","url":"https:\/\/www.thoman.de\/","name":"Thoman Biegemaschinen","description":"Eine weitere WordPress-Seite","potentialAction":[{"@type":"SearchAction","target":{"@type":"EntryPoint","urlTemplate":"https:\/\/www.thoman.de\/?s={search_term_string}"},"query-input":"required name=search_term_string"}],"inLanguage":"es"}]}},"_links":{"self":[{"href":"https:\/\/www.thoman.de\/es\/wp-json\/wp\/v2\/pages\/3450"}],"collection":[{"href":"https:\/\/www.thoman.de\/es\/wp-json\/wp\/v2\/pages"}],"about":[{"href":"https:\/\/www.thoman.de\/es\/wp-json\/wp\/v2\/types\/page"}],"author":[{"embeddable":true,"href":"https:\/\/www.thoman.de\/es\/wp-json\/wp\/v2\/users\/11"}],"replies":[{"embeddable":true,"href":"https:\/\/www.thoman.de\/es\/wp-json\/wp\/v2\/comments?post=3450"}],"version-history":[{"count":6,"href":"https:\/\/www.thoman.de\/es\/wp-json\/wp\/v2\/pages\/3450\/revisions"}],"predecessor-version":[{"id":5115,"href":"https:\/\/www.thoman.de\/es\/wp-json\/wp\/v2\/pages\/3450\/revisions\/5115"}],"up":[{"embeddable":true,"href":"https:\/\/www.thoman.de\/es\/wp-json\/wp\/v2\/pages\/3423"}],"wp:attachment":[{"href":"https:\/\/www.thoman.de\/es\/wp-json\/wp\/v2\/media?parent=3450"}],"curies":[{"name":"wp","href":"https:\/\/api.w.org\/{rel}","templated":true}]}}