{"id":3471,"date":"2014-08-14T16:54:55","date_gmt":"2014-08-14T14:54:55","guid":{"rendered":"http:\/\/thoman.de\/maschinen\/wendelbiegemaschine\/"},"modified":"2014-09-26T01:35:32","modified_gmt":"2014-09-25T23:35:32","slug":"curvado-en-espiral","status":"publish","type":"page","link":"https:\/\/www.thoman.de\/es\/maquinas\/curvado-en-espiral\/","title":{"rendered":"Curvado en espiral"},"content":{"rendered":"<h1>Wende-Mat<\/h1>\n<h2>una invenci\u00f3n genial torna la fabricaci\u00f3n de pasamanos espiralados en un juego de ni\u00f1os <\/h2>\n<table>\n<tbody>\n<tr>\n<td>\n<p style=\"color: #606060;\">El Wende-Mat es un dispositivo de medici\u00f3n y control para la fabricaci\u00f3n racional y precisa de pasamanos curvados para escaleras de caracol y en espiral.<\/p>\n<p style=\"color: #606060;\"><a href=\"https:\/\/www.thoman.de\/wp-content\/uploads\/2014\/09\/wende1-1.png\"><img decoding=\"async\" class=\"aligncenter wp-image-2095 size-full\" style=\"text-align: center !important; margin-left: 40px;\" src=\"https:\/\/www.thoman.de\/wp-content\/uploads\/2014\/09\/wende1-1.png\" alt=\"wende1-1\" width=\"118\" height=\"202\" \/><\/a><\/p>\n<h3 class=\"top\">Sobre el funcionamiento:<\/h3>\n<p style=\"color: #606060;\">Lo decisivo para la precisi\u00f3n de ajuste de un espiral tubular es el radio de curvatura, as\u00ed como la torsi\u00f3n del tubo en relaci\u00f3n a la longitud desenrollada.<\/p>\n<p style=\"color: #606060;\">El radio a curvar del tubo se logra mediante aproximaci\u00f3n de un rodillo de laminaci\u00f3n. El radio de curvatura alcanzado puede determinarse sin problemas mediante un medidor de radios o la altura del arco. Si durante el proceso de curvado se levanta el tubo curvado del lado de salida de la m\u00e1quina, se produce a ra\u00edz de ello una espiral tubular. En el pasado, la levantada de la espiral tubular se dej\u00f3 a menudo librada a la sensibilidad y experiencia del operador de la m\u00e1quina.<\/p>\n<\/td>\n<td>\n<p style=\"color: #606060;\">En la mayor\u00eda de los casos, sin embargo, la precisi\u00f3n de los resultados del curvado con este m\u00e9todo de trabajo deja bastante que desear. La consecuencia es un trabajo de retoque costoso o una fabricaci\u00f3n repetida de la espiral tubular.<\/p>\n<p style=\"color: #606060;\">El Wende-Mat acaba con ello.<\/p>\n<p style=\"color: #606060;\">El modo de funcionamiento es tan sencillo como genial. El manejo, un juego de ni\u00f1os.<\/p>\n<p style=\"color: #606060;\">El Wende-Mat est\u00e1 compuesto por una unidad de control electr\u00f3nica, un sistema de medici\u00f3n electr\u00f3nico para medir la rotaci\u00f3n del tubo y otro para medir la longitud desenrollada. Durante el proceso de curvado, el Wende-Mat mide continuamente la rotaci\u00f3n y el avance del tubo. Las discrepancias con el valor nominal le son indicadas al operador mediante un \u00absem\u00e1foro\u00bb (esto es, l\u00e1mparas indicadoras dispuestas verticalmente) rojo\/amarillo\/verde\/amarillo\/rojo. En caso de una torsi\u00f3n ajustada exactamente, \u00e9sta se indica mediante una l\u00e1mpara indicadora verde. No es necesario entonces efectuar correcci\u00f3n alguna. Si se ilumina una l\u00e1mpara amarilla o roja, hay que efectuar una correcci\u00f3n. La fabricaci\u00f3n de la espiral se efect\u00faa con precisi\u00f3n y eficiencia. No es necesario detener la m\u00e1quina durante el proceso de curvado.<\/p>\n<p style=\"color: #606060;\">La chatarra de espiral queda excluida. Cada pasamanos espiralado calza a la perfecci\u00f3n.<\/p>\n<\/td>\n<\/tr>\n<\/tbody>\n<\/table>\n<h3 style=\"font-size: 14px; line-height: 20px; font-weight: bold;\"><span style=\"color: #cc0000;\">Aplicaci\u00f3n<\/span> <span style=\"color: #b3b3b3; text-transform: none;\">Para toda empresa de construcci\u00f3n de escalinatas y cerramientos, as\u00ed como empresas de curvado por contrato que necesitan un m\u00e9todo sencillo y preciso para la fabricaci\u00f3n de espirales de calce perfecto<\/span><\/h3>\n<p>&nbsp;<\/p>\n","protected":false},"excerpt":{"rendered":"<p>Wende-Mat una invenci\u00f3n genial torna la fabricaci\u00f3n de pasamanos espiralados en un juego de ni\u00f1os El Wende-Mat es un dispositivo de medici\u00f3n y control para la fabricaci\u00f3n racional y precisa de pasamanos curvados para escaleras de caracol y en espiral. Sobre el funcionamiento: Lo decisivo para la precisi\u00f3n de ajuste de un espiral tubular es [&hellip;]<\/p>\n","protected":false},"author":11,"featured_media":0,"parent":3423,"menu_order":0,"comment_status":"open","ping_status":"open","template":"","meta":{"footnotes":""},"acf":[],"yoast_head":"<!-- This site is optimized with the Yoast SEO plugin v21.3 - https:\/\/yoast.com\/wordpress\/plugins\/seo\/ -->\n<title>Curvado en espiral - Thoman Biegemaschinen<\/title>\n<meta name=\"robots\" content=\"index, follow, max-snippet:-1, max-image-preview:large, max-video-preview:-1\" \/>\n<link rel=\"canonical\" href=\"https:\/\/www.thoman.de\/es\/maquinas\/curvado-en-espiral\/\" \/>\n<meta property=\"og:locale\" content=\"es_ES\" \/>\n<meta property=\"og:type\" content=\"article\" \/>\n<meta property=\"og:title\" content=\"Curvado en espiral - Thoman Biegemaschinen\" \/>\n<meta property=\"og:description\" content=\"Wende-Mat una invenci\u00f3n genial torna la fabricaci\u00f3n de pasamanos espiralados en un juego de ni\u00f1os El Wende-Mat es un dispositivo de medici\u00f3n y control para la fabricaci\u00f3n racional y precisa de pasamanos curvados para escaleras de caracol y en espiral. Sobre el funcionamiento: Lo decisivo para la precisi\u00f3n de ajuste de un espiral tubular es [&hellip;]\" \/>\n<meta property=\"og:url\" content=\"https:\/\/www.thoman.de\/es\/maquinas\/curvado-en-espiral\/\" \/>\n<meta property=\"og:site_name\" content=\"Thoman Biegemaschinen\" \/>\n<meta property=\"article:modified_time\" content=\"2014-09-25T23:35:32+00:00\" \/>\n<meta property=\"og:image\" content=\"https:\/\/www.thoman.de\/wp-content\/uploads\/2014\/09\/wende1-1.png\" \/>\n<meta name=\"twitter:label1\" content=\"Tiempo de lectura\" \/>\n\t<meta name=\"twitter:data1\" content=\"2 minutos\" \/>\n<script type=\"application\/ld+json\" class=\"yoast-schema-graph\">{\"@context\":\"https:\/\/schema.org\",\"@graph\":[{\"@type\":\"WebPage\",\"@id\":\"https:\/\/www.thoman.de\/es\/maquinas\/curvado-en-espiral\/\",\"url\":\"https:\/\/www.thoman.de\/es\/maquinas\/curvado-en-espiral\/\",\"name\":\"Curvado en espiral - Thoman Biegemaschinen\",\"isPartOf\":{\"@id\":\"https:\/\/www.thoman.de\/#website\"},\"datePublished\":\"2014-08-14T14:54:55+00:00\",\"dateModified\":\"2014-09-25T23:35:32+00:00\",\"breadcrumb\":{\"@id\":\"https:\/\/www.thoman.de\/es\/maquinas\/curvado-en-espiral\/#breadcrumb\"},\"inLanguage\":\"es\",\"potentialAction\":[{\"@type\":\"ReadAction\",\"target\":[\"https:\/\/www.thoman.de\/es\/maquinas\/curvado-en-espiral\/\"]}]},{\"@type\":\"BreadcrumbList\",\"@id\":\"https:\/\/www.thoman.de\/es\/maquinas\/curvado-en-espiral\/#breadcrumb\",\"itemListElement\":[{\"@type\":\"ListItem\",\"position\":1,\"name\":\"Home\",\"item\":\"https:\/\/www.thoman.de\/es\/\"},{\"@type\":\"ListItem\",\"position\":2,\"name\":\"M\u00e1quinas\",\"item\":\"https:\/\/www.thoman.de\/es\/maquinas\/\"},{\"@type\":\"ListItem\",\"position\":3,\"name\":\"Curvado en espiral\"}]},{\"@type\":\"WebSite\",\"@id\":\"https:\/\/www.thoman.de\/#website\",\"url\":\"https:\/\/www.thoman.de\/\",\"name\":\"Thoman Biegemaschinen\",\"description\":\"Eine weitere WordPress-Seite\",\"potentialAction\":[{\"@type\":\"SearchAction\",\"target\":{\"@type\":\"EntryPoint\",\"urlTemplate\":\"https:\/\/www.thoman.de\/?s={search_term_string}\"},\"query-input\":\"required name=search_term_string\"}],\"inLanguage\":\"es\"}]}<\/script>\n<!-- \/ Yoast SEO plugin. -->","yoast_head_json":{"title":"Curvado en espiral - Thoman Biegemaschinen","robots":{"index":"index","follow":"follow","max-snippet":"max-snippet:-1","max-image-preview":"max-image-preview:large","max-video-preview":"max-video-preview:-1"},"canonical":"https:\/\/www.thoman.de\/es\/maquinas\/curvado-en-espiral\/","og_locale":"es_ES","og_type":"article","og_title":"Curvado en espiral - Thoman Biegemaschinen","og_description":"Wende-Mat una invenci\u00f3n genial torna la fabricaci\u00f3n de pasamanos espiralados en un juego de ni\u00f1os El Wende-Mat es un dispositivo de medici\u00f3n y control para la fabricaci\u00f3n racional y precisa de pasamanos curvados para escaleras de caracol y en espiral. Sobre el funcionamiento: Lo decisivo para la precisi\u00f3n de ajuste de un espiral tubular es [&hellip;]","og_url":"https:\/\/www.thoman.de\/es\/maquinas\/curvado-en-espiral\/","og_site_name":"Thoman Biegemaschinen","article_modified_time":"2014-09-25T23:35:32+00:00","og_image":[{"url":"https:\/\/www.thoman.de\/wp-content\/uploads\/2014\/09\/wende1-1.png"}],"twitter_misc":{"Tiempo de lectura":"2 minutos"},"schema":{"@context":"https:\/\/schema.org","@graph":[{"@type":"WebPage","@id":"https:\/\/www.thoman.de\/es\/maquinas\/curvado-en-espiral\/","url":"https:\/\/www.thoman.de\/es\/maquinas\/curvado-en-espiral\/","name":"Curvado en espiral - Thoman Biegemaschinen","isPartOf":{"@id":"https:\/\/www.thoman.de\/#website"},"datePublished":"2014-08-14T14:54:55+00:00","dateModified":"2014-09-25T23:35:32+00:00","breadcrumb":{"@id":"https:\/\/www.thoman.de\/es\/maquinas\/curvado-en-espiral\/#breadcrumb"},"inLanguage":"es","potentialAction":[{"@type":"ReadAction","target":["https:\/\/www.thoman.de\/es\/maquinas\/curvado-en-espiral\/"]}]},{"@type":"BreadcrumbList","@id":"https:\/\/www.thoman.de\/es\/maquinas\/curvado-en-espiral\/#breadcrumb","itemListElement":[{"@type":"ListItem","position":1,"name":"Home","item":"https:\/\/www.thoman.de\/es\/"},{"@type":"ListItem","position":2,"name":"M\u00e1quinas","item":"https:\/\/www.thoman.de\/es\/maquinas\/"},{"@type":"ListItem","position":3,"name":"Curvado en espiral"}]},{"@type":"WebSite","@id":"https:\/\/www.thoman.de\/#website","url":"https:\/\/www.thoman.de\/","name":"Thoman Biegemaschinen","description":"Eine weitere WordPress-Seite","potentialAction":[{"@type":"SearchAction","target":{"@type":"EntryPoint","urlTemplate":"https:\/\/www.thoman.de\/?s={search_term_string}"},"query-input":"required name=search_term_string"}],"inLanguage":"es"}]}},"_links":{"self":[{"href":"https:\/\/www.thoman.de\/es\/wp-json\/wp\/v2\/pages\/3471"}],"collection":[{"href":"https:\/\/www.thoman.de\/es\/wp-json\/wp\/v2\/pages"}],"about":[{"href":"https:\/\/www.thoman.de\/es\/wp-json\/wp\/v2\/types\/page"}],"author":[{"embeddable":true,"href":"https:\/\/www.thoman.de\/es\/wp-json\/wp\/v2\/users\/11"}],"replies":[{"embeddable":true,"href":"https:\/\/www.thoman.de\/es\/wp-json\/wp\/v2\/comments?post=3471"}],"version-history":[{"count":5,"href":"https:\/\/www.thoman.de\/es\/wp-json\/wp\/v2\/pages\/3471\/revisions"}],"predecessor-version":[{"id":5117,"href":"https:\/\/www.thoman.de\/es\/wp-json\/wp\/v2\/pages\/3471\/revisions\/5117"}],"up":[{"embeddable":true,"href":"https:\/\/www.thoman.de\/es\/wp-json\/wp\/v2\/pages\/3423"}],"wp:attachment":[{"href":"https:\/\/www.thoman.de\/es\/wp-json\/wp\/v2\/media?parent=3471"}],"curies":[{"name":"wp","href":"https:\/\/api.w.org\/{rel}","templated":true}]}}