{"id":3478,"date":"2014-08-14T17:26:39","date_gmt":"2014-08-14T15:26:39","guid":{"rendered":"http:\/\/thoman.de\/newsletter-3\/"},"modified":"2014-09-26T02:18:57","modified_gmt":"2014-09-26T00:18:57","slug":"suscribirse-al-boletin-de-noticias","status":"publish","type":"page","link":"https:\/\/www.thoman.de\/es\/suscribirse-al-boletin-de-noticias\/","title":{"rendered":"Suscribirse al bolet\u00edn de noticias"},"content":{"rendered":"<h1>Mant\u00e9ngase informado<\/h1>\n<p>Con nuestro bolet\u00edn de noticias le informamos acerca de:<\/p>\n<ul>\n<li>Nuevos programas o actualizaciones<\/li>\n<li>Nuevos desarrollos y productos<\/li>\n<li>Eventos y Ferias<\/li>\n<li>Entradas gratuitas para ferias y exposiciones<\/li>\n<li>Promociones especiales<\/li>\n<li>Descuentos especiales<\/li>\n<\/ul>\n<p>Reg\u00edstrese aqu\u00ed. Su inscripci\u00f3n es totalmente gratuita y sin compromiso. Sus datos no ser\u00e1n transmitidos a terceros ni utilizados para otros fines. Puede cancelar su suscripci\u00f3n al bolet\u00edn en cualquier momento.<\/p>\n","protected":false},"excerpt":{"rendered":"<p>Mant\u00e9ngase informado Con nuestro bolet\u00edn de noticias le informamos acerca de: Nuevos programas o actualizaciones Nuevos desarrollos y productos Eventos y Ferias Entradas gratuitas para ferias y exposiciones Promociones especiales Descuentos especiales Reg\u00edstrese aqu\u00ed. Su inscripci\u00f3n es totalmente gratuita y sin compromiso. Sus datos no ser\u00e1n transmitidos a terceros ni utilizados para otros fines. Puede [&hellip;]<\/p>\n","protected":false},"author":11,"featured_media":0,"parent":0,"menu_order":0,"comment_status":"open","ping_status":"open","template":"","meta":{"footnotes":""},"acf":[],"yoast_head":"<!-- This site is optimized with the Yoast SEO plugin v21.3 - https:\/\/yoast.com\/wordpress\/plugins\/seo\/ -->\n<title>Suscribirse al bolet\u00edn de noticias  - Thoman Biegemaschinen<\/title>\n<meta name=\"robots\" content=\"index, follow, max-snippet:-1, max-image-preview:large, max-video-preview:-1\" \/>\n<link rel=\"canonical\" href=\"https:\/\/www.thoman.de\/es\/suscribirse-al-boletin-de-noticias\/\" \/>\n<meta property=\"og:locale\" content=\"es_ES\" \/>\n<meta property=\"og:type\" content=\"article\" \/>\n<meta property=\"og:title\" content=\"Suscribirse al bolet\u00edn de noticias  - Thoman Biegemaschinen\" \/>\n<meta property=\"og:description\" content=\"Mant\u00e9ngase informado Con nuestro bolet\u00edn de noticias le informamos acerca de: Nuevos programas o actualizaciones Nuevos desarrollos y productos Eventos y Ferias Entradas gratuitas para ferias y exposiciones Promociones especiales Descuentos especiales Reg\u00edstrese aqu\u00ed. Su inscripci\u00f3n es totalmente gratuita y sin compromiso. Sus datos no ser\u00e1n transmitidos a terceros ni utilizados para otros fines. Puede [&hellip;]\" \/>\n<meta property=\"og:url\" content=\"https:\/\/www.thoman.de\/es\/suscribirse-al-boletin-de-noticias\/\" \/>\n<meta property=\"og:site_name\" content=\"Thoman Biegemaschinen\" \/>\n<meta property=\"article:modified_time\" content=\"2014-09-26T00:18:57+00:00\" \/>\n<script type=\"application\/ld+json\" class=\"yoast-schema-graph\">{\"@context\":\"https:\/\/schema.org\",\"@graph\":[{\"@type\":\"WebPage\",\"@id\":\"https:\/\/www.thoman.de\/es\/suscribirse-al-boletin-de-noticias\/\",\"url\":\"https:\/\/www.thoman.de\/es\/suscribirse-al-boletin-de-noticias\/\",\"name\":\"Suscribirse al bolet\u00edn de noticias - Thoman Biegemaschinen\",\"isPartOf\":{\"@id\":\"https:\/\/www.thoman.de\/#website\"},\"datePublished\":\"2014-08-14T15:26:39+00:00\",\"dateModified\":\"2014-09-26T00:18:57+00:00\",\"breadcrumb\":{\"@id\":\"https:\/\/www.thoman.de\/es\/suscribirse-al-boletin-de-noticias\/#breadcrumb\"},\"inLanguage\":\"es\",\"potentialAction\":[{\"@type\":\"ReadAction\",\"target\":[\"https:\/\/www.thoman.de\/es\/suscribirse-al-boletin-de-noticias\/\"]}]},{\"@type\":\"BreadcrumbList\",\"@id\":\"https:\/\/www.thoman.de\/es\/suscribirse-al-boletin-de-noticias\/#breadcrumb\",\"itemListElement\":[{\"@type\":\"ListItem\",\"position\":1,\"name\":\"Home\",\"item\":\"https:\/\/www.thoman.de\/es\/\"},{\"@type\":\"ListItem\",\"position\":2,\"name\":\"Suscribirse al bolet\u00edn de noticias\"}]},{\"@type\":\"WebSite\",\"@id\":\"https:\/\/www.thoman.de\/#website\",\"url\":\"https:\/\/www.thoman.de\/\",\"name\":\"Thoman Biegemaschinen\",\"description\":\"Eine weitere WordPress-Seite\",\"potentialAction\":[{\"@type\":\"SearchAction\",\"target\":{\"@type\":\"EntryPoint\",\"urlTemplate\":\"https:\/\/www.thoman.de\/?s={search_term_string}\"},\"query-input\":\"required name=search_term_string\"}],\"inLanguage\":\"es\"}]}<\/script>\n<!-- \/ Yoast SEO plugin. -->","yoast_head_json":{"title":"Suscribirse al bolet\u00edn de noticias  - Thoman Biegemaschinen","robots":{"index":"index","follow":"follow","max-snippet":"max-snippet:-1","max-image-preview":"max-image-preview:large","max-video-preview":"max-video-preview:-1"},"canonical":"https:\/\/www.thoman.de\/es\/suscribirse-al-boletin-de-noticias\/","og_locale":"es_ES","og_type":"article","og_title":"Suscribirse al bolet\u00edn de noticias  - Thoman Biegemaschinen","og_description":"Mant\u00e9ngase informado Con nuestro bolet\u00edn de noticias le informamos acerca de: Nuevos programas o actualizaciones Nuevos desarrollos y productos Eventos y Ferias Entradas gratuitas para ferias y exposiciones Promociones especiales Descuentos especiales Reg\u00edstrese aqu\u00ed. Su inscripci\u00f3n es totalmente gratuita y sin compromiso. Sus datos no ser\u00e1n transmitidos a terceros ni utilizados para otros fines. Puede [&hellip;]","og_url":"https:\/\/www.thoman.de\/es\/suscribirse-al-boletin-de-noticias\/","og_site_name":"Thoman Biegemaschinen","article_modified_time":"2014-09-26T00:18:57+00:00","schema":{"@context":"https:\/\/schema.org","@graph":[{"@type":"WebPage","@id":"https:\/\/www.thoman.de\/es\/suscribirse-al-boletin-de-noticias\/","url":"https:\/\/www.thoman.de\/es\/suscribirse-al-boletin-de-noticias\/","name":"Suscribirse al bolet\u00edn de noticias - Thoman Biegemaschinen","isPartOf":{"@id":"https:\/\/www.thoman.de\/#website"},"datePublished":"2014-08-14T15:26:39+00:00","dateModified":"2014-09-26T00:18:57+00:00","breadcrumb":{"@id":"https:\/\/www.thoman.de\/es\/suscribirse-al-boletin-de-noticias\/#breadcrumb"},"inLanguage":"es","potentialAction":[{"@type":"ReadAction","target":["https:\/\/www.thoman.de\/es\/suscribirse-al-boletin-de-noticias\/"]}]},{"@type":"BreadcrumbList","@id":"https:\/\/www.thoman.de\/es\/suscribirse-al-boletin-de-noticias\/#breadcrumb","itemListElement":[{"@type":"ListItem","position":1,"name":"Home","item":"https:\/\/www.thoman.de\/es\/"},{"@type":"ListItem","position":2,"name":"Suscribirse al bolet\u00edn de noticias"}]},{"@type":"WebSite","@id":"https:\/\/www.thoman.de\/#website","url":"https:\/\/www.thoman.de\/","name":"Thoman Biegemaschinen","description":"Eine weitere WordPress-Seite","potentialAction":[{"@type":"SearchAction","target":{"@type":"EntryPoint","urlTemplate":"https:\/\/www.thoman.de\/?s={search_term_string}"},"query-input":"required name=search_term_string"}],"inLanguage":"es"}]}},"_links":{"self":[{"href":"https:\/\/www.thoman.de\/es\/wp-json\/wp\/v2\/pages\/3478"}],"collection":[{"href":"https:\/\/www.thoman.de\/es\/wp-json\/wp\/v2\/pages"}],"about":[{"href":"https:\/\/www.thoman.de\/es\/wp-json\/wp\/v2\/types\/page"}],"author":[{"embeddable":true,"href":"https:\/\/www.thoman.de\/es\/wp-json\/wp\/v2\/users\/11"}],"replies":[{"embeddable":true,"href":"https:\/\/www.thoman.de\/es\/wp-json\/wp\/v2\/comments?post=3478"}],"version-history":[{"count":7,"href":"https:\/\/www.thoman.de\/es\/wp-json\/wp\/v2\/pages\/3478\/revisions"}],"predecessor-version":[{"id":5136,"href":"https:\/\/www.thoman.de\/es\/wp-json\/wp\/v2\/pages\/3478\/revisions\/5136"}],"wp:attachment":[{"href":"https:\/\/www.thoman.de\/es\/wp-json\/wp\/v2\/media?parent=3478"}],"curies":[{"name":"wp","href":"https:\/\/api.w.org\/{rel}","templated":true}]}}