{"id":3546,"date":"2014-08-14T17:16:27","date_gmt":"2014-08-14T15:16:27","guid":{"rendered":"http:\/\/thoman.de\/maschinen\/universalbiegemaschinen\/multibend-30\/"},"modified":"2014-09-26T01:17:39","modified_gmt":"2014-09-25T23:17:39","slug":"multibend-30","status":"publish","type":"page","link":"https:\/\/www.thoman.de\/es\/maquinas\/curvadoras-universales\/multibend-30\/","title":{"rendered":"MultiBend 30"},"content":{"rendered":"<h1>Curvadora universal MultiBend 30<\/h1>\n<h2>soy TRES m\u00e1quinas<\/h2>\n<table>\n<tbody>\n<tr>\n<td>\n<p style=\"color: #606060;\">El centro de curvado MultiBend-30 combina las funciones<br \/>\ncurvado por compresi\u00f3n, con rodillos y por rotaci\u00f3n en una misma m\u00e1quina.<\/p>\n<p style=\"color: #606060;\">La m\u00e1quina cuenta con una plataforma de trabajo plana con un carro elevador guiado con precisi\u00f3n, para asiento de las herramientas de curvado.<\/p>\n<p style=\"color: #606060;\">Con una fuerza de 280 kN, la m\u00e1quina brinda suficientes reservas de potencia como para curvar tambi\u00e9n perfiles pesados.<\/p>\n<p style=\"color: #606060;\">Opcionalmente, la MultiBend 30 puede equiparse con accionamiento de rodillos y accionamiento de rotaci\u00f3n.<\/p>\n<\/td>\n<td>\n<p style=\"color: #606060;\">En el m\u00e9todo de curvado por rotaci\u00f3n, el perfil es curvado alrededor de un n\u00facleo de curvatura. El \u00e1ngulo de curvatura es directamente programable. El radio de curvatura es especificado por el n\u00facleo de curvatura. El accionamiento se efect\u00faa mediante un motor de engranaje planetario pesado. El accionamiento independiente puede girar sin fin, ya que no existe una posici\u00f3n final. Los trabajos de curvado que requieren un \u00e1ngulo superior a 180 grados, as\u00ed como el enrollado de perfiles alrededor de un n\u00facleo, pueden realizarse sin problemas.<\/p>\n<p style=\"color: #606060;\">Con el potente accionamiento de rodillos pueden curvarse tubos y perfiles de forma racional y con gran precisi\u00f3n con el m\u00e9todo de curvado con rodillos. Equipada con el control CN PP41, pueden curvarse tambi\u00e9n con precisi\u00f3n y repetibilidad contornos complejos, con varios radios de curvatura o extremos rectos. La creaci\u00f3n de programas se realiza directamente en la m\u00e1quina o utilizando el <a href=\"#\">software de curvado con rodillos<\/a> en el ordenador externo.<\/p>\n<\/td>\n<\/tr>\n<\/tbody>\n<\/table>\n","protected":false},"excerpt":{"rendered":"<p>Curvadora universal MultiBend 30 soy TRES m\u00e1quinas El centro de curvado MultiBend-30 combina las funciones curvado por compresi\u00f3n, con rodillos y por rotaci\u00f3n en una misma m\u00e1quina. La m\u00e1quina cuenta con una plataforma de trabajo plana con un carro elevador guiado con precisi\u00f3n, para asiento de las herramientas de curvado. Con una fuerza de 280 [&hellip;]<\/p>\n","protected":false},"author":11,"featured_media":0,"parent":3462,"menu_order":0,"comment_status":"open","ping_status":"open","template":"","meta":{"footnotes":""},"acf":[],"yoast_head":"<!-- This site is optimized with the Yoast SEO plugin v21.3 - https:\/\/yoast.com\/wordpress\/plugins\/seo\/ -->\n<title>MultiBend 30 - Thoman Biegemaschinen<\/title>\n<meta name=\"robots\" content=\"index, follow, max-snippet:-1, max-image-preview:large, max-video-preview:-1\" \/>\n<link rel=\"canonical\" href=\"https:\/\/www.thoman.de\/es\/maquinas\/curvadoras-universales\/multibend-30\/\" \/>\n<meta property=\"og:locale\" content=\"es_ES\" \/>\n<meta property=\"og:type\" content=\"article\" \/>\n<meta property=\"og:title\" content=\"MultiBend 30 - Thoman Biegemaschinen\" \/>\n<meta property=\"og:description\" content=\"Curvadora universal MultiBend 30 soy TRES m\u00e1quinas El centro de curvado MultiBend-30 combina las funciones curvado por compresi\u00f3n, con rodillos y por rotaci\u00f3n en una misma m\u00e1quina. La m\u00e1quina cuenta con una plataforma de trabajo plana con un carro elevador guiado con precisi\u00f3n, para asiento de las herramientas de curvado. Con una fuerza de 280 [&hellip;]\" \/>\n<meta property=\"og:url\" content=\"https:\/\/www.thoman.de\/es\/maquinas\/curvadoras-universales\/multibend-30\/\" \/>\n<meta property=\"og:site_name\" content=\"Thoman Biegemaschinen\" \/>\n<meta property=\"article:modified_time\" content=\"2014-09-25T23:17:39+00:00\" \/>\n<meta name=\"twitter:label1\" content=\"Tiempo de lectura\" \/>\n\t<meta name=\"twitter:data1\" content=\"1 minuto\" \/>\n<script type=\"application\/ld+json\" class=\"yoast-schema-graph\">{\"@context\":\"https:\/\/schema.org\",\"@graph\":[{\"@type\":\"WebPage\",\"@id\":\"https:\/\/www.thoman.de\/es\/maquinas\/curvadoras-universales\/multibend-30\/\",\"url\":\"https:\/\/www.thoman.de\/es\/maquinas\/curvadoras-universales\/multibend-30\/\",\"name\":\"MultiBend 30 - Thoman Biegemaschinen\",\"isPartOf\":{\"@id\":\"https:\/\/www.thoman.de\/#website\"},\"datePublished\":\"2014-08-14T15:16:27+00:00\",\"dateModified\":\"2014-09-25T23:17:39+00:00\",\"breadcrumb\":{\"@id\":\"https:\/\/www.thoman.de\/es\/maquinas\/curvadoras-universales\/multibend-30\/#breadcrumb\"},\"inLanguage\":\"es\",\"potentialAction\":[{\"@type\":\"ReadAction\",\"target\":[\"https:\/\/www.thoman.de\/es\/maquinas\/curvadoras-universales\/multibend-30\/\"]}]},{\"@type\":\"BreadcrumbList\",\"@id\":\"https:\/\/www.thoman.de\/es\/maquinas\/curvadoras-universales\/multibend-30\/#breadcrumb\",\"itemListElement\":[{\"@type\":\"ListItem\",\"position\":1,\"name\":\"Home\",\"item\":\"https:\/\/www.thoman.de\/es\/\"},{\"@type\":\"ListItem\",\"position\":2,\"name\":\"M\u00e1quinas\",\"item\":\"https:\/\/www.thoman.de\/es\/maquinas\/\"},{\"@type\":\"ListItem\",\"position\":3,\"name\":\"Curvadoras universales\",\"item\":\"https:\/\/www.thoman.de\/es\/maquinas\/curvadoras-universales\/\"},{\"@type\":\"ListItem\",\"position\":4,\"name\":\"MultiBend 30\"}]},{\"@type\":\"WebSite\",\"@id\":\"https:\/\/www.thoman.de\/#website\",\"url\":\"https:\/\/www.thoman.de\/\",\"name\":\"Thoman Biegemaschinen\",\"description\":\"Eine weitere WordPress-Seite\",\"potentialAction\":[{\"@type\":\"SearchAction\",\"target\":{\"@type\":\"EntryPoint\",\"urlTemplate\":\"https:\/\/www.thoman.de\/?s={search_term_string}\"},\"query-input\":\"required name=search_term_string\"}],\"inLanguage\":\"es\"}]}<\/script>\n<!-- \/ Yoast SEO plugin. -->","yoast_head_json":{"title":"MultiBend 30 - Thoman Biegemaschinen","robots":{"index":"index","follow":"follow","max-snippet":"max-snippet:-1","max-image-preview":"max-image-preview:large","max-video-preview":"max-video-preview:-1"},"canonical":"https:\/\/www.thoman.de\/es\/maquinas\/curvadoras-universales\/multibend-30\/","og_locale":"es_ES","og_type":"article","og_title":"MultiBend 30 - Thoman Biegemaschinen","og_description":"Curvadora universal MultiBend 30 soy TRES m\u00e1quinas El centro de curvado MultiBend-30 combina las funciones curvado por compresi\u00f3n, con rodillos y por rotaci\u00f3n en una misma m\u00e1quina. La m\u00e1quina cuenta con una plataforma de trabajo plana con un carro elevador guiado con precisi\u00f3n, para asiento de las herramientas de curvado. Con una fuerza de 280 [&hellip;]","og_url":"https:\/\/www.thoman.de\/es\/maquinas\/curvadoras-universales\/multibend-30\/","og_site_name":"Thoman Biegemaschinen","article_modified_time":"2014-09-25T23:17:39+00:00","twitter_misc":{"Tiempo de lectura":"1 minuto"},"schema":{"@context":"https:\/\/schema.org","@graph":[{"@type":"WebPage","@id":"https:\/\/www.thoman.de\/es\/maquinas\/curvadoras-universales\/multibend-30\/","url":"https:\/\/www.thoman.de\/es\/maquinas\/curvadoras-universales\/multibend-30\/","name":"MultiBend 30 - Thoman Biegemaschinen","isPartOf":{"@id":"https:\/\/www.thoman.de\/#website"},"datePublished":"2014-08-14T15:16:27+00:00","dateModified":"2014-09-25T23:17:39+00:00","breadcrumb":{"@id":"https:\/\/www.thoman.de\/es\/maquinas\/curvadoras-universales\/multibend-30\/#breadcrumb"},"inLanguage":"es","potentialAction":[{"@type":"ReadAction","target":["https:\/\/www.thoman.de\/es\/maquinas\/curvadoras-universales\/multibend-30\/"]}]},{"@type":"BreadcrumbList","@id":"https:\/\/www.thoman.de\/es\/maquinas\/curvadoras-universales\/multibend-30\/#breadcrumb","itemListElement":[{"@type":"ListItem","position":1,"name":"Home","item":"https:\/\/www.thoman.de\/es\/"},{"@type":"ListItem","position":2,"name":"M\u00e1quinas","item":"https:\/\/www.thoman.de\/es\/maquinas\/"},{"@type":"ListItem","position":3,"name":"Curvadoras universales","item":"https:\/\/www.thoman.de\/es\/maquinas\/curvadoras-universales\/"},{"@type":"ListItem","position":4,"name":"MultiBend 30"}]},{"@type":"WebSite","@id":"https:\/\/www.thoman.de\/#website","url":"https:\/\/www.thoman.de\/","name":"Thoman Biegemaschinen","description":"Eine weitere WordPress-Seite","potentialAction":[{"@type":"SearchAction","target":{"@type":"EntryPoint","urlTemplate":"https:\/\/www.thoman.de\/?s={search_term_string}"},"query-input":"required name=search_term_string"}],"inLanguage":"es"}]}},"_links":{"self":[{"href":"https:\/\/www.thoman.de\/es\/wp-json\/wp\/v2\/pages\/3546"}],"collection":[{"href":"https:\/\/www.thoman.de\/es\/wp-json\/wp\/v2\/pages"}],"about":[{"href":"https:\/\/www.thoman.de\/es\/wp-json\/wp\/v2\/types\/page"}],"author":[{"embeddable":true,"href":"https:\/\/www.thoman.de\/es\/wp-json\/wp\/v2\/users\/11"}],"replies":[{"embeddable":true,"href":"https:\/\/www.thoman.de\/es\/wp-json\/wp\/v2\/comments?post=3546"}],"version-history":[{"count":2,"href":"https:\/\/www.thoman.de\/es\/wp-json\/wp\/v2\/pages\/3546\/revisions"}],"predecessor-version":[{"id":4416,"href":"https:\/\/www.thoman.de\/es\/wp-json\/wp\/v2\/pages\/3546\/revisions\/4416"}],"up":[{"embeddable":true,"href":"https:\/\/www.thoman.de\/es\/wp-json\/wp\/v2\/pages\/3462"}],"wp:attachment":[{"href":"https:\/\/www.thoman.de\/es\/wp-json\/wp\/v2\/media?parent=3546"}],"curies":[{"name":"wp","href":"https:\/\/api.w.org\/{rel}","templated":true}]}}