{"id":3591,"date":"2014-08-13T19:05:07","date_gmt":"2014-08-13T17:05:07","guid":{"rendered":"http:\/\/thoman.de\/anwendungen-2\/"},"modified":"2014-09-26T02:01:17","modified_gmt":"2014-09-26T00:01:17","slug":"aplicaciones","status":"publish","type":"page","link":"https:\/\/www.thoman.de\/es\/aplicaciones\/","title":{"rendered":"Aplicaciones"},"content":{"rendered":"<h1>Campos de aplicaci\u00f3n<\/h1>\n<table>\n<tbody>\n<tr>\n<td>Las curvadoras de Thoman est\u00e1n incorporadas a muchas industrias. Los siguientes ejemplos representan solo un breve extracto del espectro de aplicaci\u00f3n.<\/p>\n<h4>T\u00e9cnica de transporte<\/h4>\n<ul style=\"list-style-type: square;\">\n<li>Instalaciones de transporte<\/li>\n<li>Transportadores de rodillos<\/li>\n<\/ul>\n<h4>Ingenier\u00eda mec\u00e1nica<\/h4>\n<ul style=\"list-style-type: square;\">\n<li>Componentes de maquinarias perfiles de gu\u00edas<\/li>\n<li>Tuber\u00edas<\/li>\n<li>Bastidores de m\u00e1quinas<\/li>\n<li>Intercambiadores de calor<\/li>\n<\/ul>\n<h4>Construcci\u00f3n de veh\u00edculos<\/h4>\n<ul style=\"list-style-type: square;\">\n<li>Construcci\u00f3n de carrocer\u00edas<\/li>\n<li>Veh\u00edculos utilitarios<\/li>\n<li>Construcci\u00f3n de cabinas<\/li>\n<li>Cerchas de techos<\/li>\n<li>Construcci\u00f3n de cabinas<\/li>\n<li>Barandas<\/li>\n<li>Asientos<\/li>\n<li>Sistemas de transici\u00f3n<\/li>\n<li>L\u00edneas hidr\u00e1ulicas<\/li>\n<li>L\u00edneas neum\u00e1ticas<\/li>\n<li>Perfiles de gu\u00edas<\/li>\n<li>Perfiles de ventanas<\/li>\n<\/ul>\n<\/td>\n<td>\n<h3 style=\"margin-top: 0px;\">Construcci\u00f3n de ventanas y fachadas<\/h3>\n<ul style=\"list-style-type: square;\">\n<li>Puertas giratorias<\/li>\n<li>Fachadas<\/li>\n<li>Perfiles de ventanas<\/li>\n<li>Perfiles de puertas<\/li>\n<li>Cubiertas para piscinas<\/li>\n<li>Invernaderos<\/li>\n<li>Zonas de acceso<\/li>\n<\/ul>\n<h4>Construcci\u00f3n met\u00e1lica<\/h4>\n<ul style=\"list-style-type: square;\">\n<li>Barandillas<\/li>\n<li>Pasamanos de escalinatas<\/li>\n<li>Equipamiento de empresas<\/li>\n<li>Juegos de jard\u00edn<\/li>\n<li>Equipamiento de establos<\/li>\n<\/ul>\n<h4>Sistemas de publicidad y exposici\u00f3n<\/h4>\n<ul style=\"list-style-type: square;\">\n<li>Letreros indicadores<\/li>\n<li>Se\u00f1ales de tr\u00e1nsito<\/li>\n<li>Anuncios luminosos<\/li>\n<li>Carteles de publicidad<\/li>\n<li>Sistemas de estanter\u00edas<\/li>\n<li>Stands de ferias<\/li>\n<\/ul>\n<\/td>\n<\/tr>\n<\/tbody>\n<\/table>\n","protected":false},"excerpt":{"rendered":"<p>Campos de aplicaci\u00f3n Las curvadoras de Thoman est\u00e1n incorporadas a muchas industrias. Los siguientes ejemplos representan solo un breve extracto del espectro de aplicaci\u00f3n. T\u00e9cnica de transporte Instalaciones de transporte Transportadores de rodillos Ingenier\u00eda mec\u00e1nica Componentes de maquinarias perfiles de gu\u00edas Tuber\u00edas Bastidores de m\u00e1quinas Intercambiadores de calor Construcci\u00f3n de veh\u00edculos Construcci\u00f3n de carrocer\u00edas Veh\u00edculos [&hellip;]<\/p>\n","protected":false},"author":11,"featured_media":0,"parent":0,"menu_order":0,"comment_status":"open","ping_status":"open","template":"","meta":{"footnotes":""},"acf":[],"yoast_head":"<!-- This site is optimized with the Yoast SEO plugin v21.3 - https:\/\/yoast.com\/wordpress\/plugins\/seo\/ -->\n<title>Aplicaciones - Thoman Biegemaschinen<\/title>\n<meta name=\"robots\" content=\"index, follow, max-snippet:-1, max-image-preview:large, max-video-preview:-1\" \/>\n<link rel=\"canonical\" href=\"https:\/\/www.thoman.de\/es\/aplicaciones\/\" \/>\n<meta property=\"og:locale\" content=\"es_ES\" \/>\n<meta property=\"og:type\" content=\"article\" \/>\n<meta property=\"og:title\" content=\"Aplicaciones - Thoman Biegemaschinen\" \/>\n<meta property=\"og:description\" content=\"Campos de aplicaci\u00f3n Las curvadoras de Thoman est\u00e1n incorporadas a muchas industrias. Los siguientes ejemplos representan solo un breve extracto del espectro de aplicaci\u00f3n. T\u00e9cnica de transporte Instalaciones de transporte Transportadores de rodillos Ingenier\u00eda mec\u00e1nica Componentes de maquinarias perfiles de gu\u00edas Tuber\u00edas Bastidores de m\u00e1quinas Intercambiadores de calor Construcci\u00f3n de veh\u00edculos Construcci\u00f3n de carrocer\u00edas Veh\u00edculos [&hellip;]\" \/>\n<meta property=\"og:url\" content=\"https:\/\/www.thoman.de\/es\/aplicaciones\/\" \/>\n<meta property=\"og:site_name\" content=\"Thoman Biegemaschinen\" \/>\n<meta property=\"article:modified_time\" content=\"2014-09-26T00:01:17+00:00\" \/>\n<meta name=\"twitter:label1\" content=\"Tiempo de lectura\" \/>\n\t<meta name=\"twitter:data1\" content=\"1 minuto\" \/>\n<script type=\"application\/ld+json\" class=\"yoast-schema-graph\">{\"@context\":\"https:\/\/schema.org\",\"@graph\":[{\"@type\":\"WebPage\",\"@id\":\"https:\/\/www.thoman.de\/es\/aplicaciones\/\",\"url\":\"https:\/\/www.thoman.de\/es\/aplicaciones\/\",\"name\":\"Aplicaciones - Thoman Biegemaschinen\",\"isPartOf\":{\"@id\":\"https:\/\/www.thoman.de\/#website\"},\"datePublished\":\"2014-08-13T17:05:07+00:00\",\"dateModified\":\"2014-09-26T00:01:17+00:00\",\"breadcrumb\":{\"@id\":\"https:\/\/www.thoman.de\/es\/aplicaciones\/#breadcrumb\"},\"inLanguage\":\"es\",\"potentialAction\":[{\"@type\":\"ReadAction\",\"target\":[\"https:\/\/www.thoman.de\/es\/aplicaciones\/\"]}]},{\"@type\":\"BreadcrumbList\",\"@id\":\"https:\/\/www.thoman.de\/es\/aplicaciones\/#breadcrumb\",\"itemListElement\":[{\"@type\":\"ListItem\",\"position\":1,\"name\":\"Home\",\"item\":\"https:\/\/www.thoman.de\/es\/\"},{\"@type\":\"ListItem\",\"position\":2,\"name\":\"Aplicaciones\"}]},{\"@type\":\"WebSite\",\"@id\":\"https:\/\/www.thoman.de\/#website\",\"url\":\"https:\/\/www.thoman.de\/\",\"name\":\"Thoman Biegemaschinen\",\"description\":\"Eine weitere WordPress-Seite\",\"potentialAction\":[{\"@type\":\"SearchAction\",\"target\":{\"@type\":\"EntryPoint\",\"urlTemplate\":\"https:\/\/www.thoman.de\/?s={search_term_string}\"},\"query-input\":\"required name=search_term_string\"}],\"inLanguage\":\"es\"}]}<\/script>\n<!-- \/ Yoast SEO plugin. -->","yoast_head_json":{"title":"Aplicaciones - Thoman Biegemaschinen","robots":{"index":"index","follow":"follow","max-snippet":"max-snippet:-1","max-image-preview":"max-image-preview:large","max-video-preview":"max-video-preview:-1"},"canonical":"https:\/\/www.thoman.de\/es\/aplicaciones\/","og_locale":"es_ES","og_type":"article","og_title":"Aplicaciones - Thoman Biegemaschinen","og_description":"Campos de aplicaci\u00f3n Las curvadoras de Thoman est\u00e1n incorporadas a muchas industrias. Los siguientes ejemplos representan solo un breve extracto del espectro de aplicaci\u00f3n. T\u00e9cnica de transporte Instalaciones de transporte Transportadores de rodillos Ingenier\u00eda mec\u00e1nica Componentes de maquinarias perfiles de gu\u00edas Tuber\u00edas Bastidores de m\u00e1quinas Intercambiadores de calor Construcci\u00f3n de veh\u00edculos Construcci\u00f3n de carrocer\u00edas Veh\u00edculos [&hellip;]","og_url":"https:\/\/www.thoman.de\/es\/aplicaciones\/","og_site_name":"Thoman Biegemaschinen","article_modified_time":"2014-09-26T00:01:17+00:00","twitter_misc":{"Tiempo de lectura":"1 minuto"},"schema":{"@context":"https:\/\/schema.org","@graph":[{"@type":"WebPage","@id":"https:\/\/www.thoman.de\/es\/aplicaciones\/","url":"https:\/\/www.thoman.de\/es\/aplicaciones\/","name":"Aplicaciones - Thoman Biegemaschinen","isPartOf":{"@id":"https:\/\/www.thoman.de\/#website"},"datePublished":"2014-08-13T17:05:07+00:00","dateModified":"2014-09-26T00:01:17+00:00","breadcrumb":{"@id":"https:\/\/www.thoman.de\/es\/aplicaciones\/#breadcrumb"},"inLanguage":"es","potentialAction":[{"@type":"ReadAction","target":["https:\/\/www.thoman.de\/es\/aplicaciones\/"]}]},{"@type":"BreadcrumbList","@id":"https:\/\/www.thoman.de\/es\/aplicaciones\/#breadcrumb","itemListElement":[{"@type":"ListItem","position":1,"name":"Home","item":"https:\/\/www.thoman.de\/es\/"},{"@type":"ListItem","position":2,"name":"Aplicaciones"}]},{"@type":"WebSite","@id":"https:\/\/www.thoman.de\/#website","url":"https:\/\/www.thoman.de\/","name":"Thoman Biegemaschinen","description":"Eine weitere WordPress-Seite","potentialAction":[{"@type":"SearchAction","target":{"@type":"EntryPoint","urlTemplate":"https:\/\/www.thoman.de\/?s={search_term_string}"},"query-input":"required name=search_term_string"}],"inLanguage":"es"}]}},"_links":{"self":[{"href":"https:\/\/www.thoman.de\/es\/wp-json\/wp\/v2\/pages\/3591"}],"collection":[{"href":"https:\/\/www.thoman.de\/es\/wp-json\/wp\/v2\/pages"}],"about":[{"href":"https:\/\/www.thoman.de\/es\/wp-json\/wp\/v2\/types\/page"}],"author":[{"embeddable":true,"href":"https:\/\/www.thoman.de\/es\/wp-json\/wp\/v2\/users\/11"}],"replies":[{"embeddable":true,"href":"https:\/\/www.thoman.de\/es\/wp-json\/wp\/v2\/comments?post=3591"}],"version-history":[{"count":4,"href":"https:\/\/www.thoman.de\/es\/wp-json\/wp\/v2\/pages\/3591\/revisions"}],"predecessor-version":[{"id":5123,"href":"https:\/\/www.thoman.de\/es\/wp-json\/wp\/v2\/pages\/3591\/revisions\/5123"}],"wp:attachment":[{"href":"https:\/\/www.thoman.de\/es\/wp-json\/wp\/v2\/media?parent=3591"}],"curies":[{"name":"wp","href":"https:\/\/api.w.org\/{rel}","templated":true}]}}