{"id":3611,"date":"2014-08-14T16:53:07","date_gmt":"2014-08-14T14:53:07","guid":{"rendered":"http:\/\/thoman.de\/maschinen\/profilbiegenmaschinen\/"},"modified":"2014-09-26T00:35:10","modified_gmt":"2014-09-25T22:35:10","slug":"curvadoras-de-perfiles","status":"publish","type":"page","link":"https:\/\/www.thoman.de\/es\/maquinas\/curvadoras-de-perfiles\/","title":{"rendered":"Curvadoras de perfiles"},"content":{"rendered":"<h1>Curvadora de perfiles modelo RB<\/h1>\n<h2>rendimiento superior y m\u00e1xima flexibilidad <\/h2>\n<table>\n<tbody>\n<tr>\n<td>\n<p style=\"color: #606060;\">Las curvadoras de perfiles modelo RB impresionan por su m\u00e1xima flexibilidad y capacidad de curvado. El dise\u00f1o \u00fanico de la m\u00e1quina permite ajustar de forma variable la distancia de los rodillos laminadores. Se posibilita una adaptaci\u00f3n \u00f3ptima de la curvadora al perfil a curvar. Se evitan fuerzas de compresi\u00f3n demasiado elevadas sobre el perfil. Se logra la mejor calidad de curvatura posible con una m\u00ednima deformaci\u00f3n de los perfiles.<\/p>\n<p style=\"color: #606060;\">En las curvadoras modelo RB, el perfil curvado no pasa por el cuerpo de la m\u00e1quina, sino que se desplaza en el espacio libre. De ese modo se evita una colisi\u00f3n del perfil curvado con la m\u00e1quina o estructuras eventualmente presentes.<\/p>\n<\/td>\n<td>\n<p style=\"color: #606060;\">ESe logra una m\u00e1xima libertad de curvado, as\u00ed como una elevada seguridad para el operador de la m\u00e1quina. <\/p>\n<p style=\"color: #606060;\">Las curvadoras de perfiles modelo RB puede ampliarse de modo muy variado. Se trate de un dispositivo en espiral, un cuarto rodillo o un curvadora de mandril: las m\u00e1quinas pueden ser equipadas de acuerdo a sus requerimientos<\/p>\n<p style=\"color: #606060;\">Este dise\u00f1o \u00fanico de m\u00e1quina, en combinaci\u00f3n con la tecnolog\u00eda de control CNC de \u00faltima generaci\u00f3n, convierten a las curvadoras de perfiles modelo RB en la primera opci\u00f3n cuando se requiere m\u00e1xima flexibilidad, rendimiento, precisi\u00f3n y la mejor calidad de curvatura.<\/p>\n<\/td>\n<\/tr>\n<\/tbody>\n<\/table>\n<h3 class=\"data-v1\">Modelos de m\u00e1quinas\/capacidad de curvado<\/h3>\n<table class=\"data-v1 table\">\n<tbody>\n<tr>\n<th style=\"text-align: left;\">Contorno<\/th>\n<th style=\"text-align: left;\">RB3-L<\/th>\n<th style=\"text-align: left;\">RB3<\/th>\n<th style=\"text-align: left;\">RB4<\/th>\n<th style=\"text-align: left;\">RB6<\/th>\n<\/tr>\n<tr>\n<td>\u00a0<a href=\"https:\/\/www.thoman.de\/wp-content\/uploads\/2014\/09\/typ4.png\"><img decoding=\"async\" class=\"alignleft wp-image-1361\" src=\"https:\/\/www.thoman.de\/wp-content\/uploads\/2014\/09\/typ4.png\" alt=\"Profil-VK3\" width=\"90\" height=\"30\" \/><\/a><\/td>\n<td>80&#215;15<\/td>\n<td>120&#215;15<\/td>\n<td>120&#215;30<\/td>\n<td>160&#215;30<\/td>\n<\/tr>\n<tr>\n<td>\u00a0<a href=\"https:\/\/www.thoman.de\/wp-content\/uploads\/2014\/09\/typ3.png\"><img decoding=\"async\" class=\"alignleft wp-image-1359\" src=\"https:\/\/www.thoman.de\/wp-content\/uploads\/2014\/09\/typ3.png\" alt=\"Profil-VK2\" width=\"90\" height=\"30\" \/><\/a><\/td>\n<td>160&#215;15<\/td>\n<td>160&#215;20<\/td>\n<td>260&#215;20<\/td>\n<td>260&#215;40<\/td>\n<\/tr>\n<tr>\n<td>\u00a0<a href=\"https:\/\/www.thoman.de\/wp-content\/uploads\/2014\/09\/typ1.png\"><img decoding=\"async\" class=\"alignnone wp-image-1362\" src=\"https:\/\/www.thoman.de\/wp-content\/uploads\/2014\/09\/typ1.png\" alt=\"Profil-VKrohr\" width=\"90\" height=\"30\" \/><\/a><\/td>\n<td>60x60x5<\/td>\n<td>80x80x6<\/td>\n<td>100x100x8<\/td>\n<td>120x120x10<\/td>\n<\/tr>\n<tr>\n<td>\u00a0<a href=\"https:\/\/www.thoman.de\/wp-content\/uploads\/2014\/09\/typ2.png\"><img decoding=\"async\" class=\"alignleft wp-image-1360\" src=\"https:\/\/www.thoman.de\/wp-content\/uploads\/2014\/09\/typ2.png\" alt=\"Profil-Rohr\" width=\"90\" height=\"30\" \/><\/a><\/td>\n<td>76,1&#215;2,6<\/td>\n<td>114,3&#215;3,2<\/td>\n<td>139,7&#215;3,6<\/td>\n<td>200&#215;4<\/td>\n<\/tr>\n<\/tbody>\n<\/table>\n<table>\n<tbody>\n<tr>\n<td>\n<p style=\"color: #606060;\">La tabla representa solo un breve extracto de los posibles perfiles y dimensiones.<\/p>\n<p style=\"color: #606060;\">Otras formas de perfiles, dimensiones o perfiles especiales son posibles en todo momento<\/p>\n<\/td>\n<td>\n<p style=\"color: #606060;\">Los datos son v\u00e1lidos para acero con una resistencia m\u00e1x. a la tracci\u00f3n Rm=400 N\/mm2.<\/p>\n<p style=\"color: #606060;\">Para perfiles de aluminio, acero inoxidable o materiales de alta resistencia rigen diferentes coeficientes.<\/p>\n<\/td>\n<\/tr>\n<\/tbody>\n<\/table>\n","protected":false},"excerpt":{"rendered":"<p>Curvadora de perfiles modelo RB rendimiento superior y m\u00e1xima flexibilidad Las curvadoras de perfiles modelo RB impresionan por su m\u00e1xima flexibilidad y capacidad de curvado. El dise\u00f1o \u00fanico de la m\u00e1quina permite ajustar de forma variable la distancia de los rodillos laminadores. Se posibilita una adaptaci\u00f3n \u00f3ptima de la curvadora al perfil a curvar. Se [&hellip;]<\/p>\n","protected":false},"author":11,"featured_media":0,"parent":3423,"menu_order":0,"comment_status":"open","ping_status":"open","template":"","meta":{"footnotes":""},"acf":[],"yoast_head":"<!-- This site is optimized with the Yoast SEO plugin v21.3 - https:\/\/yoast.com\/wordpress\/plugins\/seo\/ -->\n<title>Curvadoras de perfiles - Thoman Biegemaschinen<\/title>\n<meta name=\"robots\" content=\"index, follow, max-snippet:-1, max-image-preview:large, max-video-preview:-1\" \/>\n<link rel=\"canonical\" href=\"https:\/\/www.thoman.de\/es\/maquinas\/curvadoras-de-perfiles\/\" \/>\n<meta property=\"og:locale\" content=\"es_ES\" \/>\n<meta property=\"og:type\" content=\"article\" \/>\n<meta property=\"og:title\" content=\"Curvadoras de perfiles - Thoman Biegemaschinen\" \/>\n<meta property=\"og:description\" content=\"Curvadora de perfiles modelo RB rendimiento superior y m\u00e1xima flexibilidad Las curvadoras de perfiles modelo RB impresionan por su m\u00e1xima flexibilidad y capacidad de curvado. El dise\u00f1o \u00fanico de la m\u00e1quina permite ajustar de forma variable la distancia de los rodillos laminadores. Se posibilita una adaptaci\u00f3n \u00f3ptima de la curvadora al perfil a curvar. Se [&hellip;]\" \/>\n<meta property=\"og:url\" content=\"https:\/\/www.thoman.de\/es\/maquinas\/curvadoras-de-perfiles\/\" \/>\n<meta property=\"og:site_name\" content=\"Thoman Biegemaschinen\" \/>\n<meta property=\"article:modified_time\" content=\"2014-09-25T22:35:10+00:00\" \/>\n<meta property=\"og:image\" content=\"https:\/\/www.thoman.de\/wp-content\/uploads\/2014\/09\/typ4.png\" \/>\n<meta name=\"twitter:label1\" content=\"Tiempo de lectura\" \/>\n\t<meta name=\"twitter:data1\" content=\"2 minutos\" \/>\n<script type=\"application\/ld+json\" class=\"yoast-schema-graph\">{\"@context\":\"https:\/\/schema.org\",\"@graph\":[{\"@type\":\"WebPage\",\"@id\":\"https:\/\/www.thoman.de\/es\/maquinas\/curvadoras-de-perfiles\/\",\"url\":\"https:\/\/www.thoman.de\/es\/maquinas\/curvadoras-de-perfiles\/\",\"name\":\"Curvadoras de perfiles - Thoman Biegemaschinen\",\"isPartOf\":{\"@id\":\"https:\/\/www.thoman.de\/#website\"},\"datePublished\":\"2014-08-14T14:53:07+00:00\",\"dateModified\":\"2014-09-25T22:35:10+00:00\",\"breadcrumb\":{\"@id\":\"https:\/\/www.thoman.de\/es\/maquinas\/curvadoras-de-perfiles\/#breadcrumb\"},\"inLanguage\":\"es\",\"potentialAction\":[{\"@type\":\"ReadAction\",\"target\":[\"https:\/\/www.thoman.de\/es\/maquinas\/curvadoras-de-perfiles\/\"]}]},{\"@type\":\"BreadcrumbList\",\"@id\":\"https:\/\/www.thoman.de\/es\/maquinas\/curvadoras-de-perfiles\/#breadcrumb\",\"itemListElement\":[{\"@type\":\"ListItem\",\"position\":1,\"name\":\"Home\",\"item\":\"https:\/\/www.thoman.de\/es\/\"},{\"@type\":\"ListItem\",\"position\":2,\"name\":\"M\u00e1quinas\",\"item\":\"https:\/\/www.thoman.de\/es\/maquinas\/\"},{\"@type\":\"ListItem\",\"position\":3,\"name\":\"Curvadoras de perfiles\"}]},{\"@type\":\"WebSite\",\"@id\":\"https:\/\/www.thoman.de\/#website\",\"url\":\"https:\/\/www.thoman.de\/\",\"name\":\"Thoman Biegemaschinen\",\"description\":\"Eine weitere WordPress-Seite\",\"potentialAction\":[{\"@type\":\"SearchAction\",\"target\":{\"@type\":\"EntryPoint\",\"urlTemplate\":\"https:\/\/www.thoman.de\/?s={search_term_string}\"},\"query-input\":\"required name=search_term_string\"}],\"inLanguage\":\"es\"}]}<\/script>\n<!-- \/ Yoast SEO plugin. -->","yoast_head_json":{"title":"Curvadoras de perfiles - Thoman Biegemaschinen","robots":{"index":"index","follow":"follow","max-snippet":"max-snippet:-1","max-image-preview":"max-image-preview:large","max-video-preview":"max-video-preview:-1"},"canonical":"https:\/\/www.thoman.de\/es\/maquinas\/curvadoras-de-perfiles\/","og_locale":"es_ES","og_type":"article","og_title":"Curvadoras de perfiles - Thoman Biegemaschinen","og_description":"Curvadora de perfiles modelo RB rendimiento superior y m\u00e1xima flexibilidad Las curvadoras de perfiles modelo RB impresionan por su m\u00e1xima flexibilidad y capacidad de curvado. El dise\u00f1o \u00fanico de la m\u00e1quina permite ajustar de forma variable la distancia de los rodillos laminadores. Se posibilita una adaptaci\u00f3n \u00f3ptima de la curvadora al perfil a curvar. Se [&hellip;]","og_url":"https:\/\/www.thoman.de\/es\/maquinas\/curvadoras-de-perfiles\/","og_site_name":"Thoman Biegemaschinen","article_modified_time":"2014-09-25T22:35:10+00:00","og_image":[{"url":"https:\/\/www.thoman.de\/wp-content\/uploads\/2014\/09\/typ4.png"}],"twitter_misc":{"Tiempo de lectura":"2 minutos"},"schema":{"@context":"https:\/\/schema.org","@graph":[{"@type":"WebPage","@id":"https:\/\/www.thoman.de\/es\/maquinas\/curvadoras-de-perfiles\/","url":"https:\/\/www.thoman.de\/es\/maquinas\/curvadoras-de-perfiles\/","name":"Curvadoras de perfiles - Thoman Biegemaschinen","isPartOf":{"@id":"https:\/\/www.thoman.de\/#website"},"datePublished":"2014-08-14T14:53:07+00:00","dateModified":"2014-09-25T22:35:10+00:00","breadcrumb":{"@id":"https:\/\/www.thoman.de\/es\/maquinas\/curvadoras-de-perfiles\/#breadcrumb"},"inLanguage":"es","potentialAction":[{"@type":"ReadAction","target":["https:\/\/www.thoman.de\/es\/maquinas\/curvadoras-de-perfiles\/"]}]},{"@type":"BreadcrumbList","@id":"https:\/\/www.thoman.de\/es\/maquinas\/curvadoras-de-perfiles\/#breadcrumb","itemListElement":[{"@type":"ListItem","position":1,"name":"Home","item":"https:\/\/www.thoman.de\/es\/"},{"@type":"ListItem","position":2,"name":"M\u00e1quinas","item":"https:\/\/www.thoman.de\/es\/maquinas\/"},{"@type":"ListItem","position":3,"name":"Curvadoras de perfiles"}]},{"@type":"WebSite","@id":"https:\/\/www.thoman.de\/#website","url":"https:\/\/www.thoman.de\/","name":"Thoman Biegemaschinen","description":"Eine weitere WordPress-Seite","potentialAction":[{"@type":"SearchAction","target":{"@type":"EntryPoint","urlTemplate":"https:\/\/www.thoman.de\/?s={search_term_string}"},"query-input":"required name=search_term_string"}],"inLanguage":"es"}]}},"_links":{"self":[{"href":"https:\/\/www.thoman.de\/es\/wp-json\/wp\/v2\/pages\/3611"}],"collection":[{"href":"https:\/\/www.thoman.de\/es\/wp-json\/wp\/v2\/pages"}],"about":[{"href":"https:\/\/www.thoman.de\/es\/wp-json\/wp\/v2\/types\/page"}],"author":[{"embeddable":true,"href":"https:\/\/www.thoman.de\/es\/wp-json\/wp\/v2\/users\/11"}],"replies":[{"embeddable":true,"href":"https:\/\/www.thoman.de\/es\/wp-json\/wp\/v2\/comments?post=3611"}],"version-history":[{"count":4,"href":"https:\/\/www.thoman.de\/es\/wp-json\/wp\/v2\/pages\/3611\/revisions"}],"predecessor-version":[{"id":4391,"href":"https:\/\/www.thoman.de\/es\/wp-json\/wp\/v2\/pages\/3611\/revisions\/4391"}],"up":[{"embeddable":true,"href":"https:\/\/www.thoman.de\/es\/wp-json\/wp\/v2\/pages\/3423"}],"wp:attachment":[{"href":"https:\/\/www.thoman.de\/es\/wp-json\/wp\/v2\/media?parent=3611"}],"curies":[{"name":"wp","href":"https:\/\/api.w.org\/{rel}","templated":true}]}}