{"id":3615,"date":"2014-08-14T17:05:49","date_gmt":"2014-08-14T15:05:49","guid":{"rendered":"http:\/\/thoman.de\/maschinen\/profilbiegenmaschinen\/optionen\/"},"modified":"2014-09-30T11:59:18","modified_gmt":"2014-09-30T09:59:18","slug":"opciones","status":"publish","type":"page","link":"https:\/\/www.thoman.de\/es\/maquinas\/curvadoras-de-perfiles\/opciones\/","title":{"rendered":"Opciones"},"content":{"rendered":"<h1>Opciones de m\u00e1quinas<\/h1>\n<h2>Los accesorios m\u00e1s finos<\/h2>\n<table>\n<tbody>\n<tr>\n<td>El campo de aplicaci\u00f3n de las curvadoras de perfiles modelo RB puede ampliarse merced a una gran variedad de opciones de m\u00e1quinas.<\/td>\n<\/tr>\n<\/tbody>\n<\/table>\n<table>\n<tbody>\n<tr>\n<td>\n<h3 class=\"top\">Control R<\/h3>\n<p style=\"color: #606060;\"><a href=\"https:\/\/www.thoman.de\/wp-content\/uploads\/2014\/09\/Hauptbilder61.jpg\"><img decoding=\"async\" class=\"alignnone wp-image-1290\" src=\"https:\/\/www.thoman.de\/wp-content\/uploads\/2014\/09\/Hauptbilder61-300x112.jpg\" alt=\"Hauptbilder6\" width=\"300\" height=\"112\" \/><\/a><\/p>\n<p style=\"color: #606060;\">La curvadora que curva, mide y corrige autom\u00e1ticamente. Con el nuevo sistema de medici\u00f3n y regulaci\u00f3n Control R se satisfizo este deseo.<\/p>\n<p style=\"color: #606060;\">Suponiendo una calidad constante de los perfiles a curvar, tubos y perfiles pueden curvarse con alta precisi\u00f3n y productividad mediante un programa CN especificado por \u00fanica vez.<\/p>\n<\/td>\n<td>\n<p style=\"color: #606060;\">Sin embargo, en la pr\u00e1ctica no siempre se puede garantizar una calidad constante de los perfiles suministrados. Variaciones en la forma, dureza y elasticidad de los perfiles provocan discrepancias en el resultado del curvado, que debe ser corregido entonces con mucho despliegue. El proceso de medici\u00f3n y correcci\u00f3n manual necesario requiere a menudo un considerable consumo de tiempo y de costes.<\/p>\n<p style=\"color: #606060;\">El nuevo sistema revolucionario de medici\u00f3n y regulaci\u00f3n Control R automatiza y racionaliza considerablemente el proceso de medici\u00f3n y correcci\u00f3n. Las discrepancias son detectadas y corregidas autom\u00e1ticamente. En comparaci\u00f3n con la medici\u00f3n y correcci\u00f3n manual se logra una productividad varias veces mayor.<\/p>\n<\/td>\n<\/tr>\n<\/tbody>\n<\/table>\n<hr \/>\n<table>\n<tbody>\n<tr>\n<td>\n<h3 class=\"top\">Curvado en espiral<\/h3>\n<p><a href=\"https:\/\/www.thoman.de\/wp-content\/uploads\/2014\/09\/Hauptbilder81.jpg\"><img decoding=\"async\" class=\"alignnone size-medium wp-image-1292\" src=\"https:\/\/www.thoman.de\/wp-content\/uploads\/2014\/09\/Hauptbilder81-300x112.jpg\" alt=\"Hauptbilder8\" width=\"300\" height=\"112\" srcset=\"https:\/\/www.thoman.de\/wp-content\/uploads\/2014\/09\/Hauptbilder81-300x112.jpg 300w, https:\/\/www.thoman.de\/wp-content\/uploads\/2014\/09\/Hauptbilder81-1024x383.jpg 1024w\" sizes=\"(max-width: 300px) 100vw, 300px\" \/><\/a><\/td>\n<td>La fabricaci\u00f3n de intercambiadores de calor no presenta problemas con una curvadora de perfiles modelo EB. A solicitud, las m\u00e1quinas pueden ser equipadas con dispositivos mec\u00e1nicos, hidr\u00e1ulicos o con control CNC para curvado en espiral.<\/td>\n<\/tr>\n<\/tbody>\n<\/table>\n<hr \/>\n<table>\n<tbody>\n<tr>\n<td>\n<h3 class=\"top\">Curvado 3D<\/h3>\n<p><a href=\"https:\/\/www.thoman.de\/wp-content\/uploads\/2014\/08\/3D-Biegen.jpg\"><img decoding=\"async\" class=\"alignnone size-full wp-image-5183\" src=\"https:\/\/www.thoman.de\/wp-content\/uploads\/2014\/08\/3D-Biegen.jpg\" alt=\"3D-Biegen\" width=\"250\" height=\"136\" \/><\/a><\/p>\n<p>En la construcci\u00f3n de carrocer\u00edas y de cabinas se requieren a menudo perfiles curvados tridimensionalmente.<\/td>\n<td>Las curvadoras modelo RB satisfacen tambi\u00e9n estos requerimientos. Equipadas con dos ejes de curvado con control CNC que trabajan verticalmente, se pueden curvar tubos rectangulares o perfiles especiales tambi\u00e9n en tres dimensiones. Cons\u00faltenos. Con mucho gusto comprobamos la posibilidad de implementaci\u00f3n de requerimientos espec\u00edficos de los clientes en nuestro Centro tecnol\u00f3gico.<\/td>\n<\/tr>\n<\/tbody>\n<\/table>\n<hr \/>\n<h3 class=\"top\">Otras opciones de m\u00e1quinas<\/h3>\n<table>\n<tbody>\n<tr>\n<td>\n<ul style=\"list-style-type: square;\">\n<li>Cuarto rodillo<\/li>\n<li>Soportes de los ejes<\/li>\n<li>Dispositivo de curvado helicoidal para tubos redondos o perfiles planos<\/li>\n<\/ul>\n<\/td>\n<td>\n<ul style=\"list-style-type: square;\">\n<li>Dispositivo de prensado para doblado y curvado con rodillos<\/li>\n<li>Dispositivo de tracci\u00f3n para perfiles en H<\/li>\n<li>Rodillos de soporte y de gu\u00eda como rodillos dobles<\/li>\n<li>Curvadora de mandril<\/li>\n<\/ul>\n<\/td>\n<\/tr>\n<\/tbody>\n<\/table>\n<p>&nbsp;<\/p>\n","protected":false},"excerpt":{"rendered":"<p>Opciones de m\u00e1quinas Los accesorios m\u00e1s finos El campo de aplicaci\u00f3n de las curvadoras de perfiles modelo RB puede ampliarse merced a una gran variedad de opciones de m\u00e1quinas. Control R La curvadora que curva, mide y corrige autom\u00e1ticamente. Con el nuevo sistema de medici\u00f3n y regulaci\u00f3n Control R se satisfizo este deseo. Suponiendo una [&hellip;]<\/p>\n","protected":false},"author":11,"featured_media":0,"parent":3611,"menu_order":0,"comment_status":"open","ping_status":"open","template":"","meta":{"footnotes":""},"acf":[],"yoast_head":"<!-- This site is optimized with the Yoast SEO plugin v21.3 - https:\/\/yoast.com\/wordpress\/plugins\/seo\/ -->\n<title>Opciones - Thoman Biegemaschinen<\/title>\n<meta name=\"robots\" content=\"index, follow, max-snippet:-1, max-image-preview:large, max-video-preview:-1\" \/>\n<link rel=\"canonical\" href=\"https:\/\/www.thoman.de\/es\/maquinas\/curvadoras-de-perfiles\/opciones\/\" \/>\n<meta property=\"og:locale\" content=\"es_ES\" \/>\n<meta property=\"og:type\" content=\"article\" \/>\n<meta property=\"og:title\" content=\"Opciones - Thoman Biegemaschinen\" \/>\n<meta property=\"og:description\" content=\"Opciones de m\u00e1quinas Los accesorios m\u00e1s finos El campo de aplicaci\u00f3n de las curvadoras de perfiles modelo RB puede ampliarse merced a una gran variedad de opciones de m\u00e1quinas. Control R La curvadora que curva, mide y corrige autom\u00e1ticamente. Con el nuevo sistema de medici\u00f3n y regulaci\u00f3n Control R se satisfizo este deseo. Suponiendo una [&hellip;]\" \/>\n<meta property=\"og:url\" content=\"https:\/\/www.thoman.de\/es\/maquinas\/curvadoras-de-perfiles\/opciones\/\" \/>\n<meta property=\"og:site_name\" content=\"Thoman Biegemaschinen\" \/>\n<meta property=\"article:modified_time\" content=\"2014-09-30T09:59:18+00:00\" \/>\n<meta property=\"og:image\" content=\"https:\/\/www.thoman.de\/wp-content\/uploads\/2014\/09\/Hauptbilder61-300x112.jpg\" \/>\n<meta name=\"twitter:label1\" content=\"Tiempo de lectura\" \/>\n\t<meta name=\"twitter:data1\" content=\"2 minutos\" \/>\n<script type=\"application\/ld+json\" class=\"yoast-schema-graph\">{\"@context\":\"https:\/\/schema.org\",\"@graph\":[{\"@type\":\"WebPage\",\"@id\":\"https:\/\/www.thoman.de\/es\/maquinas\/curvadoras-de-perfiles\/opciones\/\",\"url\":\"https:\/\/www.thoman.de\/es\/maquinas\/curvadoras-de-perfiles\/opciones\/\",\"name\":\"Opciones - Thoman Biegemaschinen\",\"isPartOf\":{\"@id\":\"https:\/\/www.thoman.de\/#website\"},\"datePublished\":\"2014-08-14T15:05:49+00:00\",\"dateModified\":\"2014-09-30T09:59:18+00:00\",\"breadcrumb\":{\"@id\":\"https:\/\/www.thoman.de\/es\/maquinas\/curvadoras-de-perfiles\/opciones\/#breadcrumb\"},\"inLanguage\":\"es\",\"potentialAction\":[{\"@type\":\"ReadAction\",\"target\":[\"https:\/\/www.thoman.de\/es\/maquinas\/curvadoras-de-perfiles\/opciones\/\"]}]},{\"@type\":\"BreadcrumbList\",\"@id\":\"https:\/\/www.thoman.de\/es\/maquinas\/curvadoras-de-perfiles\/opciones\/#breadcrumb\",\"itemListElement\":[{\"@type\":\"ListItem\",\"position\":1,\"name\":\"Home\",\"item\":\"https:\/\/www.thoman.de\/es\/\"},{\"@type\":\"ListItem\",\"position\":2,\"name\":\"M\u00e1quinas\",\"item\":\"https:\/\/www.thoman.de\/es\/maquinas\/\"},{\"@type\":\"ListItem\",\"position\":3,\"name\":\"Curvadoras de perfiles\",\"item\":\"https:\/\/www.thoman.de\/es\/maquinas\/curvadoras-de-perfiles\/\"},{\"@type\":\"ListItem\",\"position\":4,\"name\":\"Opciones\"}]},{\"@type\":\"WebSite\",\"@id\":\"https:\/\/www.thoman.de\/#website\",\"url\":\"https:\/\/www.thoman.de\/\",\"name\":\"Thoman Biegemaschinen\",\"description\":\"Eine weitere WordPress-Seite\",\"potentialAction\":[{\"@type\":\"SearchAction\",\"target\":{\"@type\":\"EntryPoint\",\"urlTemplate\":\"https:\/\/www.thoman.de\/?s={search_term_string}\"},\"query-input\":\"required name=search_term_string\"}],\"inLanguage\":\"es\"}]}<\/script>\n<!-- \/ Yoast SEO plugin. -->","yoast_head_json":{"title":"Opciones - Thoman Biegemaschinen","robots":{"index":"index","follow":"follow","max-snippet":"max-snippet:-1","max-image-preview":"max-image-preview:large","max-video-preview":"max-video-preview:-1"},"canonical":"https:\/\/www.thoman.de\/es\/maquinas\/curvadoras-de-perfiles\/opciones\/","og_locale":"es_ES","og_type":"article","og_title":"Opciones - Thoman Biegemaschinen","og_description":"Opciones de m\u00e1quinas Los accesorios m\u00e1s finos El campo de aplicaci\u00f3n de las curvadoras de perfiles modelo RB puede ampliarse merced a una gran variedad de opciones de m\u00e1quinas. Control R La curvadora que curva, mide y corrige autom\u00e1ticamente. Con el nuevo sistema de medici\u00f3n y regulaci\u00f3n Control R se satisfizo este deseo. Suponiendo una [&hellip;]","og_url":"https:\/\/www.thoman.de\/es\/maquinas\/curvadoras-de-perfiles\/opciones\/","og_site_name":"Thoman Biegemaschinen","article_modified_time":"2014-09-30T09:59:18+00:00","og_image":[{"url":"https:\/\/www.thoman.de\/wp-content\/uploads\/2014\/09\/Hauptbilder61-300x112.jpg"}],"twitter_misc":{"Tiempo de lectura":"2 minutos"},"schema":{"@context":"https:\/\/schema.org","@graph":[{"@type":"WebPage","@id":"https:\/\/www.thoman.de\/es\/maquinas\/curvadoras-de-perfiles\/opciones\/","url":"https:\/\/www.thoman.de\/es\/maquinas\/curvadoras-de-perfiles\/opciones\/","name":"Opciones - Thoman Biegemaschinen","isPartOf":{"@id":"https:\/\/www.thoman.de\/#website"},"datePublished":"2014-08-14T15:05:49+00:00","dateModified":"2014-09-30T09:59:18+00:00","breadcrumb":{"@id":"https:\/\/www.thoman.de\/es\/maquinas\/curvadoras-de-perfiles\/opciones\/#breadcrumb"},"inLanguage":"es","potentialAction":[{"@type":"ReadAction","target":["https:\/\/www.thoman.de\/es\/maquinas\/curvadoras-de-perfiles\/opciones\/"]}]},{"@type":"BreadcrumbList","@id":"https:\/\/www.thoman.de\/es\/maquinas\/curvadoras-de-perfiles\/opciones\/#breadcrumb","itemListElement":[{"@type":"ListItem","position":1,"name":"Home","item":"https:\/\/www.thoman.de\/es\/"},{"@type":"ListItem","position":2,"name":"M\u00e1quinas","item":"https:\/\/www.thoman.de\/es\/maquinas\/"},{"@type":"ListItem","position":3,"name":"Curvadoras de perfiles","item":"https:\/\/www.thoman.de\/es\/maquinas\/curvadoras-de-perfiles\/"},{"@type":"ListItem","position":4,"name":"Opciones"}]},{"@type":"WebSite","@id":"https:\/\/www.thoman.de\/#website","url":"https:\/\/www.thoman.de\/","name":"Thoman Biegemaschinen","description":"Eine weitere WordPress-Seite","potentialAction":[{"@type":"SearchAction","target":{"@type":"EntryPoint","urlTemplate":"https:\/\/www.thoman.de\/?s={search_term_string}"},"query-input":"required name=search_term_string"}],"inLanguage":"es"}]}},"_links":{"self":[{"href":"https:\/\/www.thoman.de\/es\/wp-json\/wp\/v2\/pages\/3615"}],"collection":[{"href":"https:\/\/www.thoman.de\/es\/wp-json\/wp\/v2\/pages"}],"about":[{"href":"https:\/\/www.thoman.de\/es\/wp-json\/wp\/v2\/types\/page"}],"author":[{"embeddable":true,"href":"https:\/\/www.thoman.de\/es\/wp-json\/wp\/v2\/users\/11"}],"replies":[{"embeddable":true,"href":"https:\/\/www.thoman.de\/es\/wp-json\/wp\/v2\/comments?post=3615"}],"version-history":[{"count":4,"href":"https:\/\/www.thoman.de\/es\/wp-json\/wp\/v2\/pages\/3615\/revisions"}],"predecessor-version":[{"id":5188,"href":"https:\/\/www.thoman.de\/es\/wp-json\/wp\/v2\/pages\/3615\/revisions\/5188"}],"up":[{"embeddable":true,"href":"https:\/\/www.thoman.de\/es\/wp-json\/wp\/v2\/pages\/3611"}],"wp:attachment":[{"href":"https:\/\/www.thoman.de\/es\/wp-json\/wp\/v2\/media?parent=3615"}],"curies":[{"name":"wp","href":"https:\/\/api.w.org\/{rel}","templated":true}]}}