{"id":3619,"date":"2014-08-14T16:57:20","date_gmt":"2014-08-14T14:57:20","guid":{"rendered":"http:\/\/thoman.de\/maschinen\/profilbiegenmaschinen\/rb3\/"},"modified":"2014-09-26T00:44:40","modified_gmt":"2014-09-25T22:44:40","slug":"rb3","status":"publish","type":"page","link":"https:\/\/www.thoman.de\/es\/maquinas\/curvadoras-de-perfiles\/rb3\/","title":{"rendered":"RB3"},"content":{"rendered":"<h1>Curvadora de perfiles RB3<\/h1>\n<h2>potente y extraordinariamente vers\u00e1til<\/h2>\n<table>\n<tbody>\n<tr>\n<td>\n<p style=\"color: #606060;\">La curvadora de perfiles modelo RB3 brinda una elevada capacidad de curvado, combinada con una flexibilidad incomparable. Los accionamientos hidr\u00e1ulicos directos de la curvadora de perfiles, de par potente, no requieren mantenimiento y son a prueba de sobrecarga. Cada rodillo es accionado de forma directa e individual. No se utilizan transmisiones de cadena ni embriagues deslizantes.<br \/>\nLa potencia de curvado de 7,5 kW de los rodillos de la curvadora, en combinaci\u00f3n con los accionamientos directos de par intenso, brinda suficientes reservas como para curvar tambi\u00e9n perfiles pesados.<\/p>\n<p style=\"color: #606060;\">Ello permite curvar al radio deseado muchas piezas en una sola pasada de rodillo.<\/p>\n<\/td>\n<td>\n<p style=\"color: #606060;\">Se evitan da\u00f1os en el perfil, se garantiza una \u00f3ptima calidad de curvado y se logra una m\u00e1xima productividad.<\/p>\n<p style=\"color: #606060;\">El campo de aplicaci\u00f3n de la curvadora de perfiles RB3 puede ampliarse merced a una gran variedad de opciones. La m\u00e1quina puede equiparse con un cuarto rodillo, rodillos laterales con control CNC, rodillos dobles o curvadora de mandril. Para casi cada tarea de curvado se encuentra una soluci\u00f3n adecuada con la curvadora de perfiles RB3.<br \/>\nLa gran flexibilidad y las numerosas posibilidades convierten a la RB3 en una de las curvadoras de perfiles m\u00e1s rendidoras y flexibles del mundo.\n<\/p>\n<\/td>\n<\/tr>\n<\/tbody>\n<\/table>\n<h3 style=\"font-size: 14px; line-height: 20px; font-weight: bold;\"><span style=\"color: #cc0000;\">Aplicaci\u00f3n<\/span> <span style=\"color: #b3b3b3; text-transform: none;\">Construcci\u00f3n met\u00e1lica, construcci\u00f3n de escalinatas, cerramientos, ingenier\u00eda mec\u00e1nica, t\u00e9cnica de transporte, construcci\u00f3n de plantas, construcci\u00f3n de tuber\u00edas, construcci\u00f3n de fachadas, piscinas cubiertas, empresas de curvado por contrato, construcci\u00f3n de veh\u00edculos utilitarios <\/span><\/h3>\n<p>&nbsp;<\/p>\n<h3 class=\"data-v2\">Datos\/caracter\u00edsticas t\u00e9cnicas<\/h3>\n<table class=\"data-v2 table\">\n<tbody>\n<tr>\n<td>\u00a0Capacidad de curvado<\/td>\n<td>7,5 KW<\/td>\n<\/tr>\n<tr>\n<td>\u00a0ACilindros propulsados<\/td>\n<td>3<\/td>\n<\/tr>\n<tr>\n<td>\u00a0N\u00ba de revoluciones regulable<\/td>\n<td>0-16 de forma continua<\/td>\n<\/tr>\n<tr>\n<td>\u00a0Di\u00e1metro de los ejes<\/td>\n<td>65mm<\/td>\n<\/tr>\n<tr>\n<td>\u00a0Longitud de los ejes<\/td>\n<td>200 mm (opcional: 300 mm)<\/td>\n<\/tr>\n<tr>\n<td>\u00a0Distancia de los rodillos laterales<\/td>\n<td>380-1100 mm, ajustable (opcional: m\u00edn. 200 mm)<\/td>\n<\/tr>\n<tr>\n<td>\u00a0Hub X-Achse<\/td>\n<td>250mm<\/td>\n<\/tr>\n<tr>\n<td>\u00a0Carrera eje X<\/td>\n<td>25 t<\/td>\n<\/tr>\n<tr>\n<td>\u00a0Direcci\u00f3n de curvado <\/td>\n<td>de la m\u00e1quina hacia fuera<\/td>\n<\/tr>\n<tr>\n<td>\u00a0Peso<\/td>\n<td>1300-1500 kg<\/td>\n<\/tr>\n<tr>\n<td>\u00a0Conexi\u00f3n<\/td>\n<td>400 V, 32A<\/td>\n<\/tr>\n<tr>\n<td><\/td>\n<td><\/td>\n<\/tr>\n<tr>\n<td> M\u00e1quina sobre ruedas<\/td>\n<td>Opci\u00f3n<\/td>\n<\/tr>\n<tr>\n<td> M\u00e1quina girable<\/td>\n<td>Opci\u00f3n<\/td>\n<\/tr>\n<tr>\n<td> Control autom\u00e1tico de radios\/control R<\/td>\n<td>Opci\u00f3n<\/td>\n<\/tr>\n<tr>\n<td> Rodillos de apoyo hidr\u00e1ulicos<\/td>\n<td>Opci\u00f3n<\/td>\n<\/tr>\n<tr>\n<td> Rodillos de apoyo con control CNC<\/td>\n<td>Opci\u00f3n<\/td>\n<\/tr>\n<\/tbody>\n<\/table>\n","protected":false},"excerpt":{"rendered":"<p>Curvadora de perfiles RB3 potente y extraordinariamente vers\u00e1til La curvadora de perfiles modelo RB3 brinda una elevada capacidad de curvado, combinada con una flexibilidad incomparable. Los accionamientos hidr\u00e1ulicos directos de la curvadora de perfiles, de par potente, no requieren mantenimiento y son a prueba de sobrecarga. Cada rodillo es accionado de forma directa e individual. [&hellip;]<\/p>\n","protected":false},"author":11,"featured_media":0,"parent":3611,"menu_order":0,"comment_status":"open","ping_status":"open","template":"","meta":{"footnotes":""},"acf":[],"yoast_head":"<!-- This site is optimized with the Yoast SEO plugin v21.3 - https:\/\/yoast.com\/wordpress\/plugins\/seo\/ -->\n<title>RB3 - Thoman Biegemaschinen<\/title>\n<meta name=\"robots\" content=\"index, follow, max-snippet:-1, max-image-preview:large, max-video-preview:-1\" \/>\n<link rel=\"canonical\" href=\"https:\/\/www.thoman.de\/es\/maquinas\/curvadoras-de-perfiles\/rb3\/\" \/>\n<meta property=\"og:locale\" content=\"es_ES\" \/>\n<meta property=\"og:type\" content=\"article\" \/>\n<meta property=\"og:title\" content=\"RB3 - Thoman Biegemaschinen\" \/>\n<meta property=\"og:description\" content=\"Curvadora de perfiles RB3 potente y extraordinariamente vers\u00e1til La curvadora de perfiles modelo RB3 brinda una elevada capacidad de curvado, combinada con una flexibilidad incomparable. Los accionamientos hidr\u00e1ulicos directos de la curvadora de perfiles, de par potente, no requieren mantenimiento y son a prueba de sobrecarga. Cada rodillo es accionado de forma directa e individual. [&hellip;]\" \/>\n<meta property=\"og:url\" content=\"https:\/\/www.thoman.de\/es\/maquinas\/curvadoras-de-perfiles\/rb3\/\" \/>\n<meta property=\"og:site_name\" content=\"Thoman Biegemaschinen\" \/>\n<meta property=\"article:modified_time\" content=\"2014-09-25T22:44:40+00:00\" \/>\n<meta name=\"twitter:label1\" content=\"Tiempo de lectura\" \/>\n\t<meta name=\"twitter:data1\" content=\"2 minutos\" \/>\n<script type=\"application\/ld+json\" class=\"yoast-schema-graph\">{\"@context\":\"https:\/\/schema.org\",\"@graph\":[{\"@type\":\"WebPage\",\"@id\":\"https:\/\/www.thoman.de\/es\/maquinas\/curvadoras-de-perfiles\/rb3\/\",\"url\":\"https:\/\/www.thoman.de\/es\/maquinas\/curvadoras-de-perfiles\/rb3\/\",\"name\":\"RB3 - Thoman Biegemaschinen\",\"isPartOf\":{\"@id\":\"https:\/\/www.thoman.de\/#website\"},\"datePublished\":\"2014-08-14T14:57:20+00:00\",\"dateModified\":\"2014-09-25T22:44:40+00:00\",\"breadcrumb\":{\"@id\":\"https:\/\/www.thoman.de\/es\/maquinas\/curvadoras-de-perfiles\/rb3\/#breadcrumb\"},\"inLanguage\":\"es\",\"potentialAction\":[{\"@type\":\"ReadAction\",\"target\":[\"https:\/\/www.thoman.de\/es\/maquinas\/curvadoras-de-perfiles\/rb3\/\"]}]},{\"@type\":\"BreadcrumbList\",\"@id\":\"https:\/\/www.thoman.de\/es\/maquinas\/curvadoras-de-perfiles\/rb3\/#breadcrumb\",\"itemListElement\":[{\"@type\":\"ListItem\",\"position\":1,\"name\":\"Home\",\"item\":\"https:\/\/www.thoman.de\/es\/\"},{\"@type\":\"ListItem\",\"position\":2,\"name\":\"M\u00e1quinas\",\"item\":\"https:\/\/www.thoman.de\/es\/maquinas\/\"},{\"@type\":\"ListItem\",\"position\":3,\"name\":\"Curvadoras de perfiles\",\"item\":\"https:\/\/www.thoman.de\/es\/maquinas\/curvadoras-de-perfiles\/\"},{\"@type\":\"ListItem\",\"position\":4,\"name\":\"RB3\"}]},{\"@type\":\"WebSite\",\"@id\":\"https:\/\/www.thoman.de\/#website\",\"url\":\"https:\/\/www.thoman.de\/\",\"name\":\"Thoman Biegemaschinen\",\"description\":\"Eine weitere WordPress-Seite\",\"potentialAction\":[{\"@type\":\"SearchAction\",\"target\":{\"@type\":\"EntryPoint\",\"urlTemplate\":\"https:\/\/www.thoman.de\/?s={search_term_string}\"},\"query-input\":\"required name=search_term_string\"}],\"inLanguage\":\"es\"}]}<\/script>\n<!-- \/ Yoast SEO plugin. -->","yoast_head_json":{"title":"RB3 - Thoman Biegemaschinen","robots":{"index":"index","follow":"follow","max-snippet":"max-snippet:-1","max-image-preview":"max-image-preview:large","max-video-preview":"max-video-preview:-1"},"canonical":"https:\/\/www.thoman.de\/es\/maquinas\/curvadoras-de-perfiles\/rb3\/","og_locale":"es_ES","og_type":"article","og_title":"RB3 - Thoman Biegemaschinen","og_description":"Curvadora de perfiles RB3 potente y extraordinariamente vers\u00e1til La curvadora de perfiles modelo RB3 brinda una elevada capacidad de curvado, combinada con una flexibilidad incomparable. Los accionamientos hidr\u00e1ulicos directos de la curvadora de perfiles, de par potente, no requieren mantenimiento y son a prueba de sobrecarga. Cada rodillo es accionado de forma directa e individual. [&hellip;]","og_url":"https:\/\/www.thoman.de\/es\/maquinas\/curvadoras-de-perfiles\/rb3\/","og_site_name":"Thoman Biegemaschinen","article_modified_time":"2014-09-25T22:44:40+00:00","twitter_misc":{"Tiempo de lectura":"2 minutos"},"schema":{"@context":"https:\/\/schema.org","@graph":[{"@type":"WebPage","@id":"https:\/\/www.thoman.de\/es\/maquinas\/curvadoras-de-perfiles\/rb3\/","url":"https:\/\/www.thoman.de\/es\/maquinas\/curvadoras-de-perfiles\/rb3\/","name":"RB3 - Thoman Biegemaschinen","isPartOf":{"@id":"https:\/\/www.thoman.de\/#website"},"datePublished":"2014-08-14T14:57:20+00:00","dateModified":"2014-09-25T22:44:40+00:00","breadcrumb":{"@id":"https:\/\/www.thoman.de\/es\/maquinas\/curvadoras-de-perfiles\/rb3\/#breadcrumb"},"inLanguage":"es","potentialAction":[{"@type":"ReadAction","target":["https:\/\/www.thoman.de\/es\/maquinas\/curvadoras-de-perfiles\/rb3\/"]}]},{"@type":"BreadcrumbList","@id":"https:\/\/www.thoman.de\/es\/maquinas\/curvadoras-de-perfiles\/rb3\/#breadcrumb","itemListElement":[{"@type":"ListItem","position":1,"name":"Home","item":"https:\/\/www.thoman.de\/es\/"},{"@type":"ListItem","position":2,"name":"M\u00e1quinas","item":"https:\/\/www.thoman.de\/es\/maquinas\/"},{"@type":"ListItem","position":3,"name":"Curvadoras de perfiles","item":"https:\/\/www.thoman.de\/es\/maquinas\/curvadoras-de-perfiles\/"},{"@type":"ListItem","position":4,"name":"RB3"}]},{"@type":"WebSite","@id":"https:\/\/www.thoman.de\/#website","url":"https:\/\/www.thoman.de\/","name":"Thoman Biegemaschinen","description":"Eine weitere WordPress-Seite","potentialAction":[{"@type":"SearchAction","target":{"@type":"EntryPoint","urlTemplate":"https:\/\/www.thoman.de\/?s={search_term_string}"},"query-input":"required name=search_term_string"}],"inLanguage":"es"}]}},"_links":{"self":[{"href":"https:\/\/www.thoman.de\/es\/wp-json\/wp\/v2\/pages\/3619"}],"collection":[{"href":"https:\/\/www.thoman.de\/es\/wp-json\/wp\/v2\/pages"}],"about":[{"href":"https:\/\/www.thoman.de\/es\/wp-json\/wp\/v2\/types\/page"}],"author":[{"embeddable":true,"href":"https:\/\/www.thoman.de\/es\/wp-json\/wp\/v2\/users\/11"}],"replies":[{"embeddable":true,"href":"https:\/\/www.thoman.de\/es\/wp-json\/wp\/v2\/comments?post=3619"}],"version-history":[{"count":4,"href":"https:\/\/www.thoman.de\/es\/wp-json\/wp\/v2\/pages\/3619\/revisions"}],"predecessor-version":[{"id":5107,"href":"https:\/\/www.thoman.de\/es\/wp-json\/wp\/v2\/pages\/3619\/revisions\/5107"}],"up":[{"embeddable":true,"href":"https:\/\/www.thoman.de\/es\/wp-json\/wp\/v2\/pages\/3611"}],"wp:attachment":[{"href":"https:\/\/www.thoman.de\/es\/wp-json\/wp\/v2\/media?parent=3619"}],"curies":[{"name":"wp","href":"https:\/\/api.w.org\/{rel}","templated":true}]}}