{"id":3623,"date":"2014-08-14T16:55:59","date_gmt":"2014-08-14T14:55:59","guid":{"rendered":"http:\/\/thoman.de\/maschinen\/profilbiegenmaschinen\/rb3-l\/"},"modified":"2014-09-26T00:37:43","modified_gmt":"2014-09-25T22:37:43","slug":"rb3-l","status":"publish","type":"page","link":"https:\/\/www.thoman.de\/es\/maquinas\/curvadoras-de-perfiles\/rb3-l\/","title":{"rendered":"RB3-L"},"content":{"rendered":"<h1>Curvadora de perfiles  RB3-L<\/h1>\n<h2>Precisi\u00f3n y rendimiento con medidas compactas<\/h2>\n<table>\n<tbody>\n<tr>\n<td>\n<p style=\"color: #606060;\">La RB3-L brinda alto rendimiento de curvado con medidas compactas. Los tres rodillos laminadores de la curvadora, accionados hidr\u00e1ulicamente de forma individual, garantizan una elevada capacidad de curvado. Ya en la primera pasada de rodillo pueden lograrse radios de curvatura muy peque\u00f1os. <\/p>\n<\/td>\n<td>\n<p style=\"color: #606060;\">Pueden utilizarse rodillos lisos (sin estr\u00edas) o rodillos laminadores de pl\u00e1stico. Mediante la distancia de ejes variable, la curvadora puede ajustarse \u00f3ptimamente para el respectivo perfil. Se evita aplicar al perfil una fuerza de compresi\u00f3n demasiado intensa y se logra una \u00f3ptima calidad de curvado.<\/p>\n<\/td>\n<\/tr>\n<\/tbody>\n<\/table>\n<h3 style=\"font-size: 14px; line-height: 20px; font-weight: bold;\"><span style=\"color: #cc0000;\">Aplicaci\u00f3n<\/span> <span style=\"color: #b3b3b3; text-transform: none;\">Construcci\u00f3n met\u00e1lica, cerramientos e ingenier\u00eda mec\u00e1nica en general, construcci\u00f3n de cubiertas para piscinas, invernaderos, jardines de invierno, publicidad, letreros de ne\u00f3n, industria del mueble <\/span><\/h3>\n<p>&nbsp;<\/p>\n<h3 class=\"data-v2\">Datos\/caracter\u00edsticas t\u00e9cnicas<\/h3>\n<table class=\"data-v2 table\">\n<tbody>\n<tr>\n<td>\u00a0Capacidad de curvado<\/td>\n<td>5,5 KW<\/td>\n<\/tr>\n<tr>\n<td>\u00a0Cilindros propulsados<\/td>\n<td>3<\/td>\n<\/tr>\n<tr>\n<td>\u00a0N\u00ba de revoluciones regulable<\/td>\n<td>0-16 de forma continua <\/td>\n<\/tr>\n<tr>\n<td>\u00a0Di\u00e1metro de los ejes<\/td>\n<td>65 mm<\/td>\n<\/tr>\n<tr>\n<td>\u00a0Longitud de los ejes<\/td>\n<td>200 mm (opcionalmente 300)<\/td>\n<\/tr>\n<tr>\n<td>\u00a0Distancia de los rodillos laterales<\/td>\n<td>330-600 mm, ajustable<\/td>\n<\/tr>\n<tr>\n<td>\u00a0Carrera eje X<\/td>\n<td>200mm<\/td>\n<\/tr>\n<tr>\n<td>\u00a0Fuerza de compresi\u00f3n<\/td>\n<td>12 t<\/td>\n<\/tr>\n<tr>\n<td>\u00a0Peso<\/td>\n<td>800-900 kg<\/td>\n<\/tr>\n<tr>\n<td>\u00a0Conexi\u00f3n<\/td>\n<td>400 V, 16A<\/td>\n<\/tr>\n<tr>\n<td>\u00a0Direcci\u00f3n de curvado<\/td>\n<td>de la m\u00e1quina hacia fuera<\/td>\n<\/tr>\n<tr>\n<td><\/td>\n<td><\/td>\n<\/tr>\n<tr>\n<td> M\u00e1quina sobre ruedas<\/td>\n<td>Opci\u00f3n<\/td>\n<\/tr>\n<tr>\n<td> M\u00e1quina girable<\/td>\n<td>Opci\u00f3n<\/td>\n<\/tr>\n<tr>\n<td> Control autom\u00e1tico de radios\/control R<\/td>\n<td>Opci\u00f3n<\/td>\n<\/tr>\n<\/tbody>\n<\/table>\n","protected":false},"excerpt":{"rendered":"<p>Curvadora de perfiles RB3-L Precisi\u00f3n y rendimiento con medidas compactas La RB3-L brinda alto rendimiento de curvado con medidas compactas. Los tres rodillos laminadores de la curvadora, accionados hidr\u00e1ulicamente de forma individual, garantizan una elevada capacidad de curvado. Ya en la primera pasada de rodillo pueden lograrse radios de curvatura muy peque\u00f1os. Pueden utilizarse rodillos [&hellip;]<\/p>\n","protected":false},"author":11,"featured_media":0,"parent":3611,"menu_order":0,"comment_status":"open","ping_status":"open","template":"","meta":{"footnotes":""},"acf":[],"yoast_head":"<!-- This site is optimized with the Yoast SEO plugin v21.3 - https:\/\/yoast.com\/wordpress\/plugins\/seo\/ -->\n<title>RB3-L - Thoman Biegemaschinen<\/title>\n<meta name=\"robots\" content=\"index, follow, max-snippet:-1, max-image-preview:large, max-video-preview:-1\" \/>\n<link rel=\"canonical\" href=\"https:\/\/www.thoman.de\/es\/maquinas\/curvadoras-de-perfiles\/rb3-l\/\" \/>\n<meta property=\"og:locale\" content=\"es_ES\" \/>\n<meta property=\"og:type\" content=\"article\" \/>\n<meta property=\"og:title\" content=\"RB3-L - Thoman Biegemaschinen\" \/>\n<meta property=\"og:description\" content=\"Curvadora de perfiles RB3-L Precisi\u00f3n y rendimiento con medidas compactas La RB3-L brinda alto rendimiento de curvado con medidas compactas. Los tres rodillos laminadores de la curvadora, accionados hidr\u00e1ulicamente de forma individual, garantizan una elevada capacidad de curvado. Ya en la primera pasada de rodillo pueden lograrse radios de curvatura muy peque\u00f1os. Pueden utilizarse rodillos [&hellip;]\" \/>\n<meta property=\"og:url\" content=\"https:\/\/www.thoman.de\/es\/maquinas\/curvadoras-de-perfiles\/rb3-l\/\" \/>\n<meta property=\"og:site_name\" content=\"Thoman Biegemaschinen\" \/>\n<meta property=\"article:modified_time\" content=\"2014-09-25T22:37:43+00:00\" \/>\n<meta name=\"twitter:label1\" content=\"Tiempo de lectura\" \/>\n\t<meta name=\"twitter:data1\" content=\"1 minuto\" \/>\n<script type=\"application\/ld+json\" class=\"yoast-schema-graph\">{\"@context\":\"https:\/\/schema.org\",\"@graph\":[{\"@type\":\"WebPage\",\"@id\":\"https:\/\/www.thoman.de\/es\/maquinas\/curvadoras-de-perfiles\/rb3-l\/\",\"url\":\"https:\/\/www.thoman.de\/es\/maquinas\/curvadoras-de-perfiles\/rb3-l\/\",\"name\":\"RB3-L - Thoman Biegemaschinen\",\"isPartOf\":{\"@id\":\"https:\/\/www.thoman.de\/#website\"},\"datePublished\":\"2014-08-14T14:55:59+00:00\",\"dateModified\":\"2014-09-25T22:37:43+00:00\",\"breadcrumb\":{\"@id\":\"https:\/\/www.thoman.de\/es\/maquinas\/curvadoras-de-perfiles\/rb3-l\/#breadcrumb\"},\"inLanguage\":\"es\",\"potentialAction\":[{\"@type\":\"ReadAction\",\"target\":[\"https:\/\/www.thoman.de\/es\/maquinas\/curvadoras-de-perfiles\/rb3-l\/\"]}]},{\"@type\":\"BreadcrumbList\",\"@id\":\"https:\/\/www.thoman.de\/es\/maquinas\/curvadoras-de-perfiles\/rb3-l\/#breadcrumb\",\"itemListElement\":[{\"@type\":\"ListItem\",\"position\":1,\"name\":\"Home\",\"item\":\"https:\/\/www.thoman.de\/es\/\"},{\"@type\":\"ListItem\",\"position\":2,\"name\":\"M\u00e1quinas\",\"item\":\"https:\/\/www.thoman.de\/es\/maquinas\/\"},{\"@type\":\"ListItem\",\"position\":3,\"name\":\"Curvadoras de perfiles\",\"item\":\"https:\/\/www.thoman.de\/es\/maquinas\/curvadoras-de-perfiles\/\"},{\"@type\":\"ListItem\",\"position\":4,\"name\":\"RB3-L\"}]},{\"@type\":\"WebSite\",\"@id\":\"https:\/\/www.thoman.de\/#website\",\"url\":\"https:\/\/www.thoman.de\/\",\"name\":\"Thoman Biegemaschinen\",\"description\":\"Eine weitere WordPress-Seite\",\"potentialAction\":[{\"@type\":\"SearchAction\",\"target\":{\"@type\":\"EntryPoint\",\"urlTemplate\":\"https:\/\/www.thoman.de\/?s={search_term_string}\"},\"query-input\":\"required name=search_term_string\"}],\"inLanguage\":\"es\"}]}<\/script>\n<!-- \/ Yoast SEO plugin. -->","yoast_head_json":{"title":"RB3-L - Thoman Biegemaschinen","robots":{"index":"index","follow":"follow","max-snippet":"max-snippet:-1","max-image-preview":"max-image-preview:large","max-video-preview":"max-video-preview:-1"},"canonical":"https:\/\/www.thoman.de\/es\/maquinas\/curvadoras-de-perfiles\/rb3-l\/","og_locale":"es_ES","og_type":"article","og_title":"RB3-L - Thoman Biegemaschinen","og_description":"Curvadora de perfiles RB3-L Precisi\u00f3n y rendimiento con medidas compactas La RB3-L brinda alto rendimiento de curvado con medidas compactas. Los tres rodillos laminadores de la curvadora, accionados hidr\u00e1ulicamente de forma individual, garantizan una elevada capacidad de curvado. Ya en la primera pasada de rodillo pueden lograrse radios de curvatura muy peque\u00f1os. Pueden utilizarse rodillos [&hellip;]","og_url":"https:\/\/www.thoman.de\/es\/maquinas\/curvadoras-de-perfiles\/rb3-l\/","og_site_name":"Thoman Biegemaschinen","article_modified_time":"2014-09-25T22:37:43+00:00","twitter_misc":{"Tiempo de lectura":"1 minuto"},"schema":{"@context":"https:\/\/schema.org","@graph":[{"@type":"WebPage","@id":"https:\/\/www.thoman.de\/es\/maquinas\/curvadoras-de-perfiles\/rb3-l\/","url":"https:\/\/www.thoman.de\/es\/maquinas\/curvadoras-de-perfiles\/rb3-l\/","name":"RB3-L - Thoman Biegemaschinen","isPartOf":{"@id":"https:\/\/www.thoman.de\/#website"},"datePublished":"2014-08-14T14:55:59+00:00","dateModified":"2014-09-25T22:37:43+00:00","breadcrumb":{"@id":"https:\/\/www.thoman.de\/es\/maquinas\/curvadoras-de-perfiles\/rb3-l\/#breadcrumb"},"inLanguage":"es","potentialAction":[{"@type":"ReadAction","target":["https:\/\/www.thoman.de\/es\/maquinas\/curvadoras-de-perfiles\/rb3-l\/"]}]},{"@type":"BreadcrumbList","@id":"https:\/\/www.thoman.de\/es\/maquinas\/curvadoras-de-perfiles\/rb3-l\/#breadcrumb","itemListElement":[{"@type":"ListItem","position":1,"name":"Home","item":"https:\/\/www.thoman.de\/es\/"},{"@type":"ListItem","position":2,"name":"M\u00e1quinas","item":"https:\/\/www.thoman.de\/es\/maquinas\/"},{"@type":"ListItem","position":3,"name":"Curvadoras de perfiles","item":"https:\/\/www.thoman.de\/es\/maquinas\/curvadoras-de-perfiles\/"},{"@type":"ListItem","position":4,"name":"RB3-L"}]},{"@type":"WebSite","@id":"https:\/\/www.thoman.de\/#website","url":"https:\/\/www.thoman.de\/","name":"Thoman Biegemaschinen","description":"Eine weitere WordPress-Seite","potentialAction":[{"@type":"SearchAction","target":{"@type":"EntryPoint","urlTemplate":"https:\/\/www.thoman.de\/?s={search_term_string}"},"query-input":"required name=search_term_string"}],"inLanguage":"es"}]}},"_links":{"self":[{"href":"https:\/\/www.thoman.de\/es\/wp-json\/wp\/v2\/pages\/3623"}],"collection":[{"href":"https:\/\/www.thoman.de\/es\/wp-json\/wp\/v2\/pages"}],"about":[{"href":"https:\/\/www.thoman.de\/es\/wp-json\/wp\/v2\/types\/page"}],"author":[{"embeddable":true,"href":"https:\/\/www.thoman.de\/es\/wp-json\/wp\/v2\/users\/11"}],"replies":[{"embeddable":true,"href":"https:\/\/www.thoman.de\/es\/wp-json\/wp\/v2\/comments?post=3623"}],"version-history":[{"count":3,"href":"https:\/\/www.thoman.de\/es\/wp-json\/wp\/v2\/pages\/3623\/revisions"}],"predecessor-version":[{"id":4392,"href":"https:\/\/www.thoman.de\/es\/wp-json\/wp\/v2\/pages\/3623\/revisions\/4392"}],"up":[{"embeddable":true,"href":"https:\/\/www.thoman.de\/es\/wp-json\/wp\/v2\/pages\/3611"}],"wp:attachment":[{"href":"https:\/\/www.thoman.de\/es\/wp-json\/wp\/v2\/media?parent=3623"}],"curies":[{"name":"wp","href":"https:\/\/api.w.org\/{rel}","templated":true}]}}