{"id":3625,"date":"2014-08-14T16:59:13","date_gmt":"2014-08-14T14:59:13","guid":{"rendered":"http:\/\/thoman.de\/maschinen\/profilbiegenmaschinen\/rb4\/"},"modified":"2014-09-26T00:46:56","modified_gmt":"2014-09-25T22:46:56","slug":"rb4","status":"publish","type":"page","link":"https:\/\/www.thoman.de\/es\/maquinas\/curvadoras-de-perfiles\/rb4\/","title":{"rendered":"RB4"},"content":{"rendered":"<h1>Curvadora de perfiles RB4<\/h1>\n<h2>alto rendimiento de curvado con m\u00e1xima flexibilidad<\/h2>\n<table>\n<tbody>\n<tr>\n<td>\n<p style=\"color: #606060;\">La curvadora de perfiles RB4 combina alto rendimiento de curvado con la m\u00e1s moderna tecnolog\u00eda de control CNC. Se pueden curvar perfiles peque\u00f1os, medianos y tambi\u00e9n pesados, de acero o aluminio, con la m\u00e1xima precisi\u00f3n y productividad.<\/p>\n<\/td>\n<td>\n<p style=\"color: #606060;\">. Una potencia de curvado por estampado de 15 kW y la distancia de ejes variable en combinaci\u00f3n con tres rodillos accionados individualmente hacen de la curvadora de perfiles RB4 una m\u00e1quina extraordinariamente potente y flexible.<\/p>\n<\/td>\n<\/tr>\n<\/tbody>\n<\/table>\n<h3 style=\"font-size: 14px; line-height: 20px; font-weight: bold;\"><span style=\"color: #cc0000;\">Aplicaci\u00f3n<\/span> <span style=\"color: #b3b3b3; text-transform: none;\">Construcci\u00f3n met\u00e1lica, construcci\u00f3n de acero, construcci\u00f3n de escalinatas, cerramientos, ingenier\u00eda mec\u00e1nica, t\u00e9cnica de transporte, construcci\u00f3n de plantas, construcci\u00f3n de tuber\u00edas, construcci\u00f3n de fachadas, empresas de curvado por contrato, construcci\u00f3n de veh\u00edculos utilitarios<\/span><\/h3>\n<p>&nbsp;<\/p>\n<h3 class=\"data-v2\">Datos\/caracter\u00edsticas t\u00e9cnicas<\/h3>\n<table class=\"data-v2 table\">\n<tbody>\n<tr>\n<td>\u00a0Capacidad de curvado<\/td>\n<td>15 KW<\/td>\n<\/tr>\n<tr>\n<td>\u00a0Cilindros propulsados<\/td>\n<td>3<\/td>\n<\/tr>\n<tr>\n<td>\u00a0N\u00ba de revoluciones regulable<\/td>\n<td>0-16 de forma continua<\/td>\n<\/tr>\n<tr>\n<td>\u00a0Di\u00e1metro de los ejes<\/td>\n<td>85mm<\/td>\n<\/tr>\n<tr>\n<td>\u00a0Longitud de los ejes<\/td>\n<td>300mm<\/td>\n<\/tr>\n<tr>\n<td>\u00a0Distancia de los rodillos laterales<\/td>\n<td>436-1320mm, ajustable<\/td>\n<\/tr>\n<tr>\n<td>\u00a0Carrera eje X<\/td>\n<td>400mm<\/td>\n<\/tr>\n<tr>\n<td>\u00a0Fuerza de compresi\u00f3n<\/td>\n<td>40 t<\/td>\n<\/tr>\n<tr>\n<td>\u00a0Direcci\u00f3n de curvado<\/td>\n<td>de la m\u00e1quina hacia fuera<\/td>\n<\/tr>\n<tr>\n<td>\u00a0Peso<\/td>\n<td>3500-4000 kg<\/td>\n<\/tr>\n<tr>\n<td>\u00a0Conexi\u00f3n<\/td>\n<td>400 V, 32A<\/td>\n<\/tr>\n<tr>\n<td><\/td>\n<td><\/td>\n<\/tr>\n<tr>\n<td> Control autom\u00e1tico de radios\/control R<\/td>\n<td>Opci\u00f3n<\/td>\n<\/tr>\n<tr>\n<td> Rodillos de apoyo hidr\u00e1ulicos<\/td>\n<td>Opci\u00f3n<\/td>\n<\/tr>\n<tr>\n<td> Rodillos de apoyo con control CNC<\/td>\n<td>Opci\u00f3n<\/td>\n<\/tr>\n<\/tbody>\n<\/table>\n","protected":false},"excerpt":{"rendered":"<p>Curvadora de perfiles RB4 alto rendimiento de curvado con m\u00e1xima flexibilidad La curvadora de perfiles RB4 combina alto rendimiento de curvado con la m\u00e1s moderna tecnolog\u00eda de control CNC. Se pueden curvar perfiles peque\u00f1os, medianos y tambi\u00e9n pesados, de acero o aluminio, con la m\u00e1xima precisi\u00f3n y productividad. . Una potencia de curvado por estampado [&hellip;]<\/p>\n","protected":false},"author":11,"featured_media":0,"parent":3611,"menu_order":0,"comment_status":"open","ping_status":"open","template":"","meta":{"footnotes":""},"acf":[],"yoast_head":"<!-- This site is optimized with the Yoast SEO plugin v21.3 - https:\/\/yoast.com\/wordpress\/plugins\/seo\/ -->\n<title>RB4 - Thoman Biegemaschinen<\/title>\n<meta name=\"robots\" content=\"index, follow, max-snippet:-1, max-image-preview:large, max-video-preview:-1\" \/>\n<link rel=\"canonical\" href=\"https:\/\/www.thoman.de\/es\/maquinas\/curvadoras-de-perfiles\/rb4\/\" \/>\n<meta property=\"og:locale\" content=\"es_ES\" \/>\n<meta property=\"og:type\" content=\"article\" \/>\n<meta property=\"og:title\" content=\"RB4 - Thoman Biegemaschinen\" \/>\n<meta property=\"og:description\" content=\"Curvadora de perfiles RB4 alto rendimiento de curvado con m\u00e1xima flexibilidad La curvadora de perfiles RB4 combina alto rendimiento de curvado con la m\u00e1s moderna tecnolog\u00eda de control CNC. Se pueden curvar perfiles peque\u00f1os, medianos y tambi\u00e9n pesados, de acero o aluminio, con la m\u00e1xima precisi\u00f3n y productividad. . Una potencia de curvado por estampado [&hellip;]\" \/>\n<meta property=\"og:url\" content=\"https:\/\/www.thoman.de\/es\/maquinas\/curvadoras-de-perfiles\/rb4\/\" \/>\n<meta property=\"og:site_name\" content=\"Thoman Biegemaschinen\" \/>\n<meta property=\"article:modified_time\" content=\"2014-09-25T22:46:56+00:00\" \/>\n<meta name=\"twitter:label1\" content=\"Tiempo de lectura\" \/>\n\t<meta name=\"twitter:data1\" content=\"1 minuto\" \/>\n<script type=\"application\/ld+json\" class=\"yoast-schema-graph\">{\"@context\":\"https:\/\/schema.org\",\"@graph\":[{\"@type\":\"WebPage\",\"@id\":\"https:\/\/www.thoman.de\/es\/maquinas\/curvadoras-de-perfiles\/rb4\/\",\"url\":\"https:\/\/www.thoman.de\/es\/maquinas\/curvadoras-de-perfiles\/rb4\/\",\"name\":\"RB4 - Thoman Biegemaschinen\",\"isPartOf\":{\"@id\":\"https:\/\/www.thoman.de\/#website\"},\"datePublished\":\"2014-08-14T14:59:13+00:00\",\"dateModified\":\"2014-09-25T22:46:56+00:00\",\"breadcrumb\":{\"@id\":\"https:\/\/www.thoman.de\/es\/maquinas\/curvadoras-de-perfiles\/rb4\/#breadcrumb\"},\"inLanguage\":\"es\",\"potentialAction\":[{\"@type\":\"ReadAction\",\"target\":[\"https:\/\/www.thoman.de\/es\/maquinas\/curvadoras-de-perfiles\/rb4\/\"]}]},{\"@type\":\"BreadcrumbList\",\"@id\":\"https:\/\/www.thoman.de\/es\/maquinas\/curvadoras-de-perfiles\/rb4\/#breadcrumb\",\"itemListElement\":[{\"@type\":\"ListItem\",\"position\":1,\"name\":\"Home\",\"item\":\"https:\/\/www.thoman.de\/es\/\"},{\"@type\":\"ListItem\",\"position\":2,\"name\":\"M\u00e1quinas\",\"item\":\"https:\/\/www.thoman.de\/es\/maquinas\/\"},{\"@type\":\"ListItem\",\"position\":3,\"name\":\"Curvadoras de perfiles\",\"item\":\"https:\/\/www.thoman.de\/es\/maquinas\/curvadoras-de-perfiles\/\"},{\"@type\":\"ListItem\",\"position\":4,\"name\":\"RB4\"}]},{\"@type\":\"WebSite\",\"@id\":\"https:\/\/www.thoman.de\/#website\",\"url\":\"https:\/\/www.thoman.de\/\",\"name\":\"Thoman Biegemaschinen\",\"description\":\"Eine weitere WordPress-Seite\",\"potentialAction\":[{\"@type\":\"SearchAction\",\"target\":{\"@type\":\"EntryPoint\",\"urlTemplate\":\"https:\/\/www.thoman.de\/?s={search_term_string}\"},\"query-input\":\"required name=search_term_string\"}],\"inLanguage\":\"es\"}]}<\/script>\n<!-- \/ Yoast SEO plugin. -->","yoast_head_json":{"title":"RB4 - Thoman Biegemaschinen","robots":{"index":"index","follow":"follow","max-snippet":"max-snippet:-1","max-image-preview":"max-image-preview:large","max-video-preview":"max-video-preview:-1"},"canonical":"https:\/\/www.thoman.de\/es\/maquinas\/curvadoras-de-perfiles\/rb4\/","og_locale":"es_ES","og_type":"article","og_title":"RB4 - Thoman Biegemaschinen","og_description":"Curvadora de perfiles RB4 alto rendimiento de curvado con m\u00e1xima flexibilidad La curvadora de perfiles RB4 combina alto rendimiento de curvado con la m\u00e1s moderna tecnolog\u00eda de control CNC. Se pueden curvar perfiles peque\u00f1os, medianos y tambi\u00e9n pesados, de acero o aluminio, con la m\u00e1xima precisi\u00f3n y productividad. . Una potencia de curvado por estampado [&hellip;]","og_url":"https:\/\/www.thoman.de\/es\/maquinas\/curvadoras-de-perfiles\/rb4\/","og_site_name":"Thoman Biegemaschinen","article_modified_time":"2014-09-25T22:46:56+00:00","twitter_misc":{"Tiempo de lectura":"1 minuto"},"schema":{"@context":"https:\/\/schema.org","@graph":[{"@type":"WebPage","@id":"https:\/\/www.thoman.de\/es\/maquinas\/curvadoras-de-perfiles\/rb4\/","url":"https:\/\/www.thoman.de\/es\/maquinas\/curvadoras-de-perfiles\/rb4\/","name":"RB4 - Thoman Biegemaschinen","isPartOf":{"@id":"https:\/\/www.thoman.de\/#website"},"datePublished":"2014-08-14T14:59:13+00:00","dateModified":"2014-09-25T22:46:56+00:00","breadcrumb":{"@id":"https:\/\/www.thoman.de\/es\/maquinas\/curvadoras-de-perfiles\/rb4\/#breadcrumb"},"inLanguage":"es","potentialAction":[{"@type":"ReadAction","target":["https:\/\/www.thoman.de\/es\/maquinas\/curvadoras-de-perfiles\/rb4\/"]}]},{"@type":"BreadcrumbList","@id":"https:\/\/www.thoman.de\/es\/maquinas\/curvadoras-de-perfiles\/rb4\/#breadcrumb","itemListElement":[{"@type":"ListItem","position":1,"name":"Home","item":"https:\/\/www.thoman.de\/es\/"},{"@type":"ListItem","position":2,"name":"M\u00e1quinas","item":"https:\/\/www.thoman.de\/es\/maquinas\/"},{"@type":"ListItem","position":3,"name":"Curvadoras de perfiles","item":"https:\/\/www.thoman.de\/es\/maquinas\/curvadoras-de-perfiles\/"},{"@type":"ListItem","position":4,"name":"RB4"}]},{"@type":"WebSite","@id":"https:\/\/www.thoman.de\/#website","url":"https:\/\/www.thoman.de\/","name":"Thoman Biegemaschinen","description":"Eine weitere WordPress-Seite","potentialAction":[{"@type":"SearchAction","target":{"@type":"EntryPoint","urlTemplate":"https:\/\/www.thoman.de\/?s={search_term_string}"},"query-input":"required name=search_term_string"}],"inLanguage":"es"}]}},"_links":{"self":[{"href":"https:\/\/www.thoman.de\/es\/wp-json\/wp\/v2\/pages\/3625"}],"collection":[{"href":"https:\/\/www.thoman.de\/es\/wp-json\/wp\/v2\/pages"}],"about":[{"href":"https:\/\/www.thoman.de\/es\/wp-json\/wp\/v2\/types\/page"}],"author":[{"embeddable":true,"href":"https:\/\/www.thoman.de\/es\/wp-json\/wp\/v2\/users\/11"}],"replies":[{"embeddable":true,"href":"https:\/\/www.thoman.de\/es\/wp-json\/wp\/v2\/comments?post=3625"}],"version-history":[{"count":6,"href":"https:\/\/www.thoman.de\/es\/wp-json\/wp\/v2\/pages\/3625\/revisions"}],"predecessor-version":[{"id":5109,"href":"https:\/\/www.thoman.de\/es\/wp-json\/wp\/v2\/pages\/3625\/revisions\/5109"}],"up":[{"embeddable":true,"href":"https:\/\/www.thoman.de\/es\/wp-json\/wp\/v2\/pages\/3611"}],"wp:attachment":[{"href":"https:\/\/www.thoman.de\/es\/wp-json\/wp\/v2\/media?parent=3625"}],"curies":[{"name":"wp","href":"https:\/\/api.w.org\/{rel}","templated":true}]}}