{"id":3627,"date":"2014-08-14T17:04:31","date_gmt":"2014-08-14T15:04:31","guid":{"rendered":"http:\/\/thoman.de\/maschinen\/profilbiegenmaschinen\/rb6\/"},"modified":"2014-09-26T00:49:59","modified_gmt":"2014-09-25T22:49:59","slug":"rb6","status":"publish","type":"page","link":"https:\/\/www.thoman.de\/es\/maquinas\/curvadoras-de-perfiles\/rb6\/","title":{"rendered":"RB6"},"content":{"rendered":"<h1>La curvadora de perfiles RB6<\/h1>\n<h2>rendimiento superior con alta flexibilidad<\/h2>\n<table>\n<tbody>\n<tr>\n<td>\n<p style=\"color: #606060;\">La curvadora de perfiles RB6 es actualmente la curvadora m\u00e1s pesada y potente de Thoman. Con una potencia de 22 kW, una fuerza de compresi\u00f3n de 70 toneladas y motores de engranajes planetarios robustos y altos, la curvadora RB6 cuenta con reservas suficientes para curvar tambi\u00e9n perfiles muy pesados. Gracias a la distancia variable de los rodillos laterales, ajustable de 630 mm a 1230 mm, con la curvadora RB6 se pueden curvar perfiles notablemente m\u00e1s grandes que con una curvadora convencional comparable. <\/p>\n<\/td>\n<td>\n<p style=\"color: #606060;\">Si se curvan perfiles m\u00e1s peque\u00f1os, se puede reducir la distancia de los rodillos laterales. Los di\u00e1metros de los rodillos pueden hacerse mucho m\u00e1s peque\u00f1os, en comparaci\u00f3n con las curvadoras de perfiles convencionales.<\/p>\n<p style=\"color: #606060;\">Se reducen los costes de herramientas y de preparaci\u00f3n y se logra una amplia gama de utilizaci\u00f3n de la curvadora.<\/p>\n<\/td>\n<\/tr>\n<\/tbody>\n<\/table>\n<h3 style=\"font-size: 14px; line-height: 20px; font-weight: bold;\"><span style=\"color: #cc0000;\">Aplicaci\u00f3n<\/span> <span style=\"color: #b3b3b3; text-transform: none;\">Construcci\u00f3n met\u00e1lica, construcci\u00f3n de acero, construcci\u00f3n de escalinatas, cerramientos, ingenier\u00eda mec\u00e1nica, t\u00e9cnica de transporte, construcci\u00f3n de plantas, construcci\u00f3n de tuber\u00edas, construcci\u00f3n de fachadas, empresas de curvado por contrato, construcci\u00f3n de veh\u00edculos utilitarios<\/span><\/h3>\n<p>&nbsp;<\/p>\n<h3 class=\"data-v2\">Datos\/caracter\u00edsticas t\u00e9cnicas<\/h3>\n<table class=\"data-v2 table\">\n<tbody>\n<tr>\n<td>\u00a0Capacidad de curvado<\/td>\n<td>22 KW<\/td>\n<\/tr>\n<tr>\n<td>\u00a0Cilindros propulsados<\/td>\n<td>3<\/td>\n<\/tr>\n<tr>\n<td>\u00a0N\u00ba de revoluciones regulable<\/td>\n<td>0-8 de forma continua<\/td>\n<\/tr>\n<tr>\n<td>\u00a0Di\u00e1metro de los ejes<\/td>\n<td>125mm<\/td>\n<\/tr>\n<tr>\n<td>\u00a0Longitud de los ejes<\/td>\n<td>300mm<\/td>\n<\/tr>\n<tr>\n<td>\u00a0Distancia de los rodillos laterales<\/td>\n<td>630-1230mm, ajustable<\/td>\n<\/tr>\n<tr>\n<td>\u00a0Carrera eje X<\/td>\n<td>400mm<\/td>\n<\/tr>\n<tr>\n<td>\u00a0Fuerza de compresi\u00f3n<\/td>\n<td>70 t<\/td>\n<\/tr>\n<tr>\n<td>\u00a0Direcci\u00f3n de curvado<\/td>\n<td>de la m\u00e1quina hacia fuera<\/td>\n<\/tr>\n<tr>\n<td>\u00a0Peso<\/td>\n<td>5500-6000 kg<\/td>\n<\/tr>\n<tr>\n<td>\u00a0Conexi\u00f3n<\/td>\n<td>400 V, 64A<\/td>\n<\/tr>\n<tr>\n<td><\/td>\n<td><\/td>\n<\/tr>\n<tr>\n<td>M\u00e1quina sobre ruedas<\/td>\n<td>&#8211;<\/td>\n<\/tr>\n<tr>\n<td>M\u00e1quina girable<\/td>\n<td>&#8211;<\/td>\n<\/tr>\n<tr>\n<td> Control autom\u00e1tico de radios\/control R<\/td>\n<td>Opci\u00f3n<\/td>\n<\/tr>\n<tr>\n<td> Rodillos de apoyo hidr\u00e1ulicos<\/td>\n<td>Opci\u00f3n<\/td>\n<\/tr>\n<tr>\n<td> Rodillos de apoyo con control CNC<\/td>\n<td>Opci\u00f3n<\/td>\n<\/tr>\n<\/tbody>\n<\/table>\n","protected":false},"excerpt":{"rendered":"<p>La curvadora de perfiles RB6 rendimiento superior con alta flexibilidad La curvadora de perfiles RB6 es actualmente la curvadora m\u00e1s pesada y potente de Thoman. Con una potencia de 22 kW, una fuerza de compresi\u00f3n de 70 toneladas y motores de engranajes planetarios robustos y altos, la curvadora RB6 cuenta con reservas suficientes para curvar [&hellip;]<\/p>\n","protected":false},"author":11,"featured_media":0,"parent":3611,"menu_order":0,"comment_status":"open","ping_status":"open","template":"","meta":{"footnotes":""},"acf":[],"yoast_head":"<!-- This site is optimized with the Yoast SEO plugin v21.3 - https:\/\/yoast.com\/wordpress\/plugins\/seo\/ -->\n<title>RB6 - Thoman Biegemaschinen<\/title>\n<meta name=\"robots\" content=\"index, follow, max-snippet:-1, max-image-preview:large, max-video-preview:-1\" \/>\n<link rel=\"canonical\" href=\"https:\/\/www.thoman.de\/es\/maquinas\/curvadoras-de-perfiles\/rb6\/\" \/>\n<meta property=\"og:locale\" content=\"es_ES\" \/>\n<meta property=\"og:type\" content=\"article\" \/>\n<meta property=\"og:title\" content=\"RB6 - Thoman Biegemaschinen\" \/>\n<meta property=\"og:description\" content=\"La curvadora de perfiles RB6 rendimiento superior con alta flexibilidad La curvadora de perfiles RB6 es actualmente la curvadora m\u00e1s pesada y potente de Thoman. Con una potencia de 22 kW, una fuerza de compresi\u00f3n de 70 toneladas y motores de engranajes planetarios robustos y altos, la curvadora RB6 cuenta con reservas suficientes para curvar [&hellip;]\" \/>\n<meta property=\"og:url\" content=\"https:\/\/www.thoman.de\/es\/maquinas\/curvadoras-de-perfiles\/rb6\/\" \/>\n<meta property=\"og:site_name\" content=\"Thoman Biegemaschinen\" \/>\n<meta property=\"article:modified_time\" content=\"2014-09-25T22:49:59+00:00\" \/>\n<meta name=\"twitter:label1\" content=\"Tiempo de lectura\" \/>\n\t<meta name=\"twitter:data1\" content=\"1 minuto\" \/>\n<script type=\"application\/ld+json\" class=\"yoast-schema-graph\">{\"@context\":\"https:\/\/schema.org\",\"@graph\":[{\"@type\":\"WebPage\",\"@id\":\"https:\/\/www.thoman.de\/es\/maquinas\/curvadoras-de-perfiles\/rb6\/\",\"url\":\"https:\/\/www.thoman.de\/es\/maquinas\/curvadoras-de-perfiles\/rb6\/\",\"name\":\"RB6 - Thoman Biegemaschinen\",\"isPartOf\":{\"@id\":\"https:\/\/www.thoman.de\/#website\"},\"datePublished\":\"2014-08-14T15:04:31+00:00\",\"dateModified\":\"2014-09-25T22:49:59+00:00\",\"breadcrumb\":{\"@id\":\"https:\/\/www.thoman.de\/es\/maquinas\/curvadoras-de-perfiles\/rb6\/#breadcrumb\"},\"inLanguage\":\"es\",\"potentialAction\":[{\"@type\":\"ReadAction\",\"target\":[\"https:\/\/www.thoman.de\/es\/maquinas\/curvadoras-de-perfiles\/rb6\/\"]}]},{\"@type\":\"BreadcrumbList\",\"@id\":\"https:\/\/www.thoman.de\/es\/maquinas\/curvadoras-de-perfiles\/rb6\/#breadcrumb\",\"itemListElement\":[{\"@type\":\"ListItem\",\"position\":1,\"name\":\"Home\",\"item\":\"https:\/\/www.thoman.de\/es\/\"},{\"@type\":\"ListItem\",\"position\":2,\"name\":\"M\u00e1quinas\",\"item\":\"https:\/\/www.thoman.de\/es\/maquinas\/\"},{\"@type\":\"ListItem\",\"position\":3,\"name\":\"Curvadoras de perfiles\",\"item\":\"https:\/\/www.thoman.de\/es\/maquinas\/curvadoras-de-perfiles\/\"},{\"@type\":\"ListItem\",\"position\":4,\"name\":\"RB6\"}]},{\"@type\":\"WebSite\",\"@id\":\"https:\/\/www.thoman.de\/#website\",\"url\":\"https:\/\/www.thoman.de\/\",\"name\":\"Thoman Biegemaschinen\",\"description\":\"Eine weitere WordPress-Seite\",\"potentialAction\":[{\"@type\":\"SearchAction\",\"target\":{\"@type\":\"EntryPoint\",\"urlTemplate\":\"https:\/\/www.thoman.de\/?s={search_term_string}\"},\"query-input\":\"required name=search_term_string\"}],\"inLanguage\":\"es\"}]}<\/script>\n<!-- \/ Yoast SEO plugin. -->","yoast_head_json":{"title":"RB6 - Thoman Biegemaschinen","robots":{"index":"index","follow":"follow","max-snippet":"max-snippet:-1","max-image-preview":"max-image-preview:large","max-video-preview":"max-video-preview:-1"},"canonical":"https:\/\/www.thoman.de\/es\/maquinas\/curvadoras-de-perfiles\/rb6\/","og_locale":"es_ES","og_type":"article","og_title":"RB6 - Thoman Biegemaschinen","og_description":"La curvadora de perfiles RB6 rendimiento superior con alta flexibilidad La curvadora de perfiles RB6 es actualmente la curvadora m\u00e1s pesada y potente de Thoman. Con una potencia de 22 kW, una fuerza de compresi\u00f3n de 70 toneladas y motores de engranajes planetarios robustos y altos, la curvadora RB6 cuenta con reservas suficientes para curvar [&hellip;]","og_url":"https:\/\/www.thoman.de\/es\/maquinas\/curvadoras-de-perfiles\/rb6\/","og_site_name":"Thoman Biegemaschinen","article_modified_time":"2014-09-25T22:49:59+00:00","twitter_misc":{"Tiempo de lectura":"1 minuto"},"schema":{"@context":"https:\/\/schema.org","@graph":[{"@type":"WebPage","@id":"https:\/\/www.thoman.de\/es\/maquinas\/curvadoras-de-perfiles\/rb6\/","url":"https:\/\/www.thoman.de\/es\/maquinas\/curvadoras-de-perfiles\/rb6\/","name":"RB6 - Thoman Biegemaschinen","isPartOf":{"@id":"https:\/\/www.thoman.de\/#website"},"datePublished":"2014-08-14T15:04:31+00:00","dateModified":"2014-09-25T22:49:59+00:00","breadcrumb":{"@id":"https:\/\/www.thoman.de\/es\/maquinas\/curvadoras-de-perfiles\/rb6\/#breadcrumb"},"inLanguage":"es","potentialAction":[{"@type":"ReadAction","target":["https:\/\/www.thoman.de\/es\/maquinas\/curvadoras-de-perfiles\/rb6\/"]}]},{"@type":"BreadcrumbList","@id":"https:\/\/www.thoman.de\/es\/maquinas\/curvadoras-de-perfiles\/rb6\/#breadcrumb","itemListElement":[{"@type":"ListItem","position":1,"name":"Home","item":"https:\/\/www.thoman.de\/es\/"},{"@type":"ListItem","position":2,"name":"M\u00e1quinas","item":"https:\/\/www.thoman.de\/es\/maquinas\/"},{"@type":"ListItem","position":3,"name":"Curvadoras de perfiles","item":"https:\/\/www.thoman.de\/es\/maquinas\/curvadoras-de-perfiles\/"},{"@type":"ListItem","position":4,"name":"RB6"}]},{"@type":"WebSite","@id":"https:\/\/www.thoman.de\/#website","url":"https:\/\/www.thoman.de\/","name":"Thoman Biegemaschinen","description":"Eine weitere WordPress-Seite","potentialAction":[{"@type":"SearchAction","target":{"@type":"EntryPoint","urlTemplate":"https:\/\/www.thoman.de\/?s={search_term_string}"},"query-input":"required name=search_term_string"}],"inLanguage":"es"}]}},"_links":{"self":[{"href":"https:\/\/www.thoman.de\/es\/wp-json\/wp\/v2\/pages\/3627"}],"collection":[{"href":"https:\/\/www.thoman.de\/es\/wp-json\/wp\/v2\/pages"}],"about":[{"href":"https:\/\/www.thoman.de\/es\/wp-json\/wp\/v2\/types\/page"}],"author":[{"embeddable":true,"href":"https:\/\/www.thoman.de\/es\/wp-json\/wp\/v2\/users\/11"}],"replies":[{"embeddable":true,"href":"https:\/\/www.thoman.de\/es\/wp-json\/wp\/v2\/comments?post=3627"}],"version-history":[{"count":4,"href":"https:\/\/www.thoman.de\/es\/wp-json\/wp\/v2\/pages\/3627\/revisions"}],"predecessor-version":[{"id":5110,"href":"https:\/\/www.thoman.de\/es\/wp-json\/wp\/v2\/pages\/3627\/revisions\/5110"}],"up":[{"embeddable":true,"href":"https:\/\/www.thoman.de\/es\/wp-json\/wp\/v2\/pages\/3611"}],"wp:attachment":[{"href":"https:\/\/www.thoman.de\/es\/wp-json\/wp\/v2\/media?parent=3627"}],"curies":[{"name":"wp","href":"https:\/\/api.w.org\/{rel}","templated":true}]}}