{"id":3629,"date":"2014-08-14T17:12:06","date_gmt":"2014-08-14T15:12:06","guid":{"rendered":"http:\/\/thoman.de\/maschinen\/rohrbiegemaschinen\/halbautomatische-rohrbiegemaschinen-nc\/"},"modified":"2014-09-26T01:00:06","modified_gmt":"2014-09-25T23:00:06","slug":"curvadoras-de-mandril-semiautomaticas","status":"publish","type":"page","link":"https:\/\/www.thoman.de\/es\/maquinas\/curvadoras-de-tubos\/curvadoras-de-mandril-semiautomaticas\/","title":{"rendered":"Curvadoras de mandril semiautom\u00e1ticas"},"content":{"rendered":"<h1>Curvadoras de mandril semiautom\u00e1ticas<\/h1>\n<h2>para piezas individuales o en serie<\/h2>\n<table>\n<tbody>\n<tr>\n<td>\n<p style=\"color: #606060;\">Las curvadoras de mandril semiautom\u00e1ticas se utilizan en la fabricaci\u00f3n de piezas individuales y en serie, en el taller y en el tren de producci\u00f3n. En las curvadoras de mandril semiautom\u00e1ticas modelo FK, el ciclo de curvado se realiza de forma autom\u00e1tica y programada. El avance y la rotaci\u00f3n del tubo se realizan manualmente.<\/p>\n<p style=\"color: #606060;\">Todas las curvadoras semiautom\u00e1ticas de la serie FK pueden equiparse con un sistema de tope longitudinal y angular para alimentaci\u00f3n y rotaci\u00f3n de los tubos. Opcionalmente con mandril de mordazas, mandril de pinzas hidr\u00e1ulico, indicador de posici\u00f3n digital y supervisor de posici\u00f3n.<\/p>\n<\/td>\n<td>\n<p style=\"color: #606060;\">Las curvadoras de mandril semiautom\u00e1ticas modelo FK trabajan de forma completamente hidr\u00e1ulica.<\/p>\n<p style=\"color: #606060;\">El accionamiento hidr\u00e1ulico del brazo curvador garantiza m\u00e1xima precisi\u00f3n, repetibilidad y fuerza de flexi\u00f3n con dimensiones compactas.<\/p>\n<p style=\"color: #606060;\">El controlador de la m\u00e1quina (PP41) cuenta con una interfaz para conexi\u00f3n a un ordenador externo. Los programa de curvado pueden generarse directamente en la m\u00e1quina u opcionalmente en un ordenador port\u00e1til externo y transmitirse en l\u00ednea al controlador de la m\u00e1quina.<\/p>\n<\/td>\n<\/tr>\n<\/tbody>\n<\/table>\n<h3 style=\"font-size: 14px; line-height: 20px; font-weight: bold;\"><span style=\"color: #cc0000;\">Campos de aplicaci\u00f3n<\/span> <span style=\"color: #b3b3b3; text-transform: none;\">Construcci\u00f3n met\u00e1lica, cerramientos e ingenier\u00eda mec\u00e1nica en general, construcci\u00f3n de tuber\u00edas, sistemas hidr\u00e1ulicos, construcci\u00f3n de plantas<\/span><\/h3>\n<p>&nbsp;<\/p>\n<h3 class=\"data-v2\">Caracter\u00edsticas<\/h3>\n<table class=\"data-v2 table\">\n<tbody>\n<tr>\n<td>\u00a0Controlador de la m\u00e1quina<\/td>\n<td>Mando por programa CN\/PP41<br \/>\nPantalla de 12&#215;9 cm y gesti\u00f3n de programas<\/td>\n<\/tr>\n<tr>\n<td>\u00a0Generaci\u00f3n de programas<\/td>\n<td>Directamente en la m\u00e1quina u opcionalmente en un ordenador externo<\/td>\n<\/tr>\n<tr>\n<td>\u00a0Interfaz para transferencia de datos en l\u00ednea desde el controlador del ordenador<\/td>\n<td>est\u00e1ndar<\/td>\n<\/tr>\n<tr>\n<td>\u00a0Eje de curvatura <\/td>\n<td>controlado hidr\u00e1ulicamente<\/td>\n<\/tr>\n<tr>\n<td>\u00a0Avance de tubos<\/td>\n<td>manual<\/td>\n<\/tr>\n<tr>\n<td>\u00a0Rotaci\u00f3n de tubos<\/td>\n<td>manual<\/td>\n<\/tr>\n<tr>\n<td>\u00a0Rotaci\u00f3n inversa de herramienta<\/td>\n<td>manual, opcionalmente tambi\u00e9n autom\u00e1tica<\/td>\n<\/tr>\n<tr>\n<td>\u00a0Sujeci\u00f3n de tubos en la herramienta de curvado<\/td>\n<td>hidr\u00e1ulica<\/td>\n<\/tr>\n<tr>\n<td>\u00a0Colocaci\u00f3n de la mordaza deslizante<\/td>\n<td>hidr\u00e1ulica<\/td>\n<\/tr>\n<tr>\n<td>\u00a0Extracci\u00f3n de mandril<\/td>\n<td>hidr\u00e1ulica<\/td>\n<\/tr>\n<tr>\n<td>\u00a0Extracci\u00f3n anticipada de mandril programable<\/td>\n<td>est\u00e1ndar<\/td>\n<\/tr>\n<tr>\n<td>\u00a0Carrera de extracci\u00f3n de mandril ajustable<\/td>\n<td>est\u00e1ndar<\/td>\n<\/tr>\n<tr>\n<td>\u00a0Mandril de pinzas hidr\u00e1ulico<\/td>\n<td>Opci\u00f3n<\/td>\n<\/tr>\n<tr>\n<td>\u00a0Carril deslizante acompa\u00f1ante<\/td>\n<td>Opci\u00f3n<\/td>\n<\/tr>\n<tr>\n<td>\u00a0Lubricaci\u00f3n autom\u00e1tica del mandril<\/td>\n<td>Opci\u00f3n<\/td>\n<\/tr>\n<\/tbody>\n<\/table>\n<h3 class=\"data-v1\">\u00a0M\u00e1quinas<\/h3>\n<table class=\"data-v1 table-line table\">\n<tbody>\n<tr>\n<th style=\"text-align: left;\">M\u00e1quina<\/th>\n<th style=\"text-align: left;\"><a href=\"https:\/\/www.thoman.de\/wp-content\/uploads\/2014\/09\/Profil-Rohr.png\"><img decoding=\"async\" class=\"alignnone wp-image-1360\" src=\"https:\/\/www.thoman.de\/wp-content\/uploads\/2014\/09\/Profil-Rohr-300x99.png\" alt=\"Profil-Rohr\" width=\"90\" height=\"30\" srcset=\"https:\/\/www.thoman.de\/wp-content\/uploads\/2014\/09\/Profil-Rohr-300x99.png 300w, https:\/\/www.thoman.de\/wp-content\/uploads\/2014\/09\/Profil-Rohr.png 709w\" sizes=\"(max-width: 90px) 100vw, 90px\" \/><\/a><\/th>\n<th style=\"text-align: left;\"><img decoding=\"async\" class=\"alignnone wp-image-1362\" src=\"https:\/\/www.thoman.de\/wp-content\/uploads\/2014\/09\/Profil-VKrohr-300x99.png\" alt=\"Profil-VKrohr\" width=\"90\" height=\"30\" srcset=\"https:\/\/www.thoman.de\/wp-content\/uploads\/2014\/09\/Profil-VKrohr-300x99.png 300w, https:\/\/www.thoman.de\/wp-content\/uploads\/2014\/09\/Profil-VKrohr.png 709w\" sizes=\"(max-width: 90px) 100vw, 90px\" \/><\/th>\n<th style=\"text-align: left;\"><img decoding=\"async\" class=\"alignleft wp-image-1360\" src=\"https:\/\/www.thoman.de\/wp-content\/uploads\/2014\/09\/Profil-Rohr-300x99.png\" alt=\"Profil-Rohr\" width=\"90\" height=\"30\" srcset=\"https:\/\/www.thoman.de\/wp-content\/uploads\/2014\/09\/Profil-Rohr-300x99.png 300w, https:\/\/www.thoman.de\/wp-content\/uploads\/2014\/09\/Profil-Rohr.png 709w\" sizes=\"(max-width: 90px) 100vw, 90px\" \/><\/th>\n<\/tr>\n<tr>\n<td><\/td>\n<td>400N \/ mm2<\/td>\n<td>400N \/ mm2<\/td>\n<td>VA<\/td>\n<\/tr>\n<tr>\n<td><b>FK50-1A-NC<\/b><\/td>\n<td>50,0 x 3,0<\/td>\n<td>35,0 x 2,5<\/td>\n<td>50,0 x 2,0<\/td>\n<\/tr>\n<tr>\n<td><b>FK60-1A-NC<\/b><\/td>\n<td>60,3 x 4,0<\/td>\n<td>40,0 x 3,0<\/td>\n<td>60,3 x 2,9<\/td>\n<\/tr>\n<tr>\n<td><b>FK76-1A-NC<\/b><\/td>\n<td>76,1 x 3,0<\/td>\n<td>50,0 x 3,0<\/td>\n<td>76,1 x 2,0<\/td>\n<\/tr>\n<tr>\n<td><b>FK90-1A-NC<\/b><\/td>\n<td>88,9 x 3,0<\/td>\n<td>70,0 x 3,0<\/td>\n<td>88,9 x 3,0<\/td>\n<\/tr>\n<\/tbody>\n<\/table>\n<table>\n<tbody>\n<tr>\n<td>\n<p style=\"color: #606060;\">La tabla representa solo un breve extracto de los posibles perfiles y dimensiones.<\/p>\n<p style=\"color: #606060;\">Otras formas de perfiles, dimensiones o perfiles especiales son posibles en todo momento.<\/p>\n<\/td>\n<td>\n<p style=\"color: #606060;\">Los datos son v\u00e1lidos para acero con una resistencia m\u00e1x. a la tracci\u00f3n Rm=400 N\/mm2.<\/p>\n<p style=\"color: #606060;\">Para perfiles de aluminio o materiales de alta resistencia rigen diferentes coeficientes.<\/p>\n<\/td>\n<\/tr>\n<\/tbody>\n<\/table>\n","protected":false},"excerpt":{"rendered":"<p>Curvadoras de mandril semiautom\u00e1ticas para piezas individuales o en serie Las curvadoras de mandril semiautom\u00e1ticas se utilizan en la fabricaci\u00f3n de piezas individuales y en serie, en el taller y en el tren de producci\u00f3n. En las curvadoras de mandril semiautom\u00e1ticas modelo FK, el ciclo de curvado se realiza de forma autom\u00e1tica y programada. El [&hellip;]<\/p>\n","protected":false},"author":11,"featured_media":0,"parent":3438,"menu_order":0,"comment_status":"open","ping_status":"open","template":"","meta":{"footnotes":""},"acf":[],"yoast_head":"<!-- This site is optimized with the Yoast SEO plugin v21.3 - https:\/\/yoast.com\/wordpress\/plugins\/seo\/ -->\n<title>Curvadoras de mandril semiautom\u00e1ticas  - Thoman Biegemaschinen<\/title>\n<meta name=\"robots\" content=\"index, follow, max-snippet:-1, max-image-preview:large, max-video-preview:-1\" \/>\n<link rel=\"canonical\" href=\"https:\/\/www.thoman.de\/es\/maquinas\/curvadoras-de-tubos\/curvadoras-de-mandril-semiautomaticas\/\" \/>\n<meta property=\"og:locale\" content=\"es_ES\" \/>\n<meta property=\"og:type\" content=\"article\" \/>\n<meta property=\"og:title\" content=\"Curvadoras de mandril semiautom\u00e1ticas  - Thoman Biegemaschinen\" \/>\n<meta property=\"og:description\" content=\"Curvadoras de mandril semiautom\u00e1ticas para piezas individuales o en serie Las curvadoras de mandril semiautom\u00e1ticas se utilizan en la fabricaci\u00f3n de piezas individuales y en serie, en el taller y en el tren de producci\u00f3n. En las curvadoras de mandril semiautom\u00e1ticas modelo FK, el ciclo de curvado se realiza de forma autom\u00e1tica y programada. El [&hellip;]\" \/>\n<meta property=\"og:url\" content=\"https:\/\/www.thoman.de\/es\/maquinas\/curvadoras-de-tubos\/curvadoras-de-mandril-semiautomaticas\/\" \/>\n<meta property=\"og:site_name\" content=\"Thoman Biegemaschinen\" \/>\n<meta property=\"article:modified_time\" content=\"2014-09-25T23:00:06+00:00\" \/>\n<meta property=\"og:image\" content=\"https:\/\/www.thoman.de\/wp-content\/uploads\/2014\/09\/Profil-Rohr-300x99.png\" \/>\n<meta name=\"twitter:label1\" content=\"Tiempo de lectura\" \/>\n\t<meta name=\"twitter:data1\" content=\"2 minutos\" \/>\n<script type=\"application\/ld+json\" class=\"yoast-schema-graph\">{\"@context\":\"https:\/\/schema.org\",\"@graph\":[{\"@type\":\"WebPage\",\"@id\":\"https:\/\/www.thoman.de\/es\/maquinas\/curvadoras-de-tubos\/curvadoras-de-mandril-semiautomaticas\/\",\"url\":\"https:\/\/www.thoman.de\/es\/maquinas\/curvadoras-de-tubos\/curvadoras-de-mandril-semiautomaticas\/\",\"name\":\"Curvadoras de mandril semiautom\u00e1ticas - Thoman Biegemaschinen\",\"isPartOf\":{\"@id\":\"https:\/\/www.thoman.de\/#website\"},\"datePublished\":\"2014-08-14T15:12:06+00:00\",\"dateModified\":\"2014-09-25T23:00:06+00:00\",\"breadcrumb\":{\"@id\":\"https:\/\/www.thoman.de\/es\/maquinas\/curvadoras-de-tubos\/curvadoras-de-mandril-semiautomaticas\/#breadcrumb\"},\"inLanguage\":\"es\",\"potentialAction\":[{\"@type\":\"ReadAction\",\"target\":[\"https:\/\/www.thoman.de\/es\/maquinas\/curvadoras-de-tubos\/curvadoras-de-mandril-semiautomaticas\/\"]}]},{\"@type\":\"BreadcrumbList\",\"@id\":\"https:\/\/www.thoman.de\/es\/maquinas\/curvadoras-de-tubos\/curvadoras-de-mandril-semiautomaticas\/#breadcrumb\",\"itemListElement\":[{\"@type\":\"ListItem\",\"position\":1,\"name\":\"Home\",\"item\":\"https:\/\/www.thoman.de\/es\/\"},{\"@type\":\"ListItem\",\"position\":2,\"name\":\"M\u00e1quinas\",\"item\":\"https:\/\/www.thoman.de\/es\/maquinas\/\"},{\"@type\":\"ListItem\",\"position\":3,\"name\":\"Curvadoras de tubos\",\"item\":\"https:\/\/www.thoman.de\/es\/maquinas\/curvadoras-de-tubos\/\"},{\"@type\":\"ListItem\",\"position\":4,\"name\":\"Curvadoras de mandril semiautom\u00e1ticas\"}]},{\"@type\":\"WebSite\",\"@id\":\"https:\/\/www.thoman.de\/#website\",\"url\":\"https:\/\/www.thoman.de\/\",\"name\":\"Thoman Biegemaschinen\",\"description\":\"Eine weitere WordPress-Seite\",\"potentialAction\":[{\"@type\":\"SearchAction\",\"target\":{\"@type\":\"EntryPoint\",\"urlTemplate\":\"https:\/\/www.thoman.de\/?s={search_term_string}\"},\"query-input\":\"required name=search_term_string\"}],\"inLanguage\":\"es\"}]}<\/script>\n<!-- \/ Yoast SEO plugin. -->","yoast_head_json":{"title":"Curvadoras de mandril semiautom\u00e1ticas  - Thoman Biegemaschinen","robots":{"index":"index","follow":"follow","max-snippet":"max-snippet:-1","max-image-preview":"max-image-preview:large","max-video-preview":"max-video-preview:-1"},"canonical":"https:\/\/www.thoman.de\/es\/maquinas\/curvadoras-de-tubos\/curvadoras-de-mandril-semiautomaticas\/","og_locale":"es_ES","og_type":"article","og_title":"Curvadoras de mandril semiautom\u00e1ticas  - Thoman Biegemaschinen","og_description":"Curvadoras de mandril semiautom\u00e1ticas para piezas individuales o en serie Las curvadoras de mandril semiautom\u00e1ticas se utilizan en la fabricaci\u00f3n de piezas individuales y en serie, en el taller y en el tren de producci\u00f3n. En las curvadoras de mandril semiautom\u00e1ticas modelo FK, el ciclo de curvado se realiza de forma autom\u00e1tica y programada. El [&hellip;]","og_url":"https:\/\/www.thoman.de\/es\/maquinas\/curvadoras-de-tubos\/curvadoras-de-mandril-semiautomaticas\/","og_site_name":"Thoman Biegemaschinen","article_modified_time":"2014-09-25T23:00:06+00:00","og_image":[{"url":"https:\/\/www.thoman.de\/wp-content\/uploads\/2014\/09\/Profil-Rohr-300x99.png"}],"twitter_misc":{"Tiempo de lectura":"2 minutos"},"schema":{"@context":"https:\/\/schema.org","@graph":[{"@type":"WebPage","@id":"https:\/\/www.thoman.de\/es\/maquinas\/curvadoras-de-tubos\/curvadoras-de-mandril-semiautomaticas\/","url":"https:\/\/www.thoman.de\/es\/maquinas\/curvadoras-de-tubos\/curvadoras-de-mandril-semiautomaticas\/","name":"Curvadoras de mandril semiautom\u00e1ticas - Thoman Biegemaschinen","isPartOf":{"@id":"https:\/\/www.thoman.de\/#website"},"datePublished":"2014-08-14T15:12:06+00:00","dateModified":"2014-09-25T23:00:06+00:00","breadcrumb":{"@id":"https:\/\/www.thoman.de\/es\/maquinas\/curvadoras-de-tubos\/curvadoras-de-mandril-semiautomaticas\/#breadcrumb"},"inLanguage":"es","potentialAction":[{"@type":"ReadAction","target":["https:\/\/www.thoman.de\/es\/maquinas\/curvadoras-de-tubos\/curvadoras-de-mandril-semiautomaticas\/"]}]},{"@type":"BreadcrumbList","@id":"https:\/\/www.thoman.de\/es\/maquinas\/curvadoras-de-tubos\/curvadoras-de-mandril-semiautomaticas\/#breadcrumb","itemListElement":[{"@type":"ListItem","position":1,"name":"Home","item":"https:\/\/www.thoman.de\/es\/"},{"@type":"ListItem","position":2,"name":"M\u00e1quinas","item":"https:\/\/www.thoman.de\/es\/maquinas\/"},{"@type":"ListItem","position":3,"name":"Curvadoras de tubos","item":"https:\/\/www.thoman.de\/es\/maquinas\/curvadoras-de-tubos\/"},{"@type":"ListItem","position":4,"name":"Curvadoras de mandril semiautom\u00e1ticas"}]},{"@type":"WebSite","@id":"https:\/\/www.thoman.de\/#website","url":"https:\/\/www.thoman.de\/","name":"Thoman Biegemaschinen","description":"Eine weitere WordPress-Seite","potentialAction":[{"@type":"SearchAction","target":{"@type":"EntryPoint","urlTemplate":"https:\/\/www.thoman.de\/?s={search_term_string}"},"query-input":"required name=search_term_string"}],"inLanguage":"es"}]}},"_links":{"self":[{"href":"https:\/\/www.thoman.de\/es\/wp-json\/wp\/v2\/pages\/3629"}],"collection":[{"href":"https:\/\/www.thoman.de\/es\/wp-json\/wp\/v2\/pages"}],"about":[{"href":"https:\/\/www.thoman.de\/es\/wp-json\/wp\/v2\/types\/page"}],"author":[{"embeddable":true,"href":"https:\/\/www.thoman.de\/es\/wp-json\/wp\/v2\/users\/11"}],"replies":[{"embeddable":true,"href":"https:\/\/www.thoman.de\/es\/wp-json\/wp\/v2\/comments?post=3629"}],"version-history":[{"count":3,"href":"https:\/\/www.thoman.de\/es\/wp-json\/wp\/v2\/pages\/3629\/revisions"}],"predecessor-version":[{"id":5111,"href":"https:\/\/www.thoman.de\/es\/wp-json\/wp\/v2\/pages\/3629\/revisions\/5111"}],"up":[{"embeddable":true,"href":"https:\/\/www.thoman.de\/es\/wp-json\/wp\/v2\/pages\/3438"}],"wp:attachment":[{"href":"https:\/\/www.thoman.de\/es\/wp-json\/wp\/v2\/media?parent=3629"}],"curies":[{"name":"wp","href":"https:\/\/api.w.org\/{rel}","templated":true}]}}