{"id":3635,"date":"2014-08-14T17:18:07","date_gmt":"2014-08-14T15:18:07","guid":{"rendered":"http:\/\/thoman.de\/maschinen\/steuerungen\/cnc-s\/"},"modified":"2014-09-26T01:28:59","modified_gmt":"2014-09-25T23:28:59","slug":"cnc-s","status":"publish","type":"page","link":"https:\/\/www.thoman.de\/es\/maquinas\/controladores\/cnc-s\/","title":{"rendered":"CNC-S"},"content":{"rendered":"<h1>El controlador CNC<\/h1>\n<h2>adelantado varias generaciones<\/h2>\n<table>\n<tbody>\n<tr>\n<td>\n<p style=\"color: #cc0033;\"><a href=\"https:\/\/www.thoman.de\/wp-content\/uploads\/2014\/09\/Assistent_Walzbiegen.jpg\"><img decoding=\"async\" class=\"alignnone  wp-image-1346\" src=\"https:\/\/www.thoman.de\/wp-content\/uploads\/2014\/09\/Assistent_Walzbiegen-300x224.jpg\" alt=\"Asistente_Curvado con rodillos\" width=\"250\" height=\"187\" srcset=\"https:\/\/www.thoman.de\/wp-content\/uploads\/2014\/09\/Assistent_Walzbiegen-300x224.jpg 300w, https:\/\/www.thoman.de\/wp-content\/uploads\/2014\/09\/Assistent_Walzbiegen-1024x766.jpg 1024w, https:\/\/www.thoman.de\/wp-content\/uploads\/2014\/09\/Assistent_Walzbiegen.jpg 1025w\" sizes=\"(max-width: 250px) 100vw, 250px\" \/><\/a><\/p>\n<p style=\"color: #cc0033;\"><a href=\"https:\/\/www.thoman.de\/wp-content\/uploads\/2014\/09\/Assistent_Dornbiegen.jpg\"><img decoding=\"async\" class=\"alignnone wp-image-1345\" src=\"https:\/\/www.thoman.de\/wp-content\/uploads\/2014\/09\/Assistent_Dornbiegen-300x225.jpg\" alt=\"Asistente_Curvado con mandril\" width=\"250\" height=\"188\" srcset=\"https:\/\/www.thoman.de\/wp-content\/uploads\/2014\/09\/Assistent_Dornbiegen-300x225.jpg 300w, https:\/\/www.thoman.de\/wp-content\/uploads\/2014\/09\/Assistent_Dornbiegen.jpg 392w\" sizes=\"(max-width: 250px) 100vw, 250px\" \/><\/a><\/p>\n<\/td>\n<td style=\"vertical-align: top;\">El nuevo controlador de alta gama se destaca por su m\u00e1xima funcionalidad y sus m\u00faltiples opciones. La creaci\u00f3n y gesti\u00f3n de programas se realizan en el terminal de mando sobre ruedas. El terminal de mando aloja un potente ordenador industrial y una pantalla t\u00e1ctil de 15&#8243;. Dise\u00f1o y ergonom\u00eda cumplen con los m\u00e1s altos est\u00e1ndares. Hardware y Software corresponden a la tecnolog\u00eda de \u00faltima generaci\u00f3n. El nuevo controlador CNC y el nuevo y revolucionario asistente de programa CNC-S satisfacen todas las aspiraciones y ofrecen posibilidades nunca vistas hasta ahora. La creaci\u00f3n de programas se efect\u00faa de forma a\u00fan m\u00e1s r\u00e1pida, sencilla y precisa. El terminal cuenta con una bandeja (A3) para planos o documentaci\u00f3n t\u00e9cnica. As\u00ed, la documentaci\u00f3n referida a los pedidos est\u00e1 siempre a la vista del operador. Como sistema operativo se utiliza Windows 7 integrado. El controlador de la m\u00e1quina puede integrarse sin problemas a las redes existentes. Existe la posibilidad de efectuar copias de seguridad en unidades de red o de acceso remoto para soporte en l\u00ednea en cualquier momento.<\/td>\n<\/tr>\n<\/tbody>\n<\/table>\n<h3 class=\"data-v2\">Datos t\u00e9cnicos<\/h3>\n<table class=\"data-v2 table table-1-2\">\n<tbody>\n<tr>\n<td>\u00a0Terminal de mando<\/td>\n<td>Sobre ruedas, con bandeja para documentaci\u00f3n t\u00e9cnica o planos<\/td>\n<\/tr>\n<tr>\n<td>\u00a0Dise\u00f1o<\/td>\n<td>Dise\u00f1o plano moderno con frente de aluminio cepillado y anodizado<\/td>\n<\/tr>\n<tr>\n<td>\u00a0Pantalla<\/td>\n<td>Pantalla t\u00e1ctil de 15&#8243;, de inclinaci\u00f3n y altura regulables<\/td>\n<\/tr>\n<tr>\n<td>\u00a0Sistema operativo<\/td>\n<td>Windows 7 integrado, multiling\u00fce alem\u00e1n\/ingl\u00e9s<\/td>\n<\/tr>\n<tr>\n<td>\u00a0Software<\/td>\n<td>Asistente de programa CNC-S Thoman<\/td>\n<\/tr>\n<\/tbody>\n<\/table>\n<p>&nbsp;<\/p>\n<h3 class=\"data-v2\">Funciones:<\/h3>\n<table class=\"data-v2 table\">\n<tbody>\n<tr>\n<td>\u00a0Creaci\u00f3n de contornos de curvatura mediante introducci\u00f3n de radio y \u00e1ngulo<\/td>\n<\/tr>\n<tr>\n<td>\u00a0Creaci\u00f3n de contornos de curvatura mediante introducci\u00f3n de radio y longitud<\/td>\n<\/tr>\n<tr>\n<td>\u00a0Creaci\u00f3n de contornos de curvatura mediante introducci\u00f3n de LRA (longitud, radio, \u00e1ngulo)<\/td>\n<\/tr>\n<tr>\n<td>\u00a0Creaci\u00f3n de contornos de curvatura mediante introducci\u00f3n de puntos de intersecci\u00f3n de coordenadas XYZ<\/td>\n<\/tr>\n<tr>\n<td>\u00a0Representaci\u00f3n 3D en pantalla del contorno curvado<\/td>\n<\/tr>\n<tr>\n<td>\u00a0Giro, aplicaci\u00f3n de zoom, rotaci\u00f3n del contorno de curvatura<\/td>\n<\/tr>\n<tr>\n<td>\u00a0Representaci\u00f3n tabular de todos los elementos de contorno<\/td>\n<\/tr>\n<tr>\n<td>\u00a0Par\u00e1metros tecnol\u00f3gicos para cada elemento de contorno<\/td>\n<\/tr>\n<tr>\n<td>\u00a0A\u00f1adir, eliminar y combinar elementos de contorno<\/td>\n<\/tr>\n<tr>\n<td>\u00a0Curvado preciso teniendo en cuenta la recuperaci\u00f3n el\u00e1stica del material<\/td>\n<\/tr>\n<tr>\n<td>\u00a0Generaci\u00f3n autom\u00e1tica del programa para la m\u00e1quina (c\u00f3digo G)<\/td>\n<\/tr>\n<tr>\n<td>\u00a0Transiciones perfectas de los elementos de contorno<\/td>\n<\/tr>\n<tr>\n<td>\u00a0Vinculaci\u00f3n de documentos discrecionales con el programa, la herramienta o el perfil<\/td>\n<\/tr>\n<tr>\n<td>\u00a0Gesti\u00f3n de derechos en varios niveles<\/td>\n<\/tr>\n<tr>\n<td>\u00a0Base de datos para programas, herramientas, perfiles y curvas de flexi\u00f3n<\/td>\n<\/tr>\n<\/tbody>\n<\/table>\n","protected":false},"excerpt":{"rendered":"<p>El controlador CNC adelantado varias generaciones El nuevo controlador de alta gama se destaca por su m\u00e1xima funcionalidad y sus m\u00faltiples opciones. La creaci\u00f3n y gesti\u00f3n de programas se realizan en el terminal de mando sobre ruedas. El terminal de mando aloja un potente ordenador industrial y una pantalla t\u00e1ctil de 15&#8243;. Dise\u00f1o y ergonom\u00eda [&hellip;]<\/p>\n","protected":false},"author":11,"featured_media":0,"parent":3450,"menu_order":0,"comment_status":"open","ping_status":"open","template":"","meta":{"footnotes":""},"acf":[],"yoast_head":"<!-- This site is optimized with the Yoast SEO plugin v21.3 - https:\/\/yoast.com\/wordpress\/plugins\/seo\/ -->\n<title>CNC-S - Thoman Biegemaschinen<\/title>\n<meta name=\"robots\" content=\"index, follow, max-snippet:-1, max-image-preview:large, max-video-preview:-1\" \/>\n<link rel=\"canonical\" href=\"https:\/\/www.thoman.de\/es\/maquinas\/controladores\/cnc-s\/\" \/>\n<meta property=\"og:locale\" content=\"es_ES\" \/>\n<meta property=\"og:type\" content=\"article\" \/>\n<meta property=\"og:title\" content=\"CNC-S - Thoman Biegemaschinen\" \/>\n<meta property=\"og:description\" content=\"El controlador CNC adelantado varias generaciones El nuevo controlador de alta gama se destaca por su m\u00e1xima funcionalidad y sus m\u00faltiples opciones. La creaci\u00f3n y gesti\u00f3n de programas se realizan en el terminal de mando sobre ruedas. El terminal de mando aloja un potente ordenador industrial y una pantalla t\u00e1ctil de 15&#8243;. Dise\u00f1o y ergonom\u00eda [&hellip;]\" \/>\n<meta property=\"og:url\" content=\"https:\/\/www.thoman.de\/es\/maquinas\/controladores\/cnc-s\/\" \/>\n<meta property=\"og:site_name\" content=\"Thoman Biegemaschinen\" \/>\n<meta property=\"article:modified_time\" content=\"2014-09-25T23:28:59+00:00\" \/>\n<meta property=\"og:image\" content=\"https:\/\/www.thoman.de\/wp-content\/uploads\/2014\/09\/Assistent_Walzbiegen-300x224.jpg\" \/>\n<meta name=\"twitter:label1\" content=\"Tiempo de lectura\" \/>\n\t<meta name=\"twitter:data1\" content=\"2 minutos\" \/>\n<script type=\"application\/ld+json\" class=\"yoast-schema-graph\">{\"@context\":\"https:\/\/schema.org\",\"@graph\":[{\"@type\":\"WebPage\",\"@id\":\"https:\/\/www.thoman.de\/es\/maquinas\/controladores\/cnc-s\/\",\"url\":\"https:\/\/www.thoman.de\/es\/maquinas\/controladores\/cnc-s\/\",\"name\":\"CNC-S - Thoman Biegemaschinen\",\"isPartOf\":{\"@id\":\"https:\/\/www.thoman.de\/#website\"},\"datePublished\":\"2014-08-14T15:18:07+00:00\",\"dateModified\":\"2014-09-25T23:28:59+00:00\",\"breadcrumb\":{\"@id\":\"https:\/\/www.thoman.de\/es\/maquinas\/controladores\/cnc-s\/#breadcrumb\"},\"inLanguage\":\"es\",\"potentialAction\":[{\"@type\":\"ReadAction\",\"target\":[\"https:\/\/www.thoman.de\/es\/maquinas\/controladores\/cnc-s\/\"]}]},{\"@type\":\"BreadcrumbList\",\"@id\":\"https:\/\/www.thoman.de\/es\/maquinas\/controladores\/cnc-s\/#breadcrumb\",\"itemListElement\":[{\"@type\":\"ListItem\",\"position\":1,\"name\":\"Home\",\"item\":\"https:\/\/www.thoman.de\/es\/\"},{\"@type\":\"ListItem\",\"position\":2,\"name\":\"M\u00e1quinas\",\"item\":\"https:\/\/www.thoman.de\/es\/maquinas\/\"},{\"@type\":\"ListItem\",\"position\":3,\"name\":\"Controladores\",\"item\":\"https:\/\/www.thoman.de\/es\/maquinas\/controladores\/\"},{\"@type\":\"ListItem\",\"position\":4,\"name\":\"CNC-S\"}]},{\"@type\":\"WebSite\",\"@id\":\"https:\/\/www.thoman.de\/#website\",\"url\":\"https:\/\/www.thoman.de\/\",\"name\":\"Thoman Biegemaschinen\",\"description\":\"Eine weitere WordPress-Seite\",\"potentialAction\":[{\"@type\":\"SearchAction\",\"target\":{\"@type\":\"EntryPoint\",\"urlTemplate\":\"https:\/\/www.thoman.de\/?s={search_term_string}\"},\"query-input\":\"required name=search_term_string\"}],\"inLanguage\":\"es\"}]}<\/script>\n<!-- \/ Yoast SEO plugin. -->","yoast_head_json":{"title":"CNC-S - Thoman Biegemaschinen","robots":{"index":"index","follow":"follow","max-snippet":"max-snippet:-1","max-image-preview":"max-image-preview:large","max-video-preview":"max-video-preview:-1"},"canonical":"https:\/\/www.thoman.de\/es\/maquinas\/controladores\/cnc-s\/","og_locale":"es_ES","og_type":"article","og_title":"CNC-S - Thoman Biegemaschinen","og_description":"El controlador CNC adelantado varias generaciones El nuevo controlador de alta gama se destaca por su m\u00e1xima funcionalidad y sus m\u00faltiples opciones. La creaci\u00f3n y gesti\u00f3n de programas se realizan en el terminal de mando sobre ruedas. El terminal de mando aloja un potente ordenador industrial y una pantalla t\u00e1ctil de 15&#8243;. Dise\u00f1o y ergonom\u00eda [&hellip;]","og_url":"https:\/\/www.thoman.de\/es\/maquinas\/controladores\/cnc-s\/","og_site_name":"Thoman Biegemaschinen","article_modified_time":"2014-09-25T23:28:59+00:00","og_image":[{"url":"https:\/\/www.thoman.de\/wp-content\/uploads\/2014\/09\/Assistent_Walzbiegen-300x224.jpg"}],"twitter_misc":{"Tiempo de lectura":"2 minutos"},"schema":{"@context":"https:\/\/schema.org","@graph":[{"@type":"WebPage","@id":"https:\/\/www.thoman.de\/es\/maquinas\/controladores\/cnc-s\/","url":"https:\/\/www.thoman.de\/es\/maquinas\/controladores\/cnc-s\/","name":"CNC-S - Thoman Biegemaschinen","isPartOf":{"@id":"https:\/\/www.thoman.de\/#website"},"datePublished":"2014-08-14T15:18:07+00:00","dateModified":"2014-09-25T23:28:59+00:00","breadcrumb":{"@id":"https:\/\/www.thoman.de\/es\/maquinas\/controladores\/cnc-s\/#breadcrumb"},"inLanguage":"es","potentialAction":[{"@type":"ReadAction","target":["https:\/\/www.thoman.de\/es\/maquinas\/controladores\/cnc-s\/"]}]},{"@type":"BreadcrumbList","@id":"https:\/\/www.thoman.de\/es\/maquinas\/controladores\/cnc-s\/#breadcrumb","itemListElement":[{"@type":"ListItem","position":1,"name":"Home","item":"https:\/\/www.thoman.de\/es\/"},{"@type":"ListItem","position":2,"name":"M\u00e1quinas","item":"https:\/\/www.thoman.de\/es\/maquinas\/"},{"@type":"ListItem","position":3,"name":"Controladores","item":"https:\/\/www.thoman.de\/es\/maquinas\/controladores\/"},{"@type":"ListItem","position":4,"name":"CNC-S"}]},{"@type":"WebSite","@id":"https:\/\/www.thoman.de\/#website","url":"https:\/\/www.thoman.de\/","name":"Thoman Biegemaschinen","description":"Eine weitere WordPress-Seite","potentialAction":[{"@type":"SearchAction","target":{"@type":"EntryPoint","urlTemplate":"https:\/\/www.thoman.de\/?s={search_term_string}"},"query-input":"required name=search_term_string"}],"inLanguage":"es"}]}},"_links":{"self":[{"href":"https:\/\/www.thoman.de\/es\/wp-json\/wp\/v2\/pages\/3635"}],"collection":[{"href":"https:\/\/www.thoman.de\/es\/wp-json\/wp\/v2\/pages"}],"about":[{"href":"https:\/\/www.thoman.de\/es\/wp-json\/wp\/v2\/types\/page"}],"author":[{"embeddable":true,"href":"https:\/\/www.thoman.de\/es\/wp-json\/wp\/v2\/users\/11"}],"replies":[{"embeddable":true,"href":"https:\/\/www.thoman.de\/es\/wp-json\/wp\/v2\/comments?post=3635"}],"version-history":[{"count":3,"href":"https:\/\/www.thoman.de\/es\/wp-json\/wp\/v2\/pages\/3635\/revisions"}],"predecessor-version":[{"id":4423,"href":"https:\/\/www.thoman.de\/es\/wp-json\/wp\/v2\/pages\/3635\/revisions\/4423"}],"up":[{"embeddable":true,"href":"https:\/\/www.thoman.de\/es\/wp-json\/wp\/v2\/pages\/3450"}],"wp:attachment":[{"href":"https:\/\/www.thoman.de\/es\/wp-json\/wp\/v2\/media?parent=3635"}],"curies":[{"name":"wp","href":"https:\/\/api.w.org\/{rel}","templated":true}]}}