{"id":3637,"date":"2014-08-14T17:19:03","date_gmt":"2014-08-14T15:19:03","guid":{"rendered":"http:\/\/thoman.de\/maschinen\/steuerungen\/nc-streckensteuerung-pp15\/"},"modified":"2014-09-26T01:34:26","modified_gmt":"2014-09-25T23:34:26","slug":"sistema-de-control-lineal-cn-pp15","status":"publish","type":"page","link":"https:\/\/www.thoman.de\/es\/maquinas\/controladores\/sistema-de-control-lineal-cn-pp15\/","title":{"rendered":"Sistema de control lineal CN PP15"},"content":{"rendered":"<h1>El controlador CN PP15<\/h1>\n<h2>precisi\u00f3n controlada para un eje<\/h2>\n<table>\n<tbody>\n<tr>\n<td>El sistema de control lineal CN PP15 se utiliza en curvadoras de perfiles y curvadoras universales. Las piezas curvadas por compresi\u00f3n y las piezas dobladas se pueden fabricar de forma repetible y programada. No se requiere un ajuste complicado de los topes mec\u00e1nicos o interruptores finales el\u00e9ctricos al modificar la aproximaci\u00f3n. El posicionamiento del eje de curvado se efect\u00faa mediante control lineal con marcha r\u00e1pida-marcha ultralenta-parada. As\u00ed queda garantizada una elevada precisi\u00f3n repetibilidad. <\/p>\n<p style=\"color: #cc0033;\">\n<\/td>\n<td style=\"vertical-align: top;\">El controlador cuenta con una pantalla con 4&#215;20 caracteres.<br \/>\nLas posiciones nominales y reales se visualizan directamente. El manejo es especialmente sencillo e intuitivo.\n<\/td>\n<\/tr>\n<\/tbody>\n<\/table>\n","protected":false},"excerpt":{"rendered":"<p>El controlador CN PP15 precisi\u00f3n controlada para un eje El sistema de control lineal CN PP15 se utiliza en curvadoras de perfiles y curvadoras universales. Las piezas curvadas por compresi\u00f3n y las piezas dobladas se pueden fabricar de forma repetible y programada. No se requiere un ajuste complicado de los topes mec\u00e1nicos o interruptores finales [&hellip;]<\/p>\n","protected":false},"author":11,"featured_media":0,"parent":3450,"menu_order":0,"comment_status":"open","ping_status":"open","template":"","meta":{"footnotes":""},"acf":[],"yoast_head":"<!-- This site is optimized with the Yoast SEO plugin v21.3 - https:\/\/yoast.com\/wordpress\/plugins\/seo\/ -->\n<title>Sistema de control lineal CN PP15  - Thoman Biegemaschinen<\/title>\n<meta name=\"robots\" content=\"index, follow, max-snippet:-1, max-image-preview:large, max-video-preview:-1\" \/>\n<link rel=\"canonical\" href=\"https:\/\/www.thoman.de\/es\/maquinas\/controladores\/sistema-de-control-lineal-cn-pp15\/\" \/>\n<meta property=\"og:locale\" content=\"es_ES\" \/>\n<meta property=\"og:type\" content=\"article\" \/>\n<meta property=\"og:title\" content=\"Sistema de control lineal CN PP15  - Thoman Biegemaschinen\" \/>\n<meta property=\"og:description\" content=\"El controlador CN PP15 precisi\u00f3n controlada para un eje El sistema de control lineal CN PP15 se utiliza en curvadoras de perfiles y curvadoras universales. Las piezas curvadas por compresi\u00f3n y las piezas dobladas se pueden fabricar de forma repetible y programada. No se requiere un ajuste complicado de los topes mec\u00e1nicos o interruptores finales [&hellip;]\" \/>\n<meta property=\"og:url\" content=\"https:\/\/www.thoman.de\/es\/maquinas\/controladores\/sistema-de-control-lineal-cn-pp15\/\" \/>\n<meta property=\"og:site_name\" content=\"Thoman Biegemaschinen\" \/>\n<meta property=\"article:modified_time\" content=\"2014-09-25T23:34:26+00:00\" \/>\n<meta name=\"twitter:label1\" content=\"Tiempo de lectura\" \/>\n\t<meta name=\"twitter:data1\" content=\"1 minuto\" \/>\n<script type=\"application\/ld+json\" class=\"yoast-schema-graph\">{\"@context\":\"https:\/\/schema.org\",\"@graph\":[{\"@type\":\"WebPage\",\"@id\":\"https:\/\/www.thoman.de\/es\/maquinas\/controladores\/sistema-de-control-lineal-cn-pp15\/\",\"url\":\"https:\/\/www.thoman.de\/es\/maquinas\/controladores\/sistema-de-control-lineal-cn-pp15\/\",\"name\":\"Sistema de control lineal CN PP15 - Thoman Biegemaschinen\",\"isPartOf\":{\"@id\":\"https:\/\/www.thoman.de\/#website\"},\"datePublished\":\"2014-08-14T15:19:03+00:00\",\"dateModified\":\"2014-09-25T23:34:26+00:00\",\"breadcrumb\":{\"@id\":\"https:\/\/www.thoman.de\/es\/maquinas\/controladores\/sistema-de-control-lineal-cn-pp15\/#breadcrumb\"},\"inLanguage\":\"es\",\"potentialAction\":[{\"@type\":\"ReadAction\",\"target\":[\"https:\/\/www.thoman.de\/es\/maquinas\/controladores\/sistema-de-control-lineal-cn-pp15\/\"]}]},{\"@type\":\"BreadcrumbList\",\"@id\":\"https:\/\/www.thoman.de\/es\/maquinas\/controladores\/sistema-de-control-lineal-cn-pp15\/#breadcrumb\",\"itemListElement\":[{\"@type\":\"ListItem\",\"position\":1,\"name\":\"Home\",\"item\":\"https:\/\/www.thoman.de\/es\/\"},{\"@type\":\"ListItem\",\"position\":2,\"name\":\"M\u00e1quinas\",\"item\":\"https:\/\/www.thoman.de\/es\/maquinas\/\"},{\"@type\":\"ListItem\",\"position\":3,\"name\":\"Controladores\",\"item\":\"https:\/\/www.thoman.de\/es\/maquinas\/controladores\/\"},{\"@type\":\"ListItem\",\"position\":4,\"name\":\"Sistema de control lineal CN PP15\"}]},{\"@type\":\"WebSite\",\"@id\":\"https:\/\/www.thoman.de\/#website\",\"url\":\"https:\/\/www.thoman.de\/\",\"name\":\"Thoman Biegemaschinen\",\"description\":\"Eine weitere WordPress-Seite\",\"potentialAction\":[{\"@type\":\"SearchAction\",\"target\":{\"@type\":\"EntryPoint\",\"urlTemplate\":\"https:\/\/www.thoman.de\/?s={search_term_string}\"},\"query-input\":\"required name=search_term_string\"}],\"inLanguage\":\"es\"}]}<\/script>\n<!-- \/ Yoast SEO plugin. -->","yoast_head_json":{"title":"Sistema de control lineal CN PP15  - Thoman Biegemaschinen","robots":{"index":"index","follow":"follow","max-snippet":"max-snippet:-1","max-image-preview":"max-image-preview:large","max-video-preview":"max-video-preview:-1"},"canonical":"https:\/\/www.thoman.de\/es\/maquinas\/controladores\/sistema-de-control-lineal-cn-pp15\/","og_locale":"es_ES","og_type":"article","og_title":"Sistema de control lineal CN PP15  - Thoman Biegemaschinen","og_description":"El controlador CN PP15 precisi\u00f3n controlada para un eje El sistema de control lineal CN PP15 se utiliza en curvadoras de perfiles y curvadoras universales. Las piezas curvadas por compresi\u00f3n y las piezas dobladas se pueden fabricar de forma repetible y programada. No se requiere un ajuste complicado de los topes mec\u00e1nicos o interruptores finales [&hellip;]","og_url":"https:\/\/www.thoman.de\/es\/maquinas\/controladores\/sistema-de-control-lineal-cn-pp15\/","og_site_name":"Thoman Biegemaschinen","article_modified_time":"2014-09-25T23:34:26+00:00","twitter_misc":{"Tiempo de lectura":"1 minuto"},"schema":{"@context":"https:\/\/schema.org","@graph":[{"@type":"WebPage","@id":"https:\/\/www.thoman.de\/es\/maquinas\/controladores\/sistema-de-control-lineal-cn-pp15\/","url":"https:\/\/www.thoman.de\/es\/maquinas\/controladores\/sistema-de-control-lineal-cn-pp15\/","name":"Sistema de control lineal CN PP15 - Thoman Biegemaschinen","isPartOf":{"@id":"https:\/\/www.thoman.de\/#website"},"datePublished":"2014-08-14T15:19:03+00:00","dateModified":"2014-09-25T23:34:26+00:00","breadcrumb":{"@id":"https:\/\/www.thoman.de\/es\/maquinas\/controladores\/sistema-de-control-lineal-cn-pp15\/#breadcrumb"},"inLanguage":"es","potentialAction":[{"@type":"ReadAction","target":["https:\/\/www.thoman.de\/es\/maquinas\/controladores\/sistema-de-control-lineal-cn-pp15\/"]}]},{"@type":"BreadcrumbList","@id":"https:\/\/www.thoman.de\/es\/maquinas\/controladores\/sistema-de-control-lineal-cn-pp15\/#breadcrumb","itemListElement":[{"@type":"ListItem","position":1,"name":"Home","item":"https:\/\/www.thoman.de\/es\/"},{"@type":"ListItem","position":2,"name":"M\u00e1quinas","item":"https:\/\/www.thoman.de\/es\/maquinas\/"},{"@type":"ListItem","position":3,"name":"Controladores","item":"https:\/\/www.thoman.de\/es\/maquinas\/controladores\/"},{"@type":"ListItem","position":4,"name":"Sistema de control lineal CN PP15"}]},{"@type":"WebSite","@id":"https:\/\/www.thoman.de\/#website","url":"https:\/\/www.thoman.de\/","name":"Thoman Biegemaschinen","description":"Eine weitere WordPress-Seite","potentialAction":[{"@type":"SearchAction","target":{"@type":"EntryPoint","urlTemplate":"https:\/\/www.thoman.de\/?s={search_term_string}"},"query-input":"required name=search_term_string"}],"inLanguage":"es"}]}},"_links":{"self":[{"href":"https:\/\/www.thoman.de\/es\/wp-json\/wp\/v2\/pages\/3637"}],"collection":[{"href":"https:\/\/www.thoman.de\/es\/wp-json\/wp\/v2\/pages"}],"about":[{"href":"https:\/\/www.thoman.de\/es\/wp-json\/wp\/v2\/types\/page"}],"author":[{"embeddable":true,"href":"https:\/\/www.thoman.de\/es\/wp-json\/wp\/v2\/users\/11"}],"replies":[{"embeddable":true,"href":"https:\/\/www.thoman.de\/es\/wp-json\/wp\/v2\/comments?post=3637"}],"version-history":[{"count":2,"href":"https:\/\/www.thoman.de\/es\/wp-json\/wp\/v2\/pages\/3637\/revisions"}],"predecessor-version":[{"id":4429,"href":"https:\/\/www.thoman.de\/es\/wp-json\/wp\/v2\/pages\/3637\/revisions\/4429"}],"up":[{"embeddable":true,"href":"https:\/\/www.thoman.de\/es\/wp-json\/wp\/v2\/pages\/3450"}],"wp:attachment":[{"href":"https:\/\/www.thoman.de\/es\/wp-json\/wp\/v2\/media?parent=3637"}],"curies":[{"name":"wp","href":"https:\/\/api.w.org\/{rel}","templated":true}]}}