{"id":3639,"date":"2014-08-14T17:18:38","date_gmt":"2014-08-14T15:18:38","guid":{"rendered":"http:\/\/thoman.de\/maschinen\/steuerungen\/nc-streckensteuerung-pp41\/"},"modified":"2014-09-26T01:30:40","modified_gmt":"2014-09-25T23:30:40","slug":"controlador-cn-pp41","status":"publish","type":"page","link":"https:\/\/www.thoman.de\/es\/maquinas\/controladores\/controlador-cn-pp41\/","title":{"rendered":"Controlador CN PP41"},"content":{"rendered":"<h1>Controlador CN PP41<\/h1>\n<h2>no siempre tiene que ser CNC <\/h2>\n<table>\n<tbody>\n<tr>\n<td>El controlador CN modelo PP41 controla hasta 3 ejes. Se usa opcionalmente en curvadoras de perfiles, curvadoras universales y curvadoras de mandril. El control de los ejes se efect\u00faa por control lineal. En combinaci\u00f3n con curvadoras con rodillos, se controla la aproximaci\u00f3n del rodillo de curvado y el avance del material. En curvadoras de mandril, \u00e9ste es el caso de \u00e1ngulo de curvatura, rotaci\u00f3n y alimentaci\u00f3n de tubos.<\/p>\n<p style=\"color: #cc0033;\">\n<\/td>\n<td style=\"vertical-align: top;\">El controlador tiene una pantalla de 12 x 9 cm y una gesti\u00f3n de programas. Los programas CN pueden generarse y editarse directamente en la m\u00e1quina. El controlador cuenta con una interfaz para conexi\u00f3n a un ordenador externo.<br \/>\nEl software de curvado para PC, opcional, posibilita una programaci\u00f3n especialmente sencilla y c\u00f3moda. Los programas de curvado pueden generarse en un ordenador externo y transferirse directamente a la m\u00e1quina.<br \/> El controlador CN PP41 posibilita la fabricaci\u00f3n controlada y precisa de piezas individuales y en serie.\n<\/td>\n<\/tr>\n<\/tbody>\n<\/table>\n<h3 class=\"data-v2\">Datos t\u00e9cnicos<\/h3>\n<table class=\"data-v2 table table-1-2\">\n<tbody>\n<tr>\n<td>\u00a0Terminal de mando<\/td>\n<td>Sobre ruedas<\/td>\n<\/tr>\n<tr>\n<td>\u00a0Dise\u00f1o<\/td>\n<td>Dise\u00f1o plano moderno con frente de aluminio cepillado y anodizado<\/td>\n<\/tr>\n<tr>\n<td>\u00a0Pantalla<\/td>\n<td>Pantalla de 12 x 9 cm<\/td>\n<\/tr>\n<tr>\n<td>\u00a0Gesti\u00f3n de programas<\/td>\n<td>Si<\/td>\n<\/tr>\n<tr>\n<td>\u00a0Interfaces<\/td>\n<td>RS232 USB con convertidor<\/td>\n<\/tr>\n<tr>\n<td>\u00a0Posicionamiento<\/td>\n<td>Marcha r\u00e1pida-marcha ultralenta-parada con control lineal<\/td>\n<\/tr>\n<\/tbody>\n<\/table>\n<p>&nbsp;<\/p>\n<h2>Software de curvado para PC externo<\/h2>\n<p>&nbsp;<\/p>\n<table>\n<tbody>\n<tr>\n<td>\n<h3 class=\"top\">Software de curvado para curvado con rodillos<\/h3>\n<p><a href=\"https:\/\/www.thoman.de\/wp-content\/uploads\/2014\/09\/Walzbiegesoftware_B1.jpg\"><img decoding=\"async\" class=\"alignnone  wp-image-1338\" src=\"https:\/\/www.thoman.de\/wp-content\/uploads\/2014\/09\/Walzbiegesoftware_B1-300x224.jpg\" alt=\"Software para curvado con rodillo_B1\" width=\"250\" height=\"187\" srcset=\"https:\/\/www.thoman.de\/wp-content\/uploads\/2014\/09\/Walzbiegesoftware_B1-300x224.jpg 300w, https:\/\/www.thoman.de\/wp-content\/uploads\/2014\/09\/Walzbiegesoftware_B1-1024x767.jpg 1024w, https:\/\/www.thoman.de\/wp-content\/uploads\/2014\/09\/Walzbiegesoftware_B1.jpg 1104w\" sizes=\"(max-width: 250px) 100vw, 250px\" \/><\/a><a href=\"https:\/\/www.thoman.de\/wp-content\/uploads\/2014\/08\/Walzbiegesoftware_Korbbogen.png\"><img decoding=\"async\" class=\"alignnone  wp-image-2186\" src=\"https:\/\/www.thoman.de\/wp-content\/uploads\/2014\/08\/Walzbiegesoftware_Ellipse-300x224.png\" alt=\"Software para curvado con rodillo_elipse\" width=\"250\" height=\"187\" srcset=\"https:\/\/www.thoman.de\/wp-content\/uploads\/2014\/08\/Walzbiegesoftware_Ellipse-300x224.png 300w, https:\/\/www.thoman.de\/wp-content\/uploads\/2014\/08\/Walzbiegesoftware_Ellipse.png 709w\" sizes=\"(max-width: 250px) 100vw, 250px\" \/><img decoding=\"async\" class=\"alignnone  wp-image-2181\" src=\"https:\/\/www.thoman.de\/wp-content\/uploads\/2014\/08\/Walzbiegesoftware_Korbbogen-300x250.png\" alt=\"Software para curvado con rodillo_arco de cesta\" width=\"250\" height=\"208\" srcset=\"https:\/\/www.thoman.de\/wp-content\/uploads\/2014\/08\/Walzbiegesoftware_Korbbogen-300x250.png 300w, https:\/\/www.thoman.de\/wp-content\/uploads\/2014\/08\/Walzbiegesoftware_Korbbogen.png 709w\" sizes=\"(max-width: 250px) 100vw, 250px\" \/><\/a>\u00a0\u00a0<a href=\"https:\/\/www.thoman.de\/wp-content\/uploads\/2014\/09\/Walzbiegesoftware_Wendel.jpg\"><img decoding=\"async\" style=\"margin-left:10px;\" class=\"alignnone  wp-image-1341\" src=\"https:\/\/www.thoman.de\/wp-content\/uploads\/2014\/09\/Walzbiegesoftware_Wendel-300x228.jpg\" alt=\"Software para curvado con rodillo_espiral\" width=\"231\" height=\"176\" srcset=\"https:\/\/www.thoman.de\/wp-content\/uploads\/2014\/09\/Walzbiegesoftware_Wendel-300x228.jpg 300w, https:\/\/www.thoman.de\/wp-content\/uploads\/2014\/09\/Walzbiegesoftware_Wendel.jpg 652w\" sizes=\"(max-width: 231px) 100vw, 231px\" \/><\/a><\/td>\n<td>El software para curvado con rodillos 2D posibilita la fabricaci\u00f3n precisa de piezas curvadas con extremos rectos o varios radios de curvatura. La creaci\u00f3n de programas es muy f\u00e1cil y c\u00f3moda.<br \/>\nEn la tabla de programas se introducen radio y \u00e1ngulo de curvatura. El contorno a curvar puede estar compuesto de varias curvas o rectas. El contorno de curvatura se representa gr\u00e1ficamente. Las magnitudes espec\u00edficas del perfil y los valores de recuperaci\u00f3n el\u00e1stica se registran en un cat\u00e1logo de materiales. Tras la introducci\u00f3n del contorno de curvatura, el perfil deseado puede seleccionarse del cat\u00e1logo de materiales. El software crea autom\u00e1ticamente un programa CN para la curvadora. El c\u00e1lculo del programa se efect\u00faa considerando la recuperaci\u00f3n el\u00e1stica, logr\u00e1ndose inmediatamente resultados de curvado a medida y una gran precisi\u00f3n. La aproximaci\u00f3n del rodillo de curvado y el avance del perfil se efect\u00faan en varios pasos, con lo cual se consiguen transiciones sin dobleces del radio de curvatura.<\/p>\n<p class=\"p1\">El programa CN creado puede transferirse en l\u00ednea al controlador CN PP41. La combinaci\u00f3n de control lineal CN y software de curvado para PC ampl\u00eda considerablemente el campo de aplicaci\u00f3n y las posibilidades de la curvadora.<\/p>\n<p class=\"p1\">Los contornos de curvatura, que de otro modo \u00fanicamente se podr\u00edan realizar en m\u00e1quinas CN m\u00e1s caras, pueden ejecutarse de forma exacta y con gran precisi\u00f3n. El software para curvado con rodillos 2D puede instalarse en cualquier PC u ordenador port\u00e1til con sistema operativo Windows.<\/p>\n<\/td>\n<\/tr>\n<\/tbody>\n<\/table>\n<hr \/>\n<table>\n<tbody>\n<tr>\n<td style=\"vertical-align: top;\">\n<h3 class=\"top\">Software para curvado de tubos 3D <\/h3>\n<p>El software para curvado de tubos 3D calcula todos los datos de ajuste y longitudes de corte que se requieren para la fabricaci\u00f3n del contorno tubular. El contorno a fabricar se crea en un ordenador externo introduciendo los datos isom\u00e9tricos XYZ u opcionalmente longitud, \u00e1ngulo de curvatura y rotaci\u00f3n.<br \/>\nEl contorno de curvatura se representa gr\u00e1ficamente, de forma an\u00e1loga a la entrada. As\u00ed, los errores de introducci\u00f3n pueden ser detectados y corregidos muy r\u00e1pidamente. Las herramientas de curvado y los datos del tubo se registran por \u00fanica vez en un cat\u00e1logo de materiales. El software para curvado de tubos 3D calcula todos los datos de ajustes requeridos para la fabricaci\u00f3n y genera un programa CN para la curvadora. La recuperaci\u00f3n el\u00e1stica del tubo se calcula de antemano, de modo que se logran inmediatamente resultados de curvado exactos.\n<\/td>\n<td><a href=\"https:\/\/www.thoman.de\/wp-content\/uploads\/2014\/09\/3D-Rohrbiegesoftware.jpg\"><img decoding=\"async\" class=\"alignnone  wp-image-1343\" src=\"https:\/\/www.thoman.de\/wp-content\/uploads\/2014\/09\/3D-Rohrbiegesoftware-300x207.jpg\" alt=\"Software para curvado de tubos 3D\" width=\"261\" height=\"180\" srcset=\"https:\/\/www.thoman.de\/wp-content\/uploads\/2014\/09\/3D-Rohrbiegesoftware-300x207.jpg 300w, https:\/\/www.thoman.de\/wp-content\/uploads\/2014\/09\/3D-Rohrbiegesoftware.jpg 737w\" sizes=\"(max-width: 261px) 100vw, 261px\" \/><\/a>El programa CN creado puede transferirse en l\u00ednea al controlador CN PP41.<\/td>\n<\/tr>\n<\/tbody>\n<\/table>\n","protected":false},"excerpt":{"rendered":"<p>Controlador CN PP41 no siempre tiene que ser CNC El controlador CN modelo PP41 controla hasta 3 ejes. Se usa opcionalmente en curvadoras de perfiles, curvadoras universales y curvadoras de mandril. El control de los ejes se efect\u00faa por control lineal. En combinaci\u00f3n con curvadoras con rodillos, se controla la aproximaci\u00f3n del rodillo de curvado [&hellip;]<\/p>\n","protected":false},"author":11,"featured_media":0,"parent":3450,"menu_order":0,"comment_status":"open","ping_status":"open","template":"","meta":{"footnotes":""},"acf":[],"yoast_head":"<!-- This site is optimized with the Yoast SEO plugin v21.3 - https:\/\/yoast.com\/wordpress\/plugins\/seo\/ -->\n<title>Controlador CN PP41 - Thoman Biegemaschinen<\/title>\n<meta name=\"robots\" content=\"index, follow, max-snippet:-1, max-image-preview:large, max-video-preview:-1\" \/>\n<link rel=\"canonical\" href=\"https:\/\/www.thoman.de\/es\/maquinas\/controladores\/controlador-cn-pp41\/\" \/>\n<meta property=\"og:locale\" content=\"es_ES\" \/>\n<meta property=\"og:type\" content=\"article\" \/>\n<meta property=\"og:title\" content=\"Controlador CN PP41 - Thoman Biegemaschinen\" \/>\n<meta property=\"og:description\" content=\"Controlador CN PP41 no siempre tiene que ser CNC El controlador CN modelo PP41 controla hasta 3 ejes. Se usa opcionalmente en curvadoras de perfiles, curvadoras universales y curvadoras de mandril. El control de los ejes se efect\u00faa por control lineal. En combinaci\u00f3n con curvadoras con rodillos, se controla la aproximaci\u00f3n del rodillo de curvado [&hellip;]\" \/>\n<meta property=\"og:url\" content=\"https:\/\/www.thoman.de\/es\/maquinas\/controladores\/controlador-cn-pp41\/\" \/>\n<meta property=\"og:site_name\" content=\"Thoman Biegemaschinen\" \/>\n<meta property=\"article:modified_time\" content=\"2014-09-25T23:30:40+00:00\" \/>\n<meta property=\"og:image\" content=\"https:\/\/www.thoman.de\/wp-content\/uploads\/2014\/09\/Walzbiegesoftware_B1-300x224.jpg\" \/>\n<meta name=\"twitter:label1\" content=\"Tiempo de lectura\" \/>\n\t<meta name=\"twitter:data1\" content=\"3 minutos\" \/>\n<script type=\"application\/ld+json\" class=\"yoast-schema-graph\">{\"@context\":\"https:\/\/schema.org\",\"@graph\":[{\"@type\":\"WebPage\",\"@id\":\"https:\/\/www.thoman.de\/es\/maquinas\/controladores\/controlador-cn-pp41\/\",\"url\":\"https:\/\/www.thoman.de\/es\/maquinas\/controladores\/controlador-cn-pp41\/\",\"name\":\"Controlador CN PP41 - Thoman Biegemaschinen\",\"isPartOf\":{\"@id\":\"https:\/\/www.thoman.de\/#website\"},\"datePublished\":\"2014-08-14T15:18:38+00:00\",\"dateModified\":\"2014-09-25T23:30:40+00:00\",\"breadcrumb\":{\"@id\":\"https:\/\/www.thoman.de\/es\/maquinas\/controladores\/controlador-cn-pp41\/#breadcrumb\"},\"inLanguage\":\"es\",\"potentialAction\":[{\"@type\":\"ReadAction\",\"target\":[\"https:\/\/www.thoman.de\/es\/maquinas\/controladores\/controlador-cn-pp41\/\"]}]},{\"@type\":\"BreadcrumbList\",\"@id\":\"https:\/\/www.thoman.de\/es\/maquinas\/controladores\/controlador-cn-pp41\/#breadcrumb\",\"itemListElement\":[{\"@type\":\"ListItem\",\"position\":1,\"name\":\"Home\",\"item\":\"https:\/\/www.thoman.de\/es\/\"},{\"@type\":\"ListItem\",\"position\":2,\"name\":\"M\u00e1quinas\",\"item\":\"https:\/\/www.thoman.de\/es\/maquinas\/\"},{\"@type\":\"ListItem\",\"position\":3,\"name\":\"Controladores\",\"item\":\"https:\/\/www.thoman.de\/es\/maquinas\/controladores\/\"},{\"@type\":\"ListItem\",\"position\":4,\"name\":\"Controlador CN PP41\"}]},{\"@type\":\"WebSite\",\"@id\":\"https:\/\/www.thoman.de\/#website\",\"url\":\"https:\/\/www.thoman.de\/\",\"name\":\"Thoman Biegemaschinen\",\"description\":\"Eine weitere WordPress-Seite\",\"potentialAction\":[{\"@type\":\"SearchAction\",\"target\":{\"@type\":\"EntryPoint\",\"urlTemplate\":\"https:\/\/www.thoman.de\/?s={search_term_string}\"},\"query-input\":\"required name=search_term_string\"}],\"inLanguage\":\"es\"}]}<\/script>\n<!-- \/ Yoast SEO plugin. -->","yoast_head_json":{"title":"Controlador CN PP41 - Thoman Biegemaschinen","robots":{"index":"index","follow":"follow","max-snippet":"max-snippet:-1","max-image-preview":"max-image-preview:large","max-video-preview":"max-video-preview:-1"},"canonical":"https:\/\/www.thoman.de\/es\/maquinas\/controladores\/controlador-cn-pp41\/","og_locale":"es_ES","og_type":"article","og_title":"Controlador CN PP41 - Thoman Biegemaschinen","og_description":"Controlador CN PP41 no siempre tiene que ser CNC El controlador CN modelo PP41 controla hasta 3 ejes. Se usa opcionalmente en curvadoras de perfiles, curvadoras universales y curvadoras de mandril. El control de los ejes se efect\u00faa por control lineal. En combinaci\u00f3n con curvadoras con rodillos, se controla la aproximaci\u00f3n del rodillo de curvado [&hellip;]","og_url":"https:\/\/www.thoman.de\/es\/maquinas\/controladores\/controlador-cn-pp41\/","og_site_name":"Thoman Biegemaschinen","article_modified_time":"2014-09-25T23:30:40+00:00","og_image":[{"url":"https:\/\/www.thoman.de\/wp-content\/uploads\/2014\/09\/Walzbiegesoftware_B1-300x224.jpg"}],"twitter_misc":{"Tiempo de lectura":"3 minutos"},"schema":{"@context":"https:\/\/schema.org","@graph":[{"@type":"WebPage","@id":"https:\/\/www.thoman.de\/es\/maquinas\/controladores\/controlador-cn-pp41\/","url":"https:\/\/www.thoman.de\/es\/maquinas\/controladores\/controlador-cn-pp41\/","name":"Controlador CN PP41 - Thoman Biegemaschinen","isPartOf":{"@id":"https:\/\/www.thoman.de\/#website"},"datePublished":"2014-08-14T15:18:38+00:00","dateModified":"2014-09-25T23:30:40+00:00","breadcrumb":{"@id":"https:\/\/www.thoman.de\/es\/maquinas\/controladores\/controlador-cn-pp41\/#breadcrumb"},"inLanguage":"es","potentialAction":[{"@type":"ReadAction","target":["https:\/\/www.thoman.de\/es\/maquinas\/controladores\/controlador-cn-pp41\/"]}]},{"@type":"BreadcrumbList","@id":"https:\/\/www.thoman.de\/es\/maquinas\/controladores\/controlador-cn-pp41\/#breadcrumb","itemListElement":[{"@type":"ListItem","position":1,"name":"Home","item":"https:\/\/www.thoman.de\/es\/"},{"@type":"ListItem","position":2,"name":"M\u00e1quinas","item":"https:\/\/www.thoman.de\/es\/maquinas\/"},{"@type":"ListItem","position":3,"name":"Controladores","item":"https:\/\/www.thoman.de\/es\/maquinas\/controladores\/"},{"@type":"ListItem","position":4,"name":"Controlador CN PP41"}]},{"@type":"WebSite","@id":"https:\/\/www.thoman.de\/#website","url":"https:\/\/www.thoman.de\/","name":"Thoman Biegemaschinen","description":"Eine weitere WordPress-Seite","potentialAction":[{"@type":"SearchAction","target":{"@type":"EntryPoint","urlTemplate":"https:\/\/www.thoman.de\/?s={search_term_string}"},"query-input":"required name=search_term_string"}],"inLanguage":"es"}]}},"_links":{"self":[{"href":"https:\/\/www.thoman.de\/es\/wp-json\/wp\/v2\/pages\/3639"}],"collection":[{"href":"https:\/\/www.thoman.de\/es\/wp-json\/wp\/v2\/pages"}],"about":[{"href":"https:\/\/www.thoman.de\/es\/wp-json\/wp\/v2\/types\/page"}],"author":[{"embeddable":true,"href":"https:\/\/www.thoman.de\/es\/wp-json\/wp\/v2\/users\/11"}],"replies":[{"embeddable":true,"href":"https:\/\/www.thoman.de\/es\/wp-json\/wp\/v2\/comments?post=3639"}],"version-history":[{"count":6,"href":"https:\/\/www.thoman.de\/es\/wp-json\/wp\/v2\/pages\/3639\/revisions"}],"predecessor-version":[{"id":5116,"href":"https:\/\/www.thoman.de\/es\/wp-json\/wp\/v2\/pages\/3639\/revisions\/5116"}],"up":[{"embeddable":true,"href":"https:\/\/www.thoman.de\/es\/wp-json\/wp\/v2\/pages\/3450"}],"wp:attachment":[{"href":"https:\/\/www.thoman.de\/es\/wp-json\/wp\/v2\/media?parent=3639"}],"curies":[{"name":"wp","href":"https:\/\/api.w.org\/{rel}","templated":true}]}}