{"id":3641,"date":"2014-08-14T17:16:06","date_gmt":"2014-08-14T15:16:06","guid":{"rendered":"http:\/\/thoman.de\/maschinen\/universalbiegemaschinen\/multibend-16\/"},"modified":"2014-09-26T01:15:10","modified_gmt":"2014-09-25T23:15:10","slug":"multibend-16","status":"publish","type":"page","link":"https:\/\/www.thoman.de\/es\/maquinas\/curvadoras-universales\/multibend-16\/","title":{"rendered":"MultiBend 16"},"content":{"rendered":"<h1>Curvadora universal MultiBend 16<\/h1>\n<h2>soy DOS m\u00e1quinas<\/h2>\n<table>\n<tbody>\n<tr>\n<td>\n<p style=\"color: #606060;\">El nuevo centro de curvado MultiBend-16 combina las funciones de curvado por compresi\u00f3n y curvado con rodillos en una sola m\u00e1quina.<\/p>\n<p style=\"color: #606060;\">Con una fuerza de compresi\u00f3n de 16 toneladas, la m\u00e1quina dispone de suficiente fuerza como para llevar a cabo numerosos trabajos de prensado, doblado y enderezado propios de la construcci\u00f3n met\u00e1lica o de la industria de cerramientos.<\/p>\n<p style=\"color: #606060;\">El accionamiento de los cilindros, con 3 cilindros accionados individualmente, est\u00e1 integrado a la m\u00e1quina de forma fija. Cada unidad de accionamiento es alimentada y activada hidr\u00e1ulicamente por separado. De esa manera se dispone del par m\u00e1ximo para cada accionamiento. El potente accionamiento de los cilindros garantiza una alta capacidad de curvado y resultados perfectos. Ya en la primera pasada de rodillo pueden lograrse radios de curvatura muy peque\u00f1os.<\/p>\n<\/td>\n<td>\n<p style=\"color: #606060;\">Como controlador de la m\u00e1quina se dispone opcionalmente del mando por programa CN PP15 o PP45. Los programas de curvado pueden generarse, editarse y guardarse directamente en la m\u00e1quina. El desplazamiento por las posiciones nominales se efect\u00faa con precisi\u00f3n, de forma repetible y programada.<\/p>\n<p style=\"color: #606060;\">El mando por programa CN PP41 posibilita el curvado con rodillos de contornos con extremos rectos, varios radios de curvatura, as\u00ed como transiciones limpias y sin dobleces de dichos radios.<\/p>\n<p style=\"color: #606060;\">La capacidad de curvatura y funcionalidad de la MultiBend 16 est\u00e1n hechas a medida para los requerimientos de las empresas procesadoras de metales y la industria de cerramientos.<\/p>\n<\/td>\n<\/tr>\n<\/tbody>\n<\/table>\n","protected":false},"excerpt":{"rendered":"<p>Curvadora universal MultiBend 16 soy DOS m\u00e1quinas El nuevo centro de curvado MultiBend-16 combina las funciones de curvado por compresi\u00f3n y curvado con rodillos en una sola m\u00e1quina. Con una fuerza de compresi\u00f3n de 16 toneladas, la m\u00e1quina dispone de suficiente fuerza como para llevar a cabo numerosos trabajos de prensado, doblado y enderezado propios [&hellip;]<\/p>\n","protected":false},"author":11,"featured_media":0,"parent":3462,"menu_order":0,"comment_status":"open","ping_status":"open","template":"","meta":{"footnotes":""},"acf":[],"yoast_head":"<!-- This site is optimized with the Yoast SEO plugin v21.3 - https:\/\/yoast.com\/wordpress\/plugins\/seo\/ -->\n<title>MultiBend 16 - Thoman Biegemaschinen<\/title>\n<meta name=\"robots\" content=\"index, follow, max-snippet:-1, max-image-preview:large, max-video-preview:-1\" \/>\n<link rel=\"canonical\" href=\"https:\/\/www.thoman.de\/es\/maquinas\/curvadoras-universales\/multibend-16\/\" \/>\n<meta property=\"og:locale\" content=\"es_ES\" \/>\n<meta property=\"og:type\" content=\"article\" \/>\n<meta property=\"og:title\" content=\"MultiBend 16 - Thoman Biegemaschinen\" \/>\n<meta property=\"og:description\" content=\"Curvadora universal MultiBend 16 soy DOS m\u00e1quinas El nuevo centro de curvado MultiBend-16 combina las funciones de curvado por compresi\u00f3n y curvado con rodillos en una sola m\u00e1quina. Con una fuerza de compresi\u00f3n de 16 toneladas, la m\u00e1quina dispone de suficiente fuerza como para llevar a cabo numerosos trabajos de prensado, doblado y enderezado propios [&hellip;]\" \/>\n<meta property=\"og:url\" content=\"https:\/\/www.thoman.de\/es\/maquinas\/curvadoras-universales\/multibend-16\/\" \/>\n<meta property=\"og:site_name\" content=\"Thoman Biegemaschinen\" \/>\n<meta property=\"article:modified_time\" content=\"2014-09-25T23:15:10+00:00\" \/>\n<meta name=\"twitter:label1\" content=\"Tiempo de lectura\" \/>\n\t<meta name=\"twitter:data1\" content=\"1 minuto\" \/>\n<script type=\"application\/ld+json\" class=\"yoast-schema-graph\">{\"@context\":\"https:\/\/schema.org\",\"@graph\":[{\"@type\":\"WebPage\",\"@id\":\"https:\/\/www.thoman.de\/es\/maquinas\/curvadoras-universales\/multibend-16\/\",\"url\":\"https:\/\/www.thoman.de\/es\/maquinas\/curvadoras-universales\/multibend-16\/\",\"name\":\"MultiBend 16 - Thoman Biegemaschinen\",\"isPartOf\":{\"@id\":\"https:\/\/www.thoman.de\/#website\"},\"datePublished\":\"2014-08-14T15:16:06+00:00\",\"dateModified\":\"2014-09-25T23:15:10+00:00\",\"breadcrumb\":{\"@id\":\"https:\/\/www.thoman.de\/es\/maquinas\/curvadoras-universales\/multibend-16\/#breadcrumb\"},\"inLanguage\":\"es\",\"potentialAction\":[{\"@type\":\"ReadAction\",\"target\":[\"https:\/\/www.thoman.de\/es\/maquinas\/curvadoras-universales\/multibend-16\/\"]}]},{\"@type\":\"BreadcrumbList\",\"@id\":\"https:\/\/www.thoman.de\/es\/maquinas\/curvadoras-universales\/multibend-16\/#breadcrumb\",\"itemListElement\":[{\"@type\":\"ListItem\",\"position\":1,\"name\":\"Home\",\"item\":\"https:\/\/www.thoman.de\/es\/\"},{\"@type\":\"ListItem\",\"position\":2,\"name\":\"M\u00e1quinas\",\"item\":\"https:\/\/www.thoman.de\/es\/maquinas\/\"},{\"@type\":\"ListItem\",\"position\":3,\"name\":\"Curvadoras universales\",\"item\":\"https:\/\/www.thoman.de\/es\/maquinas\/curvadoras-universales\/\"},{\"@type\":\"ListItem\",\"position\":4,\"name\":\"MultiBend 16\"}]},{\"@type\":\"WebSite\",\"@id\":\"https:\/\/www.thoman.de\/#website\",\"url\":\"https:\/\/www.thoman.de\/\",\"name\":\"Thoman Biegemaschinen\",\"description\":\"Eine weitere WordPress-Seite\",\"potentialAction\":[{\"@type\":\"SearchAction\",\"target\":{\"@type\":\"EntryPoint\",\"urlTemplate\":\"https:\/\/www.thoman.de\/?s={search_term_string}\"},\"query-input\":\"required name=search_term_string\"}],\"inLanguage\":\"es\"}]}<\/script>\n<!-- \/ Yoast SEO plugin. -->","yoast_head_json":{"title":"MultiBend 16 - Thoman Biegemaschinen","robots":{"index":"index","follow":"follow","max-snippet":"max-snippet:-1","max-image-preview":"max-image-preview:large","max-video-preview":"max-video-preview:-1"},"canonical":"https:\/\/www.thoman.de\/es\/maquinas\/curvadoras-universales\/multibend-16\/","og_locale":"es_ES","og_type":"article","og_title":"MultiBend 16 - Thoman Biegemaschinen","og_description":"Curvadora universal MultiBend 16 soy DOS m\u00e1quinas El nuevo centro de curvado MultiBend-16 combina las funciones de curvado por compresi\u00f3n y curvado con rodillos en una sola m\u00e1quina. Con una fuerza de compresi\u00f3n de 16 toneladas, la m\u00e1quina dispone de suficiente fuerza como para llevar a cabo numerosos trabajos de prensado, doblado y enderezado propios [&hellip;]","og_url":"https:\/\/www.thoman.de\/es\/maquinas\/curvadoras-universales\/multibend-16\/","og_site_name":"Thoman Biegemaschinen","article_modified_time":"2014-09-25T23:15:10+00:00","twitter_misc":{"Tiempo de lectura":"1 minuto"},"schema":{"@context":"https:\/\/schema.org","@graph":[{"@type":"WebPage","@id":"https:\/\/www.thoman.de\/es\/maquinas\/curvadoras-universales\/multibend-16\/","url":"https:\/\/www.thoman.de\/es\/maquinas\/curvadoras-universales\/multibend-16\/","name":"MultiBend 16 - Thoman Biegemaschinen","isPartOf":{"@id":"https:\/\/www.thoman.de\/#website"},"datePublished":"2014-08-14T15:16:06+00:00","dateModified":"2014-09-25T23:15:10+00:00","breadcrumb":{"@id":"https:\/\/www.thoman.de\/es\/maquinas\/curvadoras-universales\/multibend-16\/#breadcrumb"},"inLanguage":"es","potentialAction":[{"@type":"ReadAction","target":["https:\/\/www.thoman.de\/es\/maquinas\/curvadoras-universales\/multibend-16\/"]}]},{"@type":"BreadcrumbList","@id":"https:\/\/www.thoman.de\/es\/maquinas\/curvadoras-universales\/multibend-16\/#breadcrumb","itemListElement":[{"@type":"ListItem","position":1,"name":"Home","item":"https:\/\/www.thoman.de\/es\/"},{"@type":"ListItem","position":2,"name":"M\u00e1quinas","item":"https:\/\/www.thoman.de\/es\/maquinas\/"},{"@type":"ListItem","position":3,"name":"Curvadoras universales","item":"https:\/\/www.thoman.de\/es\/maquinas\/curvadoras-universales\/"},{"@type":"ListItem","position":4,"name":"MultiBend 16"}]},{"@type":"WebSite","@id":"https:\/\/www.thoman.de\/#website","url":"https:\/\/www.thoman.de\/","name":"Thoman Biegemaschinen","description":"Eine weitere WordPress-Seite","potentialAction":[{"@type":"SearchAction","target":{"@type":"EntryPoint","urlTemplate":"https:\/\/www.thoman.de\/?s={search_term_string}"},"query-input":"required name=search_term_string"}],"inLanguage":"es"}]}},"_links":{"self":[{"href":"https:\/\/www.thoman.de\/es\/wp-json\/wp\/v2\/pages\/3641"}],"collection":[{"href":"https:\/\/www.thoman.de\/es\/wp-json\/wp\/v2\/pages"}],"about":[{"href":"https:\/\/www.thoman.de\/es\/wp-json\/wp\/v2\/types\/page"}],"author":[{"embeddable":true,"href":"https:\/\/www.thoman.de\/es\/wp-json\/wp\/v2\/users\/11"}],"replies":[{"embeddable":true,"href":"https:\/\/www.thoman.de\/es\/wp-json\/wp\/v2\/comments?post=3641"}],"version-history":[{"count":3,"href":"https:\/\/www.thoman.de\/es\/wp-json\/wp\/v2\/pages\/3641\/revisions"}],"predecessor-version":[{"id":5114,"href":"https:\/\/www.thoman.de\/es\/wp-json\/wp\/v2\/pages\/3641\/revisions\/5114"}],"up":[{"embeddable":true,"href":"https:\/\/www.thoman.de\/es\/wp-json\/wp\/v2\/pages\/3462"}],"wp:attachment":[{"href":"https:\/\/www.thoman.de\/es\/wp-json\/wp\/v2\/media?parent=3641"}],"curies":[{"name":"wp","href":"https:\/\/api.w.org\/{rel}","templated":true}]}}