{"id":3643,"date":"2014-08-14T17:17:21","date_gmt":"2014-08-14T15:17:21","guid":{"rendered":"http:\/\/thoman.de\/maschinen\/universalbiegemaschinen\/optionen\/"},"modified":"2015-07-16T09:34:03","modified_gmt":"2015-07-16T07:34:03","slug":"opciones","status":"publish","type":"page","link":"https:\/\/www.thoman.de\/es\/maquinas\/curvadoras-universales\/opciones\/","title":{"rendered":"Opciones"},"content":{"rendered":"<h1>Opciones <\/h1>\n<h2>&nbsp;<\/h2>\n<table>\n<tbody>\n<tr>\n<td>\n<h3 class=\"top\">Doblar<\/h3>\n<p style=\"color: #606060;\"><a href=\"https:\/\/www.thoman.de\/wp-content\/uploads\/2014\/09\/Kanten_B1.png\"><img decoding=\"async\" class=\"alignleft wp-image-2031\" src=\"https:\/\/www.thoman.de\/wp-content\/uploads\/2014\/09\/Kanten_B1-300x199.png\" alt=\"Doblado_B1\" width=\"250\" height=\"166\" \/><\/a><\/p>\n<\/td>\n<td>\n<p style=\"color: #606060;\">Los perfiles doblados se utilizan para muchas aplicaciones. Para la curvadora universal MultiBend hay una gran variedad de machos conformadores, matrices o herramientas especiales.<\/p>\n<\/td>\n<\/tr>\n<\/tbody>\n<\/table>\n<hr \/>\n<table>\n<tbody>\n<tr>\n<td>\n<h3 class=\"top\">Enderezar<\/h3>\n<p style=\"color: #cc0033;\"><a href=\"https:\/\/www.thoman.de\/wp-content\/uploads\/2014\/09\/Hauptbilder15.jpg\"><img decoding=\"async\" class=\"alignnone wp-image-1299\" src=\"https:\/\/www.thoman.de\/wp-content\/uploads\/2014\/09\/Hauptbilder15-300x112.jpg\" alt=\"Enderezar_B2\" width=\"250\" height=\"94\" \/><\/a><\/p>\n<p>El enderezado de perfiles o construcciones soldadas forma parte de las tareas diarias de muchas empresas procesadoras de metales. Con una MultiBend se pueden enderezar perfiles de forma r\u00e1pida y precisa. La MultiBend brinda para ello un ciclo de enderezado especial. \u00c9ste hace el enderezado especialmente f\u00e1cil y eficiente.<\/td>\n<td>La plataforma de trabajo de la MultiBend est\u00e1 equipada con varias ranuras para alojamiento de topes de retenci\u00f3n para el enderezado.<br \/>\nUna barra de enderezar con topes de retenci\u00f3n variables est\u00e1 disponible opcionalmente.<\/td>\n<\/tr>\n<\/tbody>\n<\/table>\n<hr \/>\n<table>\n<tbody>\n<tr>\n<td>\n<h3 class=\"top\">Curvado por compresi\u00f3n<\/h3>\n<p><a href=\"https:\/\/www.thoman.de\/wp-content\/uploads\/2014\/09\/universal-biegemaschine-zubehoer-optionen-thoman-biegemaschinen.jpg\"><img decoding=\"async\" class=\"alignleft wp-image-2050\" src=\"https:\/\/www.thoman.de\/wp-content\/uploads\/2014\/09\/universal-biegemaschine-zubehoer-optionen-thoman-biegemaschinen-300x112.jpg\" alt=\"Vielseitig und universell\" alt=\"\" width=\"250\" height=\"140\" \/><\/a><\/td>\n<td>El m\u00e9todo de curvado por compresi\u00f3n es ideal para la fabricaci\u00f3n de codos de tubos de paredes gruesas. Segmentos para curvado de tubos y topes de retenci\u00f3n para medidas est\u00e1ndar pueden solicitarse a Thoman. Existe la posibilidad de fabricaci\u00f3n de herramientas especiales para el cliente.<\/td>\n<\/tr>\n<\/tbody>\n<\/table>\n<hr \/>\n<table>\n<tbody>\n<tr>\n<td>\n<h3 class=\"top\">Plato de curvado &#8211; rotaci\u00f3n<\/h3>\n<p><a href=\"https:\/\/www.thoman.de\/wp-content\/uploads\/2014\/09\/Rohrbieger-Rotation.png\"><img decoding=\"async\" class=\"alignnone wp-image-2075\" src=\"https:\/\/www.thoman.de\/wp-content\/uploads\/2014\/09\/Rohrbieger-Rotation-300x199.png\" alt=\"Curvador de tubos-rotaci\u00f3n\" width=\"250\" height=\"166\" \/><\/a><\/td>\n<td>Los codos de tubos con \u00e1ngulo de curvado > 90\u00b0 pueden fabricarse con mucha facilidad con el m\u00e9todo de curvado por rotaci\u00f3n. El \u00e1ngulo de curvatura puede programarse directamente y curvarse al \u00e1ngulo requerido en una sola operaci\u00f3n. <\/td>\n<\/tr>\n<\/tbody>\n<\/table>\n<hr \/>\n<table>\n<tbody>\n<tr>\n<td>\n<h3 class=\"top\">Curvado con rodillos<\/h3>\n<p><a href=\"https:\/\/www.thoman.de\/wp-content\/uploads\/2014\/09\/Walzbiegen_B2.png\"><img decoding=\"async\" class=\"alignnone wp-image-2090\" src=\"https:\/\/www.thoman.de\/wp-content\/uploads\/2014\/09\/Walzbiegen_B2-300x199.png\" alt=\"Curvado por compresi\u00f3n_B2\" width=\"250\" height=\"166\" \/><\/a><\/p>\n<p>&nbsp;<\/td>\n<td>El potente accionamiento de rodillos cuenta con tres rodillos de laminado accionados individualmente. Cada rodillo de accionamiento dispone del m\u00e1ximo par del motor. Tambi\u00e9n perfiles pesados pueden curvarse al radio deseado ya en una primera pasada de rodillos. Se garantiza m\u00e1xima productividad y perfectos resultados de curvado.<\/td>\n<\/tr>\n<\/tbody>\n<\/table>\n<hr \/>\n<table>\n<tbody>\n<tr>\n<td>\n<h3 class=\"top\">Herramientas especiales<\/h3>\n<p><a href=\"https:\/\/www.thoman.de\/wp-content\/uploads\/2014\/09\/Sonderwerkzeuge_B1.png\"><img decoding=\"async\" class=\"alignnone wp-image-2080\" src=\"https:\/\/www.thoman.de\/wp-content\/uploads\/2014\/09\/Sonderwerkzeuge_B1-300x198.png\" alt=\"Herramientas especiales_B1\" width=\"250\" height=\"166\" \/><\/a><\/td>\n<td>Los requerimientos especiales necesitan soluciones especiales. Hable con nosotros.<br \/>\nEn nuestro departamento de dise\u00f1o desarrollamos herramientas especiales para requerimientos espec\u00edficos de nuestros clientes.\n<\/td>\n<\/tr>\n<\/tbody>\n<\/table>\n<p>&nbsp;<\/p>\n","protected":false},"excerpt":{"rendered":"<p>Opciones &nbsp; Doblar Los perfiles doblados se utilizan para muchas aplicaciones. Para la curvadora universal MultiBend hay una gran variedad de machos conformadores, matrices o herramientas especiales. Enderezar El enderezado de perfiles o construcciones soldadas forma parte de las tareas diarias de muchas empresas procesadoras de metales. Con una MultiBend se pueden enderezar perfiles de [&hellip;]<\/p>\n","protected":false},"author":11,"featured_media":0,"parent":3462,"menu_order":0,"comment_status":"open","ping_status":"open","template":"","meta":{"footnotes":""},"acf":[],"yoast_head":"<!-- This site is optimized with the Yoast SEO plugin v21.3 - https:\/\/yoast.com\/wordpress\/plugins\/seo\/ -->\n<title>Opciones  - Thoman Biegemaschinen<\/title>\n<meta name=\"robots\" content=\"index, follow, max-snippet:-1, max-image-preview:large, max-video-preview:-1\" \/>\n<link rel=\"canonical\" href=\"https:\/\/www.thoman.de\/es\/maquinas\/curvadoras-universales\/opciones\/\" \/>\n<meta property=\"og:locale\" content=\"es_ES\" \/>\n<meta property=\"og:type\" content=\"article\" \/>\n<meta property=\"og:title\" content=\"Opciones  - Thoman Biegemaschinen\" \/>\n<meta property=\"og:description\" content=\"Opciones &nbsp; Doblar Los perfiles doblados se utilizan para muchas aplicaciones. Para la curvadora universal MultiBend hay una gran variedad de machos conformadores, matrices o herramientas especiales. Enderezar El enderezado de perfiles o construcciones soldadas forma parte de las tareas diarias de muchas empresas procesadoras de metales. Con una MultiBend se pueden enderezar perfiles de [&hellip;]\" \/>\n<meta property=\"og:url\" content=\"https:\/\/www.thoman.de\/es\/maquinas\/curvadoras-universales\/opciones\/\" \/>\n<meta property=\"og:site_name\" content=\"Thoman Biegemaschinen\" \/>\n<meta property=\"article:modified_time\" content=\"2015-07-16T07:34:03+00:00\" \/>\n<meta property=\"og:image\" content=\"https:\/\/www.thoman.de\/wp-content\/uploads\/2014\/09\/Kanten_B1-300x199.png\" \/>\n<meta name=\"twitter:label1\" content=\"Tiempo de lectura\" \/>\n\t<meta name=\"twitter:data1\" content=\"1 minuto\" \/>\n<script type=\"application\/ld+json\" class=\"yoast-schema-graph\">{\"@context\":\"https:\/\/schema.org\",\"@graph\":[{\"@type\":\"WebPage\",\"@id\":\"https:\/\/www.thoman.de\/es\/maquinas\/curvadoras-universales\/opciones\/\",\"url\":\"https:\/\/www.thoman.de\/es\/maquinas\/curvadoras-universales\/opciones\/\",\"name\":\"Opciones - Thoman Biegemaschinen\",\"isPartOf\":{\"@id\":\"https:\/\/www.thoman.de\/#website\"},\"datePublished\":\"2014-08-14T15:17:21+00:00\",\"dateModified\":\"2015-07-16T07:34:03+00:00\",\"breadcrumb\":{\"@id\":\"https:\/\/www.thoman.de\/es\/maquinas\/curvadoras-universales\/opciones\/#breadcrumb\"},\"inLanguage\":\"es\",\"potentialAction\":[{\"@type\":\"ReadAction\",\"target\":[\"https:\/\/www.thoman.de\/es\/maquinas\/curvadoras-universales\/opciones\/\"]}]},{\"@type\":\"BreadcrumbList\",\"@id\":\"https:\/\/www.thoman.de\/es\/maquinas\/curvadoras-universales\/opciones\/#breadcrumb\",\"itemListElement\":[{\"@type\":\"ListItem\",\"position\":1,\"name\":\"Home\",\"item\":\"https:\/\/www.thoman.de\/es\/\"},{\"@type\":\"ListItem\",\"position\":2,\"name\":\"M\u00e1quinas\",\"item\":\"https:\/\/www.thoman.de\/es\/maquinas\/\"},{\"@type\":\"ListItem\",\"position\":3,\"name\":\"Curvadoras universales\",\"item\":\"https:\/\/www.thoman.de\/es\/maquinas\/curvadoras-universales\/\"},{\"@type\":\"ListItem\",\"position\":4,\"name\":\"Opciones\"}]},{\"@type\":\"WebSite\",\"@id\":\"https:\/\/www.thoman.de\/#website\",\"url\":\"https:\/\/www.thoman.de\/\",\"name\":\"Thoman Biegemaschinen\",\"description\":\"Eine weitere WordPress-Seite\",\"potentialAction\":[{\"@type\":\"SearchAction\",\"target\":{\"@type\":\"EntryPoint\",\"urlTemplate\":\"https:\/\/www.thoman.de\/?s={search_term_string}\"},\"query-input\":\"required name=search_term_string\"}],\"inLanguage\":\"es\"}]}<\/script>\n<!-- \/ Yoast SEO plugin. -->","yoast_head_json":{"title":"Opciones  - Thoman Biegemaschinen","robots":{"index":"index","follow":"follow","max-snippet":"max-snippet:-1","max-image-preview":"max-image-preview:large","max-video-preview":"max-video-preview:-1"},"canonical":"https:\/\/www.thoman.de\/es\/maquinas\/curvadoras-universales\/opciones\/","og_locale":"es_ES","og_type":"article","og_title":"Opciones  - Thoman Biegemaschinen","og_description":"Opciones &nbsp; Doblar Los perfiles doblados se utilizan para muchas aplicaciones. Para la curvadora universal MultiBend hay una gran variedad de machos conformadores, matrices o herramientas especiales. Enderezar El enderezado de perfiles o construcciones soldadas forma parte de las tareas diarias de muchas empresas procesadoras de metales. Con una MultiBend se pueden enderezar perfiles de [&hellip;]","og_url":"https:\/\/www.thoman.de\/es\/maquinas\/curvadoras-universales\/opciones\/","og_site_name":"Thoman Biegemaschinen","article_modified_time":"2015-07-16T07:34:03+00:00","og_image":[{"url":"https:\/\/www.thoman.de\/wp-content\/uploads\/2014\/09\/Kanten_B1-300x199.png"}],"twitter_misc":{"Tiempo de lectura":"1 minuto"},"schema":{"@context":"https:\/\/schema.org","@graph":[{"@type":"WebPage","@id":"https:\/\/www.thoman.de\/es\/maquinas\/curvadoras-universales\/opciones\/","url":"https:\/\/www.thoman.de\/es\/maquinas\/curvadoras-universales\/opciones\/","name":"Opciones - Thoman Biegemaschinen","isPartOf":{"@id":"https:\/\/www.thoman.de\/#website"},"datePublished":"2014-08-14T15:17:21+00:00","dateModified":"2015-07-16T07:34:03+00:00","breadcrumb":{"@id":"https:\/\/www.thoman.de\/es\/maquinas\/curvadoras-universales\/opciones\/#breadcrumb"},"inLanguage":"es","potentialAction":[{"@type":"ReadAction","target":["https:\/\/www.thoman.de\/es\/maquinas\/curvadoras-universales\/opciones\/"]}]},{"@type":"BreadcrumbList","@id":"https:\/\/www.thoman.de\/es\/maquinas\/curvadoras-universales\/opciones\/#breadcrumb","itemListElement":[{"@type":"ListItem","position":1,"name":"Home","item":"https:\/\/www.thoman.de\/es\/"},{"@type":"ListItem","position":2,"name":"M\u00e1quinas","item":"https:\/\/www.thoman.de\/es\/maquinas\/"},{"@type":"ListItem","position":3,"name":"Curvadoras universales","item":"https:\/\/www.thoman.de\/es\/maquinas\/curvadoras-universales\/"},{"@type":"ListItem","position":4,"name":"Opciones"}]},{"@type":"WebSite","@id":"https:\/\/www.thoman.de\/#website","url":"https:\/\/www.thoman.de\/","name":"Thoman Biegemaschinen","description":"Eine weitere WordPress-Seite","potentialAction":[{"@type":"SearchAction","target":{"@type":"EntryPoint","urlTemplate":"https:\/\/www.thoman.de\/?s={search_term_string}"},"query-input":"required name=search_term_string"}],"inLanguage":"es"}]}},"_links":{"self":[{"href":"https:\/\/www.thoman.de\/es\/wp-json\/wp\/v2\/pages\/3643"}],"collection":[{"href":"https:\/\/www.thoman.de\/es\/wp-json\/wp\/v2\/pages"}],"about":[{"href":"https:\/\/www.thoman.de\/es\/wp-json\/wp\/v2\/types\/page"}],"author":[{"embeddable":true,"href":"https:\/\/www.thoman.de\/es\/wp-json\/wp\/v2\/users\/11"}],"replies":[{"embeddable":true,"href":"https:\/\/www.thoman.de\/es\/wp-json\/wp\/v2\/comments?post=3643"}],"version-history":[{"count":3,"href":"https:\/\/www.thoman.de\/es\/wp-json\/wp\/v2\/pages\/3643\/revisions"}],"predecessor-version":[{"id":5405,"href":"https:\/\/www.thoman.de\/es\/wp-json\/wp\/v2\/pages\/3643\/revisions\/5405"}],"up":[{"embeddable":true,"href":"https:\/\/www.thoman.de\/es\/wp-json\/wp\/v2\/pages\/3462"}],"wp:attachment":[{"href":"https:\/\/www.thoman.de\/es\/wp-json\/wp\/v2\/media?parent=3643"}],"curies":[{"name":"wp","href":"https:\/\/api.w.org\/{rel}","templated":true}]}}