{"id":3645,"date":"2014-08-14T17:20:27","date_gmt":"2014-08-14T15:20:27","guid":{"rendered":"http:\/\/thoman.de\/technikum\/biegeabteilung\/"},"modified":"2014-09-26T01:52:26","modified_gmt":"2014-09-25T23:52:26","slug":"departamento-de-curvado","status":"publish","type":"page","link":"https:\/\/www.thoman.de\/es\/centro-tecnologico\/departamento-de-curvado\/","title":{"rendered":"Departamento de curvado"},"content":{"rendered":"<h1>Estamos aqu\u00ed para usted<\/h1>\n<h2>&nbsp;<\/h2>\n<table>\n<tbody>\n<tr>\n<td>\n<p style=\"color: #606060;\">\u00bfNecesita apoyo para la fabricaci\u00f3n de piezas?<\/p>\n<p style=\"color: #606060;\">Estamos aqu\u00ed para usted. En nuestro departamento de curvado, nuestras m\u00e1quinas demuestran su rendimiento en el uso diario.<\/p>\n<p style=\"color: #606060;\">Pedidos por contrato o fabricaciones de muestras pueden llevarse a cabo de forma r\u00e1pida y fiable.<\/p>\n<\/td>\n<td>\n<p style=\"color: #606060;\">Las experiencias que se recogen aqu\u00ed fluyen directamente en el desarrollo de nuestras curvadoras y garantizan el alto grado de funcionalidad y fiabilidad que distingue a las curvadoras de Thoman.<\/p>\n<\/td>\n<\/tr>\n<\/tbody>\n<\/table>\n","protected":false},"excerpt":{"rendered":"<p>Estamos aqu\u00ed para usted &nbsp; \u00bfNecesita apoyo para la fabricaci\u00f3n de piezas? Estamos aqu\u00ed para usted. En nuestro departamento de curvado, nuestras m\u00e1quinas demuestran su rendimiento en el uso diario. Pedidos por contrato o fabricaciones de muestras pueden llevarse a cabo de forma r\u00e1pida y fiable. Las experiencias que se recogen aqu\u00ed fluyen directamente en [&hellip;]<\/p>\n","protected":false},"author":11,"featured_media":0,"parent":3490,"menu_order":0,"comment_status":"open","ping_status":"open","template":"","meta":{"footnotes":""},"acf":[],"yoast_head":"<!-- This site is optimized with the Yoast SEO plugin v21.3 - https:\/\/yoast.com\/wordpress\/plugins\/seo\/ -->\n<title>Departamento de curvado - Thoman Biegemaschinen<\/title>\n<meta name=\"robots\" content=\"index, follow, max-snippet:-1, max-image-preview:large, max-video-preview:-1\" \/>\n<link rel=\"canonical\" href=\"https:\/\/www.thoman.de\/es\/centro-tecnologico\/departamento-de-curvado\/\" \/>\n<meta property=\"og:locale\" content=\"es_ES\" \/>\n<meta property=\"og:type\" content=\"article\" \/>\n<meta property=\"og:title\" content=\"Departamento de curvado - Thoman Biegemaschinen\" \/>\n<meta property=\"og:description\" content=\"Estamos aqu\u00ed para usted &nbsp; \u00bfNecesita apoyo para la fabricaci\u00f3n de piezas? Estamos aqu\u00ed para usted. En nuestro departamento de curvado, nuestras m\u00e1quinas demuestran su rendimiento en el uso diario. Pedidos por contrato o fabricaciones de muestras pueden llevarse a cabo de forma r\u00e1pida y fiable. Las experiencias que se recogen aqu\u00ed fluyen directamente en [&hellip;]\" \/>\n<meta property=\"og:url\" content=\"https:\/\/www.thoman.de\/es\/centro-tecnologico\/departamento-de-curvado\/\" \/>\n<meta property=\"og:site_name\" content=\"Thoman Biegemaschinen\" \/>\n<meta property=\"article:modified_time\" content=\"2014-09-25T23:52:26+00:00\" \/>\n<script type=\"application\/ld+json\" class=\"yoast-schema-graph\">{\"@context\":\"https:\/\/schema.org\",\"@graph\":[{\"@type\":\"WebPage\",\"@id\":\"https:\/\/www.thoman.de\/es\/centro-tecnologico\/departamento-de-curvado\/\",\"url\":\"https:\/\/www.thoman.de\/es\/centro-tecnologico\/departamento-de-curvado\/\",\"name\":\"Departamento de curvado - Thoman Biegemaschinen\",\"isPartOf\":{\"@id\":\"https:\/\/www.thoman.de\/#website\"},\"datePublished\":\"2014-08-14T15:20:27+00:00\",\"dateModified\":\"2014-09-25T23:52:26+00:00\",\"breadcrumb\":{\"@id\":\"https:\/\/www.thoman.de\/es\/centro-tecnologico\/departamento-de-curvado\/#breadcrumb\"},\"inLanguage\":\"es\",\"potentialAction\":[{\"@type\":\"ReadAction\",\"target\":[\"https:\/\/www.thoman.de\/es\/centro-tecnologico\/departamento-de-curvado\/\"]}]},{\"@type\":\"BreadcrumbList\",\"@id\":\"https:\/\/www.thoman.de\/es\/centro-tecnologico\/departamento-de-curvado\/#breadcrumb\",\"itemListElement\":[{\"@type\":\"ListItem\",\"position\":1,\"name\":\"Home\",\"item\":\"https:\/\/www.thoman.de\/es\/\"},{\"@type\":\"ListItem\",\"position\":2,\"name\":\"Centro tecnol\u00f3gico\",\"item\":\"https:\/\/www.thoman.de\/es\/centro-tecnologico\/\"},{\"@type\":\"ListItem\",\"position\":3,\"name\":\"Departamento de curvado\"}]},{\"@type\":\"WebSite\",\"@id\":\"https:\/\/www.thoman.de\/#website\",\"url\":\"https:\/\/www.thoman.de\/\",\"name\":\"Thoman Biegemaschinen\",\"description\":\"Eine weitere WordPress-Seite\",\"potentialAction\":[{\"@type\":\"SearchAction\",\"target\":{\"@type\":\"EntryPoint\",\"urlTemplate\":\"https:\/\/www.thoman.de\/?s={search_term_string}\"},\"query-input\":\"required name=search_term_string\"}],\"inLanguage\":\"es\"}]}<\/script>\n<!-- \/ Yoast SEO plugin. -->","yoast_head_json":{"title":"Departamento de curvado - Thoman Biegemaschinen","robots":{"index":"index","follow":"follow","max-snippet":"max-snippet:-1","max-image-preview":"max-image-preview:large","max-video-preview":"max-video-preview:-1"},"canonical":"https:\/\/www.thoman.de\/es\/centro-tecnologico\/departamento-de-curvado\/","og_locale":"es_ES","og_type":"article","og_title":"Departamento de curvado - Thoman Biegemaschinen","og_description":"Estamos aqu\u00ed para usted &nbsp; \u00bfNecesita apoyo para la fabricaci\u00f3n de piezas? Estamos aqu\u00ed para usted. En nuestro departamento de curvado, nuestras m\u00e1quinas demuestran su rendimiento en el uso diario. Pedidos por contrato o fabricaciones de muestras pueden llevarse a cabo de forma r\u00e1pida y fiable. Las experiencias que se recogen aqu\u00ed fluyen directamente en [&hellip;]","og_url":"https:\/\/www.thoman.de\/es\/centro-tecnologico\/departamento-de-curvado\/","og_site_name":"Thoman Biegemaschinen","article_modified_time":"2014-09-25T23:52:26+00:00","schema":{"@context":"https:\/\/schema.org","@graph":[{"@type":"WebPage","@id":"https:\/\/www.thoman.de\/es\/centro-tecnologico\/departamento-de-curvado\/","url":"https:\/\/www.thoman.de\/es\/centro-tecnologico\/departamento-de-curvado\/","name":"Departamento de curvado - Thoman Biegemaschinen","isPartOf":{"@id":"https:\/\/www.thoman.de\/#website"},"datePublished":"2014-08-14T15:20:27+00:00","dateModified":"2014-09-25T23:52:26+00:00","breadcrumb":{"@id":"https:\/\/www.thoman.de\/es\/centro-tecnologico\/departamento-de-curvado\/#breadcrumb"},"inLanguage":"es","potentialAction":[{"@type":"ReadAction","target":["https:\/\/www.thoman.de\/es\/centro-tecnologico\/departamento-de-curvado\/"]}]},{"@type":"BreadcrumbList","@id":"https:\/\/www.thoman.de\/es\/centro-tecnologico\/departamento-de-curvado\/#breadcrumb","itemListElement":[{"@type":"ListItem","position":1,"name":"Home","item":"https:\/\/www.thoman.de\/es\/"},{"@type":"ListItem","position":2,"name":"Centro tecnol\u00f3gico","item":"https:\/\/www.thoman.de\/es\/centro-tecnologico\/"},{"@type":"ListItem","position":3,"name":"Departamento de curvado"}]},{"@type":"WebSite","@id":"https:\/\/www.thoman.de\/#website","url":"https:\/\/www.thoman.de\/","name":"Thoman Biegemaschinen","description":"Eine weitere WordPress-Seite","potentialAction":[{"@type":"SearchAction","target":{"@type":"EntryPoint","urlTemplate":"https:\/\/www.thoman.de\/?s={search_term_string}"},"query-input":"required name=search_term_string"}],"inLanguage":"es"}]}},"_links":{"self":[{"href":"https:\/\/www.thoman.de\/es\/wp-json\/wp\/v2\/pages\/3645"}],"collection":[{"href":"https:\/\/www.thoman.de\/es\/wp-json\/wp\/v2\/pages"}],"about":[{"href":"https:\/\/www.thoman.de\/es\/wp-json\/wp\/v2\/types\/page"}],"author":[{"embeddable":true,"href":"https:\/\/www.thoman.de\/es\/wp-json\/wp\/v2\/users\/11"}],"replies":[{"embeddable":true,"href":"https:\/\/www.thoman.de\/es\/wp-json\/wp\/v2\/comments?post=3645"}],"version-history":[{"count":3,"href":"https:\/\/www.thoman.de\/es\/wp-json\/wp\/v2\/pages\/3645\/revisions"}],"predecessor-version":[{"id":5119,"href":"https:\/\/www.thoman.de\/es\/wp-json\/wp\/v2\/pages\/3645\/revisions\/5119"}],"up":[{"embeddable":true,"href":"https:\/\/www.thoman.de\/es\/wp-json\/wp\/v2\/pages\/3490"}],"wp:attachment":[{"href":"https:\/\/www.thoman.de\/es\/wp-json\/wp\/v2\/media?parent=3645"}],"curies":[{"name":"wp","href":"https:\/\/api.w.org\/{rel}","templated":true}]}}