{"id":3647,"date":"2014-08-14T17:20:01","date_gmt":"2014-08-14T15:20:01","guid":{"rendered":"http:\/\/thoman.de\/technikum\/schulung\/"},"modified":"2014-09-26T01:51:26","modified_gmt":"2014-09-25T23:51:26","slug":"capacitacion","status":"publish","type":"page","link":"https:\/\/www.thoman.de\/es\/centro-tecnologico\/capacitacion\/","title":{"rendered":"Capacitaci\u00f3n"},"content":{"rendered":"<h1>Recepci\u00f3n de maquinarias y capacitaci\u00f3n<\/h1>\n<h2>&nbsp;<\/h2>\n<table>\n<tbody>\n<tr>\n<td>\n<p style=\"color: #606060;\">Durante el dise\u00f1o y el desarrollo de nuestras m\u00e1quinas y controladores ponemos el \u00e9nfasis en la operaci\u00f3n simple e intuitiva de las curvadoras. Sin embargo, una capacitaci\u00f3n profesional es el alfa y omega de su \u00e9xito.<\/p>\n<p style=\"color: #606060;\">En nuestras salas de capacitaci\u00f3n y demostraci\u00f3n le instruimos y entrenamos en el marco de la recepci\u00f3n de la maquinaria y de talleres ampliados.<\/p>\n<\/td>\n<td>\n<p style=\"color: #606060;\">Aqu\u00ed, la formaci\u00f3n es muy pr\u00e1ctica y orientada directamente al manejo de su m\u00e1quina. Con mucho gusto llevamos a cabo la capacitaci\u00f3n con sus perfiles y tubos. As\u00ed, los programas para m\u00e1quinas especiales para los requerimientos de sus productos pueden crearse y probarse ya durante la capacitaci\u00f3n.<\/p>\n<p style=\"color: #606060;\">Esto garantiza un puesta en servicio r\u00e1pida y sencilla de la instalaci\u00f3n de curvado en su planta.<\/p>\n<\/td>\n<\/tr>\n<\/tbody>\n<\/table>\n","protected":false},"excerpt":{"rendered":"<p>Recepci\u00f3n de maquinarias y capacitaci\u00f3n &nbsp; Durante el dise\u00f1o y el desarrollo de nuestras m\u00e1quinas y controladores ponemos el \u00e9nfasis en la operaci\u00f3n simple e intuitiva de las curvadoras. Sin embargo, una capacitaci\u00f3n profesional es el alfa y omega de su \u00e9xito. En nuestras salas de capacitaci\u00f3n y demostraci\u00f3n le instruimos y entrenamos en el [&hellip;]<\/p>\n","protected":false},"author":11,"featured_media":0,"parent":3490,"menu_order":0,"comment_status":"open","ping_status":"open","template":"","meta":{"footnotes":""},"acf":[],"yoast_head":"<!-- This site is optimized with the Yoast SEO plugin v21.3 - https:\/\/yoast.com\/wordpress\/plugins\/seo\/ -->\n<title>Capacitaci\u00f3n - Thoman Biegemaschinen<\/title>\n<meta name=\"robots\" content=\"index, follow, max-snippet:-1, max-image-preview:large, max-video-preview:-1\" \/>\n<link rel=\"canonical\" href=\"https:\/\/www.thoman.de\/es\/centro-tecnologico\/capacitacion\/\" \/>\n<meta property=\"og:locale\" content=\"es_ES\" \/>\n<meta property=\"og:type\" content=\"article\" \/>\n<meta property=\"og:title\" content=\"Capacitaci\u00f3n - Thoman Biegemaschinen\" \/>\n<meta property=\"og:description\" content=\"Recepci\u00f3n de maquinarias y capacitaci\u00f3n &nbsp; Durante el dise\u00f1o y el desarrollo de nuestras m\u00e1quinas y controladores ponemos el \u00e9nfasis en la operaci\u00f3n simple e intuitiva de las curvadoras. Sin embargo, una capacitaci\u00f3n profesional es el alfa y omega de su \u00e9xito. En nuestras salas de capacitaci\u00f3n y demostraci\u00f3n le instruimos y entrenamos en el [&hellip;]\" \/>\n<meta property=\"og:url\" content=\"https:\/\/www.thoman.de\/es\/centro-tecnologico\/capacitacion\/\" \/>\n<meta property=\"og:site_name\" content=\"Thoman Biegemaschinen\" \/>\n<meta property=\"article:modified_time\" content=\"2014-09-25T23:51:26+00:00\" \/>\n<meta name=\"twitter:label1\" content=\"Tiempo de lectura\" \/>\n\t<meta name=\"twitter:data1\" content=\"1 minuto\" \/>\n<script type=\"application\/ld+json\" class=\"yoast-schema-graph\">{\"@context\":\"https:\/\/schema.org\",\"@graph\":[{\"@type\":\"WebPage\",\"@id\":\"https:\/\/www.thoman.de\/es\/centro-tecnologico\/capacitacion\/\",\"url\":\"https:\/\/www.thoman.de\/es\/centro-tecnologico\/capacitacion\/\",\"name\":\"Capacitaci\u00f3n - Thoman Biegemaschinen\",\"isPartOf\":{\"@id\":\"https:\/\/www.thoman.de\/#website\"},\"datePublished\":\"2014-08-14T15:20:01+00:00\",\"dateModified\":\"2014-09-25T23:51:26+00:00\",\"breadcrumb\":{\"@id\":\"https:\/\/www.thoman.de\/es\/centro-tecnologico\/capacitacion\/#breadcrumb\"},\"inLanguage\":\"es\",\"potentialAction\":[{\"@type\":\"ReadAction\",\"target\":[\"https:\/\/www.thoman.de\/es\/centro-tecnologico\/capacitacion\/\"]}]},{\"@type\":\"BreadcrumbList\",\"@id\":\"https:\/\/www.thoman.de\/es\/centro-tecnologico\/capacitacion\/#breadcrumb\",\"itemListElement\":[{\"@type\":\"ListItem\",\"position\":1,\"name\":\"Home\",\"item\":\"https:\/\/www.thoman.de\/es\/\"},{\"@type\":\"ListItem\",\"position\":2,\"name\":\"Centro tecnol\u00f3gico\",\"item\":\"https:\/\/www.thoman.de\/es\/centro-tecnologico\/\"},{\"@type\":\"ListItem\",\"position\":3,\"name\":\"Capacitaci\u00f3n\"}]},{\"@type\":\"WebSite\",\"@id\":\"https:\/\/www.thoman.de\/#website\",\"url\":\"https:\/\/www.thoman.de\/\",\"name\":\"Thoman Biegemaschinen\",\"description\":\"Eine weitere WordPress-Seite\",\"potentialAction\":[{\"@type\":\"SearchAction\",\"target\":{\"@type\":\"EntryPoint\",\"urlTemplate\":\"https:\/\/www.thoman.de\/?s={search_term_string}\"},\"query-input\":\"required name=search_term_string\"}],\"inLanguage\":\"es\"}]}<\/script>\n<!-- \/ Yoast SEO plugin. -->","yoast_head_json":{"title":"Capacitaci\u00f3n - Thoman Biegemaschinen","robots":{"index":"index","follow":"follow","max-snippet":"max-snippet:-1","max-image-preview":"max-image-preview:large","max-video-preview":"max-video-preview:-1"},"canonical":"https:\/\/www.thoman.de\/es\/centro-tecnologico\/capacitacion\/","og_locale":"es_ES","og_type":"article","og_title":"Capacitaci\u00f3n - Thoman Biegemaschinen","og_description":"Recepci\u00f3n de maquinarias y capacitaci\u00f3n &nbsp; Durante el dise\u00f1o y el desarrollo de nuestras m\u00e1quinas y controladores ponemos el \u00e9nfasis en la operaci\u00f3n simple e intuitiva de las curvadoras. Sin embargo, una capacitaci\u00f3n profesional es el alfa y omega de su \u00e9xito. En nuestras salas de capacitaci\u00f3n y demostraci\u00f3n le instruimos y entrenamos en el [&hellip;]","og_url":"https:\/\/www.thoman.de\/es\/centro-tecnologico\/capacitacion\/","og_site_name":"Thoman Biegemaschinen","article_modified_time":"2014-09-25T23:51:26+00:00","twitter_misc":{"Tiempo de lectura":"1 minuto"},"schema":{"@context":"https:\/\/schema.org","@graph":[{"@type":"WebPage","@id":"https:\/\/www.thoman.de\/es\/centro-tecnologico\/capacitacion\/","url":"https:\/\/www.thoman.de\/es\/centro-tecnologico\/capacitacion\/","name":"Capacitaci\u00f3n - Thoman Biegemaschinen","isPartOf":{"@id":"https:\/\/www.thoman.de\/#website"},"datePublished":"2014-08-14T15:20:01+00:00","dateModified":"2014-09-25T23:51:26+00:00","breadcrumb":{"@id":"https:\/\/www.thoman.de\/es\/centro-tecnologico\/capacitacion\/#breadcrumb"},"inLanguage":"es","potentialAction":[{"@type":"ReadAction","target":["https:\/\/www.thoman.de\/es\/centro-tecnologico\/capacitacion\/"]}]},{"@type":"BreadcrumbList","@id":"https:\/\/www.thoman.de\/es\/centro-tecnologico\/capacitacion\/#breadcrumb","itemListElement":[{"@type":"ListItem","position":1,"name":"Home","item":"https:\/\/www.thoman.de\/es\/"},{"@type":"ListItem","position":2,"name":"Centro tecnol\u00f3gico","item":"https:\/\/www.thoman.de\/es\/centro-tecnologico\/"},{"@type":"ListItem","position":3,"name":"Capacitaci\u00f3n"}]},{"@type":"WebSite","@id":"https:\/\/www.thoman.de\/#website","url":"https:\/\/www.thoman.de\/","name":"Thoman Biegemaschinen","description":"Eine weitere WordPress-Seite","potentialAction":[{"@type":"SearchAction","target":{"@type":"EntryPoint","urlTemplate":"https:\/\/www.thoman.de\/?s={search_term_string}"},"query-input":"required name=search_term_string"}],"inLanguage":"es"}]}},"_links":{"self":[{"href":"https:\/\/www.thoman.de\/es\/wp-json\/wp\/v2\/pages\/3647"}],"collection":[{"href":"https:\/\/www.thoman.de\/es\/wp-json\/wp\/v2\/pages"}],"about":[{"href":"https:\/\/www.thoman.de\/es\/wp-json\/wp\/v2\/types\/page"}],"author":[{"embeddable":true,"href":"https:\/\/www.thoman.de\/es\/wp-json\/wp\/v2\/users\/11"}],"replies":[{"embeddable":true,"href":"https:\/\/www.thoman.de\/es\/wp-json\/wp\/v2\/comments?post=3647"}],"version-history":[{"count":3,"href":"https:\/\/www.thoman.de\/es\/wp-json\/wp\/v2\/pages\/3647\/revisions"}],"predecessor-version":[{"id":4437,"href":"https:\/\/www.thoman.de\/es\/wp-json\/wp\/v2\/pages\/3647\/revisions\/4437"}],"up":[{"embeddable":true,"href":"https:\/\/www.thoman.de\/es\/wp-json\/wp\/v2\/pages\/3490"}],"wp:attachment":[{"href":"https:\/\/www.thoman.de\/es\/wp-json\/wp\/v2\/media?parent=3647"}],"curies":[{"name":"wp","href":"https:\/\/api.w.org\/{rel}","templated":true}]}}