{"id":3649,"date":"2014-08-14T17:19:36","date_gmt":"2014-08-14T15:19:36","guid":{"rendered":"http:\/\/thoman.de\/technikum\/vorfuhrung\/"},"modified":"2014-09-26T01:50:37","modified_gmt":"2014-09-25T23:50:37","slug":"demostracion","status":"publish","type":"page","link":"https:\/\/www.thoman.de\/es\/centro-tecnologico\/demostracion\/","title":{"rendered":"Demostraci\u00f3n"},"content":{"rendered":"<h1>Vis\u00edtenos<\/h1>\n<h2>&nbsp;<\/h2>\n<table>\n<tbody>\n<tr>\n<td>\n<p style=\"color: #606060;\">Conv\u00e9nzase por usted mismo de la calidad y eficiencia de las curvadoras de tubos y perfiles de la casa Thoman. Con\u00f3zcanos personalmente a nosotros y a nuestra empresa. En nuestras salas de demostraci\u00f3n y capacitaci\u00f3n le ense\u00f1aremos los nuevos sistemas de curvado y controles de m\u00e1quinas. Le explicaremos las funciones de las m\u00e1quinas, los campos de aplicaci\u00f3n y los l\u00edmites de los diferentes procedimientos de curvado.<\/p>\n<\/td>\n<td>\n<p style=\"color: #606060;\">En base a numerosos ejemplos y modelos de curvado, obtendr\u00e1 un profundo conocimiento del mundo del curvado. Con mucho gusto nos tomaremos el tiempo necesario y responderemos a todas sus preguntas.<\/p>\n<p>&nbsp;<\/p>\n<p style=\"color: #606060;\">Con mucho gusto le invitamos a visitar nuestra f\u00e1brica.<\/p>\n<p style=\"color: #606060;\">\u00a1Conv\u00e9nzase por s\u00ed mismo! <\/p>\n<\/td>\n<\/tr>\n<\/tbody>\n<\/table>\n","protected":false},"excerpt":{"rendered":"<p>Vis\u00edtenos &nbsp; Conv\u00e9nzase por usted mismo de la calidad y eficiencia de las curvadoras de tubos y perfiles de la casa Thoman. Con\u00f3zcanos personalmente a nosotros y a nuestra empresa. En nuestras salas de demostraci\u00f3n y capacitaci\u00f3n le ense\u00f1aremos los nuevos sistemas de curvado y controles de m\u00e1quinas. Le explicaremos las funciones de las m\u00e1quinas, [&hellip;]<\/p>\n","protected":false},"author":11,"featured_media":0,"parent":3490,"menu_order":0,"comment_status":"open","ping_status":"open","template":"","meta":{"footnotes":""},"acf":[],"yoast_head":"<!-- This site is optimized with the Yoast SEO plugin v21.3 - https:\/\/yoast.com\/wordpress\/plugins\/seo\/ -->\n<title>Demostraci\u00f3n - Thoman Biegemaschinen<\/title>\n<meta name=\"robots\" content=\"index, follow, max-snippet:-1, max-image-preview:large, max-video-preview:-1\" \/>\n<link rel=\"canonical\" href=\"https:\/\/www.thoman.de\/es\/centro-tecnologico\/demostracion\/\" \/>\n<meta property=\"og:locale\" content=\"es_ES\" \/>\n<meta property=\"og:type\" content=\"article\" \/>\n<meta property=\"og:title\" content=\"Demostraci\u00f3n - Thoman Biegemaschinen\" \/>\n<meta property=\"og:description\" content=\"Vis\u00edtenos &nbsp; Conv\u00e9nzase por usted mismo de la calidad y eficiencia de las curvadoras de tubos y perfiles de la casa Thoman. Con\u00f3zcanos personalmente a nosotros y a nuestra empresa. En nuestras salas de demostraci\u00f3n y capacitaci\u00f3n le ense\u00f1aremos los nuevos sistemas de curvado y controles de m\u00e1quinas. Le explicaremos las funciones de las m\u00e1quinas, [&hellip;]\" \/>\n<meta property=\"og:url\" content=\"https:\/\/www.thoman.de\/es\/centro-tecnologico\/demostracion\/\" \/>\n<meta property=\"og:site_name\" content=\"Thoman Biegemaschinen\" \/>\n<meta property=\"article:modified_time\" content=\"2014-09-25T23:50:37+00:00\" \/>\n<meta name=\"twitter:label1\" content=\"Tiempo de lectura\" \/>\n\t<meta name=\"twitter:data1\" content=\"1 minuto\" \/>\n<script type=\"application\/ld+json\" class=\"yoast-schema-graph\">{\"@context\":\"https:\/\/schema.org\",\"@graph\":[{\"@type\":\"WebPage\",\"@id\":\"https:\/\/www.thoman.de\/es\/centro-tecnologico\/demostracion\/\",\"url\":\"https:\/\/www.thoman.de\/es\/centro-tecnologico\/demostracion\/\",\"name\":\"Demostraci\u00f3n - Thoman Biegemaschinen\",\"isPartOf\":{\"@id\":\"https:\/\/www.thoman.de\/#website\"},\"datePublished\":\"2014-08-14T15:19:36+00:00\",\"dateModified\":\"2014-09-25T23:50:37+00:00\",\"breadcrumb\":{\"@id\":\"https:\/\/www.thoman.de\/es\/centro-tecnologico\/demostracion\/#breadcrumb\"},\"inLanguage\":\"es\",\"potentialAction\":[{\"@type\":\"ReadAction\",\"target\":[\"https:\/\/www.thoman.de\/es\/centro-tecnologico\/demostracion\/\"]}]},{\"@type\":\"BreadcrumbList\",\"@id\":\"https:\/\/www.thoman.de\/es\/centro-tecnologico\/demostracion\/#breadcrumb\",\"itemListElement\":[{\"@type\":\"ListItem\",\"position\":1,\"name\":\"Home\",\"item\":\"https:\/\/www.thoman.de\/es\/\"},{\"@type\":\"ListItem\",\"position\":2,\"name\":\"Centro tecnol\u00f3gico\",\"item\":\"https:\/\/www.thoman.de\/es\/centro-tecnologico\/\"},{\"@type\":\"ListItem\",\"position\":3,\"name\":\"Demostraci\u00f3n\"}]},{\"@type\":\"WebSite\",\"@id\":\"https:\/\/www.thoman.de\/#website\",\"url\":\"https:\/\/www.thoman.de\/\",\"name\":\"Thoman Biegemaschinen\",\"description\":\"Eine weitere WordPress-Seite\",\"potentialAction\":[{\"@type\":\"SearchAction\",\"target\":{\"@type\":\"EntryPoint\",\"urlTemplate\":\"https:\/\/www.thoman.de\/?s={search_term_string}\"},\"query-input\":\"required name=search_term_string\"}],\"inLanguage\":\"es\"}]}<\/script>\n<!-- \/ Yoast SEO plugin. -->","yoast_head_json":{"title":"Demostraci\u00f3n - Thoman Biegemaschinen","robots":{"index":"index","follow":"follow","max-snippet":"max-snippet:-1","max-image-preview":"max-image-preview:large","max-video-preview":"max-video-preview:-1"},"canonical":"https:\/\/www.thoman.de\/es\/centro-tecnologico\/demostracion\/","og_locale":"es_ES","og_type":"article","og_title":"Demostraci\u00f3n - Thoman Biegemaschinen","og_description":"Vis\u00edtenos &nbsp; Conv\u00e9nzase por usted mismo de la calidad y eficiencia de las curvadoras de tubos y perfiles de la casa Thoman. Con\u00f3zcanos personalmente a nosotros y a nuestra empresa. En nuestras salas de demostraci\u00f3n y capacitaci\u00f3n le ense\u00f1aremos los nuevos sistemas de curvado y controles de m\u00e1quinas. Le explicaremos las funciones de las m\u00e1quinas, [&hellip;]","og_url":"https:\/\/www.thoman.de\/es\/centro-tecnologico\/demostracion\/","og_site_name":"Thoman Biegemaschinen","article_modified_time":"2014-09-25T23:50:37+00:00","twitter_misc":{"Tiempo de lectura":"1 minuto"},"schema":{"@context":"https:\/\/schema.org","@graph":[{"@type":"WebPage","@id":"https:\/\/www.thoman.de\/es\/centro-tecnologico\/demostracion\/","url":"https:\/\/www.thoman.de\/es\/centro-tecnologico\/demostracion\/","name":"Demostraci\u00f3n - Thoman Biegemaschinen","isPartOf":{"@id":"https:\/\/www.thoman.de\/#website"},"datePublished":"2014-08-14T15:19:36+00:00","dateModified":"2014-09-25T23:50:37+00:00","breadcrumb":{"@id":"https:\/\/www.thoman.de\/es\/centro-tecnologico\/demostracion\/#breadcrumb"},"inLanguage":"es","potentialAction":[{"@type":"ReadAction","target":["https:\/\/www.thoman.de\/es\/centro-tecnologico\/demostracion\/"]}]},{"@type":"BreadcrumbList","@id":"https:\/\/www.thoman.de\/es\/centro-tecnologico\/demostracion\/#breadcrumb","itemListElement":[{"@type":"ListItem","position":1,"name":"Home","item":"https:\/\/www.thoman.de\/es\/"},{"@type":"ListItem","position":2,"name":"Centro tecnol\u00f3gico","item":"https:\/\/www.thoman.de\/es\/centro-tecnologico\/"},{"@type":"ListItem","position":3,"name":"Demostraci\u00f3n"}]},{"@type":"WebSite","@id":"https:\/\/www.thoman.de\/#website","url":"https:\/\/www.thoman.de\/","name":"Thoman Biegemaschinen","description":"Eine weitere WordPress-Seite","potentialAction":[{"@type":"SearchAction","target":{"@type":"EntryPoint","urlTemplate":"https:\/\/www.thoman.de\/?s={search_term_string}"},"query-input":"required name=search_term_string"}],"inLanguage":"es"}]}},"_links":{"self":[{"href":"https:\/\/www.thoman.de\/es\/wp-json\/wp\/v2\/pages\/3649"}],"collection":[{"href":"https:\/\/www.thoman.de\/es\/wp-json\/wp\/v2\/pages"}],"about":[{"href":"https:\/\/www.thoman.de\/es\/wp-json\/wp\/v2\/types\/page"}],"author":[{"embeddable":true,"href":"https:\/\/www.thoman.de\/es\/wp-json\/wp\/v2\/users\/11"}],"replies":[{"embeddable":true,"href":"https:\/\/www.thoman.de\/es\/wp-json\/wp\/v2\/comments?post=3649"}],"version-history":[{"count":2,"href":"https:\/\/www.thoman.de\/es\/wp-json\/wp\/v2\/pages\/3649\/revisions"}],"predecessor-version":[{"id":4435,"href":"https:\/\/www.thoman.de\/es\/wp-json\/wp\/v2\/pages\/3649\/revisions\/4435"}],"up":[{"embeddable":true,"href":"https:\/\/www.thoman.de\/es\/wp-json\/wp\/v2\/pages\/3490"}],"wp:attachment":[{"href":"https:\/\/www.thoman.de\/es\/wp-json\/wp\/v2\/media?parent=3649"}],"curies":[{"name":"wp","href":"https:\/\/api.w.org\/{rel}","templated":true}]}}