{"id":3651,"date":"2014-08-14T17:21:02","date_gmt":"2014-08-14T15:21:02","guid":{"rendered":"http:\/\/thoman.de\/unternehmen\/aktuelles\/"},"modified":"2014-10-21T15:41:57","modified_gmt":"2014-10-21T13:41:57","slug":"noticias","status":"publish","type":"page","link":"https:\/\/www.thoman.de\/es\/unternehmen\/noticias\/","title":{"rendered":"Noticias"},"content":{"rendered":"<h1>Noticias<\/h1>\n<table>\n<tbody>\n<tr>\n<td>\n<h3 class=\"top\">Novedad<\/h3>\n<p><a title=\"MultiBend 16\" href=\"https:\/\/www.thoman.de\/es\/maquinas\/curvadoras-universales\/multibend-16\/\"><img decoding=\"async\" class=\"alignnone  wp-image-5047\" src=\"https:\/\/www.thoman.de\/wp-content\/uploads\/2014\/08\/MultiBend_3x3_150dpi-300x300.jpg\" alt=\"MultiBend_3x3_150dpi\" width=\"182\" height=\"182\" srcset=\"https:\/\/www.thoman.de\/wp-content\/uploads\/2014\/08\/MultiBend_3x3_150dpi-300x300.jpg 300w, https:\/\/www.thoman.de\/wp-content\/uploads\/2014\/08\/MultiBend_3x3_150dpi-150x150.jpg 150w, https:\/\/www.thoman.de\/wp-content\/uploads\/2014\/08\/MultiBend_3x3_150dpi.jpg 450w\" sizes=\"(max-width: 182px) 100vw, 182px\" \/><\/a><\/p>\n<p style=\"color: #606060;\">\n<\/td>\n<td>Curvadora universal MultiBend 16 para construcciones met\u00e1licas y cerramientos<br \/>\n<a title=\"MultiBend 16\" href=\"https:\/\/www.thoman.de\/es\/maquinas\/curvadoras-universales\/multibend-16\/\">m\u00e1s informaci\u00f3n<\/a><\/td>\n<\/tr>\n<\/tbody>\n<\/table>\n<hr \/>\n<table>\n<tbody>\n<tr>\n<td>\n<h3 class=\"top\">Novedad<\/h3>\n<p><a title=\"CNC-S\" href=\"https:\/\/www.thoman.de\/es\/maquinas\/controladores\/cnc-s\/\"><img decoding=\"async\" class=\"alignnone size-full wp-image-5052\" src=\"https:\/\/www.thoman.de\/wp-content\/uploads\/2014\/08\/CNC-S_3x3_150dpi.jpg\" alt=\"CNC-S_3x3_150dpi\" width=\"177\" height=\"177\" srcset=\"https:\/\/www.thoman.de\/wp-content\/uploads\/2014\/08\/CNC-S_3x3_150dpi.jpg 177w, https:\/\/www.thoman.de\/wp-content\/uploads\/2014\/08\/CNC-S_3x3_150dpi-150x150.jpg 150w\" sizes=\"(max-width: 177px) 100vw, 177px\" \/><\/a><\/p>\n<p>&nbsp;<\/td>\n<td>Desarrollamos un control CNC-S de alta gama para<br \/>\n<a title=\"CNC-S\" href=\"https:\/\/www.thoman.de\/es\/maquinas\/controladores\/cnc-s\/\">m\u00e1s informaci\u00f3n<\/a><\/td>\n<\/tr>\n<\/tbody>\n<\/table>\n<hr \/>\n<table>\n<tbody>\n<tr>\n<td>\n<h3 class=\"top\">Feria 21 \u2013 25 de oct. 2014<\/h3>\n<p><a href=\"http:\/\/www.euroblech.com\/deutsch\/\" target=\"_blank\"><img decoding=\"async\" class=\"alignnone  wp-image-5011\" src=\"https:\/\/www.thoman.de\/wp-content\/uploads\/2014\/08\/EB-personalised-logo-de-G55-11-300x300.jpg\" alt=\"EB-personalised-logo-de-G55-11\" width=\"181\" height=\"181\" srcset=\"https:\/\/www.thoman.de\/wp-content\/uploads\/2014\/08\/EB-personalised-logo-de-G55-11-300x300.jpg 300w, https:\/\/www.thoman.de\/wp-content\/uploads\/2014\/08\/EB-personalised-logo-de-G55-11-150x150.jpg 150w, https:\/\/www.thoman.de\/wp-content\/uploads\/2014\/08\/EB-personalised-logo-de-G55-11-1024x1024.jpg 1024w, https:\/\/www.thoman.de\/wp-content\/uploads\/2014\/08\/EB-personalised-logo-de-G55-11.jpg 1200w\" sizes=\"(max-width: 181px) 100vw, 181px\" \/><\/a><\/td>\n<td>Exponemos en la Euro BLECH en Hannover<br \/>\nVis\u00edtenos. Nos encontrar\u00e1 en el pabell\u00f3n 11, Stand G55<\/td>\n<\/tr>\n<\/tbody>\n<\/table>\n<hr \/>\n<h3 class=\"top\">En forma para el futuro<\/h3>\n<p>Thoman Biegemaschinen construy\u00f3 un nuevo edificio y se puso en forma para el futuro. El nuevo edificio de la empresa ofrece mucho espacio para el dise\u00f1o y la realizaci\u00f3n de nuevas e innovadoras soluciones en torno a la tecnolog\u00eda del curvado para nuestros clientes de todo el mundo. Desarrollo, fabricaci\u00f3n, almac\u00e9n, centro tecnol\u00f3gico y departamento de curvado est\u00e1n reunidos en un establecimiento. Eso garantiza distancias cortas y tiempos de respuesta r\u00e1pidos.<\/p>\n","protected":false},"excerpt":{"rendered":"<p>Noticias Novedad Curvadora universal MultiBend 16 para construcciones met\u00e1licas y cerramientos m\u00e1s informaci\u00f3n Novedad &nbsp; Desarrollamos un control CNC-S de alta gama para m\u00e1s informaci\u00f3n Feria 21 \u2013 25 de oct. 2014 Exponemos en la Euro BLECH en Hannover Vis\u00edtenos. Nos encontrar\u00e1 en el pabell\u00f3n 11, Stand G55 En forma para el futuro Thoman Biegemaschinen [&hellip;]<\/p>\n","protected":false},"author":11,"featured_media":0,"parent":3502,"menu_order":0,"comment_status":"open","ping_status":"open","template":"","meta":{"footnotes":""},"acf":[],"yoast_head":"<!-- This site is optimized with the Yoast SEO plugin v21.3 - https:\/\/yoast.com\/wordpress\/plugins\/seo\/ -->\n<title>Noticias - Thoman Biegemaschinen<\/title>\n<meta name=\"robots\" content=\"index, follow, max-snippet:-1, max-image-preview:large, max-video-preview:-1\" \/>\n<link rel=\"canonical\" href=\"https:\/\/www.thoman.de\/es\/unternehmen\/noticias\/\" \/>\n<meta property=\"og:locale\" content=\"es_ES\" \/>\n<meta property=\"og:type\" content=\"article\" \/>\n<meta property=\"og:title\" content=\"Noticias - Thoman Biegemaschinen\" \/>\n<meta property=\"og:description\" content=\"Noticias Novedad Curvadora universal MultiBend 16 para construcciones met\u00e1licas y cerramientos m\u00e1s informaci\u00f3n Novedad &nbsp; Desarrollamos un control CNC-S de alta gama para m\u00e1s informaci\u00f3n Feria 21 \u2013 25 de oct. 2014 Exponemos en la Euro BLECH en Hannover Vis\u00edtenos. Nos encontrar\u00e1 en el pabell\u00f3n 11, Stand G55 En forma para el futuro Thoman Biegemaschinen [&hellip;]\" \/>\n<meta property=\"og:url\" content=\"https:\/\/www.thoman.de\/es\/unternehmen\/noticias\/\" \/>\n<meta property=\"og:site_name\" content=\"Thoman Biegemaschinen\" \/>\n<meta property=\"article:modified_time\" content=\"2014-10-21T13:41:57+00:00\" \/>\n<meta property=\"og:image\" content=\"https:\/\/www.thoman.de\/wp-content\/uploads\/2014\/08\/MultiBend_3x3_150dpi-300x300.jpg\" \/>\n<meta name=\"twitter:label1\" content=\"Tiempo de lectura\" \/>\n\t<meta name=\"twitter:data1\" content=\"1 minuto\" \/>\n<script type=\"application\/ld+json\" class=\"yoast-schema-graph\">{\"@context\":\"https:\/\/schema.org\",\"@graph\":[{\"@type\":\"WebPage\",\"@id\":\"https:\/\/www.thoman.de\/es\/unternehmen\/noticias\/\",\"url\":\"https:\/\/www.thoman.de\/es\/unternehmen\/noticias\/\",\"name\":\"Noticias - Thoman Biegemaschinen\",\"isPartOf\":{\"@id\":\"https:\/\/www.thoman.de\/#website\"},\"datePublished\":\"2014-08-14T15:21:02+00:00\",\"dateModified\":\"2014-10-21T13:41:57+00:00\",\"breadcrumb\":{\"@id\":\"https:\/\/www.thoman.de\/es\/unternehmen\/noticias\/#breadcrumb\"},\"inLanguage\":\"es\",\"potentialAction\":[{\"@type\":\"ReadAction\",\"target\":[\"https:\/\/www.thoman.de\/es\/unternehmen\/noticias\/\"]}]},{\"@type\":\"BreadcrumbList\",\"@id\":\"https:\/\/www.thoman.de\/es\/unternehmen\/noticias\/#breadcrumb\",\"itemListElement\":[{\"@type\":\"ListItem\",\"position\":1,\"name\":\"Home\",\"item\":\"https:\/\/www.thoman.de\/es\/\"},{\"@type\":\"ListItem\",\"position\":2,\"name\":\"La empresa\",\"item\":\"https:\/\/www.thoman.de\/es\/unternehmen\/\"},{\"@type\":\"ListItem\",\"position\":3,\"name\":\"Noticias\"}]},{\"@type\":\"WebSite\",\"@id\":\"https:\/\/www.thoman.de\/#website\",\"url\":\"https:\/\/www.thoman.de\/\",\"name\":\"Thoman Biegemaschinen\",\"description\":\"Eine weitere WordPress-Seite\",\"potentialAction\":[{\"@type\":\"SearchAction\",\"target\":{\"@type\":\"EntryPoint\",\"urlTemplate\":\"https:\/\/www.thoman.de\/?s={search_term_string}\"},\"query-input\":\"required name=search_term_string\"}],\"inLanguage\":\"es\"}]}<\/script>\n<!-- \/ Yoast SEO plugin. -->","yoast_head_json":{"title":"Noticias - Thoman Biegemaschinen","robots":{"index":"index","follow":"follow","max-snippet":"max-snippet:-1","max-image-preview":"max-image-preview:large","max-video-preview":"max-video-preview:-1"},"canonical":"https:\/\/www.thoman.de\/es\/unternehmen\/noticias\/","og_locale":"es_ES","og_type":"article","og_title":"Noticias - Thoman Biegemaschinen","og_description":"Noticias Novedad Curvadora universal MultiBend 16 para construcciones met\u00e1licas y cerramientos m\u00e1s informaci\u00f3n Novedad &nbsp; Desarrollamos un control CNC-S de alta gama para m\u00e1s informaci\u00f3n Feria 21 \u2013 25 de oct. 2014 Exponemos en la Euro BLECH en Hannover Vis\u00edtenos. Nos encontrar\u00e1 en el pabell\u00f3n 11, Stand G55 En forma para el futuro Thoman Biegemaschinen [&hellip;]","og_url":"https:\/\/www.thoman.de\/es\/unternehmen\/noticias\/","og_site_name":"Thoman Biegemaschinen","article_modified_time":"2014-10-21T13:41:57+00:00","og_image":[{"url":"https:\/\/www.thoman.de\/wp-content\/uploads\/2014\/08\/MultiBend_3x3_150dpi-300x300.jpg"}],"twitter_misc":{"Tiempo de lectura":"1 minuto"},"schema":{"@context":"https:\/\/schema.org","@graph":[{"@type":"WebPage","@id":"https:\/\/www.thoman.de\/es\/unternehmen\/noticias\/","url":"https:\/\/www.thoman.de\/es\/unternehmen\/noticias\/","name":"Noticias - Thoman Biegemaschinen","isPartOf":{"@id":"https:\/\/www.thoman.de\/#website"},"datePublished":"2014-08-14T15:21:02+00:00","dateModified":"2014-10-21T13:41:57+00:00","breadcrumb":{"@id":"https:\/\/www.thoman.de\/es\/unternehmen\/noticias\/#breadcrumb"},"inLanguage":"es","potentialAction":[{"@type":"ReadAction","target":["https:\/\/www.thoman.de\/es\/unternehmen\/noticias\/"]}]},{"@type":"BreadcrumbList","@id":"https:\/\/www.thoman.de\/es\/unternehmen\/noticias\/#breadcrumb","itemListElement":[{"@type":"ListItem","position":1,"name":"Home","item":"https:\/\/www.thoman.de\/es\/"},{"@type":"ListItem","position":2,"name":"La empresa","item":"https:\/\/www.thoman.de\/es\/unternehmen\/"},{"@type":"ListItem","position":3,"name":"Noticias"}]},{"@type":"WebSite","@id":"https:\/\/www.thoman.de\/#website","url":"https:\/\/www.thoman.de\/","name":"Thoman Biegemaschinen","description":"Eine weitere WordPress-Seite","potentialAction":[{"@type":"SearchAction","target":{"@type":"EntryPoint","urlTemplate":"https:\/\/www.thoman.de\/?s={search_term_string}"},"query-input":"required name=search_term_string"}],"inLanguage":"es"}]}},"_links":{"self":[{"href":"https:\/\/www.thoman.de\/es\/wp-json\/wp\/v2\/pages\/3651"}],"collection":[{"href":"https:\/\/www.thoman.de\/es\/wp-json\/wp\/v2\/pages"}],"about":[{"href":"https:\/\/www.thoman.de\/es\/wp-json\/wp\/v2\/types\/page"}],"author":[{"embeddable":true,"href":"https:\/\/www.thoman.de\/es\/wp-json\/wp\/v2\/users\/11"}],"replies":[{"embeddable":true,"href":"https:\/\/www.thoman.de\/es\/wp-json\/wp\/v2\/comments?post=3651"}],"version-history":[{"count":6,"href":"https:\/\/www.thoman.de\/es\/wp-json\/wp\/v2\/pages\/3651\/revisions"}],"predecessor-version":[{"id":5227,"href":"https:\/\/www.thoman.de\/es\/wp-json\/wp\/v2\/pages\/3651\/revisions\/5227"}],"up":[{"embeddable":true,"href":"https:\/\/www.thoman.de\/es\/wp-json\/wp\/v2\/pages\/3502"}],"wp:attachment":[{"href":"https:\/\/www.thoman.de\/es\/wp-json\/wp\/v2\/media?parent=3651"}],"curies":[{"name":"wp","href":"https:\/\/api.w.org\/{rel}","templated":true}]}}