{"id":142,"date":"2014-08-15T22:36:28","date_gmt":"2014-08-15T20:36:28","guid":{"rendered":"http:\/\/thoman.de\/startseite-2\/"},"modified":"2024-03-29T15:16:26","modified_gmt":"2024-03-29T14:16:26","slug":"startseite-2","status":"publish","type":"page","link":"https:\/\/www.thoman.de\/fr\/","title":{"rendered":"PAGE D&rsquo;ACCUEIL"},"content":{"rendered":"<h1>Bienvenue<\/h1>\n<table>\n<tbody>\n<tr>\n<td>\n<p style=\"color: #606060;\">Thoman Biegemaschinen d\u00e9veloppe et fabrique des machines et processus pour cintrer des tubes et profil\u00e9s en acier et aluminium.<br \/>\nNotre nom est synonyme de produits innovants d&rsquo;une qualit\u00e9 et fiabilit\u00e9 exceptionnelles.<\/p>\n<p style=\"color: #606060;\">Les machines de cintrage de Thoman convainquent par leur flexibilit\u00e9, productivit\u00e9 et polyvalence particuli\u00e8res. Des concepts de machines uniques et innovants permettent de g\u00e9n\u00e9rer de la valeur ajout\u00e9e pour nos clients. Une machine de cintrage de Thoman remplace souvent deux \u00e0 trois machines de type conventionnel.<\/p>\n<\/td>\n<td>\n<p style=\"color: #606060;\">En tant que seul fabricant allemand, Thoman offre des machines de cintrage de profil\u00e9s, de tubes et universelles.<\/p>\n<p style=\"color: #606060;\">Outre le d\u00e9montage et le d\u00e9veloppement de notre programme de machines, le d\u00e9veloppement, la fabrication et l&rsquo;exp\u00e9rimentation d&rsquo;outils et de processus de cintrage sp\u00e9cifiques au client constituent une partie importante de notre activit\u00e9. Nous ne nous limitons pas \u00e0 un processus de cintrage mais pouvons s\u00e9lectionner des processus de cintrage optimaux sur un plan technique et \u00e9conomique.<\/p>\n<p style=\"color: #606060;\">Thoman \u2013 Un partenaire de choix pour toutes les questions autour de la technique de cintrage. Profitez de notre exp\u00e9rience<\/p>\n<\/td>\n<\/tr>\n<\/tbody>\n<\/table>\n","protected":false},"excerpt":{"rendered":"<p>Bienvenue Thoman Biegemaschinen d\u00e9veloppe et fabrique des machines et processus pour cintrer des tubes et profil\u00e9s en acier et aluminium. Notre nom est synonyme de produits innovants d&rsquo;une qualit\u00e9 et fiabilit\u00e9 exceptionnelles. Les machines de cintrage de Thoman convainquent par leur flexibilit\u00e9, productivit\u00e9 et polyvalence particuli\u00e8res. Des concepts de machines uniques et innovants permettent de [&hellip;]<\/p>\n","protected":false},"author":11,"featured_media":0,"parent":0,"menu_order":0,"comment_status":"open","ping_status":"open","template":"home.php","meta":{"footnotes":""},"acf":[],"yoast_head":"<!-- This site is optimized with the Yoast SEO plugin v21.3 - https:\/\/yoast.com\/wordpress\/plugins\/seo\/ -->\n<title>PAGE D&#039;ACCUEIL - Thoman Biegemaschinen<\/title>\n<meta name=\"robots\" content=\"index, follow, max-snippet:-1, max-image-preview:large, max-video-preview:-1\" \/>\n<link rel=\"canonical\" href=\"https:\/\/www.thoman.de\/fr\/\" \/>\n<meta property=\"og:locale\" content=\"fr_FR\" \/>\n<meta property=\"og:type\" content=\"article\" \/>\n<meta property=\"og:title\" content=\"PAGE D&#039;ACCUEIL - Thoman Biegemaschinen\" \/>\n<meta property=\"og:description\" content=\"Bienvenue Thoman Biegemaschinen d\u00e9veloppe et fabrique des machines et processus pour cintrer des tubes et profil\u00e9s en acier et aluminium. Notre nom est synonyme de produits innovants d&rsquo;une qualit\u00e9 et fiabilit\u00e9 exceptionnelles. Les machines de cintrage de Thoman convainquent par leur flexibilit\u00e9, productivit\u00e9 et polyvalence particuli\u00e8res. Des concepts de machines uniques et innovants permettent de [&hellip;]\" \/>\n<meta property=\"og:url\" content=\"https:\/\/www.thoman.de\/fr\/\" \/>\n<meta property=\"og:site_name\" content=\"Thoman Biegemaschinen\" \/>\n<meta property=\"article:modified_time\" content=\"2024-03-29T14:16:26+00:00\" \/>\n<meta name=\"twitter:label1\" content=\"Dur\u00e9e de lecture estim\u00e9e\" \/>\n\t<meta name=\"twitter:data1\" content=\"1 minute\" \/>\n<script type=\"application\/ld+json\" class=\"yoast-schema-graph\">{\"@context\":\"https:\/\/schema.org\",\"@graph\":[{\"@type\":\"WebPage\",\"@id\":\"https:\/\/www.thoman.de\/fr\/\",\"url\":\"https:\/\/www.thoman.de\/fr\/\",\"name\":\"PAGE D'ACCUEIL - Thoman Biegemaschinen\",\"isPartOf\":{\"@id\":\"https:\/\/www.thoman.de\/#website\"},\"datePublished\":\"2014-08-15T20:36:28+00:00\",\"dateModified\":\"2024-03-29T14:16:26+00:00\",\"breadcrumb\":{\"@id\":\"https:\/\/www.thoman.de\/fr\/#breadcrumb\"},\"inLanguage\":\"fr-FR\",\"potentialAction\":[{\"@type\":\"ReadAction\",\"target\":[\"https:\/\/www.thoman.de\/fr\/\"]}]},{\"@type\":\"BreadcrumbList\",\"@id\":\"https:\/\/www.thoman.de\/fr\/#breadcrumb\",\"itemListElement\":[{\"@type\":\"ListItem\",\"position\":1,\"name\":\"Home\",\"item\":\"https:\/\/www.thoman.de\/fr\/\"},{\"@type\":\"ListItem\",\"position\":2,\"name\":\"PAGE D&#8217;ACCUEIL\"}]},{\"@type\":\"WebSite\",\"@id\":\"https:\/\/www.thoman.de\/#website\",\"url\":\"https:\/\/www.thoman.de\/\",\"name\":\"Thoman Biegemaschinen\",\"description\":\"Eine weitere WordPress-Seite\",\"potentialAction\":[{\"@type\":\"SearchAction\",\"target\":{\"@type\":\"EntryPoint\",\"urlTemplate\":\"https:\/\/www.thoman.de\/?s={search_term_string}\"},\"query-input\":\"required name=search_term_string\"}],\"inLanguage\":\"fr-FR\"}]}<\/script>\n<!-- \/ Yoast SEO plugin. -->","yoast_head_json":{"title":"PAGE D'ACCUEIL - Thoman Biegemaschinen","robots":{"index":"index","follow":"follow","max-snippet":"max-snippet:-1","max-image-preview":"max-image-preview:large","max-video-preview":"max-video-preview:-1"},"canonical":"https:\/\/www.thoman.de\/fr\/","og_locale":"fr_FR","og_type":"article","og_title":"PAGE D'ACCUEIL - Thoman Biegemaschinen","og_description":"Bienvenue Thoman Biegemaschinen d\u00e9veloppe et fabrique des machines et processus pour cintrer des tubes et profil\u00e9s en acier et aluminium. Notre nom est synonyme de produits innovants d&rsquo;une qualit\u00e9 et fiabilit\u00e9 exceptionnelles. Les machines de cintrage de Thoman convainquent par leur flexibilit\u00e9, productivit\u00e9 et polyvalence particuli\u00e8res. Des concepts de machines uniques et innovants permettent de [&hellip;]","og_url":"https:\/\/www.thoman.de\/fr\/","og_site_name":"Thoman Biegemaschinen","article_modified_time":"2024-03-29T14:16:26+00:00","twitter_misc":{"Dur\u00e9e de lecture estim\u00e9e":"1 minute"},"schema":{"@context":"https:\/\/schema.org","@graph":[{"@type":"WebPage","@id":"https:\/\/www.thoman.de\/fr\/","url":"https:\/\/www.thoman.de\/fr\/","name":"PAGE D'ACCUEIL - Thoman Biegemaschinen","isPartOf":{"@id":"https:\/\/www.thoman.de\/#website"},"datePublished":"2014-08-15T20:36:28+00:00","dateModified":"2024-03-29T14:16:26+00:00","breadcrumb":{"@id":"https:\/\/www.thoman.de\/fr\/#breadcrumb"},"inLanguage":"fr-FR","potentialAction":[{"@type":"ReadAction","target":["https:\/\/www.thoman.de\/fr\/"]}]},{"@type":"BreadcrumbList","@id":"https:\/\/www.thoman.de\/fr\/#breadcrumb","itemListElement":[{"@type":"ListItem","position":1,"name":"Home","item":"https:\/\/www.thoman.de\/fr\/"},{"@type":"ListItem","position":2,"name":"PAGE D&#8217;ACCUEIL"}]},{"@type":"WebSite","@id":"https:\/\/www.thoman.de\/#website","url":"https:\/\/www.thoman.de\/","name":"Thoman Biegemaschinen","description":"Eine weitere WordPress-Seite","potentialAction":[{"@type":"SearchAction","target":{"@type":"EntryPoint","urlTemplate":"https:\/\/www.thoman.de\/?s={search_term_string}"},"query-input":"required name=search_term_string"}],"inLanguage":"fr-FR"}]}},"_links":{"self":[{"href":"https:\/\/www.thoman.de\/fr\/wp-json\/wp\/v2\/pages\/142"}],"collection":[{"href":"https:\/\/www.thoman.de\/fr\/wp-json\/wp\/v2\/pages"}],"about":[{"href":"https:\/\/www.thoman.de\/fr\/wp-json\/wp\/v2\/types\/page"}],"author":[{"embeddable":true,"href":"https:\/\/www.thoman.de\/fr\/wp-json\/wp\/v2\/users\/11"}],"replies":[{"embeddable":true,"href":"https:\/\/www.thoman.de\/fr\/wp-json\/wp\/v2\/comments?post=142"}],"version-history":[{"count":19,"href":"https:\/\/www.thoman.de\/fr\/wp-json\/wp\/v2\/pages\/142\/revisions"}],"predecessor-version":[{"id":5978,"href":"https:\/\/www.thoman.de\/fr\/wp-json\/wp\/v2\/pages\/142\/revisions\/5978"}],"wp:attachment":[{"href":"https:\/\/www.thoman.de\/fr\/wp-json\/wp\/v2\/media?parent=142"}],"curies":[{"name":"wp","href":"https:\/\/api.w.org\/{rel}","templated":true}]}}