{"id":3407,"date":"2014-09-09T16:46:24","date_gmt":"2014-09-09T14:46:24","guid":{"rendered":"http:\/\/thoman.de\/footer-2\/"},"modified":"2024-04-29T07:14:05","modified_gmt":"2024-04-29T05:14:05","slug":"footer","status":"publish","type":"page","link":"https:\/\/www.thoman.de\/fr\/footer\/","title":{"rendered":"Footer"},"content":{"rendered":"<table>\n<tbody>\n<tr>\n<td style=\"width: 200px !important;\"><strong>Thoman Biegemaschinen\u00a0GmbH<\/strong><br \/>\nMittelmatten 1 ; Am Sportplatz<br \/>\nD &#8211; 79206 Breisach-Oberrimsingen<br \/>\nTel.: (0049) 07664 402858 0<br \/>\nFax.: (0049) 07664 402858 99<br \/>\nbiegen @ thoman.de<\/td>\n<td style=\"width: 170px;\"><a title=\"PAGE D\u2019ACCUEIL\" href=\"https:\/\/www.thoman.de\/fr\/\"><strong>Page d&rsquo;accueil<\/strong><\/a><br \/>\n<a title=\"Machine de cintrage de profil\u00e9s\" href=\"https:\/\/www.thoman.de\/fr\/machines\/machine-de-cintrage-de-profiles\/\">Machines de cintrage de profil\u00e9s<\/a><br \/>\n<a title=\"Machines de cintrage de tubes\" href=\"https:\/\/www.thoman.de\/fr\/machines\/machines-de-cintrage-de-tubes\/\">Machines de cintrage de tubes<\/a><br \/>\n<a title=\"Machines de cintrage universelles\" href=\"https:\/\/www.thoman.de\/fr\/machines\/machines-de-cintrage-universelles\/\">Machines de cintrage universelles<\/a><br \/>\n<a title=\"Commandes\" href=\"https:\/\/www.thoman.de\/fr\/machines\/commandes\/\">Commandes<\/a><br \/>\n<a title=\"Cintrage en spirale\" href=\"https:\/\/www.thoman.de\/fr\/machines\/cintrage-en-spirale\/\">Cintrage en spirale<\/a><\/td>\n<td style=\"width: 109px;\"><a title=\"Centre technique\" href=\"https:\/\/www.thoman.de\/fr\/centre-technique\/\"><strong>Centre technique<\/strong><\/a><br \/>\n<a title=\"Pr\u00e9sentation\" href=\"https:\/\/www.thoman.de\/fr\/centre-technique\/presentation\/\">Pr\u00e9sentation<\/a><br \/>\n<a title=\"Formation\" href=\"https:\/\/www.thoman.de\/fr\/centre-technique\/formation\/\">Formation<\/a><br \/>\n<a title=\"D\u00e9partement de cintrage\" href=\"https:\/\/www.thoman.de\/fr\/centre-technique\/departement-de-cintrage\/\">D\u00e9partement cintrage<\/a><\/td>\n<td style=\"width: 139px;\"><a title=\"Entreprise\" href=\"https:\/\/www.thoman.de\/fr\/entreprise\/\"><strong>Entreprise<\/strong><\/a><br \/>\n<a title=\"Actualit\u00e9s\" href=\"https:\/\/www.thoman.de\/fr\/entreprise\/actualites\/\">Actualit\u00e9s<\/a><br \/>\n<a title=\"March\u00e9 de l\u2019emploi\" href=\"https:\/\/www.thoman.de\/fr\/entreprise\/marche-de-lemploi\/\">March\u00e9 de l&#8217;emploi<\/a><br \/>\n<a title=\"Applications\" href=\"https:\/\/www.thoman.de\/fr\/applications\/\"><strong>Applications<\/strong><\/a><br \/>\n<a title=\"R\u00e9f\u00e9rences\" href=\"https:\/\/www.thoman.de\/fr\/references\/\"><strong> R\u00e9f\u00e9rences<\/strong><\/a><\/td>\n<td style=\"width: 149px;\"><a title=\"Contact\" href=\"https:\/\/www.thoman.de\/fr\/contact\/\"><strong>Contact<\/strong><\/a><br \/>\n<a title=\"Acc\u00e8s\/carte\" href=\"https:\/\/www.thoman.de\/fr\/contact\/accescarte\/\">Acc\u00e8s\/carte<\/a><br \/>\n<a title=\"Partenaire commercial\" href=\"https:\/\/www.thoman.de\/fr\/contact\/partenaire-commercial\/\">Partenaire commercial<\/a><br \/>\n<a title=\"T\u00e9l\u00e9chargements\" href=\"https:\/\/www.thoman.de\/fr\/telechargements\/\">T\u00e9l\u00e9chargement<\/a><br \/>\n<a title=\"Galerie d\u2019images\" href=\"https:\/\/www.thoman.de\/fr\/applications\/galerie-dimages\/\">Galerie d&rsquo;images<\/a><br \/>\n<a title=\"Sitemap\" href=\"https:\/\/www.thoman.de\/fr\/sidemap\/\">Sidemap<\/a><\/td>\n<td style=\"width: 168px;\">\n<p class=\"download\" style=\"background: #cc0033; padding: 10px; text-align: center; margin-bottom: 15px;\"><a title=\"S\u2019abonner \u00e0 la Newsletter\" href=\"https:\/\/www.thoman.de\/fr\/sabonner-a-la-newsletter\/\">S&rsquo;abonner \u00e0 la Newsletter<\/a><\/p>\n<p><a title=\"Mentions l\u00e9gales\" href=\"https:\/\/www.thoman.de\/fr\/mentions-legales\/\">Mentions l\u00e9gales<br \/>\n<\/a><a title=\"Legal Note\" href=\"https:\/\/www.thoman.de\/fr\/privacy-policy\/\">Privacy Policy<\/a><br \/>\n\u00a9 2024 copyright Thoman Biegemaschinen GmbH<\/td>\n<\/tr>\n<\/tbody>\n<\/table>\n<p>&nbsp;<\/p>\n","protected":false},"excerpt":{"rendered":"<p>Thoman Biegemaschinen\u00a0GmbH Mittelmatten 1 ; Am Sportplatz D &#8211; 79206 Breisach-Oberrimsingen Tel.: (0049) 07664 402858 0 Fax.: (0049) 07664 402858 99 biegen @ thoman.de Page d&rsquo;accueil Machines de cintrage de profil\u00e9s Machines de cintrage de tubes Machines de cintrage universelles Commandes Cintrage en spirale Centre technique Pr\u00e9sentation Formation D\u00e9partement cintrage Entreprise Actualit\u00e9s March\u00e9 de l&#8217;emploi [&hellip;]<\/p>\n","protected":false},"author":11,"featured_media":0,"parent":0,"menu_order":0,"comment_status":"open","ping_status":"open","template":"","meta":{"footnotes":""},"acf":[],"yoast_head":"<!-- This site is optimized with the Yoast SEO plugin v21.3 - https:\/\/yoast.com\/wordpress\/plugins\/seo\/ -->\n<title>Footer - Thoman Biegemaschinen<\/title>\n<meta name=\"robots\" content=\"index, follow, max-snippet:-1, max-image-preview:large, max-video-preview:-1\" \/>\n<link rel=\"canonical\" href=\"https:\/\/www.thoman.de\/fr\/footer\/\" \/>\n<meta property=\"og:locale\" content=\"fr_FR\" \/>\n<meta property=\"og:type\" content=\"article\" \/>\n<meta property=\"og:title\" content=\"Footer - Thoman Biegemaschinen\" \/>\n<meta property=\"og:description\" content=\"Thoman Biegemaschinen\u00a0GmbH Mittelmatten 1 ; Am Sportplatz D &#8211; 79206 Breisach-Oberrimsingen Tel.: (0049) 07664 402858 0 Fax.: (0049) 07664 402858 99 biegen @ thoman.de Page d&rsquo;accueil Machines de cintrage de profil\u00e9s Machines de cintrage de tubes Machines de cintrage universelles Commandes Cintrage en spirale Centre technique Pr\u00e9sentation Formation D\u00e9partement cintrage Entreprise Actualit\u00e9s March\u00e9 de l&#8217;emploi [&hellip;]\" \/>\n<meta property=\"og:url\" content=\"https:\/\/www.thoman.de\/fr\/footer\/\" \/>\n<meta property=\"og:site_name\" content=\"Thoman Biegemaschinen\" \/>\n<meta property=\"article:modified_time\" content=\"2024-04-29T05:14:05+00:00\" \/>\n<meta name=\"twitter:label1\" content=\"Dur\u00e9e de lecture estim\u00e9e\" \/>\n\t<meta name=\"twitter:data1\" content=\"1 minute\" \/>\n<script type=\"application\/ld+json\" class=\"yoast-schema-graph\">{\"@context\":\"https:\/\/schema.org\",\"@graph\":[{\"@type\":\"WebPage\",\"@id\":\"https:\/\/www.thoman.de\/fr\/footer\/\",\"url\":\"https:\/\/www.thoman.de\/fr\/footer\/\",\"name\":\"Footer - Thoman Biegemaschinen\",\"isPartOf\":{\"@id\":\"https:\/\/www.thoman.de\/#website\"},\"datePublished\":\"2014-09-09T14:46:24+00:00\",\"dateModified\":\"2024-04-29T05:14:05+00:00\",\"breadcrumb\":{\"@id\":\"https:\/\/www.thoman.de\/fr\/footer\/#breadcrumb\"},\"inLanguage\":\"fr-FR\",\"potentialAction\":[{\"@type\":\"ReadAction\",\"target\":[\"https:\/\/www.thoman.de\/fr\/footer\/\"]}]},{\"@type\":\"BreadcrumbList\",\"@id\":\"https:\/\/www.thoman.de\/fr\/footer\/#breadcrumb\",\"itemListElement\":[{\"@type\":\"ListItem\",\"position\":1,\"name\":\"Home\",\"item\":\"https:\/\/www.thoman.de\/fr\/\"},{\"@type\":\"ListItem\",\"position\":2,\"name\":\"Footer\"}]},{\"@type\":\"WebSite\",\"@id\":\"https:\/\/www.thoman.de\/#website\",\"url\":\"https:\/\/www.thoman.de\/\",\"name\":\"Thoman Biegemaschinen\",\"description\":\"Eine weitere WordPress-Seite\",\"potentialAction\":[{\"@type\":\"SearchAction\",\"target\":{\"@type\":\"EntryPoint\",\"urlTemplate\":\"https:\/\/www.thoman.de\/?s={search_term_string}\"},\"query-input\":\"required name=search_term_string\"}],\"inLanguage\":\"fr-FR\"}]}<\/script>\n<!-- \/ Yoast SEO plugin. -->","yoast_head_json":{"title":"Footer - Thoman Biegemaschinen","robots":{"index":"index","follow":"follow","max-snippet":"max-snippet:-1","max-image-preview":"max-image-preview:large","max-video-preview":"max-video-preview:-1"},"canonical":"https:\/\/www.thoman.de\/fr\/footer\/","og_locale":"fr_FR","og_type":"article","og_title":"Footer - Thoman Biegemaschinen","og_description":"Thoman Biegemaschinen\u00a0GmbH Mittelmatten 1 ; Am Sportplatz D &#8211; 79206 Breisach-Oberrimsingen Tel.: (0049) 07664 402858 0 Fax.: (0049) 07664 402858 99 biegen @ thoman.de Page d&rsquo;accueil Machines de cintrage de profil\u00e9s Machines de cintrage de tubes Machines de cintrage universelles Commandes Cintrage en spirale Centre technique Pr\u00e9sentation Formation D\u00e9partement cintrage Entreprise Actualit\u00e9s March\u00e9 de l&#8217;emploi [&hellip;]","og_url":"https:\/\/www.thoman.de\/fr\/footer\/","og_site_name":"Thoman Biegemaschinen","article_modified_time":"2024-04-29T05:14:05+00:00","twitter_misc":{"Dur\u00e9e de lecture estim\u00e9e":"1 minute"},"schema":{"@context":"https:\/\/schema.org","@graph":[{"@type":"WebPage","@id":"https:\/\/www.thoman.de\/fr\/footer\/","url":"https:\/\/www.thoman.de\/fr\/footer\/","name":"Footer - Thoman Biegemaschinen","isPartOf":{"@id":"https:\/\/www.thoman.de\/#website"},"datePublished":"2014-09-09T14:46:24+00:00","dateModified":"2024-04-29T05:14:05+00:00","breadcrumb":{"@id":"https:\/\/www.thoman.de\/fr\/footer\/#breadcrumb"},"inLanguage":"fr-FR","potentialAction":[{"@type":"ReadAction","target":["https:\/\/www.thoman.de\/fr\/footer\/"]}]},{"@type":"BreadcrumbList","@id":"https:\/\/www.thoman.de\/fr\/footer\/#breadcrumb","itemListElement":[{"@type":"ListItem","position":1,"name":"Home","item":"https:\/\/www.thoman.de\/fr\/"},{"@type":"ListItem","position":2,"name":"Footer"}]},{"@type":"WebSite","@id":"https:\/\/www.thoman.de\/#website","url":"https:\/\/www.thoman.de\/","name":"Thoman Biegemaschinen","description":"Eine weitere WordPress-Seite","potentialAction":[{"@type":"SearchAction","target":{"@type":"EntryPoint","urlTemplate":"https:\/\/www.thoman.de\/?s={search_term_string}"},"query-input":"required name=search_term_string"}],"inLanguage":"fr-FR"}]}},"_links":{"self":[{"href":"https:\/\/www.thoman.de\/fr\/wp-json\/wp\/v2\/pages\/3407"}],"collection":[{"href":"https:\/\/www.thoman.de\/fr\/wp-json\/wp\/v2\/pages"}],"about":[{"href":"https:\/\/www.thoman.de\/fr\/wp-json\/wp\/v2\/types\/page"}],"author":[{"embeddable":true,"href":"https:\/\/www.thoman.de\/fr\/wp-json\/wp\/v2\/users\/11"}],"replies":[{"embeddable":true,"href":"https:\/\/www.thoman.de\/fr\/wp-json\/wp\/v2\/comments?post=3407"}],"version-history":[{"count":14,"href":"https:\/\/www.thoman.de\/fr\/wp-json\/wp\/v2\/pages\/3407\/revisions"}],"predecessor-version":[{"id":6017,"href":"https:\/\/www.thoman.de\/fr\/wp-json\/wp\/v2\/pages\/3407\/revisions\/6017"}],"wp:attachment":[{"href":"https:\/\/www.thoman.de\/fr\/wp-json\/wp\/v2\/media?parent=3407"}],"curies":[{"name":"wp","href":"https:\/\/api.w.org\/{rel}","templated":true}]}}