{"id":3409,"date":"2014-08-14T17:25:29","date_gmt":"2014-08-14T15:25:29","guid":{"rendered":"http:\/\/thoman.de\/impressum-2\/"},"modified":"2022-03-24T08:03:50","modified_gmt":"2022-03-24T07:03:50","slug":"mentions-legales","status":"publish","type":"page","link":"https:\/\/www.thoman.de\/fr\/mentions-legales\/","title":{"rendered":"Mentions l\u00e9gales"},"content":{"rendered":"<h1>Mentions l\u00e9gales<\/h1>\n<table class=\"partner\">\n<tbody>\n<tr>\n<td>\n<h3 style=\"margin-bottom: 10px; margin-top: 0px;\">THOMAN BIEGEMASCHINEN\u00a0GmbH<\/h3>\n<p>Mittelmatten 1<br \/>\nD &#8211; 79206 Breisach- Oberrimsingen<br \/>\nTel.: +49 7664 \/ 402858 0<br \/>\nFax.: +49 7664 \/ 402858 99<br \/>\nDirecteur g\u00e9n\u00e9rale :<br \/>\nWolfgang Thoman<br \/>\nClaudia Mu\u0308ller<\/p>\n<p>No. TVA: <span lang=\"DE\">DE 309494751<br \/>\nRegistre du commerce: Freiburg HRB 715586<\/span><\/p>\n<h3 style=\"margin-bottom: 10px;\">Responsabilit\u00e9 relative au contenu<\/h3>\n<p>Le contenu de nos pages a \u00e9t\u00e9 \u00e9labor\u00e9 avec le plus grand soin. Nous n&rsquo;endossons toutefois aucune responsabilit\u00e9 quant \u00e0 l&rsquo;exactitude, l&rsquo;exhaustivit\u00e9 et l&rsquo;actualit\u00e9 du contenu.<\/p>\n<p>&nbsp;<\/p>\n<p>En tant que prestataires de service, nous sommes responsables du contenu de ces pages selon les lois g\u00e9n\u00e9rales conform\u00e9ment au \u00a7 6 par.1 MDStV et \u00a7 8 par.1 TDG. Les prestataires de service ne sont toutefois pas tenus de contr\u00f4ler les informations externes transmises ou enregistr\u00e9es par vos soins, ou de rechercher activement les circonstances r\u00e9v\u00e9lant des activit\u00e9s illicites. L&rsquo;obligation de supprimer ou de bloquer l&rsquo;utilisation d&rsquo;informations selon les lois g\u00e9n\u00e9rales en vigueur reste toutefois inchang\u00e9e. Une responsabilit\u00e9 dans ce domaine n&rsquo;est cependant possible qu&rsquo;\u00e0 compter du moment o\u00f9 une violation concr\u00e8te de la loi est connue. Le contenu concern\u00e9 par une violation de la loi sera supprim\u00e9 imm\u00e9diatement \u00e0 la divulgation de ladite violation.<\/p>\n<h4>Responsabilit\u00e9 relative aux liens<\/h4>\n<p>Notre offre comprend des liens vers d&rsquo;autres sites Internet, dont le contenu \u00e9chappe \u00e0 notre influence. Par cons\u00e9quent, nous ne pouvons endosser une quelconque responsabilit\u00e9 quant au contenu propos\u00e9 par ces tiers. Le responsable du contenu des sites mis en lien est toujours le fournisseur ou l&rsquo;exploitant des sites concern\u00e9s.<\/td>\n<td style=\"margin-top: -10px;\">Au moment de l&rsquo;affichage des liens, les pages pr\u00e9sent\u00e9es en liens ont \u00e9t\u00e9 contr\u00f4l\u00e9es pour v\u00e9rifier d&rsquo;\u00e9ventuelles infractions \u00e0 la l\u00e9gislation.<br \/>\nAucun contenu ill\u00e9gal n&rsquo;\u00e9tait identifiable au moment de la cr\u00e9ation du lien. En outre, un contr\u00f4le permanent du contenu des pages mises en lien n&rsquo;est pas raisonnable s&rsquo;il n&rsquo;existe pas un indice concret de violation. Si nous prenons connaissance de violations de la loi, nous \u00e9liminerons imm\u00e9diatement les liens concern\u00e9s.<\/p>\n<h4>Droits d&rsquo;auteur<\/h4>\n<p>Les exploitants des sites mettent tout en \u0153uvre pour respecter les droits d&rsquo;auteur et utiliser des \u0153uvres cr\u00e9\u00e9es par leurs soins ou sans licence. Le contenu et les \u0153uvres r\u00e9alis\u00e9s par les exploitants du site sont prot\u00e9g\u00e9s sur ces sites par les droits d&rsquo;auteur allemands. Les contributions des tiers sont identifi\u00e9es comme telles. La reproduction, le traitement, la diffusion et tout type d&rsquo;utilisation non conforme aux limites des droits d&rsquo;auteur requi\u00e8rent l&rsquo;autorisation \u00e9crite de l&rsquo;auteur ou du r\u00e9dacteur initial. Les t\u00e9l\u00e9chargements et copies de ce site ne sont pas autoris\u00e9es \u00e0 des fins commerciales, mais uniquement \u00e0 des fins priv\u00e9es.<\/p>\n<h4>Protection des donn\u00e9es<\/h4>\n<p>Toutes les donn\u00e9es personnelles (comme p.ex. le nom, l&rsquo;adresse, ou des adresses E-mail) recueillies sur nos pages ont \u00e9t\u00e9 fournies volontairement dans la mesure du possible. L&rsquo;utilisation des offres et services est, dans la mesure du possible, toujours possible sans avoir \u00e0 fournir de donn\u00e9es personnelles.<\/p>\n<p>&nbsp;<\/p>\n<p>L&rsquo;utilisation par des tiers des coordonn\u00e9es de contacts publi\u00e9es dans le cadre des mentions l\u00e9gales en vue de l&rsquo;envoi de publicit\u00e9 et de mat\u00e9riel publicitaire non explicitement demand\u00e9s est ainsi express\u00e9ment interdite. Les exploitants des sites se r\u00e9servent express\u00e9ment le droit d&rsquo;entamer des actions judiciaires dans le cas de l&rsquo;envoi non sollicit\u00e9 d&rsquo;informations publicitaires, par exemple par courriels spam.<\/p>\n<h4><\/h4>\n<\/td>\n<\/tr>\n<\/tbody>\n<\/table>\n<p>&nbsp;<\/p>\n","protected":false},"excerpt":{"rendered":"<p>Mentions l\u00e9gales THOMAN BIEGEMASCHINEN\u00a0GmbH Mittelmatten 1 D &#8211; 79206 Breisach- Oberrimsingen Tel.: +49 7664 \/ 402858 0 Fax.: +49 7664 \/ 402858 99 Directeur g\u00e9n\u00e9rale : Wolfgang Thoman Claudia Mu\u0308ller No. TVA: DE 309494751 Registre du commerce: Freiburg HRB 715586 Responsabilit\u00e9 relative au contenu Le contenu de nos pages a \u00e9t\u00e9 \u00e9labor\u00e9 avec le plus [&hellip;]<\/p>\n","protected":false},"author":11,"featured_media":0,"parent":0,"menu_order":0,"comment_status":"open","ping_status":"open","template":"","meta":{"footnotes":""},"acf":[],"yoast_head":"<!-- This site is optimized with the Yoast SEO plugin v21.3 - https:\/\/yoast.com\/wordpress\/plugins\/seo\/ -->\n<title>Mentions l\u00e9gales - Thoman Biegemaschinen<\/title>\n<meta name=\"robots\" content=\"noindex, follow\" \/>\n<meta property=\"og:locale\" content=\"fr_FR\" \/>\n<meta property=\"og:type\" content=\"article\" \/>\n<meta property=\"og:title\" content=\"Mentions l\u00e9gales - Thoman Biegemaschinen\" \/>\n<meta property=\"og:description\" content=\"Mentions l\u00e9gales THOMAN BIEGEMASCHINEN\u00a0GmbH Mittelmatten 1 D &#8211; 79206 Breisach- Oberrimsingen Tel.: +49 7664 \/ 402858 0 Fax.: +49 7664 \/ 402858 99 Directeur g\u00e9n\u00e9rale : Wolfgang Thoman Claudia Mu\u0308ller No. TVA: DE 309494751 Registre du commerce: Freiburg HRB 715586 Responsabilit\u00e9 relative au contenu Le contenu de nos pages a \u00e9t\u00e9 \u00e9labor\u00e9 avec le plus [&hellip;]\" \/>\n<meta property=\"og:url\" content=\"https:\/\/www.thoman.de\/fr\/mentions-legales\/\" \/>\n<meta property=\"og:site_name\" content=\"Thoman Biegemaschinen\" \/>\n<meta property=\"article:modified_time\" content=\"2022-03-24T07:03:50+00:00\" \/>\n<meta name=\"twitter:label1\" content=\"Dur\u00e9e de lecture estim\u00e9e\" \/>\n\t<meta name=\"twitter:data1\" content=\"3 minutes\" \/>\n<script type=\"application\/ld+json\" class=\"yoast-schema-graph\">{\"@context\":\"https:\/\/schema.org\",\"@graph\":[{\"@type\":\"WebPage\",\"@id\":\"https:\/\/www.thoman.de\/fr\/mentions-legales\/\",\"url\":\"https:\/\/www.thoman.de\/fr\/mentions-legales\/\",\"name\":\"Mentions l\u00e9gales - Thoman Biegemaschinen\",\"isPartOf\":{\"@id\":\"https:\/\/www.thoman.de\/#website\"},\"datePublished\":\"2014-08-14T15:25:29+00:00\",\"dateModified\":\"2022-03-24T07:03:50+00:00\",\"breadcrumb\":{\"@id\":\"https:\/\/www.thoman.de\/fr\/mentions-legales\/#breadcrumb\"},\"inLanguage\":\"fr-FR\",\"potentialAction\":[{\"@type\":\"ReadAction\",\"target\":[\"https:\/\/www.thoman.de\/fr\/mentions-legales\/\"]}]},{\"@type\":\"BreadcrumbList\",\"@id\":\"https:\/\/www.thoman.de\/fr\/mentions-legales\/#breadcrumb\",\"itemListElement\":[{\"@type\":\"ListItem\",\"position\":1,\"name\":\"Home\",\"item\":\"https:\/\/www.thoman.de\/fr\/\"},{\"@type\":\"ListItem\",\"position\":2,\"name\":\"Mentions l\u00e9gales\"}]},{\"@type\":\"WebSite\",\"@id\":\"https:\/\/www.thoman.de\/#website\",\"url\":\"https:\/\/www.thoman.de\/\",\"name\":\"Thoman Biegemaschinen\",\"description\":\"Eine weitere WordPress-Seite\",\"potentialAction\":[{\"@type\":\"SearchAction\",\"target\":{\"@type\":\"EntryPoint\",\"urlTemplate\":\"https:\/\/www.thoman.de\/?s={search_term_string}\"},\"query-input\":\"required name=search_term_string\"}],\"inLanguage\":\"fr-FR\"}]}<\/script>\n<!-- \/ Yoast SEO plugin. -->","yoast_head_json":{"title":"Mentions l\u00e9gales - Thoman Biegemaschinen","robots":{"index":"noindex","follow":"follow"},"og_locale":"fr_FR","og_type":"article","og_title":"Mentions l\u00e9gales - Thoman Biegemaschinen","og_description":"Mentions l\u00e9gales THOMAN BIEGEMASCHINEN\u00a0GmbH Mittelmatten 1 D &#8211; 79206 Breisach- Oberrimsingen Tel.: +49 7664 \/ 402858 0 Fax.: +49 7664 \/ 402858 99 Directeur g\u00e9n\u00e9rale : Wolfgang Thoman Claudia Mu\u0308ller No. TVA: DE 309494751 Registre du commerce: Freiburg HRB 715586 Responsabilit\u00e9 relative au contenu Le contenu de nos pages a \u00e9t\u00e9 \u00e9labor\u00e9 avec le plus [&hellip;]","og_url":"https:\/\/www.thoman.de\/fr\/mentions-legales\/","og_site_name":"Thoman Biegemaschinen","article_modified_time":"2022-03-24T07:03:50+00:00","twitter_misc":{"Dur\u00e9e de lecture estim\u00e9e":"3 minutes"},"schema":{"@context":"https:\/\/schema.org","@graph":[{"@type":"WebPage","@id":"https:\/\/www.thoman.de\/fr\/mentions-legales\/","url":"https:\/\/www.thoman.de\/fr\/mentions-legales\/","name":"Mentions l\u00e9gales - Thoman Biegemaschinen","isPartOf":{"@id":"https:\/\/www.thoman.de\/#website"},"datePublished":"2014-08-14T15:25:29+00:00","dateModified":"2022-03-24T07:03:50+00:00","breadcrumb":{"@id":"https:\/\/www.thoman.de\/fr\/mentions-legales\/#breadcrumb"},"inLanguage":"fr-FR","potentialAction":[{"@type":"ReadAction","target":["https:\/\/www.thoman.de\/fr\/mentions-legales\/"]}]},{"@type":"BreadcrumbList","@id":"https:\/\/www.thoman.de\/fr\/mentions-legales\/#breadcrumb","itemListElement":[{"@type":"ListItem","position":1,"name":"Home","item":"https:\/\/www.thoman.de\/fr\/"},{"@type":"ListItem","position":2,"name":"Mentions l\u00e9gales"}]},{"@type":"WebSite","@id":"https:\/\/www.thoman.de\/#website","url":"https:\/\/www.thoman.de\/","name":"Thoman Biegemaschinen","description":"Eine weitere WordPress-Seite","potentialAction":[{"@type":"SearchAction","target":{"@type":"EntryPoint","urlTemplate":"https:\/\/www.thoman.de\/?s={search_term_string}"},"query-input":"required name=search_term_string"}],"inLanguage":"fr-FR"}]}},"_links":{"self":[{"href":"https:\/\/www.thoman.de\/fr\/wp-json\/wp\/v2\/pages\/3409"}],"collection":[{"href":"https:\/\/www.thoman.de\/fr\/wp-json\/wp\/v2\/pages"}],"about":[{"href":"https:\/\/www.thoman.de\/fr\/wp-json\/wp\/v2\/types\/page"}],"author":[{"embeddable":true,"href":"https:\/\/www.thoman.de\/fr\/wp-json\/wp\/v2\/users\/11"}],"replies":[{"embeddable":true,"href":"https:\/\/www.thoman.de\/fr\/wp-json\/wp\/v2\/comments?post=3409"}],"version-history":[{"count":8,"href":"https:\/\/www.thoman.de\/fr\/wp-json\/wp\/v2\/pages\/3409\/revisions"}],"predecessor-version":[{"id":5752,"href":"https:\/\/www.thoman.de\/fr\/wp-json\/wp\/v2\/pages\/3409\/revisions\/5752"}],"wp:attachment":[{"href":"https:\/\/www.thoman.de\/fr\/wp-json\/wp\/v2\/media?parent=3409"}],"curies":[{"name":"wp","href":"https:\/\/api.w.org\/{rel}","templated":true}]}}