{"id":3436,"date":"2014-08-14T16:53:49","date_gmt":"2014-08-14T14:53:49","guid":{"rendered":"http:\/\/thoman.de\/maschinen\/rohrbiegemaschinen\/"},"modified":"2014-09-22T01:32:58","modified_gmt":"2014-09-21T23:32:58","slug":"machines-de-cintrage-de-tubes","status":"publish","type":"page","link":"https:\/\/www.thoman.de\/fr\/machines\/machines-de-cintrage-de-tubes\/","title":{"rendered":"Machines de cintrage de tubes"},"content":{"rendered":"<h1>Machine de cintrage de tubes type FK<\/h1>\n<h2>semi-automatique ou enti\u00e8rement automatique, le bon choix<\/h2>\n<table>\n<tbody>\n<tr>\n<td>\n<p style=\"color: #606060;\">Qu&rsquo;il s&rsquo;agisse de construction d&rsquo;installations, de construction de machines ou de construction m\u00e9tallique, lorsque des tubes cintr\u00e9s sont n\u00e9cessaires, utilisez les machines de cintrage de tubes type FK. Les machines de cintrage de tubes de la gamme FK sont disponibles en version semi-automatique ou enti\u00e8rement automatique.<\/p>\n<p style=\"color: #606060;\">Toutes les machines de cintrage de tubes de Thoman disposent d&rsquo;une t\u00eate de cintrage extr\u00eamement compacte, d\u00e9tach\u00e9e et mont\u00e9e de fa\u00e7on expos\u00e9e. Ainsi, une plage de cintrage maximale est garantie.<\/p>\n<\/td>\n<td>\n<p style=\"color: #606060;\">De nombreuses pi\u00e8ces \u00e0 cintrer, qui ne sont pas traitables sur les autres machines de cintrage de tubes en raison de la collision entre la pi\u00e8ce \u00e0 cintrer et le corps de la machine, peuvent souvent \u00eatre cintr\u00e9es sans probl\u00e8me sur une machine de cintrage de tubes type FK.<\/p>\n<p style=\"color: #606060;\">Les machines conviennent \u00e0 la fabrication des pi\u00e8ces individuelles et en s\u00e9rie. Les machines de centrage de tubes type FK allient solide construction de machines et technique de commande la plus moderne pour un excellent qualit\u00e9-prix.<\/p>\n<\/td>\n<\/tr>\n<\/tbody>\n<\/table>\n<h3 class=\"data-v1\">Puissance de cintrage\/aper\u00e7u<\/h3>\n<table class=\"data-v1 table-line table\">\n<tbody>\n<tr>\n<th style=\"text-align: left;\">Contour<\/th>\n<th style=\"text-align: left;\">FK 50<\/th>\n<th style=\"text-align: left;\">FK 60<\/th>\n<th style=\"text-align: left;\">FK 76<\/th>\n<th style=\"text-align: left;\">FK 90<\/th>\n<\/tr>\n<tr>\n<td>\u00a0<a href=\"https:\/\/www.thoman.de\/wp-content\/uploads\/2014\/09\/typ2.png\"><img decoding=\"async\" class=\"alignleft wp-image-1360\" src=\"https:\/\/www.thoman.de\/wp-content\/uploads\/2014\/09\/typ2.png\" alt=\"Profil-Rohr\" width=\"90\" height=\"30\" \/><\/a><\/td>\n<td>50&#215;3<\/td>\n<td>60&#215;3<\/td>\n<td>76&#215;3<\/td>\n<td>90&#215;3<\/td>\n<\/tr>\n<tr>\n<td><a href=\"https:\/\/www.thoman.de\/wp-content\/uploads\/2014\/09\/typ1.png\"><img decoding=\"async\" class=\"alignnone wp-image-1362\" src=\"https:\/\/www.thoman.de\/wp-content\/uploads\/2014\/09\/typ1.png\" alt=\"Profil-VKrohr\" width=\"90\" height=\"30\" \/><\/a><\/td>\n<td>35&#215;2,5<\/td>\n<td>40&#215;3<\/td>\n<td>50&#215;3<\/td>\n<td>70&#215;3<\/td>\n<\/tr>\n<\/tbody>\n<\/table>\n<table>\n<tbody>\n<tr>\n<td>\n<p style=\"color: #606060;\">Le tableau ne pr\u00e9sente qu&rsquo;un \u00e9chantillon des profil\u00e9s et dimensions possibles.<\/p>\n<p style=\"color: #606060;\">D&rsquo;autres formes de profil\u00e9s, dimensions ou profil\u00e9s sp\u00e9ciaux sont possibles \u00e0 tout instant.<\/p>\n<\/td>\n<td>\n<p style=\"color: #606060;\">Les donn\u00e9es sont valables pour l&rsquo;acier avec une r\u00e9sistance \u00e0 la traction max. de Rm=400N\/mm2.<\/p>\n<p style=\"color: #606060;\">Pour les profil\u00e9s en aluminium, acier inoxydable ou autres mat\u00e9riaux \u00e0 haute performance, les valeurs nominales sont diff\u00e9rentes.<\/p>\n<\/td>\n<\/tr>\n<\/tbody>\n<\/table>\n","protected":false},"excerpt":{"rendered":"<p>Machine de cintrage de tubes type FK semi-automatique ou enti\u00e8rement automatique, le bon choix Qu&rsquo;il s&rsquo;agisse de construction d&rsquo;installations, de construction de machines ou de construction m\u00e9tallique, lorsque des tubes cintr\u00e9s sont n\u00e9cessaires, utilisez les machines de cintrage de tubes type FK. Les machines de cintrage de tubes de la gamme FK sont disponibles en [&hellip;]<\/p>\n","protected":false},"author":11,"featured_media":0,"parent":3421,"menu_order":0,"comment_status":"open","ping_status":"open","template":"","meta":{"footnotes":""},"acf":[],"yoast_head":"<!-- This site is optimized with the Yoast SEO plugin v21.3 - https:\/\/yoast.com\/wordpress\/plugins\/seo\/ -->\n<title>Machines de cintrage de tubes - Thoman Biegemaschinen<\/title>\n<meta name=\"robots\" content=\"index, follow, max-snippet:-1, max-image-preview:large, max-video-preview:-1\" \/>\n<link rel=\"canonical\" href=\"https:\/\/www.thoman.de\/fr\/machines\/machines-de-cintrage-de-tubes\/\" \/>\n<meta property=\"og:locale\" content=\"fr_FR\" \/>\n<meta property=\"og:type\" content=\"article\" \/>\n<meta property=\"og:title\" content=\"Machines de cintrage de tubes - Thoman Biegemaschinen\" \/>\n<meta property=\"og:description\" content=\"Machine de cintrage de tubes type FK semi-automatique ou enti\u00e8rement automatique, le bon choix Qu&rsquo;il s&rsquo;agisse de construction d&rsquo;installations, de construction de machines ou de construction m\u00e9tallique, lorsque des tubes cintr\u00e9s sont n\u00e9cessaires, utilisez les machines de cintrage de tubes type FK. Les machines de cintrage de tubes de la gamme FK sont disponibles en [&hellip;]\" \/>\n<meta property=\"og:url\" content=\"https:\/\/www.thoman.de\/fr\/machines\/machines-de-cintrage-de-tubes\/\" \/>\n<meta property=\"og:site_name\" content=\"Thoman Biegemaschinen\" \/>\n<meta property=\"article:modified_time\" content=\"2014-09-21T23:32:58+00:00\" \/>\n<meta property=\"og:image\" content=\"https:\/\/www.thoman.de\/wp-content\/uploads\/2014\/09\/typ2.png\" \/>\n<meta name=\"twitter:label1\" content=\"Dur\u00e9e de lecture estim\u00e9e\" \/>\n\t<meta name=\"twitter:data1\" content=\"1 minute\" \/>\n<script type=\"application\/ld+json\" class=\"yoast-schema-graph\">{\"@context\":\"https:\/\/schema.org\",\"@graph\":[{\"@type\":\"WebPage\",\"@id\":\"https:\/\/www.thoman.de\/fr\/machines\/machines-de-cintrage-de-tubes\/\",\"url\":\"https:\/\/www.thoman.de\/fr\/machines\/machines-de-cintrage-de-tubes\/\",\"name\":\"Machines de cintrage de tubes - Thoman Biegemaschinen\",\"isPartOf\":{\"@id\":\"https:\/\/www.thoman.de\/#website\"},\"datePublished\":\"2014-08-14T14:53:49+00:00\",\"dateModified\":\"2014-09-21T23:32:58+00:00\",\"breadcrumb\":{\"@id\":\"https:\/\/www.thoman.de\/fr\/machines\/machines-de-cintrage-de-tubes\/#breadcrumb\"},\"inLanguage\":\"fr-FR\",\"potentialAction\":[{\"@type\":\"ReadAction\",\"target\":[\"https:\/\/www.thoman.de\/fr\/machines\/machines-de-cintrage-de-tubes\/\"]}]},{\"@type\":\"BreadcrumbList\",\"@id\":\"https:\/\/www.thoman.de\/fr\/machines\/machines-de-cintrage-de-tubes\/#breadcrumb\",\"itemListElement\":[{\"@type\":\"ListItem\",\"position\":1,\"name\":\"Home\",\"item\":\"https:\/\/www.thoman.de\/fr\/\"},{\"@type\":\"ListItem\",\"position\":2,\"name\":\"Machines\",\"item\":\"https:\/\/www.thoman.de\/fr\/machines\/\"},{\"@type\":\"ListItem\",\"position\":3,\"name\":\"Machines de cintrage de tubes\"}]},{\"@type\":\"WebSite\",\"@id\":\"https:\/\/www.thoman.de\/#website\",\"url\":\"https:\/\/www.thoman.de\/\",\"name\":\"Thoman Biegemaschinen\",\"description\":\"Eine weitere WordPress-Seite\",\"potentialAction\":[{\"@type\":\"SearchAction\",\"target\":{\"@type\":\"EntryPoint\",\"urlTemplate\":\"https:\/\/www.thoman.de\/?s={search_term_string}\"},\"query-input\":\"required name=search_term_string\"}],\"inLanguage\":\"fr-FR\"}]}<\/script>\n<!-- \/ Yoast SEO plugin. -->","yoast_head_json":{"title":"Machines de cintrage de tubes - Thoman Biegemaschinen","robots":{"index":"index","follow":"follow","max-snippet":"max-snippet:-1","max-image-preview":"max-image-preview:large","max-video-preview":"max-video-preview:-1"},"canonical":"https:\/\/www.thoman.de\/fr\/machines\/machines-de-cintrage-de-tubes\/","og_locale":"fr_FR","og_type":"article","og_title":"Machines de cintrage de tubes - Thoman Biegemaschinen","og_description":"Machine de cintrage de tubes type FK semi-automatique ou enti\u00e8rement automatique, le bon choix Qu&rsquo;il s&rsquo;agisse de construction d&rsquo;installations, de construction de machines ou de construction m\u00e9tallique, lorsque des tubes cintr\u00e9s sont n\u00e9cessaires, utilisez les machines de cintrage de tubes type FK. Les machines de cintrage de tubes de la gamme FK sont disponibles en [&hellip;]","og_url":"https:\/\/www.thoman.de\/fr\/machines\/machines-de-cintrage-de-tubes\/","og_site_name":"Thoman Biegemaschinen","article_modified_time":"2014-09-21T23:32:58+00:00","og_image":[{"url":"https:\/\/www.thoman.de\/wp-content\/uploads\/2014\/09\/typ2.png"}],"twitter_misc":{"Dur\u00e9e de lecture estim\u00e9e":"1 minute"},"schema":{"@context":"https:\/\/schema.org","@graph":[{"@type":"WebPage","@id":"https:\/\/www.thoman.de\/fr\/machines\/machines-de-cintrage-de-tubes\/","url":"https:\/\/www.thoman.de\/fr\/machines\/machines-de-cintrage-de-tubes\/","name":"Machines de cintrage de tubes - Thoman Biegemaschinen","isPartOf":{"@id":"https:\/\/www.thoman.de\/#website"},"datePublished":"2014-08-14T14:53:49+00:00","dateModified":"2014-09-21T23:32:58+00:00","breadcrumb":{"@id":"https:\/\/www.thoman.de\/fr\/machines\/machines-de-cintrage-de-tubes\/#breadcrumb"},"inLanguage":"fr-FR","potentialAction":[{"@type":"ReadAction","target":["https:\/\/www.thoman.de\/fr\/machines\/machines-de-cintrage-de-tubes\/"]}]},{"@type":"BreadcrumbList","@id":"https:\/\/www.thoman.de\/fr\/machines\/machines-de-cintrage-de-tubes\/#breadcrumb","itemListElement":[{"@type":"ListItem","position":1,"name":"Home","item":"https:\/\/www.thoman.de\/fr\/"},{"@type":"ListItem","position":2,"name":"Machines","item":"https:\/\/www.thoman.de\/fr\/machines\/"},{"@type":"ListItem","position":3,"name":"Machines de cintrage de tubes"}]},{"@type":"WebSite","@id":"https:\/\/www.thoman.de\/#website","url":"https:\/\/www.thoman.de\/","name":"Thoman Biegemaschinen","description":"Eine weitere WordPress-Seite","potentialAction":[{"@type":"SearchAction","target":{"@type":"EntryPoint","urlTemplate":"https:\/\/www.thoman.de\/?s={search_term_string}"},"query-input":"required name=search_term_string"}],"inLanguage":"fr-FR"}]}},"_links":{"self":[{"href":"https:\/\/www.thoman.de\/fr\/wp-json\/wp\/v2\/pages\/3436"}],"collection":[{"href":"https:\/\/www.thoman.de\/fr\/wp-json\/wp\/v2\/pages"}],"about":[{"href":"https:\/\/www.thoman.de\/fr\/wp-json\/wp\/v2\/types\/page"}],"author":[{"embeddable":true,"href":"https:\/\/www.thoman.de\/fr\/wp-json\/wp\/v2\/users\/11"}],"replies":[{"embeddable":true,"href":"https:\/\/www.thoman.de\/fr\/wp-json\/wp\/v2\/comments?post=3436"}],"version-history":[{"count":4,"href":"https:\/\/www.thoman.de\/fr\/wp-json\/wp\/v2\/pages\/3436\/revisions"}],"predecessor-version":[{"id":4749,"href":"https:\/\/www.thoman.de\/fr\/wp-json\/wp\/v2\/pages\/3436\/revisions\/4749"}],"up":[{"embeddable":true,"href":"https:\/\/www.thoman.de\/fr\/wp-json\/wp\/v2\/pages\/3421"}],"wp:attachment":[{"href":"https:\/\/www.thoman.de\/fr\/wp-json\/wp\/v2\/media?parent=3436"}],"curies":[{"name":"wp","href":"https:\/\/api.w.org\/{rel}","templated":true}]}}