{"id":3449,"date":"2014-08-14T16:55:23","date_gmt":"2014-08-14T14:55:23","guid":{"rendered":"http:\/\/thoman.de\/maschinen\/steuerungen\/"},"modified":"2014-09-25T14:36:37","modified_gmt":"2014-09-25T12:36:37","slug":"commandes","status":"publish","type":"page","link":"https:\/\/www.thoman.de\/fr\/machines\/commandes\/","title":{"rendered":"Commandes"},"content":{"rendered":"<h1>Aux commandes de votre succ\u00e8s<\/h1>\n<h2>avec la puissante technologie de commande de Thoman<\/h2>\n<table>\n<tbody>\n<tr>\n<td>\n<p style=\"color: #606060;\">Gr\u00e2ce \u00e0 une structure modulaire du mat\u00e9riel informatique et une architecture de logiciel ouverte, la commande peut \u00eatre r\u00e9gl\u00e9e sur mesure pour votre installation, selon vos exigences sp\u00e9cifiques. De plus, de nombreuses options d&rsquo;extension, gr\u00e2ce auxquelles vous pouvez facilement ajuster votre commande aux changements dans les op\u00e9rations de production<\/p>\n<\/td>\n<td>\n<p style=\"color: #606060;\">ou m\u00eame \u00e0 de toutes nouvelles op\u00e9rations de production, sont \u00e0 votre disposition. Ainsi, vous restez flexible et votre production reste toujours comp\u00e9titive.<\/p>\n<p style=\"color: #606060;\">Nous vous aiderons volontiers \u00e0 faire votre choix.<\/p>\n<\/td>\n<\/tr>\n<\/tbody>\n<\/table>\n<h3 class=\"data-v1\">Commandes de la machine\/utilisation<\/h3>\n<table class=\"data-v1 table-second-red table\">\n<tbody>\n<tr>\n<th style=\"text-align: left;\">\n<p class=\"p1\">Commandes<\/p>\n<\/th>\n<th style=\"text-align: left;\">Machines de cintrage universelles<br \/>\nType MultiBend<\/th>\n<th style=\"text-align: left;\">Machines de cintrage de profil\u00e9s type RB<\/th>\n<th style=\"text-align: left;\">Machines de cintrage \u00e0 mandrin<br \/>\nType FK<\/th>\n<\/tr>\n<tr>\n<td>\u00a0PP15-1A<\/td>\n<td>X<\/td>\n<td>X<\/td>\n<td>X<\/td>\n<\/tr>\n<tr>\n<td>\u00a0PP41-1A<\/td>\n<td>X<\/td>\n<td>X<\/td>\n<td>X<\/td>\n<\/tr>\n<tr>\n<td>\u00a0PP41-2A<\/td>\n<td>X<\/td>\n<td>X<\/td>\n<td>X<\/td>\n<\/tr>\n<tr>\n<td>\u00a0PP41-3A<\/td>\n<td>X<\/td>\n<td>&#8211;<\/td>\n<td>X<\/td>\n<\/tr>\n<tr>\n<td>\u00a0CNS-S<\/td>\n<td>&#8211;<\/td>\n<td>X<\/td>\n<td>X<\/td>\n<\/tr>\n<\/tbody>\n<\/table>\n","protected":false},"excerpt":{"rendered":"<p>Aux commandes de votre succ\u00e8s avec la puissante technologie de commande de Thoman Gr\u00e2ce \u00e0 une structure modulaire du mat\u00e9riel informatique et une architecture de logiciel ouverte, la commande peut \u00eatre r\u00e9gl\u00e9e sur mesure pour votre installation, selon vos exigences sp\u00e9cifiques. De plus, de nombreuses options d&rsquo;extension, gr\u00e2ce auxquelles vous pouvez facilement ajuster votre commande [&hellip;]<\/p>\n","protected":false},"author":11,"featured_media":0,"parent":3421,"menu_order":0,"comment_status":"open","ping_status":"open","template":"","meta":{"footnotes":""},"acf":[],"yoast_head":"<!-- This site is optimized with the Yoast SEO plugin v21.3 - https:\/\/yoast.com\/wordpress\/plugins\/seo\/ -->\n<title>Commandes - Thoman Biegemaschinen<\/title>\n<meta name=\"robots\" content=\"index, follow, max-snippet:-1, max-image-preview:large, max-video-preview:-1\" \/>\n<link rel=\"canonical\" href=\"https:\/\/www.thoman.de\/fr\/machines\/commandes\/\" \/>\n<meta property=\"og:locale\" content=\"fr_FR\" \/>\n<meta property=\"og:type\" content=\"article\" \/>\n<meta property=\"og:title\" content=\"Commandes - Thoman Biegemaschinen\" \/>\n<meta property=\"og:description\" content=\"Aux commandes de votre succ\u00e8s avec la puissante technologie de commande de Thoman Gr\u00e2ce \u00e0 une structure modulaire du mat\u00e9riel informatique et une architecture de logiciel ouverte, la commande peut \u00eatre r\u00e9gl\u00e9e sur mesure pour votre installation, selon vos exigences sp\u00e9cifiques. De plus, de nombreuses options d&rsquo;extension, gr\u00e2ce auxquelles vous pouvez facilement ajuster votre commande [&hellip;]\" \/>\n<meta property=\"og:url\" content=\"https:\/\/www.thoman.de\/fr\/machines\/commandes\/\" \/>\n<meta property=\"og:site_name\" content=\"Thoman Biegemaschinen\" \/>\n<meta property=\"article:modified_time\" content=\"2014-09-25T12:36:37+00:00\" \/>\n<meta name=\"twitter:label1\" content=\"Dur\u00e9e de lecture estim\u00e9e\" \/>\n\t<meta name=\"twitter:data1\" content=\"1 minute\" \/>\n<script type=\"application\/ld+json\" class=\"yoast-schema-graph\">{\"@context\":\"https:\/\/schema.org\",\"@graph\":[{\"@type\":\"WebPage\",\"@id\":\"https:\/\/www.thoman.de\/fr\/machines\/commandes\/\",\"url\":\"https:\/\/www.thoman.de\/fr\/machines\/commandes\/\",\"name\":\"Commandes - Thoman Biegemaschinen\",\"isPartOf\":{\"@id\":\"https:\/\/www.thoman.de\/#website\"},\"datePublished\":\"2014-08-14T14:55:23+00:00\",\"dateModified\":\"2014-09-25T12:36:37+00:00\",\"breadcrumb\":{\"@id\":\"https:\/\/www.thoman.de\/fr\/machines\/commandes\/#breadcrumb\"},\"inLanguage\":\"fr-FR\",\"potentialAction\":[{\"@type\":\"ReadAction\",\"target\":[\"https:\/\/www.thoman.de\/fr\/machines\/commandes\/\"]}]},{\"@type\":\"BreadcrumbList\",\"@id\":\"https:\/\/www.thoman.de\/fr\/machines\/commandes\/#breadcrumb\",\"itemListElement\":[{\"@type\":\"ListItem\",\"position\":1,\"name\":\"Home\",\"item\":\"https:\/\/www.thoman.de\/fr\/\"},{\"@type\":\"ListItem\",\"position\":2,\"name\":\"Machines\",\"item\":\"https:\/\/www.thoman.de\/fr\/machines\/\"},{\"@type\":\"ListItem\",\"position\":3,\"name\":\"Commandes\"}]},{\"@type\":\"WebSite\",\"@id\":\"https:\/\/www.thoman.de\/#website\",\"url\":\"https:\/\/www.thoman.de\/\",\"name\":\"Thoman Biegemaschinen\",\"description\":\"Eine weitere WordPress-Seite\",\"potentialAction\":[{\"@type\":\"SearchAction\",\"target\":{\"@type\":\"EntryPoint\",\"urlTemplate\":\"https:\/\/www.thoman.de\/?s={search_term_string}\"},\"query-input\":\"required name=search_term_string\"}],\"inLanguage\":\"fr-FR\"}]}<\/script>\n<!-- \/ Yoast SEO plugin. -->","yoast_head_json":{"title":"Commandes - Thoman Biegemaschinen","robots":{"index":"index","follow":"follow","max-snippet":"max-snippet:-1","max-image-preview":"max-image-preview:large","max-video-preview":"max-video-preview:-1"},"canonical":"https:\/\/www.thoman.de\/fr\/machines\/commandes\/","og_locale":"fr_FR","og_type":"article","og_title":"Commandes - Thoman Biegemaschinen","og_description":"Aux commandes de votre succ\u00e8s avec la puissante technologie de commande de Thoman Gr\u00e2ce \u00e0 une structure modulaire du mat\u00e9riel informatique et une architecture de logiciel ouverte, la commande peut \u00eatre r\u00e9gl\u00e9e sur mesure pour votre installation, selon vos exigences sp\u00e9cifiques. De plus, de nombreuses options d&rsquo;extension, gr\u00e2ce auxquelles vous pouvez facilement ajuster votre commande [&hellip;]","og_url":"https:\/\/www.thoman.de\/fr\/machines\/commandes\/","og_site_name":"Thoman Biegemaschinen","article_modified_time":"2014-09-25T12:36:37+00:00","twitter_misc":{"Dur\u00e9e de lecture estim\u00e9e":"1 minute"},"schema":{"@context":"https:\/\/schema.org","@graph":[{"@type":"WebPage","@id":"https:\/\/www.thoman.de\/fr\/machines\/commandes\/","url":"https:\/\/www.thoman.de\/fr\/machines\/commandes\/","name":"Commandes - Thoman Biegemaschinen","isPartOf":{"@id":"https:\/\/www.thoman.de\/#website"},"datePublished":"2014-08-14T14:55:23+00:00","dateModified":"2014-09-25T12:36:37+00:00","breadcrumb":{"@id":"https:\/\/www.thoman.de\/fr\/machines\/commandes\/#breadcrumb"},"inLanguage":"fr-FR","potentialAction":[{"@type":"ReadAction","target":["https:\/\/www.thoman.de\/fr\/machines\/commandes\/"]}]},{"@type":"BreadcrumbList","@id":"https:\/\/www.thoman.de\/fr\/machines\/commandes\/#breadcrumb","itemListElement":[{"@type":"ListItem","position":1,"name":"Home","item":"https:\/\/www.thoman.de\/fr\/"},{"@type":"ListItem","position":2,"name":"Machines","item":"https:\/\/www.thoman.de\/fr\/machines\/"},{"@type":"ListItem","position":3,"name":"Commandes"}]},{"@type":"WebSite","@id":"https:\/\/www.thoman.de\/#website","url":"https:\/\/www.thoman.de\/","name":"Thoman Biegemaschinen","description":"Eine weitere WordPress-Seite","potentialAction":[{"@type":"SearchAction","target":{"@type":"EntryPoint","urlTemplate":"https:\/\/www.thoman.de\/?s={search_term_string}"},"query-input":"required name=search_term_string"}],"inLanguage":"fr-FR"}]}},"_links":{"self":[{"href":"https:\/\/www.thoman.de\/fr\/wp-json\/wp\/v2\/pages\/3449"}],"collection":[{"href":"https:\/\/www.thoman.de\/fr\/wp-json\/wp\/v2\/pages"}],"about":[{"href":"https:\/\/www.thoman.de\/fr\/wp-json\/wp\/v2\/types\/page"}],"author":[{"embeddable":true,"href":"https:\/\/www.thoman.de\/fr\/wp-json\/wp\/v2\/users\/11"}],"replies":[{"embeddable":true,"href":"https:\/\/www.thoman.de\/fr\/wp-json\/wp\/v2\/comments?post=3449"}],"version-history":[{"count":6,"href":"https:\/\/www.thoman.de\/fr\/wp-json\/wp\/v2\/pages\/3449\/revisions"}],"predecessor-version":[{"id":5082,"href":"https:\/\/www.thoman.de\/fr\/wp-json\/wp\/v2\/pages\/3449\/revisions\/5082"}],"up":[{"embeddable":true,"href":"https:\/\/www.thoman.de\/fr\/wp-json\/wp\/v2\/pages\/3421"}],"wp:attachment":[{"href":"https:\/\/www.thoman.de\/fr\/wp-json\/wp\/v2\/media?parent=3449"}],"curies":[{"name":"wp","href":"https:\/\/api.w.org\/{rel}","templated":true}]}}