{"id":3460,"date":"2014-08-14T16:54:23","date_gmt":"2014-08-14T14:54:23","guid":{"rendered":"http:\/\/thoman.de\/maschinen\/universalbiegemaschinen\/"},"modified":"2014-09-26T10:51:37","modified_gmt":"2014-09-26T08:51:37","slug":"machines-de-cintrage-universelles","status":"publish","type":"page","link":"https:\/\/www.thoman.de\/fr\/machines\/machines-de-cintrage-universelles\/","title":{"rendered":"Machines de cintrage universelles"},"content":{"rendered":"<h1>Machines de cintrage universelles<br \/>\ntype MultiBend<\/h1>\n<h2>Extr\u00eamement polyvalente<\/h2>\n<table>\n<tbody>\n<tr>\n<td>\n<p style=\"color: #606060;\">Une machine de cintrage universelle type MultiBend contr\u00f4le plusieurs processus de cintrage. Des tubes et des profil\u00e9s peuvent \u00eatre cintr\u00e9s par cintrage par pressage, cintrage par laminage ou cintrage par rotation.<\/p>\n<p style=\"color: #606060;\">Toutes les machines de cintrage de type MultiBend disposent d&rsquo;une plate-forme de travail horizontale, plane, ainsi que d&rsquo;un chariot \u00e9l\u00e9vateur \u00e0 commande hydraulique. Le chariot \u00e9l\u00e9vateur \u00e0 commande hydraulique sert \u00e0 r\u00e9ceptionner diff\u00e9rents outils de cintrage pour presser, dresser ou chanfreiner.<\/p>\n<p style=\"color: #606060;\">Le puissant entra\u00eenement \u00e0 cylindres sert de deuxi\u00e8me station de travail.<\/p>\n<p style=\"color: #606060;\">Les profil\u00e9s et tubes peuvent y \u00eatre cintr\u00e9s avec flexibilit\u00e9 et diff\u00e9rents rayons de cintrage \u00e0 l&rsquo;aide d&rsquo;un processus de cintrage par laminage.<\/p>\n<\/td>\n<td>\n<p style=\"color: #606060;\">L&rsquo;entra\u00eenement rotatif est une troisi\u00e8me station de travail. Les plateaux de cintrage, outils de cintrage de tubes ou outils sp\u00e9ciaux peuvent y \u00eatre plac\u00e9s.<\/p>\n<p style=\"color: #606060;\">Dans la machine de cintrage universelle type MultiBend, les cylindres hydrauliques ainsi que tous les entra\u00eenements sont mont\u00e9s sous le plan de travail. Un acc\u00e8s optimal \u00e0 la machine est ainsi garanti, les \u00e9l\u00e9ments g\u00eanants sont \u00e9vit\u00e9s.<\/p>\n<p style=\"color: #606060;\">Une MultiBend est la machine id\u00e9ale pour toutes les entreprises d&rsquo;usinage des m\u00e9taux qui accordent une grande importance \u00e0 la polyvalence et \u00e0 la flexibilit\u00e9. La quasi-totalit\u00e9 des op\u00e9rations de cintrage utilis\u00e9s en construction m\u00e9tallique peuvent \u00eatre r\u00e9alis\u00e9s avec une seule machine.<\/p>\n<p style=\"color: #606060;\">De faibles co\u00fbts d&rsquo;investissement et un espace r\u00e9duit pour un rendement simultan\u00e9ment \u00e9lev\u00e9 ne sont que quelques uns des avantages de la machine de cintrage universel type MultiBend.<\/p>\n<\/td>\n<\/tr>\n<\/tbody>\n<\/table>\n<h3 style=\"font-size: 14px; line-height: 20px; font-weight: bold;\"><span style=\"color: #cc0000;\">Utilisation<\/span> <span style=\"color: #b3b3b3; text-transform: none;\">Constructions m\u00e9talliques, en acier, d&rsquo;escaliers, serrurerie, construction de machines, technique de convoyage, construction d&rsquo;installations, de conduites, de fa\u00e7ades, entreprises de cintrage \u00e0 fa\u00e7on, construction de v\u00e9hicules utilitaires<\/span><\/h3>\n<p>&nbsp;<\/p>\n<table class=\"data-v1 table-4 table\">\n<tbody>\n<tr>\n<th style=\"text-align: left;\">Types de machine\/fonctions \/<br \/>\nFUNKTIONEN<\/th>\n<th style=\"text-align: left;\">Compresser\/dresser et chanfreiner<br \/>\nUND KANTEN<\/th>\n<th style=\"text-align: left;\">Cintrage par laminage avec 3 rouleaux entra\u00een\u00e9s<\/th>\n<th style=\"text-align: left;\">Cintrage par rotation<\/th>\n<\/tr>\n<tr>\n<td>MultiBend 16-P<\/td>\n<td>16 to<\/td>\n<td>&#8211;<\/td>\n<td>avec embout en option<\/td>\n<\/tr>\n<tr>\n<td>MultiBend 16-PW<\/td>\n<td>16 to<\/td>\n<td>int\u00e9gr\u00e9<\/td>\n<td>avec embout en option<\/td>\n<\/tr>\n<tr>\n<td>MultiBend 30-P<\/td>\n<td>28 to<\/td>\n<td>&#8211;<\/td>\n<td>avec embout en option<\/td>\n<\/tr>\n<tr>\n<td>MultiBend 30-PW<\/td>\n<td>28 to<\/td>\n<td>int\u00e9gr\u00e9<\/td>\n<td>avec embout en option<\/td>\n<\/tr>\n<tr>\n<td>MultiBend 30-PR<\/td>\n<td>28 to<\/td>\n<td>&#8211;<\/td>\n<td>int\u00e9gr\u00e9<\/td>\n<\/tr>\n<tr>\n<td>MultiBend 30-PWR<\/td>\n<td>28 to<\/td>\n<td>int\u00e9gr\u00e9<\/td>\n<td>int\u00e9gr\u00e9<\/td>\n<\/tr>\n<\/tbody>\n<\/table>\n<p>&nbsp;<\/p>\n","protected":false},"excerpt":{"rendered":"<p>Machines de cintrage universelles type MultiBend Extr\u00eamement polyvalente Une machine de cintrage universelle type MultiBend contr\u00f4le plusieurs processus de cintrage. Des tubes et des profil\u00e9s peuvent \u00eatre cintr\u00e9s par cintrage par pressage, cintrage par laminage ou cintrage par rotation. Toutes les machines de cintrage de type MultiBend disposent d&rsquo;une plate-forme de travail horizontale, plane, ainsi [&hellip;]<\/p>\n","protected":false},"author":11,"featured_media":0,"parent":3421,"menu_order":0,"comment_status":"open","ping_status":"open","template":"","meta":{"footnotes":""},"acf":[],"yoast_head":"<!-- This site is optimized with the Yoast SEO plugin v21.3 - https:\/\/yoast.com\/wordpress\/plugins\/seo\/ -->\n<title>Machines de cintrage universelles - Thoman Biegemaschinen<\/title>\n<meta name=\"robots\" content=\"index, follow, max-snippet:-1, max-image-preview:large, max-video-preview:-1\" \/>\n<link rel=\"canonical\" href=\"https:\/\/www.thoman.de\/fr\/machines\/machines-de-cintrage-universelles\/\" \/>\n<meta property=\"og:locale\" content=\"fr_FR\" \/>\n<meta property=\"og:type\" content=\"article\" \/>\n<meta property=\"og:title\" content=\"Machines de cintrage universelles - Thoman Biegemaschinen\" \/>\n<meta property=\"og:description\" content=\"Machines de cintrage universelles type MultiBend Extr\u00eamement polyvalente Une machine de cintrage universelle type MultiBend contr\u00f4le plusieurs processus de cintrage. Des tubes et des profil\u00e9s peuvent \u00eatre cintr\u00e9s par cintrage par pressage, cintrage par laminage ou cintrage par rotation. Toutes les machines de cintrage de type MultiBend disposent d&rsquo;une plate-forme de travail horizontale, plane, ainsi [&hellip;]\" \/>\n<meta property=\"og:url\" content=\"https:\/\/www.thoman.de\/fr\/machines\/machines-de-cintrage-universelles\/\" \/>\n<meta property=\"og:site_name\" content=\"Thoman Biegemaschinen\" \/>\n<meta property=\"article:modified_time\" content=\"2014-09-26T08:51:37+00:00\" \/>\n<meta name=\"twitter:label1\" content=\"Dur\u00e9e de lecture estim\u00e9e\" \/>\n\t<meta name=\"twitter:data1\" content=\"2 minutes\" \/>\n<script type=\"application\/ld+json\" class=\"yoast-schema-graph\">{\"@context\":\"https:\/\/schema.org\",\"@graph\":[{\"@type\":\"WebPage\",\"@id\":\"https:\/\/www.thoman.de\/fr\/machines\/machines-de-cintrage-universelles\/\",\"url\":\"https:\/\/www.thoman.de\/fr\/machines\/machines-de-cintrage-universelles\/\",\"name\":\"Machines de cintrage universelles - Thoman Biegemaschinen\",\"isPartOf\":{\"@id\":\"https:\/\/www.thoman.de\/#website\"},\"datePublished\":\"2014-08-14T14:54:23+00:00\",\"dateModified\":\"2014-09-26T08:51:37+00:00\",\"breadcrumb\":{\"@id\":\"https:\/\/www.thoman.de\/fr\/machines\/machines-de-cintrage-universelles\/#breadcrumb\"},\"inLanguage\":\"fr-FR\",\"potentialAction\":[{\"@type\":\"ReadAction\",\"target\":[\"https:\/\/www.thoman.de\/fr\/machines\/machines-de-cintrage-universelles\/\"]}]},{\"@type\":\"BreadcrumbList\",\"@id\":\"https:\/\/www.thoman.de\/fr\/machines\/machines-de-cintrage-universelles\/#breadcrumb\",\"itemListElement\":[{\"@type\":\"ListItem\",\"position\":1,\"name\":\"Home\",\"item\":\"https:\/\/www.thoman.de\/fr\/\"},{\"@type\":\"ListItem\",\"position\":2,\"name\":\"Machines\",\"item\":\"https:\/\/www.thoman.de\/fr\/machines\/\"},{\"@type\":\"ListItem\",\"position\":3,\"name\":\"Machines de cintrage universelles\"}]},{\"@type\":\"WebSite\",\"@id\":\"https:\/\/www.thoman.de\/#website\",\"url\":\"https:\/\/www.thoman.de\/\",\"name\":\"Thoman Biegemaschinen\",\"description\":\"Eine weitere WordPress-Seite\",\"potentialAction\":[{\"@type\":\"SearchAction\",\"target\":{\"@type\":\"EntryPoint\",\"urlTemplate\":\"https:\/\/www.thoman.de\/?s={search_term_string}\"},\"query-input\":\"required name=search_term_string\"}],\"inLanguage\":\"fr-FR\"}]}<\/script>\n<!-- \/ Yoast SEO plugin. -->","yoast_head_json":{"title":"Machines de cintrage universelles - Thoman Biegemaschinen","robots":{"index":"index","follow":"follow","max-snippet":"max-snippet:-1","max-image-preview":"max-image-preview:large","max-video-preview":"max-video-preview:-1"},"canonical":"https:\/\/www.thoman.de\/fr\/machines\/machines-de-cintrage-universelles\/","og_locale":"fr_FR","og_type":"article","og_title":"Machines de cintrage universelles - Thoman Biegemaschinen","og_description":"Machines de cintrage universelles type MultiBend Extr\u00eamement polyvalente Une machine de cintrage universelle type MultiBend contr\u00f4le plusieurs processus de cintrage. Des tubes et des profil\u00e9s peuvent \u00eatre cintr\u00e9s par cintrage par pressage, cintrage par laminage ou cintrage par rotation. Toutes les machines de cintrage de type MultiBend disposent d&rsquo;une plate-forme de travail horizontale, plane, ainsi [&hellip;]","og_url":"https:\/\/www.thoman.de\/fr\/machines\/machines-de-cintrage-universelles\/","og_site_name":"Thoman Biegemaschinen","article_modified_time":"2014-09-26T08:51:37+00:00","twitter_misc":{"Dur\u00e9e de lecture estim\u00e9e":"2 minutes"},"schema":{"@context":"https:\/\/schema.org","@graph":[{"@type":"WebPage","@id":"https:\/\/www.thoman.de\/fr\/machines\/machines-de-cintrage-universelles\/","url":"https:\/\/www.thoman.de\/fr\/machines\/machines-de-cintrage-universelles\/","name":"Machines de cintrage universelles - Thoman Biegemaschinen","isPartOf":{"@id":"https:\/\/www.thoman.de\/#website"},"datePublished":"2014-08-14T14:54:23+00:00","dateModified":"2014-09-26T08:51:37+00:00","breadcrumb":{"@id":"https:\/\/www.thoman.de\/fr\/machines\/machines-de-cintrage-universelles\/#breadcrumb"},"inLanguage":"fr-FR","potentialAction":[{"@type":"ReadAction","target":["https:\/\/www.thoman.de\/fr\/machines\/machines-de-cintrage-universelles\/"]}]},{"@type":"BreadcrumbList","@id":"https:\/\/www.thoman.de\/fr\/machines\/machines-de-cintrage-universelles\/#breadcrumb","itemListElement":[{"@type":"ListItem","position":1,"name":"Home","item":"https:\/\/www.thoman.de\/fr\/"},{"@type":"ListItem","position":2,"name":"Machines","item":"https:\/\/www.thoman.de\/fr\/machines\/"},{"@type":"ListItem","position":3,"name":"Machines de cintrage universelles"}]},{"@type":"WebSite","@id":"https:\/\/www.thoman.de\/#website","url":"https:\/\/www.thoman.de\/","name":"Thoman Biegemaschinen","description":"Eine weitere WordPress-Seite","potentialAction":[{"@type":"SearchAction","target":{"@type":"EntryPoint","urlTemplate":"https:\/\/www.thoman.de\/?s={search_term_string}"},"query-input":"required name=search_term_string"}],"inLanguage":"fr-FR"}]}},"_links":{"self":[{"href":"https:\/\/www.thoman.de\/fr\/wp-json\/wp\/v2\/pages\/3460"}],"collection":[{"href":"https:\/\/www.thoman.de\/fr\/wp-json\/wp\/v2\/pages"}],"about":[{"href":"https:\/\/www.thoman.de\/fr\/wp-json\/wp\/v2\/types\/page"}],"author":[{"embeddable":true,"href":"https:\/\/www.thoman.de\/fr\/wp-json\/wp\/v2\/users\/11"}],"replies":[{"embeddable":true,"href":"https:\/\/www.thoman.de\/fr\/wp-json\/wp\/v2\/comments?post=3460"}],"version-history":[{"count":5,"href":"https:\/\/www.thoman.de\/fr\/wp-json\/wp\/v2\/pages\/3460\/revisions"}],"predecessor-version":[{"id":5164,"href":"https:\/\/www.thoman.de\/fr\/wp-json\/wp\/v2\/pages\/3460\/revisions\/5164"}],"up":[{"embeddable":true,"href":"https:\/\/www.thoman.de\/fr\/wp-json\/wp\/v2\/pages\/3421"}],"wp:attachment":[{"href":"https:\/\/www.thoman.de\/fr\/wp-json\/wp\/v2\/media?parent=3460"}],"curies":[{"name":"wp","href":"https:\/\/api.w.org\/{rel}","templated":true}]}}