{"id":3469,"date":"2014-08-14T16:54:55","date_gmt":"2014-08-14T14:54:55","guid":{"rendered":"http:\/\/thoman.de\/maschinen\/wendelbiegemaschine\/"},"modified":"2014-09-25T15:01:50","modified_gmt":"2014-09-25T13:01:50","slug":"cintrage-en-spirale","status":"publish","type":"page","link":"https:\/\/www.thoman.de\/fr\/machines\/cintrage-en-spirale\/","title":{"rendered":"Cintrage en spirale"},"content":{"rendered":"<h1>Wende-Mat<\/h1>\n<h2>une invention g\u00e9niale la fabrication des mains courantes \u00e0 broche devient un jeu d&rsquo;enfant<br \/>\n<\/h2>\n<table>\n<tbody>\n<tr>\n<td>\n<p style=\"color: #606060;\">Le Wende-mat est un dispositif de mesure et de commande pour une fabrication rationnelle et pr\u00e9cise des mains courantes cintr\u00e9es pour les escaliers en colima\u00e7on et les escaliers \u00e0 vis.<\/p>\n<p style=\"color: #606060;\"><a href=\"https:\/\/www.thoman.de\/wp-content\/uploads\/2014\/09\/wende1-1.png\"><img decoding=\"async\" class=\"aligncenter wp-image-2095 size-full\" style=\"text-align: center !important; margin-left: 40px;\" src=\"https:\/\/www.thoman.de\/wp-content\/uploads\/2014\/09\/wende1-1.png\" alt=\"wende1-1\" width=\"118\" height=\"202\" \/><\/a><\/p>\n<h3 class=\"top\"> Au sujet de la fonction :<\/h3>\n<p style=\"color: #606060;\">Le rayon de cintrage ainsi que la torsion du tube en rapport avec la longueur d\u00e9roul\u00e9e sont la r\u00e9f\u00e9rence pour la pr\u00e9cision d&rsquo;un tube en spirale.<\/p>\n<p style=\"color: #606060;\">Le rayon \u00e0 cintrer du tube est obtenu en mettant un cylindre de laminage \u00e0 disposition. Le rayon de cintrage obtenu peut \u00eatre calcul\u00e9 sans aucun probl\u00e8me \u00e0 l&rsquo;aide d&rsquo;un appareil de mesure du rayon ou de la hauteur de l&rsquo;arc. Si on soul\u00e8ve le tube cintr\u00e9 pendant le processus de cintrage du c\u00f4t\u00e9 de l&rsquo;\u00e9vacuation de la machine, un tube en spirale est g\u00e9n\u00e9r\u00e9. Jadis, le levage du tube en spirale \u00e9tait souvent laiss\u00e9 \u00e0 l&rsquo;appr\u00e9ciation et \u00e0 l&rsquo;exp\u00e9rience de l&rsquo;op\u00e9rateur de la machine.<\/p>\n<\/td>\n<td>\n<p style=\"color: #606060;\">Dans la plupart des cas, la pr\u00e9cision des r\u00e9sultats de cintrage laisse forc\u00e9ment \u00e0 d\u00e9sirer avec cette m\u00e9thode de travail. Cela avait pour cons\u00e9quence un retraitement on\u00e9reux ou la refabrication du tube en spirale.<\/p>\n<p style=\"color: #606060;\">Le Wende-Mat met fin \u00e0 cette situation.<\/p>\n<p style=\"color: #606060;\">La fonctionnalit\u00e9 est tout simplement g\u00e9niale. La commande est un jeu d&rsquo;enfant.<\/p>\n<p style=\"color: #606060;\">Le Wende-Mat comprend une unit\u00e9 de commande \u00e9lectronique ainsi qu&rsquo;un syst\u00e8me de mesure \u00e9l. pour mesurer la rotation du tube et un syst\u00e8me de mesure \u00e9l. pour la mesure de la longueur d\u00e9roul\u00e9e. Le Wende-Mat mesure en continu la rotation ainsi que l&rsquo;avance du tube pendant le processus de cintrage. Les divergences par rapport \u00e0 la valeur de consigne sont affich\u00e9es \u00e0 l&rsquo;op\u00e9rateur au moyen d&rsquo;un \u00ab feu de signalisation \u00bb (ce sont des lampes de signalisation dispos\u00e9es verticalement) rouge\/jaune\/vert\/jaune\/rouge. Si la torsion est r\u00e9gl\u00e9e pr\u00e9cis\u00e9ment, elle est affich\u00e9e par une lampe de signalisation verte. Aucune autre correction ne doit \u00eatre effectu\u00e9e. Si une lampe de signalisation jaune ou rouge s&rsquo;allume, une correction est n\u00e9cessaire. La fabrication de la spirale est pr\u00e9cise et extr\u00eamement rationnelle. La machine ne doit pas \u00eatre arr\u00eat\u00e9e pendant le processus de cintrage.<\/p>\n<p style=\"color: #606060;\">Aucun d\u00e9chet n&rsquo;est g\u00e9n\u00e9r\u00e9. Chaque main courante en spirale convient parfaitement.<\/p>\n<\/td>\n<\/tr>\n<\/tbody>\n<\/table>\n<h3 style=\"font-size: 14px; line-height: 20px; font-weight: bold;\"><span style=\"color: #cc0000;\">Utilisation :<\/span> <span style=\"color: #b3b3b3; text-transform: none;\">Pour toutes les constructions d&rsquo;escaliers et entreprises de serrurerie ainsi que des entreprises de cintrage \u00e0 fa\u00e7on qui n\u00e9cessitent une m\u00e9thode simple et pr\u00e9cise pour fabriquer des spirales sur mesure<\/span><\/h3>\n<p>&nbsp;<\/p>\n","protected":false},"excerpt":{"rendered":"<p>Wende-Mat une invention g\u00e9niale la fabrication des mains courantes \u00e0 broche devient un jeu d&rsquo;enfant Le Wende-mat est un dispositif de mesure et de commande pour une fabrication rationnelle et pr\u00e9cise des mains courantes cintr\u00e9es pour les escaliers en colima\u00e7on et les escaliers \u00e0 vis. Au sujet de la fonction : Le rayon de cintrage [&hellip;]<\/p>\n","protected":false},"author":11,"featured_media":0,"parent":3421,"menu_order":0,"comment_status":"open","ping_status":"open","template":"","meta":{"footnotes":""},"acf":[],"yoast_head":"<!-- This site is optimized with the Yoast SEO plugin v21.3 - https:\/\/yoast.com\/wordpress\/plugins\/seo\/ -->\n<title>Cintrage en spirale - Thoman Biegemaschinen<\/title>\n<meta name=\"robots\" content=\"index, follow, max-snippet:-1, max-image-preview:large, max-video-preview:-1\" \/>\n<link rel=\"canonical\" href=\"https:\/\/www.thoman.de\/fr\/machines\/cintrage-en-spirale\/\" \/>\n<meta property=\"og:locale\" content=\"fr_FR\" \/>\n<meta property=\"og:type\" content=\"article\" \/>\n<meta property=\"og:title\" content=\"Cintrage en spirale - Thoman Biegemaschinen\" \/>\n<meta property=\"og:description\" content=\"Wende-Mat une invention g\u00e9niale la fabrication des mains courantes \u00e0 broche devient un jeu d&rsquo;enfant Le Wende-mat est un dispositif de mesure et de commande pour une fabrication rationnelle et pr\u00e9cise des mains courantes cintr\u00e9es pour les escaliers en colima\u00e7on et les escaliers \u00e0 vis. Au sujet de la fonction : Le rayon de cintrage [&hellip;]\" \/>\n<meta property=\"og:url\" content=\"https:\/\/www.thoman.de\/fr\/machines\/cintrage-en-spirale\/\" \/>\n<meta property=\"og:site_name\" content=\"Thoman Biegemaschinen\" \/>\n<meta property=\"article:modified_time\" content=\"2014-09-25T13:01:50+00:00\" \/>\n<meta property=\"og:image\" content=\"https:\/\/www.thoman.de\/wp-content\/uploads\/2014\/09\/wende1-1.png\" \/>\n<meta name=\"twitter:label1\" content=\"Dur\u00e9e de lecture estim\u00e9e\" \/>\n\t<meta name=\"twitter:data1\" content=\"2 minutes\" \/>\n<script type=\"application\/ld+json\" class=\"yoast-schema-graph\">{\"@context\":\"https:\/\/schema.org\",\"@graph\":[{\"@type\":\"WebPage\",\"@id\":\"https:\/\/www.thoman.de\/fr\/machines\/cintrage-en-spirale\/\",\"url\":\"https:\/\/www.thoman.de\/fr\/machines\/cintrage-en-spirale\/\",\"name\":\"Cintrage en spirale - Thoman Biegemaschinen\",\"isPartOf\":{\"@id\":\"https:\/\/www.thoman.de\/#website\"},\"datePublished\":\"2014-08-14T14:54:55+00:00\",\"dateModified\":\"2014-09-25T13:01:50+00:00\",\"breadcrumb\":{\"@id\":\"https:\/\/www.thoman.de\/fr\/machines\/cintrage-en-spirale\/#breadcrumb\"},\"inLanguage\":\"fr-FR\",\"potentialAction\":[{\"@type\":\"ReadAction\",\"target\":[\"https:\/\/www.thoman.de\/fr\/machines\/cintrage-en-spirale\/\"]}]},{\"@type\":\"BreadcrumbList\",\"@id\":\"https:\/\/www.thoman.de\/fr\/machines\/cintrage-en-spirale\/#breadcrumb\",\"itemListElement\":[{\"@type\":\"ListItem\",\"position\":1,\"name\":\"Home\",\"item\":\"https:\/\/www.thoman.de\/fr\/\"},{\"@type\":\"ListItem\",\"position\":2,\"name\":\"Machines\",\"item\":\"https:\/\/www.thoman.de\/fr\/machines\/\"},{\"@type\":\"ListItem\",\"position\":3,\"name\":\"Cintrage en spirale\"}]},{\"@type\":\"WebSite\",\"@id\":\"https:\/\/www.thoman.de\/#website\",\"url\":\"https:\/\/www.thoman.de\/\",\"name\":\"Thoman Biegemaschinen\",\"description\":\"Eine weitere WordPress-Seite\",\"potentialAction\":[{\"@type\":\"SearchAction\",\"target\":{\"@type\":\"EntryPoint\",\"urlTemplate\":\"https:\/\/www.thoman.de\/?s={search_term_string}\"},\"query-input\":\"required name=search_term_string\"}],\"inLanguage\":\"fr-FR\"}]}<\/script>\n<!-- \/ Yoast SEO plugin. -->","yoast_head_json":{"title":"Cintrage en spirale - Thoman Biegemaschinen","robots":{"index":"index","follow":"follow","max-snippet":"max-snippet:-1","max-image-preview":"max-image-preview:large","max-video-preview":"max-video-preview:-1"},"canonical":"https:\/\/www.thoman.de\/fr\/machines\/cintrage-en-spirale\/","og_locale":"fr_FR","og_type":"article","og_title":"Cintrage en spirale - Thoman Biegemaschinen","og_description":"Wende-Mat une invention g\u00e9niale la fabrication des mains courantes \u00e0 broche devient un jeu d&rsquo;enfant Le Wende-mat est un dispositif de mesure et de commande pour une fabrication rationnelle et pr\u00e9cise des mains courantes cintr\u00e9es pour les escaliers en colima\u00e7on et les escaliers \u00e0 vis. Au sujet de la fonction : Le rayon de cintrage [&hellip;]","og_url":"https:\/\/www.thoman.de\/fr\/machines\/cintrage-en-spirale\/","og_site_name":"Thoman Biegemaschinen","article_modified_time":"2014-09-25T13:01:50+00:00","og_image":[{"url":"https:\/\/www.thoman.de\/wp-content\/uploads\/2014\/09\/wende1-1.png"}],"twitter_misc":{"Dur\u00e9e de lecture estim\u00e9e":"2 minutes"},"schema":{"@context":"https:\/\/schema.org","@graph":[{"@type":"WebPage","@id":"https:\/\/www.thoman.de\/fr\/machines\/cintrage-en-spirale\/","url":"https:\/\/www.thoman.de\/fr\/machines\/cintrage-en-spirale\/","name":"Cintrage en spirale - Thoman Biegemaschinen","isPartOf":{"@id":"https:\/\/www.thoman.de\/#website"},"datePublished":"2014-08-14T14:54:55+00:00","dateModified":"2014-09-25T13:01:50+00:00","breadcrumb":{"@id":"https:\/\/www.thoman.de\/fr\/machines\/cintrage-en-spirale\/#breadcrumb"},"inLanguage":"fr-FR","potentialAction":[{"@type":"ReadAction","target":["https:\/\/www.thoman.de\/fr\/machines\/cintrage-en-spirale\/"]}]},{"@type":"BreadcrumbList","@id":"https:\/\/www.thoman.de\/fr\/machines\/cintrage-en-spirale\/#breadcrumb","itemListElement":[{"@type":"ListItem","position":1,"name":"Home","item":"https:\/\/www.thoman.de\/fr\/"},{"@type":"ListItem","position":2,"name":"Machines","item":"https:\/\/www.thoman.de\/fr\/machines\/"},{"@type":"ListItem","position":3,"name":"Cintrage en spirale"}]},{"@type":"WebSite","@id":"https:\/\/www.thoman.de\/#website","url":"https:\/\/www.thoman.de\/","name":"Thoman Biegemaschinen","description":"Eine weitere WordPress-Seite","potentialAction":[{"@type":"SearchAction","target":{"@type":"EntryPoint","urlTemplate":"https:\/\/www.thoman.de\/?s={search_term_string}"},"query-input":"required name=search_term_string"}],"inLanguage":"fr-FR"}]}},"_links":{"self":[{"href":"https:\/\/www.thoman.de\/fr\/wp-json\/wp\/v2\/pages\/3469"}],"collection":[{"href":"https:\/\/www.thoman.de\/fr\/wp-json\/wp\/v2\/pages"}],"about":[{"href":"https:\/\/www.thoman.de\/fr\/wp-json\/wp\/v2\/types\/page"}],"author":[{"embeddable":true,"href":"https:\/\/www.thoman.de\/fr\/wp-json\/wp\/v2\/users\/11"}],"replies":[{"embeddable":true,"href":"https:\/\/www.thoman.de\/fr\/wp-json\/wp\/v2\/comments?post=3469"}],"version-history":[{"count":6,"href":"https:\/\/www.thoman.de\/fr\/wp-json\/wp\/v2\/pages\/3469\/revisions"}],"predecessor-version":[{"id":5086,"href":"https:\/\/www.thoman.de\/fr\/wp-json\/wp\/v2\/pages\/3469\/revisions\/5086"}],"up":[{"embeddable":true,"href":"https:\/\/www.thoman.de\/fr\/wp-json\/wp\/v2\/pages\/3421"}],"wp:attachment":[{"href":"https:\/\/www.thoman.de\/fr\/wp-json\/wp\/v2\/media?parent=3469"}],"curies":[{"name":"wp","href":"https:\/\/api.w.org\/{rel}","templated":true}]}}