{"id":3476,"date":"2014-08-14T17:26:39","date_gmt":"2014-08-14T15:26:39","guid":{"rendered":"http:\/\/thoman.de\/newsletter-3\/"},"modified":"2014-09-25T16:01:59","modified_gmt":"2014-09-25T14:01:59","slug":"sabonner-a-la-newsletter","status":"publish","type":"page","link":"https:\/\/www.thoman.de\/fr\/sabonner-a-la-newsletter\/","title":{"rendered":"S&rsquo;abonner \u00e0 la Newsletter"},"content":{"rendered":"<h1>Restez inform\u00e9<\/h1>\n<p>Dans notre Newsletter, nous vous informons sur :<\/p>\n<ul>\n<li>Les nouveaux programmes ou mises \u00e0 jour<\/li>\n<li>Les d\u00e9veloppements et produits<\/li>\n<li>Les dates et salons<\/li>\n<li>Des entr\u00e9es gratuites pour les salons<\/li>\n<li>Des actions sp\u00e9ciales<\/li>\n<li>Des remises sp\u00e9ciales<\/li>\n<\/ul>\n<p>Abonnez-vous ici. Votre inscription est enti\u00e8rement gratuite et sans engagement. Vos donn\u00e9es ne seront ni transmises \u00e0 des tiers ni utilis\u00e9es \u00e0 d&rsquo;autres fins. Vous pouvez vous d\u00e9sabonner de la Newsletter \u00e0 tout moment.<\/p>\n<form id=\"newsletterForm\" class=\"layout_form cr_form cr_font\" onsubmit=\"return validateForm()\" action=\"http:\/\/newsletter.thoman.de\/f\/44718-138589\/wcs\/\" method=\"post\" target=\"_blank\">\n<h4>Newsletter Anmeldung:<\/h4>\n<div class=\"cr_body cr_page cr_font formbox\">\n<div class='non_sortable'><\/div>\n<div class='editable_content'>\n<div id=\"2840445\" rel=\"select\" class=\"cr_ipe_item ui-sortable musthave\" >\n<label for=\"select_2840445\" class=\"itemname\">Anrede*<\/label> <select id=\"select_2840445\" class=\"cr_font\" name=\"1150891\"  ><option value=\"Frau\" >Frau<\/option><option value=\"Herr\" >Herr<\/option><\/select>\n<\/div>\n<div id=\"2840460\" rel=\"text\" class=\"cr_ipe_item ui-sortable\" >\n<label for=\"text2840460\" class=\"itemname\">Vorname<\/label> <input id=\"text2840460\" name=\"1150892\" type=\"text\" value=\"\"  \/>\n<\/div>\n<div id=\"2840462\" rel=\"text\" class=\"cr_ipe_item ui-sortable musthave\" >\n<label for=\"text2840462\" class=\"itemname\">Nachname*<\/label> <input id=\"text2840462\" name=\"1150893\" type=\"text\" value=\"\"  \/>\n<\/div>\n<div id=\"2840464\" rel=\"email\" class=\"cr_ipe_item ui-sortable musthave\" >\n<label for=\"text2840464\" class=\"itemname\">E-Mail*<\/label> <input id=\"text2840464\" name=\"email\" value=\"\" type=\"text\"  \/>\n<\/div>\n<div id=\"2840465\" rel=\"text\" class=\"cr_ipe_item ui-sortable\" >\n<label for=\"text2840465\" class=\"itemname\">Firma<\/label> <input id=\"text2840465\" name=\"1150778\" type=\"text\" value=\"\"  \/>\n<\/div>\n<div id=\"2840466\" rel=\"text\" class=\"cr_ipe_item ui-sortable\" >\n<label for=\"text2840466\" class=\"itemname\">Stra&szlig;e\/Nr.<\/label> <input id=\"text2840466\" name=\"1150769\" type=\"text\" value=\"\"  \/>\n<\/div>\n<div id=\"2840467\" rel=\"text\" class=\"cr_ipe_item ui-sortable\" >\n<label for=\"text2840467\" class=\"itemname\">PLZ<\/label> <input id=\"text2840467\" name=\"1150766\" type=\"text\" value=\"\"  \/>\n<\/div>\n<div id=\"2840470\" rel=\"text\" class=\"cr_ipe_item ui-sortable\" >\n<label for=\"text2840470\" class=\"itemname\">Ort<\/label> <input id=\"text2840470\" name=\"1150767\" type=\"text\" value=\"\"  \/>\n<\/div>\n<div id=\"2840468\" rel=\"phone\" class=\"cr_ipe_item ui-sortable\" >\n<label class=\"itemname\">Telefonnummer<\/label> (<input id=\"phone_cc2840468\" name=\"1150770[country_code]\" type=\"text\"  value=\"\" \/>) <input id=\"phone_ac2840468\" name=\"1150770[area_code]\" type=\"text\"  value=\"\" \/> \/ <input id=\"phone_number2840468\" name=\"1150770[number]\" type=\"text\"  value=\"\" \/>\n<\/div>\n<div id=\"2840469\" rel=\"button\" class=\"cr_ipe_item ui-sortable submit_container\" >\n<button type=\"submit\" class=\"cr_button\">Anmelden<\/button>\n<\/div>\n<\/p><\/div>\n<\/div>\n<\/form>\n","protected":false},"excerpt":{"rendered":"<p>Restez inform\u00e9 Dans notre Newsletter, nous vous informons sur : Les nouveaux programmes ou mises \u00e0 jour Les d\u00e9veloppements et produits Les dates et salons Des entr\u00e9es gratuites pour les salons Des actions sp\u00e9ciales Des remises sp\u00e9ciales Abonnez-vous ici. Votre inscription est enti\u00e8rement gratuite et sans engagement. Vos donn\u00e9es ne seront ni transmises \u00e0 des [&hellip;]<\/p>\n","protected":false},"author":11,"featured_media":0,"parent":0,"menu_order":0,"comment_status":"open","ping_status":"open","template":"","meta":{"footnotes":""},"acf":[],"yoast_head":"<!-- This site is optimized with the Yoast SEO plugin v21.3 - https:\/\/yoast.com\/wordpress\/plugins\/seo\/ -->\n<title>S&#039;abonner \u00e0 la Newsletter - Thoman Biegemaschinen<\/title>\n<meta name=\"robots\" content=\"index, follow, max-snippet:-1, max-image-preview:large, max-video-preview:-1\" \/>\n<link rel=\"canonical\" href=\"https:\/\/www.thoman.de\/fr\/sabonner-a-la-newsletter\/\" \/>\n<meta property=\"og:locale\" content=\"fr_FR\" \/>\n<meta property=\"og:type\" content=\"article\" \/>\n<meta property=\"og:title\" content=\"S&#039;abonner \u00e0 la Newsletter - Thoman Biegemaschinen\" \/>\n<meta property=\"og:description\" content=\"Restez inform\u00e9 Dans notre Newsletter, nous vous informons sur : Les nouveaux programmes ou mises \u00e0 jour Les d\u00e9veloppements et produits Les dates et salons Des entr\u00e9es gratuites pour les salons Des actions sp\u00e9ciales Des remises sp\u00e9ciales Abonnez-vous ici. Votre inscription est enti\u00e8rement gratuite et sans engagement. Vos donn\u00e9es ne seront ni transmises \u00e0 des [&hellip;]\" \/>\n<meta property=\"og:url\" content=\"https:\/\/www.thoman.de\/fr\/sabonner-a-la-newsletter\/\" \/>\n<meta property=\"og:site_name\" content=\"Thoman Biegemaschinen\" \/>\n<meta property=\"article:modified_time\" content=\"2014-09-25T14:01:59+00:00\" \/>\n<script type=\"application\/ld+json\" class=\"yoast-schema-graph\">{\"@context\":\"https:\/\/schema.org\",\"@graph\":[{\"@type\":\"WebPage\",\"@id\":\"https:\/\/www.thoman.de\/fr\/sabonner-a-la-newsletter\/\",\"url\":\"https:\/\/www.thoman.de\/fr\/sabonner-a-la-newsletter\/\",\"name\":\"S'abonner \u00e0 la Newsletter - Thoman Biegemaschinen\",\"isPartOf\":{\"@id\":\"https:\/\/www.thoman.de\/#website\"},\"datePublished\":\"2014-08-14T15:26:39+00:00\",\"dateModified\":\"2014-09-25T14:01:59+00:00\",\"breadcrumb\":{\"@id\":\"https:\/\/www.thoman.de\/fr\/sabonner-a-la-newsletter\/#breadcrumb\"},\"inLanguage\":\"fr-FR\",\"potentialAction\":[{\"@type\":\"ReadAction\",\"target\":[\"https:\/\/www.thoman.de\/fr\/sabonner-a-la-newsletter\/\"]}]},{\"@type\":\"BreadcrumbList\",\"@id\":\"https:\/\/www.thoman.de\/fr\/sabonner-a-la-newsletter\/#breadcrumb\",\"itemListElement\":[{\"@type\":\"ListItem\",\"position\":1,\"name\":\"Home\",\"item\":\"https:\/\/www.thoman.de\/fr\/\"},{\"@type\":\"ListItem\",\"position\":2,\"name\":\"S&rsquo;abonner \u00e0 la Newsletter\"}]},{\"@type\":\"WebSite\",\"@id\":\"https:\/\/www.thoman.de\/#website\",\"url\":\"https:\/\/www.thoman.de\/\",\"name\":\"Thoman Biegemaschinen\",\"description\":\"Eine weitere WordPress-Seite\",\"potentialAction\":[{\"@type\":\"SearchAction\",\"target\":{\"@type\":\"EntryPoint\",\"urlTemplate\":\"https:\/\/www.thoman.de\/?s={search_term_string}\"},\"query-input\":\"required name=search_term_string\"}],\"inLanguage\":\"fr-FR\"}]}<\/script>\n<!-- \/ Yoast SEO plugin. -->","yoast_head_json":{"title":"S'abonner \u00e0 la Newsletter - Thoman Biegemaschinen","robots":{"index":"index","follow":"follow","max-snippet":"max-snippet:-1","max-image-preview":"max-image-preview:large","max-video-preview":"max-video-preview:-1"},"canonical":"https:\/\/www.thoman.de\/fr\/sabonner-a-la-newsletter\/","og_locale":"fr_FR","og_type":"article","og_title":"S'abonner \u00e0 la Newsletter - Thoman Biegemaschinen","og_description":"Restez inform\u00e9 Dans notre Newsletter, nous vous informons sur : Les nouveaux programmes ou mises \u00e0 jour Les d\u00e9veloppements et produits Les dates et salons Des entr\u00e9es gratuites pour les salons Des actions sp\u00e9ciales Des remises sp\u00e9ciales Abonnez-vous ici. Votre inscription est enti\u00e8rement gratuite et sans engagement. Vos donn\u00e9es ne seront ni transmises \u00e0 des [&hellip;]","og_url":"https:\/\/www.thoman.de\/fr\/sabonner-a-la-newsletter\/","og_site_name":"Thoman Biegemaschinen","article_modified_time":"2014-09-25T14:01:59+00:00","schema":{"@context":"https:\/\/schema.org","@graph":[{"@type":"WebPage","@id":"https:\/\/www.thoman.de\/fr\/sabonner-a-la-newsletter\/","url":"https:\/\/www.thoman.de\/fr\/sabonner-a-la-newsletter\/","name":"S'abonner \u00e0 la Newsletter - Thoman Biegemaschinen","isPartOf":{"@id":"https:\/\/www.thoman.de\/#website"},"datePublished":"2014-08-14T15:26:39+00:00","dateModified":"2014-09-25T14:01:59+00:00","breadcrumb":{"@id":"https:\/\/www.thoman.de\/fr\/sabonner-a-la-newsletter\/#breadcrumb"},"inLanguage":"fr-FR","potentialAction":[{"@type":"ReadAction","target":["https:\/\/www.thoman.de\/fr\/sabonner-a-la-newsletter\/"]}]},{"@type":"BreadcrumbList","@id":"https:\/\/www.thoman.de\/fr\/sabonner-a-la-newsletter\/#breadcrumb","itemListElement":[{"@type":"ListItem","position":1,"name":"Home","item":"https:\/\/www.thoman.de\/fr\/"},{"@type":"ListItem","position":2,"name":"S&rsquo;abonner \u00e0 la Newsletter"}]},{"@type":"WebSite","@id":"https:\/\/www.thoman.de\/#website","url":"https:\/\/www.thoman.de\/","name":"Thoman Biegemaschinen","description":"Eine weitere WordPress-Seite","potentialAction":[{"@type":"SearchAction","target":{"@type":"EntryPoint","urlTemplate":"https:\/\/www.thoman.de\/?s={search_term_string}"},"query-input":"required name=search_term_string"}],"inLanguage":"fr-FR"}]}},"_links":{"self":[{"href":"https:\/\/www.thoman.de\/fr\/wp-json\/wp\/v2\/pages\/3476"}],"collection":[{"href":"https:\/\/www.thoman.de\/fr\/wp-json\/wp\/v2\/pages"}],"about":[{"href":"https:\/\/www.thoman.de\/fr\/wp-json\/wp\/v2\/types\/page"}],"author":[{"embeddable":true,"href":"https:\/\/www.thoman.de\/fr\/wp-json\/wp\/v2\/users\/11"}],"replies":[{"embeddable":true,"href":"https:\/\/www.thoman.de\/fr\/wp-json\/wp\/v2\/comments?post=3476"}],"version-history":[{"count":8,"href":"https:\/\/www.thoman.de\/fr\/wp-json\/wp\/v2\/pages\/3476\/revisions"}],"predecessor-version":[{"id":5101,"href":"https:\/\/www.thoman.de\/fr\/wp-json\/wp\/v2\/pages\/3476\/revisions\/5101"}],"wp:attachment":[{"href":"https:\/\/www.thoman.de\/fr\/wp-json\/wp\/v2\/media?parent=3476"}],"curies":[{"name":"wp","href":"https:\/\/api.w.org\/{rel}","templated":true}]}}