{"id":3482,"date":"2014-08-13T19:05:39","date_gmt":"2014-08-13T17:05:39","guid":{"rendered":"http:\/\/thoman.de\/referenzen-2\/"},"modified":"2014-09-25T15:49:25","modified_gmt":"2014-09-25T13:49:25","slug":"references","status":"publish","type":"page","link":"https:\/\/www.thoman.de\/fr\/references\/","title":{"rendered":"R\u00e9f\u00e9rences"},"content":{"rendered":"<h1>R\u00e9f\u00e9rences<\/h1>\n<table>\n<tbody>\n<tr>\n<td>De l&rsquo;artisanat aux soci\u00e9t\u00e9s internationales.<br \/>\nLes machines de cintrage de Thoman affichent leurs performances dans de nombreuses entreprises dans une utilisation quotidienne intensive. Des entreprises leaders misent sur la technique de cintrage de Thoman.<\/p>\n<ul style=\"list-style-type: square;\">\n<li>Alcoa<\/li>\n<li>Albixon<\/li>\n<li>ATS<\/li>\n<li>Al Men Oy<\/li>\n<li>Blasi<\/li>\n<li>Cintrage Ile de France<\/li>\n<li>Dorma<\/li>\n<li>Daimler AG<\/li>\n<li>Evobus<\/li>\n<li>Feldmann<\/li>\n<li>GEZE<\/li>\n<li>Grimm<\/li>\n<li>Hanneke<\/li>\n<li>Hymer<\/li>\n<\/ul>\n<\/td>\n<td>\n<ul style=\"list-style-type: square;\">\n<li>IFE-Doorsystems<\/li>\n<li>John Deere<\/li>\n<li>Kaiser und Ku\u0308hne<\/li>\n<li>Liebherr<\/li>\n<li>Magister<\/li>\n<li>MAB<\/li>\n<li>Paradiso<\/li>\n<li>RHB-Biegetechnik<\/li>\n<li>Schuster-Rohrbogen<\/li>\n<li>Schu\u0308co<\/li>\n<li>Triebenbacher<\/li>\n<li>Transmaschholding<\/li>\n<li>Transnorm<\/li>\n<li>Tschopp\u00e9<\/li>\n<li>Touratech<\/li>\n<li>Veller<\/li>\n<li>Wittenauer<\/li>\n<li>et plus de 2000 clients<br \/>dans le monde entier<\/li>\n<\/ul>\n<p>&nbsp;<\/p>\n<p>&nbsp;<\/td>\n<\/tr>\n<\/tbody>\n<\/table>\n","protected":false},"excerpt":{"rendered":"<p>R\u00e9f\u00e9rences De l&rsquo;artisanat aux soci\u00e9t\u00e9s internationales. Les machines de cintrage de Thoman affichent leurs performances dans de nombreuses entreprises dans une utilisation quotidienne intensive. Des entreprises leaders misent sur la technique de cintrage de Thoman. Alcoa Albixon ATS Al Men Oy Blasi Cintrage Ile de France Dorma Daimler AG Evobus Feldmann GEZE Grimm Hanneke Hymer [&hellip;]<\/p>\n","protected":false},"author":11,"featured_media":0,"parent":0,"menu_order":0,"comment_status":"open","ping_status":"open","template":"","meta":{"footnotes":""},"acf":[],"yoast_head":"<!-- This site is optimized with the Yoast SEO plugin v21.3 - https:\/\/yoast.com\/wordpress\/plugins\/seo\/ -->\n<title>R\u00e9f\u00e9rences - Thoman Biegemaschinen<\/title>\n<meta name=\"robots\" content=\"index, follow, max-snippet:-1, max-image-preview:large, max-video-preview:-1\" \/>\n<link rel=\"canonical\" href=\"https:\/\/www.thoman.de\/fr\/references\/\" \/>\n<meta property=\"og:locale\" content=\"fr_FR\" \/>\n<meta property=\"og:type\" content=\"article\" \/>\n<meta property=\"og:title\" content=\"R\u00e9f\u00e9rences - Thoman Biegemaschinen\" \/>\n<meta property=\"og:description\" content=\"R\u00e9f\u00e9rences De l&rsquo;artisanat aux soci\u00e9t\u00e9s internationales. Les machines de cintrage de Thoman affichent leurs performances dans de nombreuses entreprises dans une utilisation quotidienne intensive. Des entreprises leaders misent sur la technique de cintrage de Thoman. Alcoa Albixon ATS Al Men Oy Blasi Cintrage Ile de France Dorma Daimler AG Evobus Feldmann GEZE Grimm Hanneke Hymer [&hellip;]\" \/>\n<meta property=\"og:url\" content=\"https:\/\/www.thoman.de\/fr\/references\/\" \/>\n<meta property=\"og:site_name\" content=\"Thoman Biegemaschinen\" \/>\n<meta property=\"article:modified_time\" content=\"2014-09-25T13:49:25+00:00\" \/>\n<script type=\"application\/ld+json\" class=\"yoast-schema-graph\">{\"@context\":\"https:\/\/schema.org\",\"@graph\":[{\"@type\":\"WebPage\",\"@id\":\"https:\/\/www.thoman.de\/fr\/references\/\",\"url\":\"https:\/\/www.thoman.de\/fr\/references\/\",\"name\":\"R\u00e9f\u00e9rences - Thoman Biegemaschinen\",\"isPartOf\":{\"@id\":\"https:\/\/www.thoman.de\/#website\"},\"datePublished\":\"2014-08-13T17:05:39+00:00\",\"dateModified\":\"2014-09-25T13:49:25+00:00\",\"breadcrumb\":{\"@id\":\"https:\/\/www.thoman.de\/fr\/references\/#breadcrumb\"},\"inLanguage\":\"fr-FR\",\"potentialAction\":[{\"@type\":\"ReadAction\",\"target\":[\"https:\/\/www.thoman.de\/fr\/references\/\"]}]},{\"@type\":\"BreadcrumbList\",\"@id\":\"https:\/\/www.thoman.de\/fr\/references\/#breadcrumb\",\"itemListElement\":[{\"@type\":\"ListItem\",\"position\":1,\"name\":\"Home\",\"item\":\"https:\/\/www.thoman.de\/fr\/\"},{\"@type\":\"ListItem\",\"position\":2,\"name\":\"R\u00e9f\u00e9rences\"}]},{\"@type\":\"WebSite\",\"@id\":\"https:\/\/www.thoman.de\/#website\",\"url\":\"https:\/\/www.thoman.de\/\",\"name\":\"Thoman Biegemaschinen\",\"description\":\"Eine weitere WordPress-Seite\",\"potentialAction\":[{\"@type\":\"SearchAction\",\"target\":{\"@type\":\"EntryPoint\",\"urlTemplate\":\"https:\/\/www.thoman.de\/?s={search_term_string}\"},\"query-input\":\"required name=search_term_string\"}],\"inLanguage\":\"fr-FR\"}]}<\/script>\n<!-- \/ Yoast SEO plugin. -->","yoast_head_json":{"title":"R\u00e9f\u00e9rences - Thoman Biegemaschinen","robots":{"index":"index","follow":"follow","max-snippet":"max-snippet:-1","max-image-preview":"max-image-preview:large","max-video-preview":"max-video-preview:-1"},"canonical":"https:\/\/www.thoman.de\/fr\/references\/","og_locale":"fr_FR","og_type":"article","og_title":"R\u00e9f\u00e9rences - Thoman Biegemaschinen","og_description":"R\u00e9f\u00e9rences De l&rsquo;artisanat aux soci\u00e9t\u00e9s internationales. Les machines de cintrage de Thoman affichent leurs performances dans de nombreuses entreprises dans une utilisation quotidienne intensive. Des entreprises leaders misent sur la technique de cintrage de Thoman. Alcoa Albixon ATS Al Men Oy Blasi Cintrage Ile de France Dorma Daimler AG Evobus Feldmann GEZE Grimm Hanneke Hymer [&hellip;]","og_url":"https:\/\/www.thoman.de\/fr\/references\/","og_site_name":"Thoman Biegemaschinen","article_modified_time":"2014-09-25T13:49:25+00:00","schema":{"@context":"https:\/\/schema.org","@graph":[{"@type":"WebPage","@id":"https:\/\/www.thoman.de\/fr\/references\/","url":"https:\/\/www.thoman.de\/fr\/references\/","name":"R\u00e9f\u00e9rences - Thoman Biegemaschinen","isPartOf":{"@id":"https:\/\/www.thoman.de\/#website"},"datePublished":"2014-08-13T17:05:39+00:00","dateModified":"2014-09-25T13:49:25+00:00","breadcrumb":{"@id":"https:\/\/www.thoman.de\/fr\/references\/#breadcrumb"},"inLanguage":"fr-FR","potentialAction":[{"@type":"ReadAction","target":["https:\/\/www.thoman.de\/fr\/references\/"]}]},{"@type":"BreadcrumbList","@id":"https:\/\/www.thoman.de\/fr\/references\/#breadcrumb","itemListElement":[{"@type":"ListItem","position":1,"name":"Home","item":"https:\/\/www.thoman.de\/fr\/"},{"@type":"ListItem","position":2,"name":"R\u00e9f\u00e9rences"}]},{"@type":"WebSite","@id":"https:\/\/www.thoman.de\/#website","url":"https:\/\/www.thoman.de\/","name":"Thoman Biegemaschinen","description":"Eine weitere WordPress-Seite","potentialAction":[{"@type":"SearchAction","target":{"@type":"EntryPoint","urlTemplate":"https:\/\/www.thoman.de\/?s={search_term_string}"},"query-input":"required name=search_term_string"}],"inLanguage":"fr-FR"}]}},"_links":{"self":[{"href":"https:\/\/www.thoman.de\/fr\/wp-json\/wp\/v2\/pages\/3482"}],"collection":[{"href":"https:\/\/www.thoman.de\/fr\/wp-json\/wp\/v2\/pages"}],"about":[{"href":"https:\/\/www.thoman.de\/fr\/wp-json\/wp\/v2\/types\/page"}],"author":[{"embeddable":true,"href":"https:\/\/www.thoman.de\/fr\/wp-json\/wp\/v2\/users\/11"}],"replies":[{"embeddable":true,"href":"https:\/\/www.thoman.de\/fr\/wp-json\/wp\/v2\/comments?post=3482"}],"version-history":[{"count":2,"href":"https:\/\/www.thoman.de\/fr\/wp-json\/wp\/v2\/pages\/3482\/revisions"}],"predecessor-version":[{"id":4569,"href":"https:\/\/www.thoman.de\/fr\/wp-json\/wp\/v2\/pages\/3482\/revisions\/4569"}],"wp:attachment":[{"href":"https:\/\/www.thoman.de\/fr\/wp-json\/wp\/v2\/media?parent=3482"}],"curies":[{"name":"wp","href":"https:\/\/api.w.org\/{rel}","templated":true}]}}