{"id":3488,"date":"2014-08-13T19:04:06","date_gmt":"2014-08-13T17:04:06","guid":{"rendered":"http:\/\/thoman.de\/technikum-2\/"},"modified":"2014-09-25T15:10:27","modified_gmt":"2014-09-25T13:10:27","slug":"centre-technique","status":"publish","type":"page","link":"https:\/\/www.thoman.de\/fr\/centre-technique\/","title":{"rendered":"Centre technique"},"content":{"rendered":"<h1>D\u00e9partement des essais pour fabrication d&rsquo;\u00e9chantillons<\/h1>\n<h2>&nbsp;<\/h2>\n<table>\n<tbody>\n<tr>\n<td>\n<p style=\"color: #606060;\">Les rayons de cintrage minimaux \u00e0 obtenir ainsi que la d\u00e9formation du profil\u00e9 r\u00e9sultant de la transformation ne peuvent souvent \u00eatre calcul\u00e9s qu&rsquo;avec des essais de cintrage. La fabrication des pi\u00e8ces \u00e0 cintrer pour l&rsquo;\u00e9chantillonnage initial ainsi que l&rsquo;ajustement et l&rsquo;optimisation des outils de cintrage et des processus utilis\u00e9s est par cons\u00e9quent un composant important des travaux du projet.<\/p>\n<p style=\"color: #606060;\">Gr\u00e2ce \u00e0 notre d\u00e9partement d&rsquo;essais interne, nous pouvons assister nos clients de mani\u00e8re optimale d\u00e8s l&rsquo;\u00e9chantillonnage initial.<\/p>\n<\/td>\n<td>\n<p style=\"color: #606060;\">Chez Thoman, le d\u00e9partement des essais, le d\u00e9veloppement et la fabrication sont regroup\u00e9s. Nous pouvons ainsi r\u00e9agir tr\u00e8s rapidement et efficacement aux nouveaux d\u00e9fis.<\/p>\n<p style=\"color: #606060;\">En tant que client, vous profitez de temps de r\u00e9action courts et de faibles pertes de friction. Vous pouvez \u00eatre certain que vos outils de cintrage sont ajust\u00e9s de mani\u00e8re optimale et obtenez des r\u00e9sultats de cintrage parfaits du premier coup.<\/p>\n<\/td>\n<\/tr>\n<\/tbody>\n<\/table>\n","protected":false},"excerpt":{"rendered":"<p>D\u00e9partement des essais pour fabrication d&rsquo;\u00e9chantillons &nbsp; Les rayons de cintrage minimaux \u00e0 obtenir ainsi que la d\u00e9formation du profil\u00e9 r\u00e9sultant de la transformation ne peuvent souvent \u00eatre calcul\u00e9s qu&rsquo;avec des essais de cintrage. La fabrication des pi\u00e8ces \u00e0 cintrer pour l&rsquo;\u00e9chantillonnage initial ainsi que l&rsquo;ajustement et l&rsquo;optimisation des outils de cintrage et des processus [&hellip;]<\/p>\n","protected":false},"author":11,"featured_media":0,"parent":0,"menu_order":0,"comment_status":"open","ping_status":"open","template":"","meta":{"footnotes":""},"acf":[],"yoast_head":"<!-- This site is optimized with the Yoast SEO plugin v21.3 - https:\/\/yoast.com\/wordpress\/plugins\/seo\/ -->\n<title>Centre technique - Thoman Biegemaschinen<\/title>\n<meta name=\"robots\" content=\"index, follow, max-snippet:-1, max-image-preview:large, max-video-preview:-1\" \/>\n<link rel=\"canonical\" href=\"https:\/\/www.thoman.de\/fr\/centre-technique\/\" \/>\n<meta property=\"og:locale\" content=\"fr_FR\" \/>\n<meta property=\"og:type\" content=\"article\" \/>\n<meta property=\"og:title\" content=\"Centre technique - Thoman Biegemaschinen\" \/>\n<meta property=\"og:description\" content=\"D\u00e9partement des essais pour fabrication d&rsquo;\u00e9chantillons &nbsp; Les rayons de cintrage minimaux \u00e0 obtenir ainsi que la d\u00e9formation du profil\u00e9 r\u00e9sultant de la transformation ne peuvent souvent \u00eatre calcul\u00e9s qu&rsquo;avec des essais de cintrage. La fabrication des pi\u00e8ces \u00e0 cintrer pour l&rsquo;\u00e9chantillonnage initial ainsi que l&rsquo;ajustement et l&rsquo;optimisation des outils de cintrage et des processus [&hellip;]\" \/>\n<meta property=\"og:url\" content=\"https:\/\/www.thoman.de\/fr\/centre-technique\/\" \/>\n<meta property=\"og:site_name\" content=\"Thoman Biegemaschinen\" \/>\n<meta property=\"article:modified_time\" content=\"2014-09-25T13:10:27+00:00\" \/>\n<meta name=\"twitter:label1\" content=\"Dur\u00e9e de lecture estim\u00e9e\" \/>\n\t<meta name=\"twitter:data1\" content=\"1 minute\" \/>\n<script type=\"application\/ld+json\" class=\"yoast-schema-graph\">{\"@context\":\"https:\/\/schema.org\",\"@graph\":[{\"@type\":\"WebPage\",\"@id\":\"https:\/\/www.thoman.de\/fr\/centre-technique\/\",\"url\":\"https:\/\/www.thoman.de\/fr\/centre-technique\/\",\"name\":\"Centre technique - Thoman Biegemaschinen\",\"isPartOf\":{\"@id\":\"https:\/\/www.thoman.de\/#website\"},\"datePublished\":\"2014-08-13T17:04:06+00:00\",\"dateModified\":\"2014-09-25T13:10:27+00:00\",\"breadcrumb\":{\"@id\":\"https:\/\/www.thoman.de\/fr\/centre-technique\/#breadcrumb\"},\"inLanguage\":\"fr-FR\",\"potentialAction\":[{\"@type\":\"ReadAction\",\"target\":[\"https:\/\/www.thoman.de\/fr\/centre-technique\/\"]}]},{\"@type\":\"BreadcrumbList\",\"@id\":\"https:\/\/www.thoman.de\/fr\/centre-technique\/#breadcrumb\",\"itemListElement\":[{\"@type\":\"ListItem\",\"position\":1,\"name\":\"Home\",\"item\":\"https:\/\/www.thoman.de\/fr\/\"},{\"@type\":\"ListItem\",\"position\":2,\"name\":\"Centre technique\"}]},{\"@type\":\"WebSite\",\"@id\":\"https:\/\/www.thoman.de\/#website\",\"url\":\"https:\/\/www.thoman.de\/\",\"name\":\"Thoman Biegemaschinen\",\"description\":\"Eine weitere WordPress-Seite\",\"potentialAction\":[{\"@type\":\"SearchAction\",\"target\":{\"@type\":\"EntryPoint\",\"urlTemplate\":\"https:\/\/www.thoman.de\/?s={search_term_string}\"},\"query-input\":\"required name=search_term_string\"}],\"inLanguage\":\"fr-FR\"}]}<\/script>\n<!-- \/ Yoast SEO plugin. -->","yoast_head_json":{"title":"Centre technique - Thoman Biegemaschinen","robots":{"index":"index","follow":"follow","max-snippet":"max-snippet:-1","max-image-preview":"max-image-preview:large","max-video-preview":"max-video-preview:-1"},"canonical":"https:\/\/www.thoman.de\/fr\/centre-technique\/","og_locale":"fr_FR","og_type":"article","og_title":"Centre technique - Thoman Biegemaschinen","og_description":"D\u00e9partement des essais pour fabrication d&rsquo;\u00e9chantillons &nbsp; Les rayons de cintrage minimaux \u00e0 obtenir ainsi que la d\u00e9formation du profil\u00e9 r\u00e9sultant de la transformation ne peuvent souvent \u00eatre calcul\u00e9s qu&rsquo;avec des essais de cintrage. La fabrication des pi\u00e8ces \u00e0 cintrer pour l&rsquo;\u00e9chantillonnage initial ainsi que l&rsquo;ajustement et l&rsquo;optimisation des outils de cintrage et des processus [&hellip;]","og_url":"https:\/\/www.thoman.de\/fr\/centre-technique\/","og_site_name":"Thoman Biegemaschinen","article_modified_time":"2014-09-25T13:10:27+00:00","twitter_misc":{"Dur\u00e9e de lecture estim\u00e9e":"1 minute"},"schema":{"@context":"https:\/\/schema.org","@graph":[{"@type":"WebPage","@id":"https:\/\/www.thoman.de\/fr\/centre-technique\/","url":"https:\/\/www.thoman.de\/fr\/centre-technique\/","name":"Centre technique - Thoman Biegemaschinen","isPartOf":{"@id":"https:\/\/www.thoman.de\/#website"},"datePublished":"2014-08-13T17:04:06+00:00","dateModified":"2014-09-25T13:10:27+00:00","breadcrumb":{"@id":"https:\/\/www.thoman.de\/fr\/centre-technique\/#breadcrumb"},"inLanguage":"fr-FR","potentialAction":[{"@type":"ReadAction","target":["https:\/\/www.thoman.de\/fr\/centre-technique\/"]}]},{"@type":"BreadcrumbList","@id":"https:\/\/www.thoman.de\/fr\/centre-technique\/#breadcrumb","itemListElement":[{"@type":"ListItem","position":1,"name":"Home","item":"https:\/\/www.thoman.de\/fr\/"},{"@type":"ListItem","position":2,"name":"Centre technique"}]},{"@type":"WebSite","@id":"https:\/\/www.thoman.de\/#website","url":"https:\/\/www.thoman.de\/","name":"Thoman Biegemaschinen","description":"Eine weitere WordPress-Seite","potentialAction":[{"@type":"SearchAction","target":{"@type":"EntryPoint","urlTemplate":"https:\/\/www.thoman.de\/?s={search_term_string}"},"query-input":"required name=search_term_string"}],"inLanguage":"fr-FR"}]}},"_links":{"self":[{"href":"https:\/\/www.thoman.de\/fr\/wp-json\/wp\/v2\/pages\/3488"}],"collection":[{"href":"https:\/\/www.thoman.de\/fr\/wp-json\/wp\/v2\/pages"}],"about":[{"href":"https:\/\/www.thoman.de\/fr\/wp-json\/wp\/v2\/types\/page"}],"author":[{"embeddable":true,"href":"https:\/\/www.thoman.de\/fr\/wp-json\/wp\/v2\/users\/11"}],"replies":[{"embeddable":true,"href":"https:\/\/www.thoman.de\/fr\/wp-json\/wp\/v2\/comments?post=3488"}],"version-history":[{"count":3,"href":"https:\/\/www.thoman.de\/fr\/wp-json\/wp\/v2\/pages\/3488\/revisions"}],"predecessor-version":[{"id":5087,"href":"https:\/\/www.thoman.de\/fr\/wp-json\/wp\/v2\/pages\/3488\/revisions\/5087"}],"wp:attachment":[{"href":"https:\/\/www.thoman.de\/fr\/wp-json\/wp\/v2\/media?parent=3488"}],"curies":[{"name":"wp","href":"https:\/\/api.w.org\/{rel}","templated":true}]}}