{"id":3500,"date":"2014-08-13T19:04:39","date_gmt":"2014-08-13T17:04:39","guid":{"rendered":"http:\/\/thoman.de\/unternehmen-2\/"},"modified":"2014-09-25T15:23:40","modified_gmt":"2014-09-25T13:23:40","slug":"entreprise","status":"publish","type":"page","link":"https:\/\/www.thoman.de\/fr\/entreprise\/","title":{"rendered":"Entreprise"},"content":{"rendered":"<h1>Profil de l&rsquo;entreprise<\/h1>\n<h2>&nbsp;<\/h2>\n<table>\n<tbody>\n<tr>\n<td>\n<p style=\"color: #606060;\">Le cintrage est notre univers. C&rsquo;est pourquoi nous d\u00e9veloppons et fabriquons des machines et installations performantes.<\/p>\n<p style=\"color: #606060;\">Les t\u00e2ches ainsi que la forme et la g\u00e9om\u00e9trie des profil\u00e9s \u00e0 cintrer varient fortement. Pour obtenir des r\u00e9sultats de cintrage optimaux, il est donc souvent n\u00e9cessaire d&rsquo;avoir recours \u00e0 diff\u00e9rents processus de cintrage ou de fabriquer des outils de cintrage sp\u00e9ciaux. Le d\u00e9veloppement et le test d&rsquo;outils de cintrage sp\u00e9cifiques au client est par cons\u00e9quent un composant important de notre activit\u00e9.<\/p>\n<\/td>\n<td>\n<p style=\"color: #606060;\">Gr\u00e2ce \u00e0 notre activit\u00e9 de longue date dans ce secteur, nous disposons d&rsquo;un vaste savoir-faire et d&rsquo;une exp\u00e9rience d&rsquo;une grande richesse. Thoman est le seul fabricant allemand \u00e0 proposer tous les processus de cintrage importants. Cela fait de nous un partenaire performant et pr\u00e9cieux pour nos clients.<\/p>\n<p style=\"color: #606060;\">Nous vous proposons des solutions pour les t\u00e2ches exigeantes !<\/p>\n<\/td>\n<\/tr>\n<\/tbody>\n<\/table>\n<table class=\"table\">\n<tbody>\n<tr>\n<td><div class=\"BorlabsCookie _brlbs-cb-youtube\"><div class=\"_brlbs-content-blocker\"> <div class=\"_brlbs-embed _brlbs-video-youtube\"> <img class=\"_brlbs-thumbnail\" src=\"https:\/\/www.thoman.de\/wp-content\/cache\/borlabs-cookie\/VBtkAfg8s1g_maxresdefault.jpg\" alt=\"YouTube\"> <div class=\"_brlbs-caption\"> <p>By loading the video, you agree to YouTube's privacy policy.<br><a href=\"https:\/\/policies.google.com\/privacy\" target=\"_blank\" rel=\"nofollow noopener noreferrer\">Learn more<\/a><\/p> <p><a class=\"_brlbs-btn _brlbs-icon-play-white\" href=\"#\" data-borlabs-cookie-unblock role=\"button\">Load video<\/a><\/p> <p><label><input type=\"checkbox\" name=\"unblockAll\" value=\"1\" checked> <small>Always unblock YouTube<\/small><\/label><\/p> <\/div> <\/div> <\/div><div class=\"borlabs-hide\" data-borlabs-cookie-type=\"content-blocker\" data-borlabs-cookie-id=\"youtube\"><script type=\"text\/template\">PGlmcmFtZSBzcmM9Ii8vd3d3LnlvdXR1YmUtbm9jb29raWUuY29tL2VtYmVkL1ZCdGtBZmc4czFnP3JlbD0wIiB3aWR0aD0iMjUwIiBoZWlnaHQ9IjE0MSIgZnJhbWVib3JkZXI9IjAiIGFsbG93ZnVsbHNjcmVlbj0iYWxsb3dmdWxsc2NyZWVuIj48L2lmcmFtZT4=<\/script><\/div><\/div><\/td>\n<td><div class=\"BorlabsCookie _brlbs-cb-youtube\"><div class=\"_brlbs-content-blocker\"> <div class=\"_brlbs-embed _brlbs-video-youtube\"> <img class=\"_brlbs-thumbnail\" src=\"https:\/\/www.thoman.de\/wp-content\/cache\/borlabs-cookie\/iUmHhJ452J8_maxresdefault.jpg\" alt=\"YouTube\"> <div class=\"_brlbs-caption\"> <p>By loading the video, you agree to YouTube's privacy policy.<br><a href=\"https:\/\/policies.google.com\/privacy\" target=\"_blank\" rel=\"nofollow noopener noreferrer\">Learn more<\/a><\/p> <p><a class=\"_brlbs-btn _brlbs-icon-play-white\" href=\"#\" data-borlabs-cookie-unblock role=\"button\">Load video<\/a><\/p> <p><label><input type=\"checkbox\" name=\"unblockAll\" value=\"1\" checked> <small>Always unblock YouTube<\/small><\/label><\/p> <\/div> <\/div> <\/div><div class=\"borlabs-hide\" data-borlabs-cookie-type=\"content-blocker\" data-borlabs-cookie-id=\"youtube\"><script type=\"text\/template\">PGlmcmFtZSBzcmM9Ii8vd3d3LnlvdXR1YmUtbm9jb29raWUuY29tL2VtYmVkL2lVbUhoSjQ1Mko4P3JlbD0wIiB3aWR0aD0iMjUwIiBoZWlnaHQ9IjE0MSIgZnJhbWVib3JkZXI9IjAiIGFsbG93ZnVsbHNjcmVlbj0iYWxsb3dmdWxsc2NyZWVuIj48L2lmcmFtZT4=<\/script><\/div><\/div><\/td>\n<\/tr>\n<tr>\n<td style=\"border: none !important;\">\n<h3 style=\"width: 250px; text-align: center; background: #b6c8dc; text-transform: none; color: #4d4d4d; font-weight: normal; padding: 15px 0; margin: 0;\">VID\u00c9O \/ Deu<\/h3>\n<\/td>\n<td style=\"border: none !important;\">\n<h3 style=\"width: 250px; text-align: center; background: #b6c8dc; text-transform: none; color: #4d4d4d; font-weight: normal; padding: 15px 0; margin:0;\">VID\u00c9O \/ Eng<\/h3>\n<\/td>\n<\/tr>\n<\/tbody>\n<\/table>\n","protected":false},"excerpt":{"rendered":"<p>Profil de l&rsquo;entreprise &nbsp; Le cintrage est notre univers. C&rsquo;est pourquoi nous d\u00e9veloppons et fabriquons des machines et installations performantes. Les t\u00e2ches ainsi que la forme et la g\u00e9om\u00e9trie des profil\u00e9s \u00e0 cintrer varient fortement. Pour obtenir des r\u00e9sultats de cintrage optimaux, il est donc souvent n\u00e9cessaire d&rsquo;avoir recours \u00e0 diff\u00e9rents processus de cintrage ou [&hellip;]<\/p>\n","protected":false},"author":11,"featured_media":0,"parent":0,"menu_order":0,"comment_status":"open","ping_status":"open","template":"","meta":{"footnotes":""},"acf":[],"yoast_head":"<!-- This site is optimized with the Yoast SEO plugin v21.3 - https:\/\/yoast.com\/wordpress\/plugins\/seo\/ -->\n<title>Entreprise  - Thoman Biegemaschinen<\/title>\n<meta name=\"robots\" content=\"index, follow, max-snippet:-1, max-image-preview:large, max-video-preview:-1\" \/>\n<link rel=\"canonical\" href=\"https:\/\/www.thoman.de\/fr\/entreprise\/\" \/>\n<meta property=\"og:locale\" content=\"fr_FR\" \/>\n<meta property=\"og:type\" content=\"article\" \/>\n<meta property=\"og:title\" content=\"Entreprise  - Thoman Biegemaschinen\" \/>\n<meta property=\"og:description\" content=\"Profil de l&rsquo;entreprise &nbsp; Le cintrage est notre univers. C&rsquo;est pourquoi nous d\u00e9veloppons et fabriquons des machines et installations performantes. Les t\u00e2ches ainsi que la forme et la g\u00e9om\u00e9trie des profil\u00e9s \u00e0 cintrer varient fortement. Pour obtenir des r\u00e9sultats de cintrage optimaux, il est donc souvent n\u00e9cessaire d&rsquo;avoir recours \u00e0 diff\u00e9rents processus de cintrage ou [&hellip;]\" \/>\n<meta property=\"og:url\" content=\"https:\/\/www.thoman.de\/fr\/entreprise\/\" \/>\n<meta property=\"og:site_name\" content=\"Thoman Biegemaschinen\" \/>\n<meta property=\"article:modified_time\" content=\"2014-09-25T13:23:40+00:00\" \/>\n<meta name=\"twitter:label1\" content=\"Dur\u00e9e de lecture estim\u00e9e\" \/>\n\t<meta name=\"twitter:data1\" content=\"1 minute\" \/>\n<script type=\"application\/ld+json\" class=\"yoast-schema-graph\">{\"@context\":\"https:\/\/schema.org\",\"@graph\":[{\"@type\":\"WebPage\",\"@id\":\"https:\/\/www.thoman.de\/fr\/entreprise\/\",\"url\":\"https:\/\/www.thoman.de\/fr\/entreprise\/\",\"name\":\"Entreprise - Thoman Biegemaschinen\",\"isPartOf\":{\"@id\":\"https:\/\/www.thoman.de\/#website\"},\"datePublished\":\"2014-08-13T17:04:39+00:00\",\"dateModified\":\"2014-09-25T13:23:40+00:00\",\"breadcrumb\":{\"@id\":\"https:\/\/www.thoman.de\/fr\/entreprise\/#breadcrumb\"},\"inLanguage\":\"fr-FR\",\"potentialAction\":[{\"@type\":\"ReadAction\",\"target\":[\"https:\/\/www.thoman.de\/fr\/entreprise\/\"]}]},{\"@type\":\"BreadcrumbList\",\"@id\":\"https:\/\/www.thoman.de\/fr\/entreprise\/#breadcrumb\",\"itemListElement\":[{\"@type\":\"ListItem\",\"position\":1,\"name\":\"Home\",\"item\":\"https:\/\/www.thoman.de\/fr\/\"},{\"@type\":\"ListItem\",\"position\":2,\"name\":\"Entreprise\"}]},{\"@type\":\"WebSite\",\"@id\":\"https:\/\/www.thoman.de\/#website\",\"url\":\"https:\/\/www.thoman.de\/\",\"name\":\"Thoman Biegemaschinen\",\"description\":\"Eine weitere WordPress-Seite\",\"potentialAction\":[{\"@type\":\"SearchAction\",\"target\":{\"@type\":\"EntryPoint\",\"urlTemplate\":\"https:\/\/www.thoman.de\/?s={search_term_string}\"},\"query-input\":\"required name=search_term_string\"}],\"inLanguage\":\"fr-FR\"}]}<\/script>\n<!-- \/ Yoast SEO plugin. -->","yoast_head_json":{"title":"Entreprise  - Thoman Biegemaschinen","robots":{"index":"index","follow":"follow","max-snippet":"max-snippet:-1","max-image-preview":"max-image-preview:large","max-video-preview":"max-video-preview:-1"},"canonical":"https:\/\/www.thoman.de\/fr\/entreprise\/","og_locale":"fr_FR","og_type":"article","og_title":"Entreprise  - Thoman Biegemaschinen","og_description":"Profil de l&rsquo;entreprise &nbsp; Le cintrage est notre univers. C&rsquo;est pourquoi nous d\u00e9veloppons et fabriquons des machines et installations performantes. Les t\u00e2ches ainsi que la forme et la g\u00e9om\u00e9trie des profil\u00e9s \u00e0 cintrer varient fortement. Pour obtenir des r\u00e9sultats de cintrage optimaux, il est donc souvent n\u00e9cessaire d&rsquo;avoir recours \u00e0 diff\u00e9rents processus de cintrage ou [&hellip;]","og_url":"https:\/\/www.thoman.de\/fr\/entreprise\/","og_site_name":"Thoman Biegemaschinen","article_modified_time":"2014-09-25T13:23:40+00:00","twitter_misc":{"Dur\u00e9e de lecture estim\u00e9e":"1 minute"},"schema":{"@context":"https:\/\/schema.org","@graph":[{"@type":"WebPage","@id":"https:\/\/www.thoman.de\/fr\/entreprise\/","url":"https:\/\/www.thoman.de\/fr\/entreprise\/","name":"Entreprise - Thoman Biegemaschinen","isPartOf":{"@id":"https:\/\/www.thoman.de\/#website"},"datePublished":"2014-08-13T17:04:39+00:00","dateModified":"2014-09-25T13:23:40+00:00","breadcrumb":{"@id":"https:\/\/www.thoman.de\/fr\/entreprise\/#breadcrumb"},"inLanguage":"fr-FR","potentialAction":[{"@type":"ReadAction","target":["https:\/\/www.thoman.de\/fr\/entreprise\/"]}]},{"@type":"BreadcrumbList","@id":"https:\/\/www.thoman.de\/fr\/entreprise\/#breadcrumb","itemListElement":[{"@type":"ListItem","position":1,"name":"Home","item":"https:\/\/www.thoman.de\/fr\/"},{"@type":"ListItem","position":2,"name":"Entreprise"}]},{"@type":"WebSite","@id":"https:\/\/www.thoman.de\/#website","url":"https:\/\/www.thoman.de\/","name":"Thoman Biegemaschinen","description":"Eine weitere WordPress-Seite","potentialAction":[{"@type":"SearchAction","target":{"@type":"EntryPoint","urlTemplate":"https:\/\/www.thoman.de\/?s={search_term_string}"},"query-input":"required name=search_term_string"}],"inLanguage":"fr-FR"}]}},"_links":{"self":[{"href":"https:\/\/www.thoman.de\/fr\/wp-json\/wp\/v2\/pages\/3500"}],"collection":[{"href":"https:\/\/www.thoman.de\/fr\/wp-json\/wp\/v2\/pages"}],"about":[{"href":"https:\/\/www.thoman.de\/fr\/wp-json\/wp\/v2\/types\/page"}],"author":[{"embeddable":true,"href":"https:\/\/www.thoman.de\/fr\/wp-json\/wp\/v2\/users\/11"}],"replies":[{"embeddable":true,"href":"https:\/\/www.thoman.de\/fr\/wp-json\/wp\/v2\/comments?post=3500"}],"version-history":[{"count":7,"href":"https:\/\/www.thoman.de\/fr\/wp-json\/wp\/v2\/pages\/3500\/revisions"}],"predecessor-version":[{"id":5090,"href":"https:\/\/www.thoman.de\/fr\/wp-json\/wp\/v2\/pages\/3500\/revisions\/5090"}],"wp:attachment":[{"href":"https:\/\/www.thoman.de\/fr\/wp-json\/wp\/v2\/media?parent=3500"}],"curies":[{"name":"wp","href":"https:\/\/api.w.org\/{rel}","templated":true}]}}