{"id":3544,"date":"2014-08-14T17:16:27","date_gmt":"2014-08-14T15:16:27","guid":{"rendered":"http:\/\/thoman.de\/maschinen\/universalbiegemaschinen\/multibend-30\/"},"modified":"2014-09-22T02:17:46","modified_gmt":"2014-09-22T00:17:46","slug":"multibend-30","status":"publish","type":"page","link":"https:\/\/www.thoman.de\/fr\/machines\/machines-de-cintrage-universelles\/multibend-30\/","title":{"rendered":"MultiBend 30"},"content":{"rendered":"<h1>Machine de cintrage universelle <br \/>MultiBend 30<\/h1>\n<h2>Je suis TROIS machines<\/h2>\n<table>\n<tbody>\n<tr>\n<td>\n<p style=\"color: #606060;\">Le centre d&rsquo;usinage MultiBend-30 allie les fonctions de<br \/>\ncintrage par compression, cintrage par laminage et cintrage par rotation en une seule machine.<\/p>\n<p style=\"color: #606060;\">La machine dispose d&rsquo;une plate-forme de travail plane avec un chariot \u00e9l\u00e9vateur guid\u00e9 avec pr\u00e9cision pour r\u00e9ceptionner les outils de cintrage.<\/p>\n<p style=\"color: #606060;\">Avec une force de 280\u00a0KN, la machine dispose de suffisamment de r\u00e9serves en termes de puissance pour cintrer \u00e9galement les profil\u00e9s lourds.<\/p>\n<p style=\"color: #606060;\">En option, la MultiBend-30 peut \u00e9galement \u00eatre \u00e9quip\u00e9e d&rsquo;un entra\u00eenement \u00e0 cylindres et d&rsquo;un entra\u00eenement rotatif.<\/p>\n<\/td>\n<td>\n<p style=\"color: #606060;\">Le profil\u00e9 est cintr\u00e9 autour d&rsquo;un noyau de cintrage lors du processus de cintrage par rotation. L&rsquo;angle de cintrage est directement programmable. Le rayon de cintrage est indiqu\u00e9 par le noyau de cintrage. L&rsquo;entra\u00eenement est effectu\u00e9 par un moteur \u00e0 engrenage plan\u00e9taire lourd. L&rsquo;entra\u00eenement autonome peut tourner sans fin, il n&rsquo;existe pas de limitation de fin de course. Les op\u00e9rations de cintrage dont les angles de cintrage sont sup\u00e9rieurs \u00e0 180 degr\u00e9s ainsi que l&rsquo;enroulement de profil\u00e9s autour d&rsquo;un noyau sont r\u00e9alisables sans aucun probl\u00e8me.<\/p>\n<p style=\"color: #606060;\">vec un puissant entra\u00eenement de cylindres, les tubes et profil\u00e9s peuvent \u00eatre cintr\u00e9s de mani\u00e8re rationnelle et avec la plus grande pr\u00e9cision au cours du processus de cintrage par laminage. Avec la commande NC PP41, des contours de cintrage complexes, avec plusieurs rayons de cintrage ou des extr\u00e9mit\u00e9s droites<br \/>\npeuvent \u00eatre ex\u00e9cut\u00e9s pr\u00e9cis\u00e9ment et avec une bonne r\u00e9p\u00e9tabilit\u00e9. Le programme est cr\u00e9\u00e9 directement sur la machine ou \u00e0 l&rsquo;aide du <a href='#'>logiciel de cintrage par laminage<\/a> sur un PC externe.<\/p>\n<\/td>\n<\/tr>\n<\/tbody>\n<\/table>\n","protected":false},"excerpt":{"rendered":"<p>Machine de cintrage universelle MultiBend 30 Je suis TROIS machines Le centre d&rsquo;usinage MultiBend-30 allie les fonctions de cintrage par compression, cintrage par laminage et cintrage par rotation en une seule machine. La machine dispose d&rsquo;une plate-forme de travail plane avec un chariot \u00e9l\u00e9vateur guid\u00e9 avec pr\u00e9cision pour r\u00e9ceptionner les outils de cintrage. Avec une [&hellip;]<\/p>\n","protected":false},"author":11,"featured_media":0,"parent":3460,"menu_order":0,"comment_status":"open","ping_status":"open","template":"","meta":{"footnotes":""},"acf":[],"yoast_head":"<!-- This site is optimized with the Yoast SEO plugin v21.3 - https:\/\/yoast.com\/wordpress\/plugins\/seo\/ -->\n<title>MultiBend 30 - Thoman Biegemaschinen<\/title>\n<meta name=\"robots\" content=\"index, follow, max-snippet:-1, max-image-preview:large, max-video-preview:-1\" \/>\n<link rel=\"canonical\" href=\"https:\/\/www.thoman.de\/fr\/machines\/machines-de-cintrage-universelles\/multibend-30\/\" \/>\n<meta property=\"og:locale\" content=\"fr_FR\" \/>\n<meta property=\"og:type\" content=\"article\" \/>\n<meta property=\"og:title\" content=\"MultiBend 30 - Thoman Biegemaschinen\" \/>\n<meta property=\"og:description\" content=\"Machine de cintrage universelle MultiBend 30 Je suis TROIS machines Le centre d&rsquo;usinage MultiBend-30 allie les fonctions de cintrage par compression, cintrage par laminage et cintrage par rotation en une seule machine. La machine dispose d&rsquo;une plate-forme de travail plane avec un chariot \u00e9l\u00e9vateur guid\u00e9 avec pr\u00e9cision pour r\u00e9ceptionner les outils de cintrage. Avec une [&hellip;]\" \/>\n<meta property=\"og:url\" content=\"https:\/\/www.thoman.de\/fr\/machines\/machines-de-cintrage-universelles\/multibend-30\/\" \/>\n<meta property=\"og:site_name\" content=\"Thoman Biegemaschinen\" \/>\n<meta property=\"article:modified_time\" content=\"2014-09-22T00:17:46+00:00\" \/>\n<meta name=\"twitter:label1\" content=\"Dur\u00e9e de lecture estim\u00e9e\" \/>\n\t<meta name=\"twitter:data1\" content=\"1 minute\" \/>\n<script type=\"application\/ld+json\" class=\"yoast-schema-graph\">{\"@context\":\"https:\/\/schema.org\",\"@graph\":[{\"@type\":\"WebPage\",\"@id\":\"https:\/\/www.thoman.de\/fr\/machines\/machines-de-cintrage-universelles\/multibend-30\/\",\"url\":\"https:\/\/www.thoman.de\/fr\/machines\/machines-de-cintrage-universelles\/multibend-30\/\",\"name\":\"MultiBend 30 - Thoman Biegemaschinen\",\"isPartOf\":{\"@id\":\"https:\/\/www.thoman.de\/#website\"},\"datePublished\":\"2014-08-14T15:16:27+00:00\",\"dateModified\":\"2014-09-22T00:17:46+00:00\",\"breadcrumb\":{\"@id\":\"https:\/\/www.thoman.de\/fr\/machines\/machines-de-cintrage-universelles\/multibend-30\/#breadcrumb\"},\"inLanguage\":\"fr-FR\",\"potentialAction\":[{\"@type\":\"ReadAction\",\"target\":[\"https:\/\/www.thoman.de\/fr\/machines\/machines-de-cintrage-universelles\/multibend-30\/\"]}]},{\"@type\":\"BreadcrumbList\",\"@id\":\"https:\/\/www.thoman.de\/fr\/machines\/machines-de-cintrage-universelles\/multibend-30\/#breadcrumb\",\"itemListElement\":[{\"@type\":\"ListItem\",\"position\":1,\"name\":\"Home\",\"item\":\"https:\/\/www.thoman.de\/fr\/\"},{\"@type\":\"ListItem\",\"position\":2,\"name\":\"Machines\",\"item\":\"https:\/\/www.thoman.de\/fr\/machines\/\"},{\"@type\":\"ListItem\",\"position\":3,\"name\":\"Machines de cintrage universelles\",\"item\":\"https:\/\/www.thoman.de\/fr\/machines\/machines-de-cintrage-universelles\/\"},{\"@type\":\"ListItem\",\"position\":4,\"name\":\"MultiBend 30\"}]},{\"@type\":\"WebSite\",\"@id\":\"https:\/\/www.thoman.de\/#website\",\"url\":\"https:\/\/www.thoman.de\/\",\"name\":\"Thoman Biegemaschinen\",\"description\":\"Eine weitere WordPress-Seite\",\"potentialAction\":[{\"@type\":\"SearchAction\",\"target\":{\"@type\":\"EntryPoint\",\"urlTemplate\":\"https:\/\/www.thoman.de\/?s={search_term_string}\"},\"query-input\":\"required name=search_term_string\"}],\"inLanguage\":\"fr-FR\"}]}<\/script>\n<!-- \/ Yoast SEO plugin. -->","yoast_head_json":{"title":"MultiBend 30 - Thoman Biegemaschinen","robots":{"index":"index","follow":"follow","max-snippet":"max-snippet:-1","max-image-preview":"max-image-preview:large","max-video-preview":"max-video-preview:-1"},"canonical":"https:\/\/www.thoman.de\/fr\/machines\/machines-de-cintrage-universelles\/multibend-30\/","og_locale":"fr_FR","og_type":"article","og_title":"MultiBend 30 - Thoman Biegemaschinen","og_description":"Machine de cintrage universelle MultiBend 30 Je suis TROIS machines Le centre d&rsquo;usinage MultiBend-30 allie les fonctions de cintrage par compression, cintrage par laminage et cintrage par rotation en une seule machine. La machine dispose d&rsquo;une plate-forme de travail plane avec un chariot \u00e9l\u00e9vateur guid\u00e9 avec pr\u00e9cision pour r\u00e9ceptionner les outils de cintrage. Avec une [&hellip;]","og_url":"https:\/\/www.thoman.de\/fr\/machines\/machines-de-cintrage-universelles\/multibend-30\/","og_site_name":"Thoman Biegemaschinen","article_modified_time":"2014-09-22T00:17:46+00:00","twitter_misc":{"Dur\u00e9e de lecture estim\u00e9e":"1 minute"},"schema":{"@context":"https:\/\/schema.org","@graph":[{"@type":"WebPage","@id":"https:\/\/www.thoman.de\/fr\/machines\/machines-de-cintrage-universelles\/multibend-30\/","url":"https:\/\/www.thoman.de\/fr\/machines\/machines-de-cintrage-universelles\/multibend-30\/","name":"MultiBend 30 - Thoman Biegemaschinen","isPartOf":{"@id":"https:\/\/www.thoman.de\/#website"},"datePublished":"2014-08-14T15:16:27+00:00","dateModified":"2014-09-22T00:17:46+00:00","breadcrumb":{"@id":"https:\/\/www.thoman.de\/fr\/machines\/machines-de-cintrage-universelles\/multibend-30\/#breadcrumb"},"inLanguage":"fr-FR","potentialAction":[{"@type":"ReadAction","target":["https:\/\/www.thoman.de\/fr\/machines\/machines-de-cintrage-universelles\/multibend-30\/"]}]},{"@type":"BreadcrumbList","@id":"https:\/\/www.thoman.de\/fr\/machines\/machines-de-cintrage-universelles\/multibend-30\/#breadcrumb","itemListElement":[{"@type":"ListItem","position":1,"name":"Home","item":"https:\/\/www.thoman.de\/fr\/"},{"@type":"ListItem","position":2,"name":"Machines","item":"https:\/\/www.thoman.de\/fr\/machines\/"},{"@type":"ListItem","position":3,"name":"Machines de cintrage universelles","item":"https:\/\/www.thoman.de\/fr\/machines\/machines-de-cintrage-universelles\/"},{"@type":"ListItem","position":4,"name":"MultiBend 30"}]},{"@type":"WebSite","@id":"https:\/\/www.thoman.de\/#website","url":"https:\/\/www.thoman.de\/","name":"Thoman Biegemaschinen","description":"Eine weitere WordPress-Seite","potentialAction":[{"@type":"SearchAction","target":{"@type":"EntryPoint","urlTemplate":"https:\/\/www.thoman.de\/?s={search_term_string}"},"query-input":"required name=search_term_string"}],"inLanguage":"fr-FR"}]}},"_links":{"self":[{"href":"https:\/\/www.thoman.de\/fr\/wp-json\/wp\/v2\/pages\/3544"}],"collection":[{"href":"https:\/\/www.thoman.de\/fr\/wp-json\/wp\/v2\/pages"}],"about":[{"href":"https:\/\/www.thoman.de\/fr\/wp-json\/wp\/v2\/types\/page"}],"author":[{"embeddable":true,"href":"https:\/\/www.thoman.de\/fr\/wp-json\/wp\/v2\/users\/11"}],"replies":[{"embeddable":true,"href":"https:\/\/www.thoman.de\/fr\/wp-json\/wp\/v2\/comments?post=3544"}],"version-history":[{"count":3,"href":"https:\/\/www.thoman.de\/fr\/wp-json\/wp\/v2\/pages\/3544\/revisions"}],"predecessor-version":[{"id":4762,"href":"https:\/\/www.thoman.de\/fr\/wp-json\/wp\/v2\/pages\/3544\/revisions\/4762"}],"up":[{"embeddable":true,"href":"https:\/\/www.thoman.de\/fr\/wp-json\/wp\/v2\/pages\/3460"}],"wp:attachment":[{"href":"https:\/\/www.thoman.de\/fr\/wp-json\/wp\/v2\/media?parent=3544"}],"curies":[{"name":"wp","href":"https:\/\/api.w.org\/{rel}","templated":true}]}}