{"id":3590,"date":"2014-08-13T19:05:07","date_gmt":"2014-08-13T17:05:07","guid":{"rendered":"http:\/\/thoman.de\/anwendungen-2\/"},"modified":"2014-09-25T15:30:49","modified_gmt":"2014-09-25T13:30:49","slug":"applications","status":"publish","type":"page","link":"https:\/\/www.thoman.de\/fr\/applications\/","title":{"rendered":"Applications"},"content":{"rendered":"<h1>Domaines d&rsquo;application<\/h1>\n<table>\n<tbody>\n<tr>\n<td>Les machines de cintrage de Thoman sont utilis\u00e9es dans de nombreux domaines. Les exemples suivants ne sont qu&rsquo;un \u00e9chantillon du spectre d&rsquo;utilisation.<\/p>\n<h4>Technique de convoyage<\/h4>\n<ul style=\"list-style-type: square;\">\n<li>Installations de transport<\/li>\n<li>Technique de convoyage<\/li>\n<\/ul>\n<h4>Construction de machines<\/h4>\n<ul style=\"list-style-type: square;\">\n<li>Composants des machines profil\u00e9s de guidage<\/li>\n<li>Conduites tubulaires<\/li>\n<li>Ch\u00e2ssis de machines<\/li>\n<li>\u00c9changeurs thermiques<\/li>\n<\/ul>\n<h4>Construction de v\u00e9hicules<\/h4>\n<ul style=\"list-style-type: square;\">\n<li>Construction de carrosserie<\/li>\n<li>V\u00e9hicules utilitaires<\/li>\n<li>Construction de cabines<\/li>\n<li>Arceaux de toits<\/li>\n<li>Construction de cabines<\/li>\n<li>Barres de support<\/li>\n<li>Si\u00e8ges<\/li>\n<li>Syst\u00e8mes de transition<\/li>\n<li>Conduites hydrauliques<\/li>\n<li>Conduites pneumatiques<\/li>\n<li>Profil\u00e9s de guidage<\/li>\n<li>Profil\u00e9s de fen\u00eatres<\/li>\n<\/ul>\n<\/td>\n<td>\n<h3 style=\"margin-top: 0px;\">Construction de fen\u00eatres et de fa\u00e7ades<\/h3>\n<ul style=\"list-style-type: square;\">\n<li>Portes \u00e0 tambour<\/li>\n<li>Fa\u00e7ades<\/li>\n<li>Profil\u00e9s de fen\u00eatres<\/li>\n<li>Profil\u00e9s de portes<\/li>\n<li>Toitures de piscines couvertes<\/li>\n<li>Serres<\/li>\n<li>Zones d&rsquo;entr\u00e9e<\/li>\n<\/ul>\n<h4>Construction m\u00e9tallique<\/h4>\n<ul style=\"list-style-type: square;\">\n<li>Balustrades<\/li>\n<li>Mains courantes d&rsquo;escaliers<\/li>\n<li>\u00c9quipements d&rsquo;entreprises<\/li>\n<li>Jeux<\/li>\n<li>\u00c9quipements d&rsquo;\u00e9tables<\/li>\n<\/ul>\n<h4>Syst\u00e8mes de publicit\u00e9 et de pr\u00e9sentation<\/h4>\n<ul style=\"list-style-type: square;\">\n<li>Panneaux d&rsquo;avertissement<\/li>\n<li>Panneaux de signalisation<\/li>\n<li>Enseignes lumineuses<\/li>\n<li>Panneaux publicitaires<\/li>\n<li>Syst\u00e8mes d&rsquo;\u00e9tag\u00e8res<\/li>\n<li>Stands de salons<\/li>\n<\/ul>\n<\/td>\n<\/tr>\n<\/tbody>\n<\/table>\n","protected":false},"excerpt":{"rendered":"<p>Domaines d&rsquo;application Les machines de cintrage de Thoman sont utilis\u00e9es dans de nombreux domaines. Les exemples suivants ne sont qu&rsquo;un \u00e9chantillon du spectre d&rsquo;utilisation. Technique de convoyage Installations de transport Technique de convoyage Construction de machines Composants des machines profil\u00e9s de guidage Conduites tubulaires Ch\u00e2ssis de machines \u00c9changeurs thermiques Construction de v\u00e9hicules Construction de carrosserie [&hellip;]<\/p>\n","protected":false},"author":11,"featured_media":0,"parent":0,"menu_order":0,"comment_status":"open","ping_status":"open","template":"","meta":{"footnotes":""},"acf":[],"yoast_head":"<!-- This site is optimized with the Yoast SEO plugin v21.3 - https:\/\/yoast.com\/wordpress\/plugins\/seo\/ -->\n<title>Applications - Thoman Biegemaschinen<\/title>\n<meta name=\"robots\" content=\"index, follow, max-snippet:-1, max-image-preview:large, max-video-preview:-1\" \/>\n<link rel=\"canonical\" href=\"https:\/\/www.thoman.de\/fr\/applications\/\" \/>\n<meta property=\"og:locale\" content=\"fr_FR\" \/>\n<meta property=\"og:type\" content=\"article\" \/>\n<meta property=\"og:title\" content=\"Applications - Thoman Biegemaschinen\" \/>\n<meta property=\"og:description\" content=\"Domaines d&rsquo;application Les machines de cintrage de Thoman sont utilis\u00e9es dans de nombreux domaines. Les exemples suivants ne sont qu&rsquo;un \u00e9chantillon du spectre d&rsquo;utilisation. Technique de convoyage Installations de transport Technique de convoyage Construction de machines Composants des machines profil\u00e9s de guidage Conduites tubulaires Ch\u00e2ssis de machines \u00c9changeurs thermiques Construction de v\u00e9hicules Construction de carrosserie [&hellip;]\" \/>\n<meta property=\"og:url\" content=\"https:\/\/www.thoman.de\/fr\/applications\/\" \/>\n<meta property=\"og:site_name\" content=\"Thoman Biegemaschinen\" \/>\n<meta property=\"article:modified_time\" content=\"2014-09-25T13:30:49+00:00\" \/>\n<meta name=\"twitter:label1\" content=\"Dur\u00e9e de lecture estim\u00e9e\" \/>\n\t<meta name=\"twitter:data1\" content=\"1 minute\" \/>\n<script type=\"application\/ld+json\" class=\"yoast-schema-graph\">{\"@context\":\"https:\/\/schema.org\",\"@graph\":[{\"@type\":\"WebPage\",\"@id\":\"https:\/\/www.thoman.de\/fr\/applications\/\",\"url\":\"https:\/\/www.thoman.de\/fr\/applications\/\",\"name\":\"Applications - Thoman Biegemaschinen\",\"isPartOf\":{\"@id\":\"https:\/\/www.thoman.de\/#website\"},\"datePublished\":\"2014-08-13T17:05:07+00:00\",\"dateModified\":\"2014-09-25T13:30:49+00:00\",\"breadcrumb\":{\"@id\":\"https:\/\/www.thoman.de\/fr\/applications\/#breadcrumb\"},\"inLanguage\":\"fr-FR\",\"potentialAction\":[{\"@type\":\"ReadAction\",\"target\":[\"https:\/\/www.thoman.de\/fr\/applications\/\"]}]},{\"@type\":\"BreadcrumbList\",\"@id\":\"https:\/\/www.thoman.de\/fr\/applications\/#breadcrumb\",\"itemListElement\":[{\"@type\":\"ListItem\",\"position\":1,\"name\":\"Home\",\"item\":\"https:\/\/www.thoman.de\/fr\/\"},{\"@type\":\"ListItem\",\"position\":2,\"name\":\"Applications\"}]},{\"@type\":\"WebSite\",\"@id\":\"https:\/\/www.thoman.de\/#website\",\"url\":\"https:\/\/www.thoman.de\/\",\"name\":\"Thoman Biegemaschinen\",\"description\":\"Eine weitere WordPress-Seite\",\"potentialAction\":[{\"@type\":\"SearchAction\",\"target\":{\"@type\":\"EntryPoint\",\"urlTemplate\":\"https:\/\/www.thoman.de\/?s={search_term_string}\"},\"query-input\":\"required name=search_term_string\"}],\"inLanguage\":\"fr-FR\"}]}<\/script>\n<!-- \/ Yoast SEO plugin. -->","yoast_head_json":{"title":"Applications - Thoman Biegemaschinen","robots":{"index":"index","follow":"follow","max-snippet":"max-snippet:-1","max-image-preview":"max-image-preview:large","max-video-preview":"max-video-preview:-1"},"canonical":"https:\/\/www.thoman.de\/fr\/applications\/","og_locale":"fr_FR","og_type":"article","og_title":"Applications - Thoman Biegemaschinen","og_description":"Domaines d&rsquo;application Les machines de cintrage de Thoman sont utilis\u00e9es dans de nombreux domaines. Les exemples suivants ne sont qu&rsquo;un \u00e9chantillon du spectre d&rsquo;utilisation. Technique de convoyage Installations de transport Technique de convoyage Construction de machines Composants des machines profil\u00e9s de guidage Conduites tubulaires Ch\u00e2ssis de machines \u00c9changeurs thermiques Construction de v\u00e9hicules Construction de carrosserie [&hellip;]","og_url":"https:\/\/www.thoman.de\/fr\/applications\/","og_site_name":"Thoman Biegemaschinen","article_modified_time":"2014-09-25T13:30:49+00:00","twitter_misc":{"Dur\u00e9e de lecture estim\u00e9e":"1 minute"},"schema":{"@context":"https:\/\/schema.org","@graph":[{"@type":"WebPage","@id":"https:\/\/www.thoman.de\/fr\/applications\/","url":"https:\/\/www.thoman.de\/fr\/applications\/","name":"Applications - Thoman Biegemaschinen","isPartOf":{"@id":"https:\/\/www.thoman.de\/#website"},"datePublished":"2014-08-13T17:05:07+00:00","dateModified":"2014-09-25T13:30:49+00:00","breadcrumb":{"@id":"https:\/\/www.thoman.de\/fr\/applications\/#breadcrumb"},"inLanguage":"fr-FR","potentialAction":[{"@type":"ReadAction","target":["https:\/\/www.thoman.de\/fr\/applications\/"]}]},{"@type":"BreadcrumbList","@id":"https:\/\/www.thoman.de\/fr\/applications\/#breadcrumb","itemListElement":[{"@type":"ListItem","position":1,"name":"Home","item":"https:\/\/www.thoman.de\/fr\/"},{"@type":"ListItem","position":2,"name":"Applications"}]},{"@type":"WebSite","@id":"https:\/\/www.thoman.de\/#website","url":"https:\/\/www.thoman.de\/","name":"Thoman Biegemaschinen","description":"Eine weitere WordPress-Seite","potentialAction":[{"@type":"SearchAction","target":{"@type":"EntryPoint","urlTemplate":"https:\/\/www.thoman.de\/?s={search_term_string}"},"query-input":"required name=search_term_string"}],"inLanguage":"fr-FR"}]}},"_links":{"self":[{"href":"https:\/\/www.thoman.de\/fr\/wp-json\/wp\/v2\/pages\/3590"}],"collection":[{"href":"https:\/\/www.thoman.de\/fr\/wp-json\/wp\/v2\/pages"}],"about":[{"href":"https:\/\/www.thoman.de\/fr\/wp-json\/wp\/v2\/types\/page"}],"author":[{"embeddable":true,"href":"https:\/\/www.thoman.de\/fr\/wp-json\/wp\/v2\/users\/11"}],"replies":[{"embeddable":true,"href":"https:\/\/www.thoman.de\/fr\/wp-json\/wp\/v2\/comments?post=3590"}],"version-history":[{"count":4,"href":"https:\/\/www.thoman.de\/fr\/wp-json\/wp\/v2\/pages\/3590\/revisions"}],"predecessor-version":[{"id":4577,"href":"https:\/\/www.thoman.de\/fr\/wp-json\/wp\/v2\/pages\/3590\/revisions\/4577"}],"wp:attachment":[{"href":"https:\/\/www.thoman.de\/fr\/wp-json\/wp\/v2\/media?parent=3590"}],"curies":[{"name":"wp","href":"https:\/\/api.w.org\/{rel}","templated":true}]}}