{"id":3606,"date":"2014-09-09T18:07:00","date_gmt":"2014-09-09T16:07:00","guid":{"rendered":"http:\/\/thoman.de\/downloads-2\/"},"modified":"2014-09-19T15:02:08","modified_gmt":"2014-09-19T13:02:08","slug":"telechargements","status":"publish","type":"page","link":"https:\/\/www.thoman.de\/fr\/telechargements\/","title":{"rendered":"T\u00e9l\u00e9chargements"},"content":{"rendered":"<h1>T\u00e9l\u00e9chargement<\/h1>\n<ul style=\"list-style-type: square;\">\n<li><a href=\"#\" style=\"color:rgb(0,0,102);\">Prospectus Machines de cintrage de profil\u00e9s<\/a><\/li>\n<li><a href=\"#\" style=\"color:rgb(0,0,102);\">Prospectus Machines de cintrage \u00e0 mandrin<\/a><\/li>\n<li><a href=\"#\" style=\"color:rgb(0,0,102);\">Prospectus Machines de cintrage universelles<\/a><\/li>\n<\/ul>\n","protected":false},"excerpt":{"rendered":"<p>T\u00e9l\u00e9chargement Prospectus Machines de cintrage de profil\u00e9s Prospectus Machines de cintrage \u00e0 mandrin Prospectus Machines de cintrage universelles<\/p>\n","protected":false},"author":11,"featured_media":0,"parent":0,"menu_order":0,"comment_status":"open","ping_status":"open","template":"","meta":{"footnotes":""},"acf":[],"yoast_head":"<!-- This site is optimized with the Yoast SEO plugin v21.3 - https:\/\/yoast.com\/wordpress\/plugins\/seo\/ -->\n<title>T\u00e9l\u00e9chargements - Thoman Biegemaschinen<\/title>\n<meta name=\"robots\" content=\"index, follow, max-snippet:-1, max-image-preview:large, max-video-preview:-1\" \/>\n<link rel=\"canonical\" href=\"https:\/\/www.thoman.de\/fr\/telechargements\/\" \/>\n<meta property=\"og:locale\" content=\"fr_FR\" \/>\n<meta property=\"og:type\" content=\"article\" \/>\n<meta property=\"og:title\" content=\"T\u00e9l\u00e9chargements - Thoman Biegemaschinen\" \/>\n<meta property=\"og:description\" content=\"T\u00e9l\u00e9chargement Prospectus Machines de cintrage de profil\u00e9s Prospectus Machines de cintrage \u00e0 mandrin Prospectus Machines de cintrage universelles\" \/>\n<meta property=\"og:url\" content=\"https:\/\/www.thoman.de\/fr\/telechargements\/\" \/>\n<meta property=\"og:site_name\" content=\"Thoman Biegemaschinen\" \/>\n<meta property=\"article:modified_time\" content=\"2014-09-19T13:02:08+00:00\" \/>\n<script type=\"application\/ld+json\" class=\"yoast-schema-graph\">{\"@context\":\"https:\/\/schema.org\",\"@graph\":[{\"@type\":\"WebPage\",\"@id\":\"https:\/\/www.thoman.de\/fr\/telechargements\/\",\"url\":\"https:\/\/www.thoman.de\/fr\/telechargements\/\",\"name\":\"T\u00e9l\u00e9chargements - Thoman Biegemaschinen\",\"isPartOf\":{\"@id\":\"https:\/\/www.thoman.de\/#website\"},\"datePublished\":\"2014-09-09T16:07:00+00:00\",\"dateModified\":\"2014-09-19T13:02:08+00:00\",\"breadcrumb\":{\"@id\":\"https:\/\/www.thoman.de\/fr\/telechargements\/#breadcrumb\"},\"inLanguage\":\"fr-FR\",\"potentialAction\":[{\"@type\":\"ReadAction\",\"target\":[\"https:\/\/www.thoman.de\/fr\/telechargements\/\"]}]},{\"@type\":\"BreadcrumbList\",\"@id\":\"https:\/\/www.thoman.de\/fr\/telechargements\/#breadcrumb\",\"itemListElement\":[{\"@type\":\"ListItem\",\"position\":1,\"name\":\"Home\",\"item\":\"https:\/\/www.thoman.de\/fr\/\"},{\"@type\":\"ListItem\",\"position\":2,\"name\":\"T\u00e9l\u00e9chargements\"}]},{\"@type\":\"WebSite\",\"@id\":\"https:\/\/www.thoman.de\/#website\",\"url\":\"https:\/\/www.thoman.de\/\",\"name\":\"Thoman Biegemaschinen\",\"description\":\"Eine weitere WordPress-Seite\",\"potentialAction\":[{\"@type\":\"SearchAction\",\"target\":{\"@type\":\"EntryPoint\",\"urlTemplate\":\"https:\/\/www.thoman.de\/?s={search_term_string}\"},\"query-input\":\"required name=search_term_string\"}],\"inLanguage\":\"fr-FR\"}]}<\/script>\n<!-- \/ Yoast SEO plugin. -->","yoast_head_json":{"title":"T\u00e9l\u00e9chargements - Thoman Biegemaschinen","robots":{"index":"index","follow":"follow","max-snippet":"max-snippet:-1","max-image-preview":"max-image-preview:large","max-video-preview":"max-video-preview:-1"},"canonical":"https:\/\/www.thoman.de\/fr\/telechargements\/","og_locale":"fr_FR","og_type":"article","og_title":"T\u00e9l\u00e9chargements - Thoman Biegemaschinen","og_description":"T\u00e9l\u00e9chargement Prospectus Machines de cintrage de profil\u00e9s Prospectus Machines de cintrage \u00e0 mandrin Prospectus Machines de cintrage universelles","og_url":"https:\/\/www.thoman.de\/fr\/telechargements\/","og_site_name":"Thoman Biegemaschinen","article_modified_time":"2014-09-19T13:02:08+00:00","schema":{"@context":"https:\/\/schema.org","@graph":[{"@type":"WebPage","@id":"https:\/\/www.thoman.de\/fr\/telechargements\/","url":"https:\/\/www.thoman.de\/fr\/telechargements\/","name":"T\u00e9l\u00e9chargements - Thoman Biegemaschinen","isPartOf":{"@id":"https:\/\/www.thoman.de\/#website"},"datePublished":"2014-09-09T16:07:00+00:00","dateModified":"2014-09-19T13:02:08+00:00","breadcrumb":{"@id":"https:\/\/www.thoman.de\/fr\/telechargements\/#breadcrumb"},"inLanguage":"fr-FR","potentialAction":[{"@type":"ReadAction","target":["https:\/\/www.thoman.de\/fr\/telechargements\/"]}]},{"@type":"BreadcrumbList","@id":"https:\/\/www.thoman.de\/fr\/telechargements\/#breadcrumb","itemListElement":[{"@type":"ListItem","position":1,"name":"Home","item":"https:\/\/www.thoman.de\/fr\/"},{"@type":"ListItem","position":2,"name":"T\u00e9l\u00e9chargements"}]},{"@type":"WebSite","@id":"https:\/\/www.thoman.de\/#website","url":"https:\/\/www.thoman.de\/","name":"Thoman Biegemaschinen","description":"Eine weitere WordPress-Seite","potentialAction":[{"@type":"SearchAction","target":{"@type":"EntryPoint","urlTemplate":"https:\/\/www.thoman.de\/?s={search_term_string}"},"query-input":"required name=search_term_string"}],"inLanguage":"fr-FR"}]}},"_links":{"self":[{"href":"https:\/\/www.thoman.de\/fr\/wp-json\/wp\/v2\/pages\/3606"}],"collection":[{"href":"https:\/\/www.thoman.de\/fr\/wp-json\/wp\/v2\/pages"}],"about":[{"href":"https:\/\/www.thoman.de\/fr\/wp-json\/wp\/v2\/types\/page"}],"author":[{"embeddable":true,"href":"https:\/\/www.thoman.de\/fr\/wp-json\/wp\/v2\/users\/11"}],"replies":[{"embeddable":true,"href":"https:\/\/www.thoman.de\/fr\/wp-json\/wp\/v2\/comments?post=3606"}],"version-history":[{"count":2,"href":"https:\/\/www.thoman.de\/fr\/wp-json\/wp\/v2\/pages\/3606\/revisions"}],"predecessor-version":[{"id":4627,"href":"https:\/\/www.thoman.de\/fr\/wp-json\/wp\/v2\/pages\/3606\/revisions\/4627"}],"wp:attachment":[{"href":"https:\/\/www.thoman.de\/fr\/wp-json\/wp\/v2\/media?parent=3606"}],"curies":[{"name":"wp","href":"https:\/\/api.w.org\/{rel}","templated":true}]}}