{"id":3610,"date":"2014-08-14T16:53:07","date_gmt":"2014-08-14T14:53:07","guid":{"rendered":"http:\/\/thoman.de\/maschinen\/profilbiegenmaschinen\/"},"modified":"2014-09-21T18:53:29","modified_gmt":"2014-09-21T16:53:29","slug":"machine-de-cintrage-de-profiles","status":"publish","type":"page","link":"https:\/\/www.thoman.de\/fr\/machines\/machine-de-cintrage-de-profiles\/","title":{"rendered":"Machine de cintrage de profil\u00e9s"},"content":{"rendered":"<h1>Machine de cintrage de profil\u00e9s type RB<\/h1>\n<h2>une performance exceptionnelle pour une flexibilit\u00e9 maximale<\/h2>\n<table>\n<tbody>\n<tr>\n<td>\n<p style=\"color: #606060;\">Les machines de cintrage de profil\u00e9s type RB convainquent par une flexibilit\u00e9 et une puissance de cintrage tr\u00e8s \u00e9lev\u00e9es. Le concept unique de la machine permet de r\u00e9gler la distance des rouleaux de laminage lat\u00e9raux de mani\u00e8re variable. Un ajustement optimal de la machine de cintrage de profil\u00e9s au profil\u00e9 \u00e0 cintrer peut ainsi \u00eatre obtenu. On \u00e9vite ainsi des forces de compression trop \u00e9lev\u00e9es sur le profil\u00e9. La meilleure qualit\u00e9 possible d&rsquo;arcs est ainsi obtenue, avec une d\u00e9formation minimale des profil\u00e9s.<\/p>\n<p style=\"color: #606060;\">Avec les machines de cintrage de profil\u00e9s type RB, le profil\u00e9 cintr\u00e9 ne passe pas sur le corps de la machine mais \u00e0 l&rsquo;air libre. Ainsi, le profil\u00e9 cintr\u00e9 n&rsquo;entre pas en collision avec la machine ou les \u00e9v. structures pr\u00e9sentes.<\/p>\n<\/td>\n<td>\n<p style=\"color: #606060;\">Une plage de cintrage maximale ainsi qu&rsquo;une s\u00e9curit\u00e9 \u00e9lev\u00e9e pour l&rsquo;op\u00e9rateur de la machine sont atteintes.<\/p>\n<p style=\"color: #606060;\">Les machines de cintrage de profil\u00e9s type RB peuvent \u00eatre \u00e9quip\u00e9es de multiples mani\u00e8res. Qu&rsquo;il s&rsquo;agisse d&rsquo;un dispositif en spirale, d&rsquo;un quatri\u00e8me rouleau ou d&rsquo;un dispositif de cintrage \u00e0 mandrin, les machines peuvent \u00eatre \u00e9quip\u00e9es selon vos exigences.<\/p>\n<p style=\"color: #606060;\">Le concept unique de la machine en combinaison avec la technique de commande CNC la plus moderne font des machines de cintrage de profil\u00e9s type RB le choix num\u00e9ro 1 lorsque flexibilit\u00e9 , puissance, pr\u00e9cision et qualit\u00e9 de cintrage maximales sont requises.<\/p>\n<\/td>\n<\/tr>\n<\/tbody>\n<\/table>\n<h3 class=\"data-v1\">Type de machine\/puissance de cintrage<\/h3>\n<table class=\"data-v1 table\">\n<tbody>\n<tr>\n<th style=\"text-align: left;\">Contour<\/th>\n<th style=\"text-align: left;\">RB3-L<\/th>\n<th style=\"text-align: left;\">RB3<\/th>\n<th style=\"text-align: left;\">RB4<\/th>\n<th style=\"text-align: left;\">RB6<\/th>\n<\/tr>\n<tr>\n<td>\u00a0<a href=\"https:\/\/www.thoman.de\/wp-content\/uploads\/2014\/09\/typ4.png\"><img decoding=\"async\" class=\"alignleft wp-image-1361\" src=\"https:\/\/www.thoman.de\/wp-content\/uploads\/2014\/09\/typ4.png\" alt=\"Profil-VK3\" width=\"90\" height=\"30\" \/><\/a><\/td>\n<td>80&#215;15<\/td>\n<td>120&#215;15<\/td>\n<td>120&#215;30<\/td>\n<td>160&#215;30<\/td>\n<\/tr>\n<tr>\n<td>\u00a0<a href=\"https:\/\/www.thoman.de\/wp-content\/uploads\/2014\/09\/typ3.png\"><img decoding=\"async\" class=\"alignleft wp-image-1359\" src=\"https:\/\/www.thoman.de\/wp-content\/uploads\/2014\/09\/typ3.png\" alt=\"Profil-VK2\" width=\"90\" height=\"30\" \/><\/a><\/td>\n<td>160&#215;15<\/td>\n<td>160&#215;20<\/td>\n<td>260&#215;20<\/td>\n<td>260&#215;40<\/td>\n<\/tr>\n<tr>\n<td>\u00a0<a href=\"https:\/\/www.thoman.de\/wp-content\/uploads\/2014\/09\/typ1.png\"><img decoding=\"async\" class=\"alignnone wp-image-1362\" src=\"https:\/\/www.thoman.de\/wp-content\/uploads\/2014\/09\/typ1.png\" alt=\"Profil-VKrohr\" width=\"90\" height=\"30\" \/><\/a><\/td>\n<td>60x60x5<\/td>\n<td>80x80x6<\/td>\n<td>100x100x8<\/td>\n<td>120x120x10<\/td>\n<\/tr>\n<tr>\n<td>\u00a0<a href=\"https:\/\/www.thoman.de\/wp-content\/uploads\/2014\/09\/typ2.png\"><img decoding=\"async\" class=\"alignleft wp-image-1360\" src=\"https:\/\/www.thoman.de\/wp-content\/uploads\/2014\/09\/typ2.png\" alt=\"Profil-Rohr\" width=\"90\" height=\"30\" \/><\/a><\/td>\n<td>76,1&#215;2,6<\/td>\n<td>114,3&#215;3,2<\/td>\n<td>139,7&#215;3,6<\/td>\n<td>200&#215;4<\/td>\n<\/tr>\n<\/tbody>\n<\/table>\n<table>\n<tbody>\n<tr>\n<td>\n<p style=\"color: #606060;\">Le tableau ne pr\u00e9sente qu&rsquo;un \u00e9chantillon des profil\u00e9s et dimensions possibles.<\/p>\n<p style=\"color: #606060;\">D&rsquo;autres formes de profil\u00e9s, dimensions ou profil\u00e9s sp\u00e9ciaux sont possibles \u00e0 tout instant.<\/p>\n<\/td>\n<td>\n<p style=\"color: #606060;\">Les donn\u00e9es sont valables pour l&rsquo;acier avec une r\u00e9sistance \u00e0 la traction max. de Rm=400N\/mm2.<\/p>\n<p style=\"color: #606060;\">Pour les profil\u00e9s en aluminium, acier inoxydable ou autres mat\u00e9riaux \u00e0 haute performance, les valeurs nominales sont diff\u00e9rentes.<\/p>\n<\/td>\n<\/tr>\n<\/tbody>\n<\/table>\n","protected":false},"excerpt":{"rendered":"<p>Machine de cintrage de profil\u00e9s type RB une performance exceptionnelle pour une flexibilit\u00e9 maximale Les machines de cintrage de profil\u00e9s type RB convainquent par une flexibilit\u00e9 et une puissance de cintrage tr\u00e8s \u00e9lev\u00e9es. Le concept unique de la machine permet de r\u00e9gler la distance des rouleaux de laminage lat\u00e9raux de mani\u00e8re variable. Un ajustement optimal [&hellip;]<\/p>\n","protected":false},"author":11,"featured_media":0,"parent":3421,"menu_order":0,"comment_status":"open","ping_status":"open","template":"","meta":{"footnotes":""},"acf":[],"yoast_head":"<!-- This site is optimized with the Yoast SEO plugin v21.3 - https:\/\/yoast.com\/wordpress\/plugins\/seo\/ -->\n<title>Machine de cintrage de profil\u00e9s - Thoman Biegemaschinen<\/title>\n<meta name=\"robots\" content=\"index, follow, max-snippet:-1, max-image-preview:large, max-video-preview:-1\" \/>\n<link rel=\"canonical\" href=\"https:\/\/www.thoman.de\/fr\/machines\/machine-de-cintrage-de-profiles\/\" \/>\n<meta property=\"og:locale\" content=\"fr_FR\" \/>\n<meta property=\"og:type\" content=\"article\" \/>\n<meta property=\"og:title\" content=\"Machine de cintrage de profil\u00e9s - Thoman Biegemaschinen\" \/>\n<meta property=\"og:description\" content=\"Machine de cintrage de profil\u00e9s type RB une performance exceptionnelle pour une flexibilit\u00e9 maximale Les machines de cintrage de profil\u00e9s type RB convainquent par une flexibilit\u00e9 et une puissance de cintrage tr\u00e8s \u00e9lev\u00e9es. Le concept unique de la machine permet de r\u00e9gler la distance des rouleaux de laminage lat\u00e9raux de mani\u00e8re variable. Un ajustement optimal [&hellip;]\" \/>\n<meta property=\"og:url\" content=\"https:\/\/www.thoman.de\/fr\/machines\/machine-de-cintrage-de-profiles\/\" \/>\n<meta property=\"og:site_name\" content=\"Thoman Biegemaschinen\" \/>\n<meta property=\"article:modified_time\" content=\"2014-09-21T16:53:29+00:00\" \/>\n<meta property=\"og:image\" content=\"https:\/\/www.thoman.de\/wp-content\/uploads\/2014\/09\/typ4.png\" \/>\n<meta name=\"twitter:label1\" content=\"Dur\u00e9e de lecture estim\u00e9e\" \/>\n\t<meta name=\"twitter:data1\" content=\"2 minutes\" \/>\n<script type=\"application\/ld+json\" class=\"yoast-schema-graph\">{\"@context\":\"https:\/\/schema.org\",\"@graph\":[{\"@type\":\"WebPage\",\"@id\":\"https:\/\/www.thoman.de\/fr\/machines\/machine-de-cintrage-de-profiles\/\",\"url\":\"https:\/\/www.thoman.de\/fr\/machines\/machine-de-cintrage-de-profiles\/\",\"name\":\"Machine de cintrage de profil\u00e9s - Thoman Biegemaschinen\",\"isPartOf\":{\"@id\":\"https:\/\/www.thoman.de\/#website\"},\"datePublished\":\"2014-08-14T14:53:07+00:00\",\"dateModified\":\"2014-09-21T16:53:29+00:00\",\"breadcrumb\":{\"@id\":\"https:\/\/www.thoman.de\/fr\/machines\/machine-de-cintrage-de-profiles\/#breadcrumb\"},\"inLanguage\":\"fr-FR\",\"potentialAction\":[{\"@type\":\"ReadAction\",\"target\":[\"https:\/\/www.thoman.de\/fr\/machines\/machine-de-cintrage-de-profiles\/\"]}]},{\"@type\":\"BreadcrumbList\",\"@id\":\"https:\/\/www.thoman.de\/fr\/machines\/machine-de-cintrage-de-profiles\/#breadcrumb\",\"itemListElement\":[{\"@type\":\"ListItem\",\"position\":1,\"name\":\"Home\",\"item\":\"https:\/\/www.thoman.de\/fr\/\"},{\"@type\":\"ListItem\",\"position\":2,\"name\":\"Machines\",\"item\":\"https:\/\/www.thoman.de\/fr\/machines\/\"},{\"@type\":\"ListItem\",\"position\":3,\"name\":\"Machine de cintrage de profil\u00e9s\"}]},{\"@type\":\"WebSite\",\"@id\":\"https:\/\/www.thoman.de\/#website\",\"url\":\"https:\/\/www.thoman.de\/\",\"name\":\"Thoman Biegemaschinen\",\"description\":\"Eine weitere WordPress-Seite\",\"potentialAction\":[{\"@type\":\"SearchAction\",\"target\":{\"@type\":\"EntryPoint\",\"urlTemplate\":\"https:\/\/www.thoman.de\/?s={search_term_string}\"},\"query-input\":\"required name=search_term_string\"}],\"inLanguage\":\"fr-FR\"}]}<\/script>\n<!-- \/ Yoast SEO plugin. -->","yoast_head_json":{"title":"Machine de cintrage de profil\u00e9s - Thoman Biegemaschinen","robots":{"index":"index","follow":"follow","max-snippet":"max-snippet:-1","max-image-preview":"max-image-preview:large","max-video-preview":"max-video-preview:-1"},"canonical":"https:\/\/www.thoman.de\/fr\/machines\/machine-de-cintrage-de-profiles\/","og_locale":"fr_FR","og_type":"article","og_title":"Machine de cintrage de profil\u00e9s - Thoman Biegemaschinen","og_description":"Machine de cintrage de profil\u00e9s type RB une performance exceptionnelle pour une flexibilit\u00e9 maximale Les machines de cintrage de profil\u00e9s type RB convainquent par une flexibilit\u00e9 et une puissance de cintrage tr\u00e8s \u00e9lev\u00e9es. Le concept unique de la machine permet de r\u00e9gler la distance des rouleaux de laminage lat\u00e9raux de mani\u00e8re variable. Un ajustement optimal [&hellip;]","og_url":"https:\/\/www.thoman.de\/fr\/machines\/machine-de-cintrage-de-profiles\/","og_site_name":"Thoman Biegemaschinen","article_modified_time":"2014-09-21T16:53:29+00:00","og_image":[{"url":"https:\/\/www.thoman.de\/wp-content\/uploads\/2014\/09\/typ4.png"}],"twitter_misc":{"Dur\u00e9e de lecture estim\u00e9e":"2 minutes"},"schema":{"@context":"https:\/\/schema.org","@graph":[{"@type":"WebPage","@id":"https:\/\/www.thoman.de\/fr\/machines\/machine-de-cintrage-de-profiles\/","url":"https:\/\/www.thoman.de\/fr\/machines\/machine-de-cintrage-de-profiles\/","name":"Machine de cintrage de profil\u00e9s - Thoman Biegemaschinen","isPartOf":{"@id":"https:\/\/www.thoman.de\/#website"},"datePublished":"2014-08-14T14:53:07+00:00","dateModified":"2014-09-21T16:53:29+00:00","breadcrumb":{"@id":"https:\/\/www.thoman.de\/fr\/machines\/machine-de-cintrage-de-profiles\/#breadcrumb"},"inLanguage":"fr-FR","potentialAction":[{"@type":"ReadAction","target":["https:\/\/www.thoman.de\/fr\/machines\/machine-de-cintrage-de-profiles\/"]}]},{"@type":"BreadcrumbList","@id":"https:\/\/www.thoman.de\/fr\/machines\/machine-de-cintrage-de-profiles\/#breadcrumb","itemListElement":[{"@type":"ListItem","position":1,"name":"Home","item":"https:\/\/www.thoman.de\/fr\/"},{"@type":"ListItem","position":2,"name":"Machines","item":"https:\/\/www.thoman.de\/fr\/machines\/"},{"@type":"ListItem","position":3,"name":"Machine de cintrage de profil\u00e9s"}]},{"@type":"WebSite","@id":"https:\/\/www.thoman.de\/#website","url":"https:\/\/www.thoman.de\/","name":"Thoman Biegemaschinen","description":"Eine weitere WordPress-Seite","potentialAction":[{"@type":"SearchAction","target":{"@type":"EntryPoint","urlTemplate":"https:\/\/www.thoman.de\/?s={search_term_string}"},"query-input":"required name=search_term_string"}],"inLanguage":"fr-FR"}]}},"_links":{"self":[{"href":"https:\/\/www.thoman.de\/fr\/wp-json\/wp\/v2\/pages\/3610"}],"collection":[{"href":"https:\/\/www.thoman.de\/fr\/wp-json\/wp\/v2\/pages"}],"about":[{"href":"https:\/\/www.thoman.de\/fr\/wp-json\/wp\/v2\/types\/page"}],"author":[{"embeddable":true,"href":"https:\/\/www.thoman.de\/fr\/wp-json\/wp\/v2\/users\/11"}],"replies":[{"embeddable":true,"href":"https:\/\/www.thoman.de\/fr\/wp-json\/wp\/v2\/comments?post=3610"}],"version-history":[{"count":3,"href":"https:\/\/www.thoman.de\/fr\/wp-json\/wp\/v2\/pages\/3610\/revisions"}],"predecessor-version":[{"id":4729,"href":"https:\/\/www.thoman.de\/fr\/wp-json\/wp\/v2\/pages\/3610\/revisions\/4729"}],"up":[{"embeddable":true,"href":"https:\/\/www.thoman.de\/fr\/wp-json\/wp\/v2\/pages\/3421"}],"wp:attachment":[{"href":"https:\/\/www.thoman.de\/fr\/wp-json\/wp\/v2\/media?parent=3610"}],"curies":[{"name":"wp","href":"https:\/\/api.w.org\/{rel}","templated":true}]}}