{"id":3612,"date":"2014-08-14T17:05:49","date_gmt":"2014-08-14T15:05:49","guid":{"rendered":"http:\/\/thoman.de\/?page_id=3612"},"modified":"2014-09-30T11:58:09","modified_gmt":"2014-09-30T09:58:09","slug":"options","status":"publish","type":"page","link":"https:\/\/www.thoman.de\/fr\/machines\/machine-de-cintrage-de-profiles\/options\/","title":{"rendered":"Options"},"content":{"rendered":"<h1>Options de la machine<\/h1>\n<h2>Des accessoires sophistiqu\u00e9s<\/h2>\n<table>\n<tbody>\n<tr>\n<td>La plage d&rsquo;utilisation de la machine de cintrage de profil\u00e9s type RB peut \u00eatre \u00e9tendue gr\u00e2ce \u00e0 une multitude d&rsquo;options diff\u00e9rentes de la machine.<\/td>\n<\/tr>\n<\/tbody>\n<\/table>\n<table>\n<tbody>\n<tr>\n<td>\n<h3 class=\"top\">R-Control<\/h3>\n<p style=\"color: #606060;\"><a href=\"https:\/\/www.thoman.de\/wp-content\/uploads\/2014\/09\/Hauptbilder61.jpg\"><img decoding=\"async\" class=\"alignnone wp-image-1290\" src=\"https:\/\/www.thoman.de\/wp-content\/uploads\/2014\/09\/Hauptbilder61-300x112.jpg\" alt=\"Hauptbilder6\" width=\"300\" height=\"112\" \/><\/a><\/p>\n<p style=\"color: #606060;\">La machine de cintrage qui cintre, mesure et corrige enti\u00e8rement automatiquement. Avec le nouveau syst\u00e8me de mesure et de r\u00e9glage R-Control, tous vos souhaits sont r\u00e9alis\u00e9s.<\/p>\n<p style=\"color: #606060;\">\u00c0 condition que la qualit\u00e9 des profil\u00e9s \u00e0 cintrer soit constante, les tubes et profil\u00e9s peuvent \u00eatre cintr\u00e9s \u00e0 l&rsquo;aide d&rsquo;un programme NC d\u00e9termin\u00e9 avec une pr\u00e9cision et productivit\u00e9 \u00e9lev\u00e9es.<\/p>\n<\/td>\n<td>\n<p style=\"color: #606060;\">En pratique, une qualit\u00e9 constante des profil\u00e9s fournis ne peut pas toujours \u00eatre garantie. Les fluctuations de forme, de duret\u00e9 et d&rsquo;\u00e9lasticit\u00e9 des profil\u00e9s entra\u00eenent des divergences dans le r\u00e9sultat de cintrage, ce qui requiert des corrections compliqu\u00e9es. Le processus de mesure et de correction manuel n\u00e9cessaire fait souvent perdre du temps et entra\u00eene des co\u00fbts suppl\u00e9mentaires.<\/p>\n<p style=\"color: #606060;\">Le nouveau syst\u00e8me de mesure et de r\u00e9glage R-Control r\u00e9volutionnaire automatise et rationalise consid\u00e9rablement le processus de mesure et de correction. Les divergences sont identifi\u00e9es et automatiquement corrig\u00e9es. En comparaison avec une mesure et une correction manuelles, une productivit\u00e9 plus \u00e9lev\u00e9e est obtenue.<\/p>\n<\/td>\n<\/tr>\n<\/tbody>\n<\/table>\n<hr \/>\n<table>\n<tbody>\n<tr>\n<td>\n<h3 class=\"top\">Cintrage en spirale<\/h3>\n<p><a href=\"https:\/\/www.thoman.de\/wp-content\/uploads\/2014\/09\/Hauptbilder81.jpg\"><img decoding=\"async\" class=\"alignnone size-medium wp-image-1292\" src=\"https:\/\/www.thoman.de\/wp-content\/uploads\/2014\/09\/Hauptbilder81-300x112.jpg\" alt=\"Hauptbilder8\" width=\"300\" height=\"112\" srcset=\"https:\/\/www.thoman.de\/wp-content\/uploads\/2014\/09\/Hauptbilder81-300x112.jpg 300w, https:\/\/www.thoman.de\/wp-content\/uploads\/2014\/09\/Hauptbilder81-1024x383.jpg 1024w\" sizes=\"(max-width: 300px) 100vw, 300px\" \/><\/a><\/td>\n<td>La fabrication d&rsquo;\u00e9changeurs thermiques est possible sans probl\u00e8me avec une machine de cintrage de profil\u00e9s RB.<br \/>\nSur demande, les machines peuvent \u00eatre \u00e9quip\u00e9es de dispositifs de cintrage en spirale m\u00e9caniques, hydrauliques ou \u00e0 commande CNC.<\/td>\n<\/tr>\n<\/tbody>\n<\/table>\n<hr \/>\n<table>\n<tbody>\n<tr>\n<td>\n<h3 class=\"top\">Cintrage en 3D<\/h3>\n<p><a href=\"https:\/\/www.thoman.de\/wp-content\/uploads\/2014\/08\/3D-Biegen.jpg\"><img decoding=\"async\" class=\"alignnone size-full wp-image-5181\" src=\"https:\/\/www.thoman.de\/wp-content\/uploads\/2014\/08\/3D-Biegen.jpg\" alt=\"3D-Biegen\" width=\"250\" height=\"136\" \/><\/a><\/td>\n<td>Dans la construction de carrosserie ainsi que dans la construction de cabines, des profil\u00e9s cintr\u00e9s en trois dimensions sont souvent n\u00e9cessaires. Les machines de cintrage de profil\u00e9s type RB rel\u00e8vent \u00e9galement ces d\u00e9fis. Dot\u00e9s de deux axes de cintrage CNC \u00e0 fonctionnement vertical, les tubes carr\u00e9s ou profil\u00e9s sp\u00e9ciaux peuvent \u00e9galement \u00eatre coud\u00e9s en trois dimensions. Parlez-nous en. Nous v\u00e9rifions volontiers la mise en pratique des exigences sp\u00e9cifiques des clients dans notre centre technique.<\/td>\n<\/tr>\n<\/tbody>\n<\/table>\n<hr \/>\n<h3 class=\"top\">Autres options de la machine<\/h3>\n<table>\n<tbody>\n<tr>\n<td>\n<ul style=\"list-style-type: square;\">\n<li>Quatri\u00e8me rouleau<\/li>\n<li>Appuis des arbres<\/li>\n<li>Dispositif de cintrage en spirale pour tubes ronds ou profil\u00e9s plats<\/li>\n<\/ul>\n<\/td>\n<td>\n<ul style=\"list-style-type: square;\">\n<li>Dispositif de pressage pour chanfreinage et cintrage par pressage<\/li>\n<li>Dispositif de traction pour profil\u00e9 en H<\/li>\n<li>Rouleaux d&rsquo;appui et de guidage en tant que rouleau double<\/li>\n<li>Dispositif de cintrage \u00e0 mandrin<\/li>\n<\/ul>\n<\/td>\n<\/tr>\n<\/tbody>\n<\/table>\n<p>&nbsp;<\/p>\n","protected":false},"excerpt":{"rendered":"<p>Options de la machine Des accessoires sophistiqu\u00e9s La plage d&rsquo;utilisation de la machine de cintrage de profil\u00e9s type RB peut \u00eatre \u00e9tendue gr\u00e2ce \u00e0 une multitude d&rsquo;options diff\u00e9rentes de la machine. R-Control La machine de cintrage qui cintre, mesure et corrige enti\u00e8rement automatiquement. Avec le nouveau syst\u00e8me de mesure et de r\u00e9glage R-Control, tous vos [&hellip;]<\/p>\n","protected":false},"author":11,"featured_media":0,"parent":3610,"menu_order":0,"comment_status":"open","ping_status":"open","template":"","meta":{"footnotes":""},"acf":[],"yoast_head":"<!-- This site is optimized with the Yoast SEO plugin v21.3 - https:\/\/yoast.com\/wordpress\/plugins\/seo\/ -->\n<title>Options - Thoman Biegemaschinen<\/title>\n<meta name=\"robots\" content=\"index, follow, max-snippet:-1, max-image-preview:large, max-video-preview:-1\" \/>\n<link rel=\"canonical\" href=\"https:\/\/www.thoman.de\/fr\/machines\/machine-de-cintrage-de-profiles\/options\/\" \/>\n<meta property=\"og:locale\" content=\"fr_FR\" \/>\n<meta property=\"og:type\" content=\"article\" \/>\n<meta property=\"og:title\" content=\"Options - Thoman Biegemaschinen\" \/>\n<meta property=\"og:description\" content=\"Options de la machine Des accessoires sophistiqu\u00e9s La plage d&rsquo;utilisation de la machine de cintrage de profil\u00e9s type RB peut \u00eatre \u00e9tendue gr\u00e2ce \u00e0 une multitude d&rsquo;options diff\u00e9rentes de la machine. R-Control La machine de cintrage qui cintre, mesure et corrige enti\u00e8rement automatiquement. Avec le nouveau syst\u00e8me de mesure et de r\u00e9glage R-Control, tous vos [&hellip;]\" \/>\n<meta property=\"og:url\" content=\"https:\/\/www.thoman.de\/fr\/machines\/machine-de-cintrage-de-profiles\/options\/\" \/>\n<meta property=\"og:site_name\" content=\"Thoman Biegemaschinen\" \/>\n<meta property=\"article:modified_time\" content=\"2014-09-30T09:58:09+00:00\" \/>\n<meta property=\"og:image\" content=\"https:\/\/www.thoman.de\/wp-content\/uploads\/2014\/09\/Hauptbilder61-300x112.jpg\" \/>\n<meta name=\"twitter:label1\" content=\"Dur\u00e9e de lecture estim\u00e9e\" \/>\n\t<meta name=\"twitter:data1\" content=\"2 minutes\" \/>\n<script type=\"application\/ld+json\" class=\"yoast-schema-graph\">{\"@context\":\"https:\/\/schema.org\",\"@graph\":[{\"@type\":\"WebPage\",\"@id\":\"https:\/\/www.thoman.de\/fr\/machines\/machine-de-cintrage-de-profiles\/options\/\",\"url\":\"https:\/\/www.thoman.de\/fr\/machines\/machine-de-cintrage-de-profiles\/options\/\",\"name\":\"Options - Thoman Biegemaschinen\",\"isPartOf\":{\"@id\":\"https:\/\/www.thoman.de\/#website\"},\"datePublished\":\"2014-08-14T15:05:49+00:00\",\"dateModified\":\"2014-09-30T09:58:09+00:00\",\"breadcrumb\":{\"@id\":\"https:\/\/www.thoman.de\/fr\/machines\/machine-de-cintrage-de-profiles\/options\/#breadcrumb\"},\"inLanguage\":\"fr-FR\",\"potentialAction\":[{\"@type\":\"ReadAction\",\"target\":[\"https:\/\/www.thoman.de\/fr\/machines\/machine-de-cintrage-de-profiles\/options\/\"]}]},{\"@type\":\"BreadcrumbList\",\"@id\":\"https:\/\/www.thoman.de\/fr\/machines\/machine-de-cintrage-de-profiles\/options\/#breadcrumb\",\"itemListElement\":[{\"@type\":\"ListItem\",\"position\":1,\"name\":\"Home\",\"item\":\"https:\/\/www.thoman.de\/fr\/\"},{\"@type\":\"ListItem\",\"position\":2,\"name\":\"Machines\",\"item\":\"https:\/\/www.thoman.de\/fr\/machines\/\"},{\"@type\":\"ListItem\",\"position\":3,\"name\":\"Machine de cintrage de profil\u00e9s\",\"item\":\"https:\/\/www.thoman.de\/fr\/machines\/machine-de-cintrage-de-profiles\/\"},{\"@type\":\"ListItem\",\"position\":4,\"name\":\"Options\"}]},{\"@type\":\"WebSite\",\"@id\":\"https:\/\/www.thoman.de\/#website\",\"url\":\"https:\/\/www.thoman.de\/\",\"name\":\"Thoman Biegemaschinen\",\"description\":\"Eine weitere WordPress-Seite\",\"potentialAction\":[{\"@type\":\"SearchAction\",\"target\":{\"@type\":\"EntryPoint\",\"urlTemplate\":\"https:\/\/www.thoman.de\/?s={search_term_string}\"},\"query-input\":\"required name=search_term_string\"}],\"inLanguage\":\"fr-FR\"}]}<\/script>\n<!-- \/ Yoast SEO plugin. -->","yoast_head_json":{"title":"Options - Thoman Biegemaschinen","robots":{"index":"index","follow":"follow","max-snippet":"max-snippet:-1","max-image-preview":"max-image-preview:large","max-video-preview":"max-video-preview:-1"},"canonical":"https:\/\/www.thoman.de\/fr\/machines\/machine-de-cintrage-de-profiles\/options\/","og_locale":"fr_FR","og_type":"article","og_title":"Options - Thoman Biegemaschinen","og_description":"Options de la machine Des accessoires sophistiqu\u00e9s La plage d&rsquo;utilisation de la machine de cintrage de profil\u00e9s type RB peut \u00eatre \u00e9tendue gr\u00e2ce \u00e0 une multitude d&rsquo;options diff\u00e9rentes de la machine. R-Control La machine de cintrage qui cintre, mesure et corrige enti\u00e8rement automatiquement. Avec le nouveau syst\u00e8me de mesure et de r\u00e9glage R-Control, tous vos [&hellip;]","og_url":"https:\/\/www.thoman.de\/fr\/machines\/machine-de-cintrage-de-profiles\/options\/","og_site_name":"Thoman Biegemaschinen","article_modified_time":"2014-09-30T09:58:09+00:00","og_image":[{"url":"https:\/\/www.thoman.de\/wp-content\/uploads\/2014\/09\/Hauptbilder61-300x112.jpg"}],"twitter_misc":{"Dur\u00e9e de lecture estim\u00e9e":"2 minutes"},"schema":{"@context":"https:\/\/schema.org","@graph":[{"@type":"WebPage","@id":"https:\/\/www.thoman.de\/fr\/machines\/machine-de-cintrage-de-profiles\/options\/","url":"https:\/\/www.thoman.de\/fr\/machines\/machine-de-cintrage-de-profiles\/options\/","name":"Options - Thoman Biegemaschinen","isPartOf":{"@id":"https:\/\/www.thoman.de\/#website"},"datePublished":"2014-08-14T15:05:49+00:00","dateModified":"2014-09-30T09:58:09+00:00","breadcrumb":{"@id":"https:\/\/www.thoman.de\/fr\/machines\/machine-de-cintrage-de-profiles\/options\/#breadcrumb"},"inLanguage":"fr-FR","potentialAction":[{"@type":"ReadAction","target":["https:\/\/www.thoman.de\/fr\/machines\/machine-de-cintrage-de-profiles\/options\/"]}]},{"@type":"BreadcrumbList","@id":"https:\/\/www.thoman.de\/fr\/machines\/machine-de-cintrage-de-profiles\/options\/#breadcrumb","itemListElement":[{"@type":"ListItem","position":1,"name":"Home","item":"https:\/\/www.thoman.de\/fr\/"},{"@type":"ListItem","position":2,"name":"Machines","item":"https:\/\/www.thoman.de\/fr\/machines\/"},{"@type":"ListItem","position":3,"name":"Machine de cintrage de profil\u00e9s","item":"https:\/\/www.thoman.de\/fr\/machines\/machine-de-cintrage-de-profiles\/"},{"@type":"ListItem","position":4,"name":"Options"}]},{"@type":"WebSite","@id":"https:\/\/www.thoman.de\/#website","url":"https:\/\/www.thoman.de\/","name":"Thoman Biegemaschinen","description":"Eine weitere WordPress-Seite","potentialAction":[{"@type":"SearchAction","target":{"@type":"EntryPoint","urlTemplate":"https:\/\/www.thoman.de\/?s={search_term_string}"},"query-input":"required name=search_term_string"}],"inLanguage":"fr-FR"}]}},"_links":{"self":[{"href":"https:\/\/www.thoman.de\/fr\/wp-json\/wp\/v2\/pages\/3612"}],"collection":[{"href":"https:\/\/www.thoman.de\/fr\/wp-json\/wp\/v2\/pages"}],"about":[{"href":"https:\/\/www.thoman.de\/fr\/wp-json\/wp\/v2\/types\/page"}],"author":[{"embeddable":true,"href":"https:\/\/www.thoman.de\/fr\/wp-json\/wp\/v2\/users\/11"}],"replies":[{"embeddable":true,"href":"https:\/\/www.thoman.de\/fr\/wp-json\/wp\/v2\/comments?post=3612"}],"version-history":[{"count":5,"href":"https:\/\/www.thoman.de\/fr\/wp-json\/wp\/v2\/pages\/3612\/revisions"}],"predecessor-version":[{"id":5187,"href":"https:\/\/www.thoman.de\/fr\/wp-json\/wp\/v2\/pages\/3612\/revisions\/5187"}],"up":[{"embeddable":true,"href":"https:\/\/www.thoman.de\/fr\/wp-json\/wp\/v2\/pages\/3610"}],"wp:attachment":[{"href":"https:\/\/www.thoman.de\/fr\/wp-json\/wp\/v2\/media?parent=3612"}],"curies":[{"name":"wp","href":"https:\/\/api.w.org\/{rel}","templated":true}]}}