{"id":3616,"date":"2014-08-14T16:57:20","date_gmt":"2014-08-14T14:57:20","guid":{"rendered":"http:\/\/thoman.de\/?page_id=3616"},"modified":"2014-09-21T19:37:09","modified_gmt":"2014-09-21T17:37:09","slug":"rb3","status":"publish","type":"page","link":"https:\/\/www.thoman.de\/fr\/machines\/machine-de-cintrage-de-profiles\/rb3\/","title":{"rendered":"RB3"},"content":{"rendered":"<h1>Machine de cintrage de profil\u00e9s RB3<\/h1>\n<h2>puissante et extr\u00eamement polyvalente<\/h2>\n<table>\n<tbody>\n<tr>\n<td>\n<p style=\"color: #606060;\">La machine de cintrage de profil\u00e9s type RB3 offre une grande puissance de cintrage combin\u00e9e \u00e0 une flexibilit\u00e9 incomparable. Les entra\u00eenements directs hydrauliques \u00e0 couple \u00e9lev\u00e9 de la machine de cintrage de profil\u00e9s ne n\u00e9cessitent aucune maintenance et r\u00e9sistent aux surcharges. Chaque rouleau est entra\u00een\u00e9 individuellement et directement. Aucune transmission \u00e0 cha\u00eene ou aucun accouplement \u00e0 friction n&rsquo;est utilis\u00e9.<br \/>La puissance de cintrage par laminage \u00e9lev\u00e9e de la machine de cintrage de profil\u00e9s de 7,5 kW combin\u00e9e aux entra\u00eenements directs \u00e0 couple \u00e9lev\u00e9 offre suffisamment de r\u00e9serves pour cintrer. \u00e9galement des profil\u00e9s lourds\n<\/p>\n<p style=\"color: #606060;\">De nombreuses pi\u00e8ces \u00e0 cintrer peuvent ainsi \u00eatre cintr\u00e9es avec un seul laminage au rayon d\u00e9fini.<\/p>\n<\/td>\n<td>\n<p style=\"color: #606060;\">Le profil\u00e9 n&rsquo;est pas endommag\u00e9, une qualit\u00e9 de cintrage optimale est garantie, et une productivit\u00e9 maximale est atteinte.<\/p>\n<p style=\"color: #606060;\">La plage d&rsquo;utilisation de la machine de cintrage de profil\u00e9s RB3 peut \u00eatre \u00e9tendue gr\u00e2ce \u00e0 une multitude d&rsquo;options diff\u00e9rentes. La machine peut \u00eatre \u00e9quip\u00e9e d&rsquo;un quatri\u00e8me rouleau, de rouleaux lat\u00e9raux \u00e0 commande CNC, de rouleaux doubles ou d&rsquo;un dispositif de cerclage \u00e0 mandrin. Il existe une solution appropri\u00e9e pour quasiment chaque op\u00e9ration de cintrage avec la machine de cintrage de profil\u00e9s RB3.<br \/>La grande flexibilit\u00e9 et de nombreuses possibilit\u00e9s font de la RB3 l&rsquo;une des machines de cintrage de profil\u00e9s les plus flexibles et puissantes.\n<\/p>\n<\/td>\n<\/tr>\n<\/tbody>\n<\/table>\n<h3 style=\"font-size: 14px; line-height: 20px; font-weight: bold;\"><span style=\"color: #cc0000;\">Utilisation<\/span> <span style=\"color: #b3b3b3; text-transform: none;\">Constructions m\u00e9talliques, d&rsquo;escaliers, serrurerie, construction de machines, technique de<br \/>\nconvoyage, construction d&rsquo;installations, de conduites, de fa\u00e7ades, piscines couvertes, entreprises de cintrage \u00e0 fa\u00e7on, construction de v\u00e9hicules utilitaires<\/span><\/h3>\n<p>&nbsp;<\/p>\n<h3 class=\"data-v2\">Donn\u00e9es\/caract\u00e9ristiques techniques<\/h3>\n<table class=\"data-v2 table\">\n<tbody>\n<tr>\n<td>\u00a0Puissance de cintrage<\/td>\n<td>7,5 KW<\/td>\n<\/tr>\n<tr>\n<td>\u00a0Cylindres entra\u00een\u00e9s<\/td>\n<td>3<\/td>\n<\/tr>\n<tr>\n<td>\u00a0Vitesse r\u00e9glable<\/td>\n<td>0-16 en continu<\/td>\n<\/tr>\n<tr>\n<td>\u00a0Diam\u00e8tre des arbres<\/td>\n<td>65mm<\/td>\n<\/tr>\n<tr>\n<td>\u00a0Longueur de tige des arbres<\/td>\n<td>200 mm (300 mm en option)<\/td>\n<\/tr>\n<tr>\n<td>\u00a0Distance des cylindres lat\u00e9raux<\/td>\n<td>r\u00e9glable de 380-1100 mm (min. 200 mm en option)<\/td>\n<\/tr>\n<tr>\n<td>\u00a0Course axe X<\/td>\n<td>250mm<\/td>\n<\/tr>\n<tr>\n<td>\u00a0Force de compression<\/td>\n<td>25 to<\/td>\n<\/tr>\n<tr>\n<td>\u00a0Direction de cintrage<\/td>\n<td>\u00a0depuis la machine<\/td>\n<\/tr>\n<tr>\n<td>\u00a0Poids<\/td>\n<td>1300-1500 kg<\/td>\n<\/tr>\n<tr>\n<td>\u00a0Raccordement<\/td>\n<td>400 V, 32A<\/td>\n<\/tr>\n<tr>\n<td><\/td>\n<td><\/td>\n<\/tr>\n<tr>\n<td> Machine mobile<\/td>\n<td>Option<\/td>\n<\/tr>\n<tr>\n<td> Machine pivotante<\/td>\n<td>Option<\/td>\n<\/tr>\n<tr>\n<td> Contr\u00f4le du rayon\/R-Control automatique<\/td>\n<td>Option<\/td>\n<\/tr>\n<tr>\n<td> Rouleaux d&rsquo;appui<\/td>\n<td>Option<\/td>\n<\/tr>\n<tr>\n<td> Rouleaux d&rsquo;appui \u00e0 commande CNC<\/td>\n<td>Option<\/td>\n<\/tr>\n<\/tbody>\n<\/table>\n","protected":false},"excerpt":{"rendered":"<p>Machine de cintrage de profil\u00e9s RB3 puissante et extr\u00eamement polyvalente La machine de cintrage de profil\u00e9s type RB3 offre une grande puissance de cintrage combin\u00e9e \u00e0 une flexibilit\u00e9 incomparable. Les entra\u00eenements directs hydrauliques \u00e0 couple \u00e9lev\u00e9 de la machine de cintrage de profil\u00e9s ne n\u00e9cessitent aucune maintenance et r\u00e9sistent aux surcharges. Chaque rouleau est entra\u00een\u00e9 [&hellip;]<\/p>\n","protected":false},"author":11,"featured_media":0,"parent":3610,"menu_order":0,"comment_status":"open","ping_status":"open","template":"","meta":{"footnotes":""},"acf":[],"yoast_head":"<!-- This site is optimized with the Yoast SEO plugin v21.3 - https:\/\/yoast.com\/wordpress\/plugins\/seo\/ -->\n<title>RB3 - Thoman Biegemaschinen<\/title>\n<meta name=\"robots\" content=\"index, follow, max-snippet:-1, max-image-preview:large, max-video-preview:-1\" \/>\n<link rel=\"canonical\" href=\"https:\/\/www.thoman.de\/fr\/machines\/machine-de-cintrage-de-profiles\/rb3\/\" \/>\n<meta property=\"og:locale\" content=\"fr_FR\" \/>\n<meta property=\"og:type\" content=\"article\" \/>\n<meta property=\"og:title\" content=\"RB3 - Thoman Biegemaschinen\" \/>\n<meta property=\"og:description\" content=\"Machine de cintrage de profil\u00e9s RB3 puissante et extr\u00eamement polyvalente La machine de cintrage de profil\u00e9s type RB3 offre une grande puissance de cintrage combin\u00e9e \u00e0 une flexibilit\u00e9 incomparable. Les entra\u00eenements directs hydrauliques \u00e0 couple \u00e9lev\u00e9 de la machine de cintrage de profil\u00e9s ne n\u00e9cessitent aucune maintenance et r\u00e9sistent aux surcharges. Chaque rouleau est entra\u00een\u00e9 [&hellip;]\" \/>\n<meta property=\"og:url\" content=\"https:\/\/www.thoman.de\/fr\/machines\/machine-de-cintrage-de-profiles\/rb3\/\" \/>\n<meta property=\"og:site_name\" content=\"Thoman Biegemaschinen\" \/>\n<meta property=\"article:modified_time\" content=\"2014-09-21T17:37:09+00:00\" \/>\n<meta name=\"twitter:label1\" content=\"Dur\u00e9e de lecture estim\u00e9e\" \/>\n\t<meta name=\"twitter:data1\" content=\"2 minutes\" \/>\n<script type=\"application\/ld+json\" class=\"yoast-schema-graph\">{\"@context\":\"https:\/\/schema.org\",\"@graph\":[{\"@type\":\"WebPage\",\"@id\":\"https:\/\/www.thoman.de\/fr\/machines\/machine-de-cintrage-de-profiles\/rb3\/\",\"url\":\"https:\/\/www.thoman.de\/fr\/machines\/machine-de-cintrage-de-profiles\/rb3\/\",\"name\":\"RB3 - Thoman Biegemaschinen\",\"isPartOf\":{\"@id\":\"https:\/\/www.thoman.de\/#website\"},\"datePublished\":\"2014-08-14T14:57:20+00:00\",\"dateModified\":\"2014-09-21T17:37:09+00:00\",\"breadcrumb\":{\"@id\":\"https:\/\/www.thoman.de\/fr\/machines\/machine-de-cintrage-de-profiles\/rb3\/#breadcrumb\"},\"inLanguage\":\"fr-FR\",\"potentialAction\":[{\"@type\":\"ReadAction\",\"target\":[\"https:\/\/www.thoman.de\/fr\/machines\/machine-de-cintrage-de-profiles\/rb3\/\"]}]},{\"@type\":\"BreadcrumbList\",\"@id\":\"https:\/\/www.thoman.de\/fr\/machines\/machine-de-cintrage-de-profiles\/rb3\/#breadcrumb\",\"itemListElement\":[{\"@type\":\"ListItem\",\"position\":1,\"name\":\"Home\",\"item\":\"https:\/\/www.thoman.de\/fr\/\"},{\"@type\":\"ListItem\",\"position\":2,\"name\":\"Machines\",\"item\":\"https:\/\/www.thoman.de\/fr\/machines\/\"},{\"@type\":\"ListItem\",\"position\":3,\"name\":\"Machine de cintrage de profil\u00e9s\",\"item\":\"https:\/\/www.thoman.de\/fr\/machines\/machine-de-cintrage-de-profiles\/\"},{\"@type\":\"ListItem\",\"position\":4,\"name\":\"RB3\"}]},{\"@type\":\"WebSite\",\"@id\":\"https:\/\/www.thoman.de\/#website\",\"url\":\"https:\/\/www.thoman.de\/\",\"name\":\"Thoman Biegemaschinen\",\"description\":\"Eine weitere WordPress-Seite\",\"potentialAction\":[{\"@type\":\"SearchAction\",\"target\":{\"@type\":\"EntryPoint\",\"urlTemplate\":\"https:\/\/www.thoman.de\/?s={search_term_string}\"},\"query-input\":\"required name=search_term_string\"}],\"inLanguage\":\"fr-FR\"}]}<\/script>\n<!-- \/ Yoast SEO plugin. -->","yoast_head_json":{"title":"RB3 - Thoman Biegemaschinen","robots":{"index":"index","follow":"follow","max-snippet":"max-snippet:-1","max-image-preview":"max-image-preview:large","max-video-preview":"max-video-preview:-1"},"canonical":"https:\/\/www.thoman.de\/fr\/machines\/machine-de-cintrage-de-profiles\/rb3\/","og_locale":"fr_FR","og_type":"article","og_title":"RB3 - Thoman Biegemaschinen","og_description":"Machine de cintrage de profil\u00e9s RB3 puissante et extr\u00eamement polyvalente La machine de cintrage de profil\u00e9s type RB3 offre une grande puissance de cintrage combin\u00e9e \u00e0 une flexibilit\u00e9 incomparable. Les entra\u00eenements directs hydrauliques \u00e0 couple \u00e9lev\u00e9 de la machine de cintrage de profil\u00e9s ne n\u00e9cessitent aucune maintenance et r\u00e9sistent aux surcharges. Chaque rouleau est entra\u00een\u00e9 [&hellip;]","og_url":"https:\/\/www.thoman.de\/fr\/machines\/machine-de-cintrage-de-profiles\/rb3\/","og_site_name":"Thoman Biegemaschinen","article_modified_time":"2014-09-21T17:37:09+00:00","twitter_misc":{"Dur\u00e9e de lecture estim\u00e9e":"2 minutes"},"schema":{"@context":"https:\/\/schema.org","@graph":[{"@type":"WebPage","@id":"https:\/\/www.thoman.de\/fr\/machines\/machine-de-cintrage-de-profiles\/rb3\/","url":"https:\/\/www.thoman.de\/fr\/machines\/machine-de-cintrage-de-profiles\/rb3\/","name":"RB3 - Thoman Biegemaschinen","isPartOf":{"@id":"https:\/\/www.thoman.de\/#website"},"datePublished":"2014-08-14T14:57:20+00:00","dateModified":"2014-09-21T17:37:09+00:00","breadcrumb":{"@id":"https:\/\/www.thoman.de\/fr\/machines\/machine-de-cintrage-de-profiles\/rb3\/#breadcrumb"},"inLanguage":"fr-FR","potentialAction":[{"@type":"ReadAction","target":["https:\/\/www.thoman.de\/fr\/machines\/machine-de-cintrage-de-profiles\/rb3\/"]}]},{"@type":"BreadcrumbList","@id":"https:\/\/www.thoman.de\/fr\/machines\/machine-de-cintrage-de-profiles\/rb3\/#breadcrumb","itemListElement":[{"@type":"ListItem","position":1,"name":"Home","item":"https:\/\/www.thoman.de\/fr\/"},{"@type":"ListItem","position":2,"name":"Machines","item":"https:\/\/www.thoman.de\/fr\/machines\/"},{"@type":"ListItem","position":3,"name":"Machine de cintrage de profil\u00e9s","item":"https:\/\/www.thoman.de\/fr\/machines\/machine-de-cintrage-de-profiles\/"},{"@type":"ListItem","position":4,"name":"RB3"}]},{"@type":"WebSite","@id":"https:\/\/www.thoman.de\/#website","url":"https:\/\/www.thoman.de\/","name":"Thoman Biegemaschinen","description":"Eine weitere WordPress-Seite","potentialAction":[{"@type":"SearchAction","target":{"@type":"EntryPoint","urlTemplate":"https:\/\/www.thoman.de\/?s={search_term_string}"},"query-input":"required name=search_term_string"}],"inLanguage":"fr-FR"}]}},"_links":{"self":[{"href":"https:\/\/www.thoman.de\/fr\/wp-json\/wp\/v2\/pages\/3616"}],"collection":[{"href":"https:\/\/www.thoman.de\/fr\/wp-json\/wp\/v2\/pages"}],"about":[{"href":"https:\/\/www.thoman.de\/fr\/wp-json\/wp\/v2\/types\/page"}],"author":[{"embeddable":true,"href":"https:\/\/www.thoman.de\/fr\/wp-json\/wp\/v2\/users\/11"}],"replies":[{"embeddable":true,"href":"https:\/\/www.thoman.de\/fr\/wp-json\/wp\/v2\/comments?post=3616"}],"version-history":[{"count":7,"href":"https:\/\/www.thoman.de\/fr\/wp-json\/wp\/v2\/pages\/3616\/revisions"}],"predecessor-version":[{"id":4732,"href":"https:\/\/www.thoman.de\/fr\/wp-json\/wp\/v2\/pages\/3616\/revisions\/4732"}],"up":[{"embeddable":true,"href":"https:\/\/www.thoman.de\/fr\/wp-json\/wp\/v2\/pages\/3610"}],"wp:attachment":[{"href":"https:\/\/www.thoman.de\/fr\/wp-json\/wp\/v2\/media?parent=3616"}],"curies":[{"name":"wp","href":"https:\/\/api.w.org\/{rel}","templated":true}]}}