{"id":3620,"date":"2014-08-14T16:55:59","date_gmt":"2014-08-14T14:55:59","guid":{"rendered":"http:\/\/thoman.de\/?page_id=3620"},"modified":"2014-09-21T19:20:20","modified_gmt":"2014-09-21T17:20:20","slug":"rb3-l","status":"publish","type":"page","link":"https:\/\/www.thoman.de\/fr\/machines\/machine-de-cintrage-de-profiles\/rb3-l\/","title":{"rendered":"RB3-L"},"content":{"rendered":"<h1>Machine de cintrage de profil\u00e9s RB3-L<\/h1>\n<h2>Pr\u00e9cision et performance malgr\u00e9 des dimensions compactes<\/h2>\n<table>\n<tbody>\n<tr>\n<td>\n<p style=\"color: #606060;\">La RB3-L offre une grande puissance de cintrage malgr\u00e9 des dimensions compactes. Les trois rouleaux de laminage \u00e0 entra\u00eenement individuel et hydraulique de la machine de cintrage de profil\u00e9s garantissent une puissance de cintrage \u00e9lev\u00e9e. D\u00e8s le premier laminage, de tr\u00e8s petits rayons de cintrage peuvent \u00eatre obtenus.<\/p>\n<\/td>\n<td>\n<p style=\"color: #606060;\">Il est possible d&rsquo;utiliser des cylindres plats (sans stries) ou des rouleaux de laminages en plastique. Gr\u00e2ce \u00e0 la distance variable entre les axes, la machine de cintrage de profil\u00e9s peut \u00eatre utilis\u00e9e de mani\u00e8re optimale pour chaque profil\u00e9 \u00e0 cintrer. On \u00e9vite ainsi des forces de compression trop \u00e9lev\u00e9es sur le profil\u00e9 et une qualit\u00e9 de cintrage optimale est obtenue.<\/p>\n<\/td>\n<\/tr>\n<\/tbody>\n<\/table>\n<h3 style=\"font-size: 14px; line-height: 20px; font-weight: bold;\"><span style=\"color: #cc0000;\">Utilisation<\/span> <span style=\"color: #b3b3b3; text-transform: none;\">Construction m\u00e9tallique, serrurerie et construction de machines en g\u00e9n\u00e9ral, toitures de serres, piscines couvertes, serres, technique publicitaire, enseignes publicitaires, industrie du meuble<\/span><\/h3>\n<p>&nbsp;<\/p>\n<h3 class=\"data-v2\">Donn\u00e9es\/caract\u00e9ristiques techniques<\/h3>\n<table class=\"data-v2 table\">\n<tbody>\n<tr>\n<td>\u00a0Puissance de cintrage<\/td>\n<td>5,5 KW<\/td>\n<\/tr>\n<tr>\n<td>\u00a0Cylindres entra\u00een\u00e9s<\/td>\n<td>3<\/td>\n<\/tr>\n<tr>\n<td>\u00a0Vitesse r\u00e9glable<\/td>\n<td>0-16 en continu<\/td>\n<\/tr>\n<tr>\n<td>\u00a0Diam\u00e8tre des arbres<\/td>\n<td>65mm<\/td>\n<\/tr>\n<tr>\n<td>\u00a0Longueur de tige des arbres<\/td>\n<td>200 mm (en option 300)<\/td>\n<\/tr>\n<tr>\n<td>\u00a0Distance des cylindres lat\u00e9raux<\/td>\n<td>330-600 mm r\u00e9glable<\/td>\n<\/tr>\n<tr>\n<td>\u00a0Course axe X<\/td>\n<td>200mm<\/td>\n<\/tr>\n<tr>\n<td>\u00a0Force de compression<\/td>\n<td>12 to<\/td>\n<\/tr>\n<tr>\n<td>\u00a0Poids<\/td>\n<td>800-900 kg<\/td>\n<\/tr>\n<tr>\n<td>\u00a0Raccordement<\/td>\n<td>400 V, 16A<\/td>\n<\/tr>\n<tr>\n<td>\u00a0Direction de cintrage<\/td>\n<td>depuis la machine<\/td>\n<\/tr>\n<tr>\n<td><\/td>\n<td><\/td>\n<\/tr>\n<tr>\n<td>Machine mobile<\/td>\n<td>Option<\/td>\n<\/tr>\n<tr>\n<td>Machine pivotante<\/td>\n<td>Option<\/td>\n<\/tr>\n<tr>\n<td>Contr\u00f4le du rayon\/R-Control automatique<\/td>\n<td>Option<\/td>\n<\/tr>\n<\/tbody>\n<\/table>\n","protected":false},"excerpt":{"rendered":"<p>Machine de cintrage de profil\u00e9s RB3-L Pr\u00e9cision et performance malgr\u00e9 des dimensions compactes La RB3-L offre une grande puissance de cintrage malgr\u00e9 des dimensions compactes. Les trois rouleaux de laminage \u00e0 entra\u00eenement individuel et hydraulique de la machine de cintrage de profil\u00e9s garantissent une puissance de cintrage \u00e9lev\u00e9e. D\u00e8s le premier laminage, de tr\u00e8s petits [&hellip;]<\/p>\n","protected":false},"author":11,"featured_media":0,"parent":3610,"menu_order":0,"comment_status":"open","ping_status":"open","template":"","meta":{"footnotes":""},"acf":[],"yoast_head":"<!-- This site is optimized with the Yoast SEO plugin v21.3 - https:\/\/yoast.com\/wordpress\/plugins\/seo\/ -->\n<title>RB3-L - Thoman Biegemaschinen<\/title>\n<meta name=\"robots\" content=\"index, follow, max-snippet:-1, max-image-preview:large, max-video-preview:-1\" \/>\n<link rel=\"canonical\" href=\"https:\/\/www.thoman.de\/fr\/machines\/machine-de-cintrage-de-profiles\/rb3-l\/\" \/>\n<meta property=\"og:locale\" content=\"fr_FR\" \/>\n<meta property=\"og:type\" content=\"article\" \/>\n<meta property=\"og:title\" content=\"RB3-L - Thoman Biegemaschinen\" \/>\n<meta property=\"og:description\" content=\"Machine de cintrage de profil\u00e9s RB3-L Pr\u00e9cision et performance malgr\u00e9 des dimensions compactes La RB3-L offre une grande puissance de cintrage malgr\u00e9 des dimensions compactes. Les trois rouleaux de laminage \u00e0 entra\u00eenement individuel et hydraulique de la machine de cintrage de profil\u00e9s garantissent une puissance de cintrage \u00e9lev\u00e9e. D\u00e8s le premier laminage, de tr\u00e8s petits [&hellip;]\" \/>\n<meta property=\"og:url\" content=\"https:\/\/www.thoman.de\/fr\/machines\/machine-de-cintrage-de-profiles\/rb3-l\/\" \/>\n<meta property=\"og:site_name\" content=\"Thoman Biegemaschinen\" \/>\n<meta property=\"article:modified_time\" content=\"2014-09-21T17:20:20+00:00\" \/>\n<meta name=\"twitter:label1\" content=\"Dur\u00e9e de lecture estim\u00e9e\" \/>\n\t<meta name=\"twitter:data1\" content=\"1 minute\" \/>\n<script type=\"application\/ld+json\" class=\"yoast-schema-graph\">{\"@context\":\"https:\/\/schema.org\",\"@graph\":[{\"@type\":\"WebPage\",\"@id\":\"https:\/\/www.thoman.de\/fr\/machines\/machine-de-cintrage-de-profiles\/rb3-l\/\",\"url\":\"https:\/\/www.thoman.de\/fr\/machines\/machine-de-cintrage-de-profiles\/rb3-l\/\",\"name\":\"RB3-L - Thoman Biegemaschinen\",\"isPartOf\":{\"@id\":\"https:\/\/www.thoman.de\/#website\"},\"datePublished\":\"2014-08-14T14:55:59+00:00\",\"dateModified\":\"2014-09-21T17:20:20+00:00\",\"breadcrumb\":{\"@id\":\"https:\/\/www.thoman.de\/fr\/machines\/machine-de-cintrage-de-profiles\/rb3-l\/#breadcrumb\"},\"inLanguage\":\"fr-FR\",\"potentialAction\":[{\"@type\":\"ReadAction\",\"target\":[\"https:\/\/www.thoman.de\/fr\/machines\/machine-de-cintrage-de-profiles\/rb3-l\/\"]}]},{\"@type\":\"BreadcrumbList\",\"@id\":\"https:\/\/www.thoman.de\/fr\/machines\/machine-de-cintrage-de-profiles\/rb3-l\/#breadcrumb\",\"itemListElement\":[{\"@type\":\"ListItem\",\"position\":1,\"name\":\"Home\",\"item\":\"https:\/\/www.thoman.de\/fr\/\"},{\"@type\":\"ListItem\",\"position\":2,\"name\":\"Machines\",\"item\":\"https:\/\/www.thoman.de\/fr\/machines\/\"},{\"@type\":\"ListItem\",\"position\":3,\"name\":\"Machine de cintrage de profil\u00e9s\",\"item\":\"https:\/\/www.thoman.de\/fr\/machines\/machine-de-cintrage-de-profiles\/\"},{\"@type\":\"ListItem\",\"position\":4,\"name\":\"RB3-L\"}]},{\"@type\":\"WebSite\",\"@id\":\"https:\/\/www.thoman.de\/#website\",\"url\":\"https:\/\/www.thoman.de\/\",\"name\":\"Thoman Biegemaschinen\",\"description\":\"Eine weitere WordPress-Seite\",\"potentialAction\":[{\"@type\":\"SearchAction\",\"target\":{\"@type\":\"EntryPoint\",\"urlTemplate\":\"https:\/\/www.thoman.de\/?s={search_term_string}\"},\"query-input\":\"required name=search_term_string\"}],\"inLanguage\":\"fr-FR\"}]}<\/script>\n<!-- \/ Yoast SEO plugin. -->","yoast_head_json":{"title":"RB3-L - Thoman Biegemaschinen","robots":{"index":"index","follow":"follow","max-snippet":"max-snippet:-1","max-image-preview":"max-image-preview:large","max-video-preview":"max-video-preview:-1"},"canonical":"https:\/\/www.thoman.de\/fr\/machines\/machine-de-cintrage-de-profiles\/rb3-l\/","og_locale":"fr_FR","og_type":"article","og_title":"RB3-L - Thoman Biegemaschinen","og_description":"Machine de cintrage de profil\u00e9s RB3-L Pr\u00e9cision et performance malgr\u00e9 des dimensions compactes La RB3-L offre une grande puissance de cintrage malgr\u00e9 des dimensions compactes. Les trois rouleaux de laminage \u00e0 entra\u00eenement individuel et hydraulique de la machine de cintrage de profil\u00e9s garantissent une puissance de cintrage \u00e9lev\u00e9e. D\u00e8s le premier laminage, de tr\u00e8s petits [&hellip;]","og_url":"https:\/\/www.thoman.de\/fr\/machines\/machine-de-cintrage-de-profiles\/rb3-l\/","og_site_name":"Thoman Biegemaschinen","article_modified_time":"2014-09-21T17:20:20+00:00","twitter_misc":{"Dur\u00e9e de lecture estim\u00e9e":"1 minute"},"schema":{"@context":"https:\/\/schema.org","@graph":[{"@type":"WebPage","@id":"https:\/\/www.thoman.de\/fr\/machines\/machine-de-cintrage-de-profiles\/rb3-l\/","url":"https:\/\/www.thoman.de\/fr\/machines\/machine-de-cintrage-de-profiles\/rb3-l\/","name":"RB3-L - Thoman Biegemaschinen","isPartOf":{"@id":"https:\/\/www.thoman.de\/#website"},"datePublished":"2014-08-14T14:55:59+00:00","dateModified":"2014-09-21T17:20:20+00:00","breadcrumb":{"@id":"https:\/\/www.thoman.de\/fr\/machines\/machine-de-cintrage-de-profiles\/rb3-l\/#breadcrumb"},"inLanguage":"fr-FR","potentialAction":[{"@type":"ReadAction","target":["https:\/\/www.thoman.de\/fr\/machines\/machine-de-cintrage-de-profiles\/rb3-l\/"]}]},{"@type":"BreadcrumbList","@id":"https:\/\/www.thoman.de\/fr\/machines\/machine-de-cintrage-de-profiles\/rb3-l\/#breadcrumb","itemListElement":[{"@type":"ListItem","position":1,"name":"Home","item":"https:\/\/www.thoman.de\/fr\/"},{"@type":"ListItem","position":2,"name":"Machines","item":"https:\/\/www.thoman.de\/fr\/machines\/"},{"@type":"ListItem","position":3,"name":"Machine de cintrage de profil\u00e9s","item":"https:\/\/www.thoman.de\/fr\/machines\/machine-de-cintrage-de-profiles\/"},{"@type":"ListItem","position":4,"name":"RB3-L"}]},{"@type":"WebSite","@id":"https:\/\/www.thoman.de\/#website","url":"https:\/\/www.thoman.de\/","name":"Thoman Biegemaschinen","description":"Eine weitere WordPress-Seite","potentialAction":[{"@type":"SearchAction","target":{"@type":"EntryPoint","urlTemplate":"https:\/\/www.thoman.de\/?s={search_term_string}"},"query-input":"required name=search_term_string"}],"inLanguage":"fr-FR"}]}},"_links":{"self":[{"href":"https:\/\/www.thoman.de\/fr\/wp-json\/wp\/v2\/pages\/3620"}],"collection":[{"href":"https:\/\/www.thoman.de\/fr\/wp-json\/wp\/v2\/pages"}],"about":[{"href":"https:\/\/www.thoman.de\/fr\/wp-json\/wp\/v2\/types\/page"}],"author":[{"embeddable":true,"href":"https:\/\/www.thoman.de\/fr\/wp-json\/wp\/v2\/users\/11"}],"replies":[{"embeddable":true,"href":"https:\/\/www.thoman.de\/fr\/wp-json\/wp\/v2\/comments?post=3620"}],"version-history":[{"count":5,"href":"https:\/\/www.thoman.de\/fr\/wp-json\/wp\/v2\/pages\/3620\/revisions"}],"predecessor-version":[{"id":4730,"href":"https:\/\/www.thoman.de\/fr\/wp-json\/wp\/v2\/pages\/3620\/revisions\/4730"}],"up":[{"embeddable":true,"href":"https:\/\/www.thoman.de\/fr\/wp-json\/wp\/v2\/pages\/3610"}],"wp:attachment":[{"href":"https:\/\/www.thoman.de\/fr\/wp-json\/wp\/v2\/media?parent=3620"}],"curies":[{"name":"wp","href":"https:\/\/api.w.org\/{rel}","templated":true}]}}