{"id":3624,"date":"2014-08-14T16:59:13","date_gmt":"2014-08-14T14:59:13","guid":{"rendered":"http:\/\/thoman.de\/maschinen\/profilbiegenmaschinen\/rb4\/"},"modified":"2014-09-21T19:44:06","modified_gmt":"2014-09-21T17:44:06","slug":"rb4","status":"publish","type":"page","link":"https:\/\/www.thoman.de\/fr\/machines\/machine-de-cintrage-de-profiles\/rb4\/","title":{"rendered":"RB4"},"content":{"rendered":"<h1>Machine de cintrage de profil\u00e9s RB4<\/h1>\n<h2>une performance de cintrage \u00e9lev\u00e9e pour une flexibilit\u00e9 maximale<\/h2>\n<table>\n<tbody>\n<tr>\n<td>\n<p style=\"color: #606060;\">La machine de cintrage de profil\u00e9s RB4 allie une puissance de cintrage \u00e9lev\u00e9e \u00e0 la technologie de commande CNC la plus moderne. Des profil\u00e9s petits, moyens ou lourds en acier ou aluminium peuvent \u00eatre cintr\u00e9s avec une pr\u00e9cision et une productivit\u00e9 \u00e9lev\u00e9es.<\/p>\n<\/td>\n<td>\n<p style=\"color: #606060;\">Une puissance de cintrage par laminage de 15 kW, la distance entraxe variable en combinaison avec trois cylindres entra\u00een\u00e9s individuellement font de la machine de cintrage de profil\u00e9s RB4 une machine extr\u00eamement puissante et flexible.<\/p>\n<\/td>\n<\/tr>\n<\/tbody>\n<\/table>\n<h3 style=\"font-size: 14px; line-height: 20px; font-weight: bold;\"><span style=\"color: #cc0000;\">Utilisation<\/span> <span style=\"color: #b3b3b3; text-transform: none;\">Constructions m\u00e9talliques, en acier, d&rsquo;escaliers, serrurerie, construction de machines, technique de convoyage, construction d&rsquo;installations, de conduites, de fa\u00e7ades, entreprises de cintrage \u00e0 fa\u00e7on, construction de v\u00e9hicules utilitaires<\/span><\/h3>\n<p>&nbsp;<\/p>\n<h3 class=\"data-v2\">Donn\u00e9es\/caract\u00e9ristiques techniques<\/h3>\n<table class=\"data-v2 table\">\n<tbody>\n<tr>\n<td>\u00a0Puissance de cintrage<\/td>\n<td>15 KW<\/td>\n<\/tr>\n<tr>\n<td>\u00a0Cylindres entra\u00een\u00e9s<\/td>\n<td>3<\/td>\n<\/tr>\n<tr>\n<td>\u00a0Vitesse r\u00e9glable<\/td>\n<td>0-16 en continu<\/td>\n<\/tr>\n<tr>\n<td>\u00a0Diam\u00e8tre des arbres<\/td>\n<td>85mm<\/td>\n<\/tr>\n<tr>\n<td>\u00a0Longueur de tige des arbres<\/td>\n<td>300mm<\/td>\n<\/tr>\n<tr>\n<td>\u00a0Distance des cylindres lat\u00e9raux<\/td>\n<td>436-1320mm r\u00e9glable<\/td>\n<\/tr>\n<tr>\n<td>\u00a0Course axe X<\/td>\n<td>400mm<\/td>\n<\/tr>\n<tr>\n<td>\u00a0Force de compression<\/td>\n<td>40 to<\/td>\n<\/tr>\n<tr>\n<td>\u00a0Direction de cintrage<\/td>\n<td>depuis la machine<\/td>\n<\/tr>\n<tr>\n<td>\u00a0Poids<\/td>\n<td>3500-4000 kg<\/td>\n<\/tr>\n<tr>\n<td>\u00a0Raccordement<\/td>\n<td>400 V, 32A<\/td>\n<\/tr>\n<tr>\n<td><\/td>\n<td><\/td>\n<\/tr>\n<tr>\n<td> Contr\u00f4le du rayon\/R-Control automatique<\/td>\n<td>Option<\/td>\n<\/tr>\n<tr>\n<td> Rouleaux d&rsquo;appui<\/td>\n<td>Option<\/td>\n<\/tr>\n<tr>\n<td> Rouleaux d&rsquo;appui \u00e0 commande CNC<\/td>\n<td>Option<\/td>\n<\/tr>\n<\/tbody>\n<\/table>\n","protected":false},"excerpt":{"rendered":"<p>Machine de cintrage de profil\u00e9s RB4 une performance de cintrage \u00e9lev\u00e9e pour une flexibilit\u00e9 maximale La machine de cintrage de profil\u00e9s RB4 allie une puissance de cintrage \u00e9lev\u00e9e \u00e0 la technologie de commande CNC la plus moderne. Des profil\u00e9s petits, moyens ou lourds en acier ou aluminium peuvent \u00eatre cintr\u00e9s avec une pr\u00e9cision et une [&hellip;]<\/p>\n","protected":false},"author":11,"featured_media":0,"parent":3610,"menu_order":0,"comment_status":"open","ping_status":"open","template":"","meta":{"footnotes":""},"acf":[],"yoast_head":"<!-- This site is optimized with the Yoast SEO plugin v21.3 - https:\/\/yoast.com\/wordpress\/plugins\/seo\/ -->\n<title>RB4 - Thoman Biegemaschinen<\/title>\n<meta name=\"robots\" content=\"index, follow, max-snippet:-1, max-image-preview:large, max-video-preview:-1\" \/>\n<link rel=\"canonical\" href=\"https:\/\/www.thoman.de\/fr\/machines\/machine-de-cintrage-de-profiles\/rb4\/\" \/>\n<meta property=\"og:locale\" content=\"fr_FR\" \/>\n<meta property=\"og:type\" content=\"article\" \/>\n<meta property=\"og:title\" content=\"RB4 - Thoman Biegemaschinen\" \/>\n<meta property=\"og:description\" content=\"Machine de cintrage de profil\u00e9s RB4 une performance de cintrage \u00e9lev\u00e9e pour une flexibilit\u00e9 maximale La machine de cintrage de profil\u00e9s RB4 allie une puissance de cintrage \u00e9lev\u00e9e \u00e0 la technologie de commande CNC la plus moderne. Des profil\u00e9s petits, moyens ou lourds en acier ou aluminium peuvent \u00eatre cintr\u00e9s avec une pr\u00e9cision et une [&hellip;]\" \/>\n<meta property=\"og:url\" content=\"https:\/\/www.thoman.de\/fr\/machines\/machine-de-cintrage-de-profiles\/rb4\/\" \/>\n<meta property=\"og:site_name\" content=\"Thoman Biegemaschinen\" \/>\n<meta property=\"article:modified_time\" content=\"2014-09-21T17:44:06+00:00\" \/>\n<meta name=\"twitter:label1\" content=\"Dur\u00e9e de lecture estim\u00e9e\" \/>\n\t<meta name=\"twitter:data1\" content=\"1 minute\" \/>\n<script type=\"application\/ld+json\" class=\"yoast-schema-graph\">{\"@context\":\"https:\/\/schema.org\",\"@graph\":[{\"@type\":\"WebPage\",\"@id\":\"https:\/\/www.thoman.de\/fr\/machines\/machine-de-cintrage-de-profiles\/rb4\/\",\"url\":\"https:\/\/www.thoman.de\/fr\/machines\/machine-de-cintrage-de-profiles\/rb4\/\",\"name\":\"RB4 - Thoman Biegemaschinen\",\"isPartOf\":{\"@id\":\"https:\/\/www.thoman.de\/#website\"},\"datePublished\":\"2014-08-14T14:59:13+00:00\",\"dateModified\":\"2014-09-21T17:44:06+00:00\",\"breadcrumb\":{\"@id\":\"https:\/\/www.thoman.de\/fr\/machines\/machine-de-cintrage-de-profiles\/rb4\/#breadcrumb\"},\"inLanguage\":\"fr-FR\",\"potentialAction\":[{\"@type\":\"ReadAction\",\"target\":[\"https:\/\/www.thoman.de\/fr\/machines\/machine-de-cintrage-de-profiles\/rb4\/\"]}]},{\"@type\":\"BreadcrumbList\",\"@id\":\"https:\/\/www.thoman.de\/fr\/machines\/machine-de-cintrage-de-profiles\/rb4\/#breadcrumb\",\"itemListElement\":[{\"@type\":\"ListItem\",\"position\":1,\"name\":\"Home\",\"item\":\"https:\/\/www.thoman.de\/fr\/\"},{\"@type\":\"ListItem\",\"position\":2,\"name\":\"Machines\",\"item\":\"https:\/\/www.thoman.de\/fr\/machines\/\"},{\"@type\":\"ListItem\",\"position\":3,\"name\":\"Machine de cintrage de profil\u00e9s\",\"item\":\"https:\/\/www.thoman.de\/fr\/machines\/machine-de-cintrage-de-profiles\/\"},{\"@type\":\"ListItem\",\"position\":4,\"name\":\"RB4\"}]},{\"@type\":\"WebSite\",\"@id\":\"https:\/\/www.thoman.de\/#website\",\"url\":\"https:\/\/www.thoman.de\/\",\"name\":\"Thoman Biegemaschinen\",\"description\":\"Eine weitere WordPress-Seite\",\"potentialAction\":[{\"@type\":\"SearchAction\",\"target\":{\"@type\":\"EntryPoint\",\"urlTemplate\":\"https:\/\/www.thoman.de\/?s={search_term_string}\"},\"query-input\":\"required name=search_term_string\"}],\"inLanguage\":\"fr-FR\"}]}<\/script>\n<!-- \/ Yoast SEO plugin. -->","yoast_head_json":{"title":"RB4 - Thoman Biegemaschinen","robots":{"index":"index","follow":"follow","max-snippet":"max-snippet:-1","max-image-preview":"max-image-preview:large","max-video-preview":"max-video-preview:-1"},"canonical":"https:\/\/www.thoman.de\/fr\/machines\/machine-de-cintrage-de-profiles\/rb4\/","og_locale":"fr_FR","og_type":"article","og_title":"RB4 - Thoman Biegemaschinen","og_description":"Machine de cintrage de profil\u00e9s RB4 une performance de cintrage \u00e9lev\u00e9e pour une flexibilit\u00e9 maximale La machine de cintrage de profil\u00e9s RB4 allie une puissance de cintrage \u00e9lev\u00e9e \u00e0 la technologie de commande CNC la plus moderne. Des profil\u00e9s petits, moyens ou lourds en acier ou aluminium peuvent \u00eatre cintr\u00e9s avec une pr\u00e9cision et une [&hellip;]","og_url":"https:\/\/www.thoman.de\/fr\/machines\/machine-de-cintrage-de-profiles\/rb4\/","og_site_name":"Thoman Biegemaschinen","article_modified_time":"2014-09-21T17:44:06+00:00","twitter_misc":{"Dur\u00e9e de lecture estim\u00e9e":"1 minute"},"schema":{"@context":"https:\/\/schema.org","@graph":[{"@type":"WebPage","@id":"https:\/\/www.thoman.de\/fr\/machines\/machine-de-cintrage-de-profiles\/rb4\/","url":"https:\/\/www.thoman.de\/fr\/machines\/machine-de-cintrage-de-profiles\/rb4\/","name":"RB4 - Thoman Biegemaschinen","isPartOf":{"@id":"https:\/\/www.thoman.de\/#website"},"datePublished":"2014-08-14T14:59:13+00:00","dateModified":"2014-09-21T17:44:06+00:00","breadcrumb":{"@id":"https:\/\/www.thoman.de\/fr\/machines\/machine-de-cintrage-de-profiles\/rb4\/#breadcrumb"},"inLanguage":"fr-FR","potentialAction":[{"@type":"ReadAction","target":["https:\/\/www.thoman.de\/fr\/machines\/machine-de-cintrage-de-profiles\/rb4\/"]}]},{"@type":"BreadcrumbList","@id":"https:\/\/www.thoman.de\/fr\/machines\/machine-de-cintrage-de-profiles\/rb4\/#breadcrumb","itemListElement":[{"@type":"ListItem","position":1,"name":"Home","item":"https:\/\/www.thoman.de\/fr\/"},{"@type":"ListItem","position":2,"name":"Machines","item":"https:\/\/www.thoman.de\/fr\/machines\/"},{"@type":"ListItem","position":3,"name":"Machine de cintrage de profil\u00e9s","item":"https:\/\/www.thoman.de\/fr\/machines\/machine-de-cintrage-de-profiles\/"},{"@type":"ListItem","position":4,"name":"RB4"}]},{"@type":"WebSite","@id":"https:\/\/www.thoman.de\/#website","url":"https:\/\/www.thoman.de\/","name":"Thoman Biegemaschinen","description":"Eine weitere WordPress-Seite","potentialAction":[{"@type":"SearchAction","target":{"@type":"EntryPoint","urlTemplate":"https:\/\/www.thoman.de\/?s={search_term_string}"},"query-input":"required name=search_term_string"}],"inLanguage":"fr-FR"}]}},"_links":{"self":[{"href":"https:\/\/www.thoman.de\/fr\/wp-json\/wp\/v2\/pages\/3624"}],"collection":[{"href":"https:\/\/www.thoman.de\/fr\/wp-json\/wp\/v2\/pages"}],"about":[{"href":"https:\/\/www.thoman.de\/fr\/wp-json\/wp\/v2\/types\/page"}],"author":[{"embeddable":true,"href":"https:\/\/www.thoman.de\/fr\/wp-json\/wp\/v2\/users\/11"}],"replies":[{"embeddable":true,"href":"https:\/\/www.thoman.de\/fr\/wp-json\/wp\/v2\/comments?post=3624"}],"version-history":[{"count":4,"href":"https:\/\/www.thoman.de\/fr\/wp-json\/wp\/v2\/pages\/3624\/revisions"}],"predecessor-version":[{"id":4734,"href":"https:\/\/www.thoman.de\/fr\/wp-json\/wp\/v2\/pages\/3624\/revisions\/4734"}],"up":[{"embeddable":true,"href":"https:\/\/www.thoman.de\/fr\/wp-json\/wp\/v2\/pages\/3610"}],"wp:attachment":[{"href":"https:\/\/www.thoman.de\/fr\/wp-json\/wp\/v2\/media?parent=3624"}],"curies":[{"name":"wp","href":"https:\/\/api.w.org\/{rel}","templated":true}]}}