{"id":3628,"date":"2014-08-14T17:12:06","date_gmt":"2014-08-14T15:12:06","guid":{"rendered":"http:\/\/thoman.de\/maschinen\/rohrbiegemaschinen\/halbautomatische-rohrbiegemaschinen-nc\/"},"modified":"2014-09-22T01:47:16","modified_gmt":"2014-09-21T23:47:16","slug":"machines-de-cintrage-de-tubes-semi-automatiques-nc","status":"publish","type":"page","link":"https:\/\/www.thoman.de\/fr\/machines\/machines-de-cintrage-de-tubes\/machines-de-cintrage-de-tubes-semi-automatiques-nc\/","title":{"rendered":"Machines de cintrage de tubes semi-automatiques NC"},"content":{"rendered":"<h1>Machines de cintrage \u00e0 mandrin semi-automatiques<\/h1>\n<h2>pour les pi\u00e8ces individuelles et en s\u00e9rie<\/h2>\n<table>\n<tbody>\n<tr>\n<td>\n<p style=\"color: #606060;\">Les machines de cintrage \u00e0 mandrin semi-automatiques sont utilis\u00e9es dans la fabrication de pi\u00e8ces individuelles et en s\u00e9rie, en atelier et en production. Avec les machines de cintrage \u00e0 mandrin semi-automatiques type FK, le cycle de cintrage est automatique et command\u00e9 par un programme. L&rsquo;avance et la rotation des tubes sont effectu\u00e9es manuellement.<\/p>\n<p style=\"color: #606060;\">Toutes les machines de cintrage \u00e0 mandrin semi-automatiques de la gamme FK peuvent \u00eatre \u00e9quip\u00e9es d&rsquo;un syst\u00e8me \u00e0 but\u00e9e longitudinale ou angulaire pour l&rsquo;introduction et la rotation des tubes. Au choix avec mandrin \u00e0 m\u00e2choires, mandrin \u00e0 pince hydraulique et affichage de position num\u00e9rique et contr\u00f4le de position.<\/p>\n<\/td>\n<td>\n<p style=\"color: #606060;\">Les machines de cintrage \u00e0 mandrin semi-automatiques type FK fonctionnent enti\u00e8rement hydrauliquement.<\/p>\n<p style=\"color: #606060;\">L&rsquo;entra\u00eenement hydraulique du bras de cintrage garantit une pr\u00e9cision, une r\u00e9p\u00e9tabilit\u00e9 et une force de cintrage tr\u00e8s \u00e9lev\u00e9es avec des dimensions compactes.<\/p>\n<p style=\"color: #606060;\">La commande de la machine (PP41) est dot\u00e9e d&rsquo;une interface pour int\u00e9grer un PC externe. Les programmes de cintrage peuvent directement \u00eatre cr\u00e9\u00e9s au choix sur la machine ou au choix sur un Notebook externe et transf\u00e9r\u00e9s en ligne \u00e0 la commande de la machine.<\/p>\n<\/td>\n<\/tr>\n<\/tbody>\n<\/table>\n<h3 style=\"font-size: 14px; line-height: 20px; font-weight: bold;\"><span style=\"color: #cc0000;\">Domaines d&rsquo;utilisation<\/span> <span style=\"color: #b3b3b3; text-transform: none;\">Construction m\u00e9tallique, serrurerie et construction g\u00e9n\u00e9rale de machines, construction de conduites, hydraulique, construction d&rsquo;installations <\/span><\/h3>\n<p>&nbsp;<\/p>\n<h3 class=\"data-v2\">Caract\u00e9ristiques<\/h3>\n<table class=\"data-v2 table\">\n<tbody>\n<tr>\n<td>\u00a0Commande de la machine<\/td>\n<td>Commande de programme NC\/PP41<br \/>\nAffichage 12&#215;9\u00a0cm et gestion des programmes<\/td>\n<\/tr>\n<tr>\n<td>\u00a0Cr\u00e9ation de programmes<\/td>\n<td>Directement sur la machine ou au choix sur un PC externe<\/td>\n<\/tr>\n<tr>\n<td>\u00a0Interface pour transfert de donn\u00e9es en ligne \u00e0 la commande du PC<\/td>\n<td>Standard<\/td>\n<\/tr>\n<tr>\n<td>\u00a0Axe de cintrage<\/td>\n<td>Commande hydraulique<\/td>\n<\/tr>\n<tr>\n<td>\u00a0Avance de tube<\/td>\n<td>Manuel<\/td>\n<\/tr>\n<tr>\n<td>\u00a0Rotation de tube<\/td>\n<td>Manuel<\/td>\n<\/tr>\n<tr>\n<td>\u00a0Rotation arri\u00e8re d&rsquo;outils<\/td>\n<td>Manuel en option automatique<\/td>\n<\/tr>\n<tr>\n<td>\u00a0Serrage de tube sur outil de centrage<\/td>\n<td>Hydraulique<\/td>\n<\/tr>\n<tr>\n<td>\u00a0Pose de la m\u00e2choire de glissement<\/td>\n<td>Hydraulique<\/td>\n<\/tr>\n<tr>\n<td>\u00a0Extraction de mandrin<\/td>\n<td>Hydraulique<\/td>\n<\/tr>\n<tr>\n<td>\u00a0Retrait anticip\u00e9 du mandrin programmable<\/td>\n<td>Standard<\/td>\n<\/tr>\n<tr>\n<td>\u00a0Course d&rsquo;extraction du mandrin r\u00e9glable<\/td>\n<td>Standard<\/td>\n<\/tr>\n<tr>\n<td>\u00a0Alimentation hydraulique de la pince de serrage<\/td>\n<td>Option<\/td>\n<\/tr>\n<tr>\n<td>\u00a0Rails coulissants entra\u00een\u00e9s<\/td>\n<td>Option<\/td>\n<\/tr>\n<tr>\n<td>\u00a0Graissage automatique du mandrin<\/td>\n<td>Option<\/td>\n<\/tr>\n<\/tbody>\n<\/table>\n<h3 class=\"data-v1\">\u00a0Machines<\/h3>\n<table class=\"data-v1 table-line table\">\n<tbody>\n<tr>\n<th style=\"text-align: left;\">Machine<\/th>\n<th style=\"text-align: left;\"><a href=\"https:\/\/www.thoman.de\/wp-content\/uploads\/2014\/09\/Profil-Rohr.png\"><img decoding=\"async\" class=\"alignnone wp-image-1360\" src=\"https:\/\/www.thoman.de\/wp-content\/uploads\/2014\/09\/Profil-Rohr-300x99.png\" alt=\"Profil-Rohr\" width=\"90\" height=\"30\" srcset=\"https:\/\/www.thoman.de\/wp-content\/uploads\/2014\/09\/Profil-Rohr-300x99.png 300w, https:\/\/www.thoman.de\/wp-content\/uploads\/2014\/09\/Profil-Rohr.png 709w\" sizes=\"(max-width: 90px) 100vw, 90px\" \/><\/a><\/th>\n<th style=\"text-align: left;\"><img decoding=\"async\" class=\"alignnone wp-image-1362\" src=\"https:\/\/www.thoman.de\/wp-content\/uploads\/2014\/09\/Profil-VKrohr-300x99.png\" alt=\"Profil-VKrohr\" width=\"90\" height=\"30\" srcset=\"https:\/\/www.thoman.de\/wp-content\/uploads\/2014\/09\/Profil-VKrohr-300x99.png 300w, https:\/\/www.thoman.de\/wp-content\/uploads\/2014\/09\/Profil-VKrohr.png 709w\" sizes=\"(max-width: 90px) 100vw, 90px\" \/><\/th>\n<th style=\"text-align: left;\"><img decoding=\"async\" class=\"alignleft wp-image-1360\" src=\"https:\/\/www.thoman.de\/wp-content\/uploads\/2014\/09\/Profil-Rohr-300x99.png\" alt=\"Profil-Rohr\" width=\"90\" height=\"30\" srcset=\"https:\/\/www.thoman.de\/wp-content\/uploads\/2014\/09\/Profil-Rohr-300x99.png 300w, https:\/\/www.thoman.de\/wp-content\/uploads\/2014\/09\/Profil-Rohr.png 709w\" sizes=\"(max-width: 90px) 100vw, 90px\" \/><\/th>\n<\/tr>\n<tr>\n<td><\/td>\n<td>400N \/ mm2<\/td>\n<td>400N \/ mm2<\/td>\n<td>VA<\/td>\n<\/tr>\n<tr>\n<td><b>FK50-1A-NC<\/b><\/td>\n<td>50,0 x 3,0<\/td>\n<td>35,0 x 2,5<\/td>\n<td>50,0 x 2,0<\/td>\n<\/tr>\n<tr>\n<td><b>FK60-1A-NC<\/b><\/td>\n<td>60,3 x 4,0<\/td>\n<td>40,0 x 3,0<\/td>\n<td>60,3 x 2,9<\/td>\n<\/tr>\n<tr>\n<td><b>FK76-1A-NC<\/b><\/td>\n<td>76,1 x 3,0<\/td>\n<td>50,0 x 3,0<\/td>\n<td>76,1 x 2,0<\/td>\n<\/tr>\n<tr>\n<td><b>FK90-1A-NC<\/b><\/td>\n<td>88,9 x 3,0<\/td>\n<td>70,0 x 3,0<\/td>\n<td>88,9 x 3,0<\/td>\n<\/tr>\n<\/tbody>\n<\/table>\n<table>\n<tbody>\n<tr>\n<td>\n<p style=\"color: #606060;\">Le tableau ne pr\u00e9sente qu&rsquo;un \u00e9chantillon des profil\u00e9s et dimensions possibles.<\/p>\n<p style=\"color: #606060;\">D&rsquo;autres formes de profil\u00e9s, dimensions ou profil\u00e9s sp\u00e9ciaux sont possibles \u00e0 tout instant.<\/p>\n<\/td>\n<td>\n<p style=\"color: #606060;\">Les donn\u00e9es sont valables pour l&rsquo;acier avec une r\u00e9sistance \u00e0 la traction max. de Rm=400N\/mm2.<\/p>\n<p style=\"color: #606060;\">Pour les profil\u00e9s en aluminium ou autres mat\u00e9riaux \u00e0 haute performance, les valeurs nominales sont diff\u00e9rentes.<\/p>\n<\/td>\n<\/tr>\n<\/tbody>\n<\/table>\n","protected":false},"excerpt":{"rendered":"<p>Machines de cintrage \u00e0 mandrin semi-automatiques pour les pi\u00e8ces individuelles et en s\u00e9rie Les machines de cintrage \u00e0 mandrin semi-automatiques sont utilis\u00e9es dans la fabrication de pi\u00e8ces individuelles et en s\u00e9rie, en atelier et en production. Avec les machines de cintrage \u00e0 mandrin semi-automatiques type FK, le cycle de cintrage est automatique et command\u00e9 par [&hellip;]<\/p>\n","protected":false},"author":11,"featured_media":0,"parent":3436,"menu_order":0,"comment_status":"open","ping_status":"open","template":"","meta":{"footnotes":""},"acf":[],"yoast_head":"<!-- This site is optimized with the Yoast SEO plugin v21.3 - https:\/\/yoast.com\/wordpress\/plugins\/seo\/ -->\n<title>Machines de cintrage de tubes semi-automatiques NC - Thoman Biegemaschinen<\/title>\n<meta name=\"robots\" content=\"index, follow, max-snippet:-1, max-image-preview:large, max-video-preview:-1\" \/>\n<link rel=\"canonical\" href=\"https:\/\/www.thoman.de\/fr\/machines\/machines-de-cintrage-de-tubes\/machines-de-cintrage-de-tubes-semi-automatiques-nc\/\" \/>\n<meta property=\"og:locale\" content=\"fr_FR\" \/>\n<meta property=\"og:type\" content=\"article\" \/>\n<meta property=\"og:title\" content=\"Machines de cintrage de tubes semi-automatiques NC - Thoman Biegemaschinen\" \/>\n<meta property=\"og:description\" content=\"Machines de cintrage \u00e0 mandrin semi-automatiques pour les pi\u00e8ces individuelles et en s\u00e9rie Les machines de cintrage \u00e0 mandrin semi-automatiques sont utilis\u00e9es dans la fabrication de pi\u00e8ces individuelles et en s\u00e9rie, en atelier et en production. Avec les machines de cintrage \u00e0 mandrin semi-automatiques type FK, le cycle de cintrage est automatique et command\u00e9 par [&hellip;]\" \/>\n<meta property=\"og:url\" content=\"https:\/\/www.thoman.de\/fr\/machines\/machines-de-cintrage-de-tubes\/machines-de-cintrage-de-tubes-semi-automatiques-nc\/\" \/>\n<meta property=\"og:site_name\" content=\"Thoman Biegemaschinen\" \/>\n<meta property=\"article:modified_time\" content=\"2014-09-21T23:47:16+00:00\" \/>\n<meta property=\"og:image\" content=\"https:\/\/www.thoman.de\/wp-content\/uploads\/2014\/09\/Profil-Rohr-300x99.png\" \/>\n<meta name=\"twitter:label1\" content=\"Dur\u00e9e de lecture estim\u00e9e\" \/>\n\t<meta name=\"twitter:data1\" content=\"2 minutes\" \/>\n<script type=\"application\/ld+json\" class=\"yoast-schema-graph\">{\"@context\":\"https:\/\/schema.org\",\"@graph\":[{\"@type\":\"WebPage\",\"@id\":\"https:\/\/www.thoman.de\/fr\/machines\/machines-de-cintrage-de-tubes\/machines-de-cintrage-de-tubes-semi-automatiques-nc\/\",\"url\":\"https:\/\/www.thoman.de\/fr\/machines\/machines-de-cintrage-de-tubes\/machines-de-cintrage-de-tubes-semi-automatiques-nc\/\",\"name\":\"Machines de cintrage de tubes semi-automatiques NC - Thoman Biegemaschinen\",\"isPartOf\":{\"@id\":\"https:\/\/www.thoman.de\/#website\"},\"datePublished\":\"2014-08-14T15:12:06+00:00\",\"dateModified\":\"2014-09-21T23:47:16+00:00\",\"breadcrumb\":{\"@id\":\"https:\/\/www.thoman.de\/fr\/machines\/machines-de-cintrage-de-tubes\/machines-de-cintrage-de-tubes-semi-automatiques-nc\/#breadcrumb\"},\"inLanguage\":\"fr-FR\",\"potentialAction\":[{\"@type\":\"ReadAction\",\"target\":[\"https:\/\/www.thoman.de\/fr\/machines\/machines-de-cintrage-de-tubes\/machines-de-cintrage-de-tubes-semi-automatiques-nc\/\"]}]},{\"@type\":\"BreadcrumbList\",\"@id\":\"https:\/\/www.thoman.de\/fr\/machines\/machines-de-cintrage-de-tubes\/machines-de-cintrage-de-tubes-semi-automatiques-nc\/#breadcrumb\",\"itemListElement\":[{\"@type\":\"ListItem\",\"position\":1,\"name\":\"Home\",\"item\":\"https:\/\/www.thoman.de\/fr\/\"},{\"@type\":\"ListItem\",\"position\":2,\"name\":\"Machines\",\"item\":\"https:\/\/www.thoman.de\/fr\/machines\/\"},{\"@type\":\"ListItem\",\"position\":3,\"name\":\"Machines de cintrage de tubes\",\"item\":\"https:\/\/www.thoman.de\/fr\/machines\/machines-de-cintrage-de-tubes\/\"},{\"@type\":\"ListItem\",\"position\":4,\"name\":\"Machines de cintrage de tubes semi-automatiques NC\"}]},{\"@type\":\"WebSite\",\"@id\":\"https:\/\/www.thoman.de\/#website\",\"url\":\"https:\/\/www.thoman.de\/\",\"name\":\"Thoman Biegemaschinen\",\"description\":\"Eine weitere WordPress-Seite\",\"potentialAction\":[{\"@type\":\"SearchAction\",\"target\":{\"@type\":\"EntryPoint\",\"urlTemplate\":\"https:\/\/www.thoman.de\/?s={search_term_string}\"},\"query-input\":\"required name=search_term_string\"}],\"inLanguage\":\"fr-FR\"}]}<\/script>\n<!-- \/ Yoast SEO plugin. -->","yoast_head_json":{"title":"Machines de cintrage de tubes semi-automatiques NC - Thoman Biegemaschinen","robots":{"index":"index","follow":"follow","max-snippet":"max-snippet:-1","max-image-preview":"max-image-preview:large","max-video-preview":"max-video-preview:-1"},"canonical":"https:\/\/www.thoman.de\/fr\/machines\/machines-de-cintrage-de-tubes\/machines-de-cintrage-de-tubes-semi-automatiques-nc\/","og_locale":"fr_FR","og_type":"article","og_title":"Machines de cintrage de tubes semi-automatiques NC - Thoman Biegemaschinen","og_description":"Machines de cintrage \u00e0 mandrin semi-automatiques pour les pi\u00e8ces individuelles et en s\u00e9rie Les machines de cintrage \u00e0 mandrin semi-automatiques sont utilis\u00e9es dans la fabrication de pi\u00e8ces individuelles et en s\u00e9rie, en atelier et en production. Avec les machines de cintrage \u00e0 mandrin semi-automatiques type FK, le cycle de cintrage est automatique et command\u00e9 par [&hellip;]","og_url":"https:\/\/www.thoman.de\/fr\/machines\/machines-de-cintrage-de-tubes\/machines-de-cintrage-de-tubes-semi-automatiques-nc\/","og_site_name":"Thoman Biegemaschinen","article_modified_time":"2014-09-21T23:47:16+00:00","og_image":[{"url":"https:\/\/www.thoman.de\/wp-content\/uploads\/2014\/09\/Profil-Rohr-300x99.png"}],"twitter_misc":{"Dur\u00e9e de lecture estim\u00e9e":"2 minutes"},"schema":{"@context":"https:\/\/schema.org","@graph":[{"@type":"WebPage","@id":"https:\/\/www.thoman.de\/fr\/machines\/machines-de-cintrage-de-tubes\/machines-de-cintrage-de-tubes-semi-automatiques-nc\/","url":"https:\/\/www.thoman.de\/fr\/machines\/machines-de-cintrage-de-tubes\/machines-de-cintrage-de-tubes-semi-automatiques-nc\/","name":"Machines de cintrage de tubes semi-automatiques NC - Thoman Biegemaschinen","isPartOf":{"@id":"https:\/\/www.thoman.de\/#website"},"datePublished":"2014-08-14T15:12:06+00:00","dateModified":"2014-09-21T23:47:16+00:00","breadcrumb":{"@id":"https:\/\/www.thoman.de\/fr\/machines\/machines-de-cintrage-de-tubes\/machines-de-cintrage-de-tubes-semi-automatiques-nc\/#breadcrumb"},"inLanguage":"fr-FR","potentialAction":[{"@type":"ReadAction","target":["https:\/\/www.thoman.de\/fr\/machines\/machines-de-cintrage-de-tubes\/machines-de-cintrage-de-tubes-semi-automatiques-nc\/"]}]},{"@type":"BreadcrumbList","@id":"https:\/\/www.thoman.de\/fr\/machines\/machines-de-cintrage-de-tubes\/machines-de-cintrage-de-tubes-semi-automatiques-nc\/#breadcrumb","itemListElement":[{"@type":"ListItem","position":1,"name":"Home","item":"https:\/\/www.thoman.de\/fr\/"},{"@type":"ListItem","position":2,"name":"Machines","item":"https:\/\/www.thoman.de\/fr\/machines\/"},{"@type":"ListItem","position":3,"name":"Machines de cintrage de tubes","item":"https:\/\/www.thoman.de\/fr\/machines\/machines-de-cintrage-de-tubes\/"},{"@type":"ListItem","position":4,"name":"Machines de cintrage de tubes semi-automatiques NC"}]},{"@type":"WebSite","@id":"https:\/\/www.thoman.de\/#website","url":"https:\/\/www.thoman.de\/","name":"Thoman Biegemaschinen","description":"Eine weitere WordPress-Seite","potentialAction":[{"@type":"SearchAction","target":{"@type":"EntryPoint","urlTemplate":"https:\/\/www.thoman.de\/?s={search_term_string}"},"query-input":"required name=search_term_string"}],"inLanguage":"fr-FR"}]}},"_links":{"self":[{"href":"https:\/\/www.thoman.de\/fr\/wp-json\/wp\/v2\/pages\/3628"}],"collection":[{"href":"https:\/\/www.thoman.de\/fr\/wp-json\/wp\/v2\/pages"}],"about":[{"href":"https:\/\/www.thoman.de\/fr\/wp-json\/wp\/v2\/types\/page"}],"author":[{"embeddable":true,"href":"https:\/\/www.thoman.de\/fr\/wp-json\/wp\/v2\/users\/11"}],"replies":[{"embeddable":true,"href":"https:\/\/www.thoman.de\/fr\/wp-json\/wp\/v2\/comments?post=3628"}],"version-history":[{"count":4,"href":"https:\/\/www.thoman.de\/fr\/wp-json\/wp\/v2\/pages\/3628\/revisions"}],"predecessor-version":[{"id":4751,"href":"https:\/\/www.thoman.de\/fr\/wp-json\/wp\/v2\/pages\/3628\/revisions\/4751"}],"up":[{"embeddable":true,"href":"https:\/\/www.thoman.de\/fr\/wp-json\/wp\/v2\/pages\/3436"}],"wp:attachment":[{"href":"https:\/\/www.thoman.de\/fr\/wp-json\/wp\/v2\/media?parent=3628"}],"curies":[{"name":"wp","href":"https:\/\/api.w.org\/{rel}","templated":true}]}}