{"id":3630,"date":"2014-08-14T17:13:19","date_gmt":"2014-08-14T15:13:19","guid":{"rendered":"http:\/\/thoman.de\/maschinen\/rohrbiegemaschinen\/vollautomatische-rohrbiegemaschinen-cnc\/"},"modified":"2014-09-22T02:06:40","modified_gmt":"2014-09-22T00:06:40","slug":"machines-de-cintrage-de-tubes-entierement-automatiques-cnc","status":"publish","type":"page","link":"https:\/\/www.thoman.de\/fr\/machines\/machines-de-cintrage-de-tubes\/machines-de-cintrage-de-tubes-entierement-automatiques-cnc\/","title":{"rendered":"Machines de cintrage de tubes enti\u00e8rement automatiques CNC"},"content":{"rendered":"<h1>Machines de cintrage de tubes <br \/>enti\u00e8rement automatiques CNC<\/h1>\n<h2>pour une dynamique et pr\u00e9cision \u00e9lev\u00e9es<\/h2>\n<table>\n<tbody>\n<tr>\n<td>\n<p style=\"color: #606060;\">Les machines de cintrage de tubes \u00e0 commande CNC cintrent des tubes avec la productivit\u00e9, la dynamique et la pr\u00e9cision la plus \u00e9lev\u00e9es. L&rsquo;avance et la rotation des tubes sont \u00e0 r\u00e9gulation servo-\u00e9lectrique. L&rsquo;entra\u00eenement de cintrage et les fonctions de serrage sont hydrauliques. Le concept hybride allie les avantages de la technique d&rsquo;entra\u00eenement \u00e9lectrique et hydraulique.<\/p>\n<\/td>\n<td>\n<p style=\"color: #606060;\">La commande CNC-S puissante avec \u00e9cran tactile 15&Prime; est int\u00e9gr\u00e9e dans un pupitre de commande mobile. Les programmes de cintrage peuvent \u00eatre cr\u00e9\u00e9s, trait\u00e9s et g\u00e9r\u00e9s directement sur la machine. Le mat\u00e9riel informatique et le logiciel sont \u00e0 la pointe de la technique et exaucent tous vos d\u00e9sirs.<\/p>\n<p style=\"color: #606060;\">VLes machines de cintrage de tubes \u00e0 commande CNC enti\u00e8rement automatiques sont de premier choix lorsque la pr\u00e9cision et la productivit\u00e9 la plus \u00e9lev\u00e9es sont requises.<\/p>\n<\/td>\n<\/tr>\n<\/tbody>\n<\/table>\n<h3 style=\"font-size: 14px; line-height: 20px; font-weight: bold;\"><span style=\"color: #cc0000;\">Domaines d&rsquo;utilisation<\/span> <span style=\"color: #b3b3b3; text-transform: none;\">Construction m\u00e9tallique, serrurerie et construction g\u00e9n\u00e9rale de machines, construction de conduites, hydraulique, construction d&rsquo;installations<\/span><\/h3>\n<p>&nbsp;<\/p>\n<h3 class=\"data-v2\">Caract\u00e9ristiques<\/h3>\n<table class=\"data-v2 table\">\n<tbody>\n<tr>\n<td>\u00a0Commande de la machine<\/td>\n<td>Commande CNC dans terminal de commande mobile \u00c9cran tactile 15&Prime;<\/td>\n<\/tr>\n<tr>\n<td>\u00a0Cr\u00e9ation de programmes<\/td>\n<td>Assistant de programme 3D de Thoman<\/td>\n<\/tr>\n<tr>\n<td>\u00a0Axe de cintrage<\/td>\n<td>R\u00e9gulation hydraulique<\/td>\n<\/tr>\n<tr>\n<td>\u00a0Avance de tube<\/td>\n<td>R\u00e9gulation servo-\u00e9lectrique<\/td>\n<\/tr>\n<tr>\n<td>\u00a0Rotation de tube<\/td>\n<td>R\u00e9gulation servo-\u00e9lectrique<\/td>\n<\/tr>\n<tr>\n<td>\u00a0Rotation arri\u00e8re d&rsquo;outils<\/td>\n<td>Commande hydraulique<\/td>\n<\/tr>\n<tr>\n<td>\u00a0Serrage de tube sur outil de centrage<\/td>\n<td>Hydraulique<\/td>\n<\/tr>\n<tr>\n<td>\u00a0Pose de la m\u00e2choire de glissement<\/td>\n<td>Hydraulique<\/td>\n<\/tr>\n<tr>\n<td>\u00a0Rotation arri\u00e8re d&rsquo;outils<\/td>\n<td>Hydraulique<\/td>\n<\/tr>\n<tr>\n<td> Extraction de mandrin<\/td>\n<td>Hydraulique<\/td>\n<\/tr>\n<tr>\n<td>\u00a0Retrait anticip\u00e9 du mandrin programmable<\/td>\n<td>Standard<\/td>\n<\/tr>\n<tr>\n<td>\u00a0Course d&rsquo;extraction du mandrin r\u00e9glable<\/td>\n<td>Standard<\/td>\n<\/tr>\n<tr>\n<td>\u00a0Alimentation hydraulique de la pince de serrage<\/td>\n<td>Standard<\/td>\n<\/tr>\n<tr>\n<td>\u00a0Rails coulissants entra\u00een\u00e9s<\/td>\n<td>Option<\/td>\n<\/tr>\n<tr>\n<td>\u00a0Graissage automatique du mandrin<\/td>\n<td>Option<\/td>\n<\/tr>\n<\/tbody>\n<\/table>\n<h3 class=\"data-v1\">\u00a0Machines<\/h3>\n<table class=\"data-v1 table-line table\">\n<tbody>\n<tr>\n<th style=\"text-align: left;\">Machine<\/th>\n<th style=\"text-align: left;\"><a href=\"https:\/\/www.thoman.de\/wp-content\/uploads\/2014\/09\/Profil-Rohr.png\"><img decoding=\"async\" class=\"alignnone wp-image-1360\" src=\"https:\/\/www.thoman.de\/wp-content\/uploads\/2014\/09\/Profil-Rohr-300x99.png\" alt=\"Profil-Rohr\" width=\"90\" height=\"30\" srcset=\"https:\/\/www.thoman.de\/wp-content\/uploads\/2014\/09\/Profil-Rohr-300x99.png 300w, https:\/\/www.thoman.de\/wp-content\/uploads\/2014\/09\/Profil-Rohr.png 709w\" sizes=\"(max-width: 90px) 100vw, 90px\" \/><\/a><\/th>\n<th style=\"text-align: left;\"><img decoding=\"async\" class=\"alignnone wp-image-1362\" src=\"https:\/\/www.thoman.de\/wp-content\/uploads\/2014\/09\/Profil-VKrohr-300x99.png\" alt=\"Profil-VKrohr\" width=\"90\" height=\"30\" srcset=\"https:\/\/www.thoman.de\/wp-content\/uploads\/2014\/09\/Profil-VKrohr-300x99.png 300w, https:\/\/www.thoman.de\/wp-content\/uploads\/2014\/09\/Profil-VKrohr.png 709w\" sizes=\"(max-width: 90px) 100vw, 90px\" \/><\/th>\n<th style=\"text-align: left;\"><img decoding=\"async\" class=\"alignleft wp-image-1360\" src=\"https:\/\/www.thoman.de\/wp-content\/uploads\/2014\/09\/Profil-Rohr-300x99.png\" alt=\"Profil-Rohr\" width=\"90\" height=\"30\" srcset=\"https:\/\/www.thoman.de\/wp-content\/uploads\/2014\/09\/Profil-Rohr-300x99.png 300w, https:\/\/www.thoman.de\/wp-content\/uploads\/2014\/09\/Profil-Rohr.png 709w\" sizes=\"(max-width: 90px) 100vw, 90px\" \/><\/th>\n<\/tr>\n<tr>\n<td><\/td>\n<td>400N \/ mm2<\/td>\n<td>400N \/ mm2<\/td>\n<td>VA<\/td>\n<\/tr>\n<tr>\n<td><b>FK50-3A-NC<\/b><\/td>\n<td>50,0 x 3,0<\/td>\n<td>35,0 x 2,5<\/td>\n<td>50,0 x 2,0<\/td>\n<\/tr>\n<tr>\n<td><b>FK60-3A-NC<\/b><\/td>\n<td>60,3 x 4,0<\/td>\n<td>40,0 x 3,0<\/td>\n<td>60,3 x 2,9<\/td>\n<\/tr>\n<\/tbody>\n<\/table>\n","protected":false},"excerpt":{"rendered":"<p>Machines de cintrage de tubes enti\u00e8rement automatiques CNC pour une dynamique et pr\u00e9cision \u00e9lev\u00e9es Les machines de cintrage de tubes \u00e0 commande CNC cintrent des tubes avec la productivit\u00e9, la dynamique et la pr\u00e9cision la plus \u00e9lev\u00e9es. L&rsquo;avance et la rotation des tubes sont \u00e0 r\u00e9gulation servo-\u00e9lectrique. L&rsquo;entra\u00eenement de cintrage et les fonctions de serrage [&hellip;]<\/p>\n","protected":false},"author":11,"featured_media":0,"parent":3436,"menu_order":0,"comment_status":"open","ping_status":"open","template":"","meta":{"footnotes":""},"acf":[],"yoast_head":"<!-- This site is optimized with the Yoast SEO plugin v21.3 - https:\/\/yoast.com\/wordpress\/plugins\/seo\/ -->\n<title>Machines de cintrage de tubes enti\u00e8rement automatiques CNC  - Thoman Biegemaschinen<\/title>\n<meta name=\"robots\" content=\"index, follow, max-snippet:-1, max-image-preview:large, max-video-preview:-1\" \/>\n<link rel=\"canonical\" href=\"https:\/\/www.thoman.de\/fr\/machines\/machines-de-cintrage-de-tubes\/machines-de-cintrage-de-tubes-entierement-automatiques-cnc\/\" \/>\n<meta property=\"og:locale\" content=\"fr_FR\" \/>\n<meta property=\"og:type\" content=\"article\" \/>\n<meta property=\"og:title\" content=\"Machines de cintrage de tubes enti\u00e8rement automatiques CNC  - Thoman Biegemaschinen\" \/>\n<meta property=\"og:description\" content=\"Machines de cintrage de tubes enti\u00e8rement automatiques CNC pour une dynamique et pr\u00e9cision \u00e9lev\u00e9es Les machines de cintrage de tubes \u00e0 commande CNC cintrent des tubes avec la productivit\u00e9, la dynamique et la pr\u00e9cision la plus \u00e9lev\u00e9es. L&rsquo;avance et la rotation des tubes sont \u00e0 r\u00e9gulation servo-\u00e9lectrique. L&rsquo;entra\u00eenement de cintrage et les fonctions de serrage [&hellip;]\" \/>\n<meta property=\"og:url\" content=\"https:\/\/www.thoman.de\/fr\/machines\/machines-de-cintrage-de-tubes\/machines-de-cintrage-de-tubes-entierement-automatiques-cnc\/\" \/>\n<meta property=\"og:site_name\" content=\"Thoman Biegemaschinen\" \/>\n<meta property=\"article:modified_time\" content=\"2014-09-22T00:06:40+00:00\" \/>\n<meta property=\"og:image\" content=\"https:\/\/www.thoman.de\/wp-content\/uploads\/2014\/09\/Profil-Rohr-300x99.png\" \/>\n<meta name=\"twitter:label1\" content=\"Dur\u00e9e de lecture estim\u00e9e\" \/>\n\t<meta name=\"twitter:data1\" content=\"2 minutes\" \/>\n<script type=\"application\/ld+json\" class=\"yoast-schema-graph\">{\"@context\":\"https:\/\/schema.org\",\"@graph\":[{\"@type\":\"WebPage\",\"@id\":\"https:\/\/www.thoman.de\/fr\/machines\/machines-de-cintrage-de-tubes\/machines-de-cintrage-de-tubes-entierement-automatiques-cnc\/\",\"url\":\"https:\/\/www.thoman.de\/fr\/machines\/machines-de-cintrage-de-tubes\/machines-de-cintrage-de-tubes-entierement-automatiques-cnc\/\",\"name\":\"Machines de cintrage de tubes enti\u00e8rement automatiques CNC - Thoman Biegemaschinen\",\"isPartOf\":{\"@id\":\"https:\/\/www.thoman.de\/#website\"},\"datePublished\":\"2014-08-14T15:13:19+00:00\",\"dateModified\":\"2014-09-22T00:06:40+00:00\",\"breadcrumb\":{\"@id\":\"https:\/\/www.thoman.de\/fr\/machines\/machines-de-cintrage-de-tubes\/machines-de-cintrage-de-tubes-entierement-automatiques-cnc\/#breadcrumb\"},\"inLanguage\":\"fr-FR\",\"potentialAction\":[{\"@type\":\"ReadAction\",\"target\":[\"https:\/\/www.thoman.de\/fr\/machines\/machines-de-cintrage-de-tubes\/machines-de-cintrage-de-tubes-entierement-automatiques-cnc\/\"]}]},{\"@type\":\"BreadcrumbList\",\"@id\":\"https:\/\/www.thoman.de\/fr\/machines\/machines-de-cintrage-de-tubes\/machines-de-cintrage-de-tubes-entierement-automatiques-cnc\/#breadcrumb\",\"itemListElement\":[{\"@type\":\"ListItem\",\"position\":1,\"name\":\"Home\",\"item\":\"https:\/\/www.thoman.de\/fr\/\"},{\"@type\":\"ListItem\",\"position\":2,\"name\":\"Machines\",\"item\":\"https:\/\/www.thoman.de\/fr\/machines\/\"},{\"@type\":\"ListItem\",\"position\":3,\"name\":\"Machines de cintrage de tubes\",\"item\":\"https:\/\/www.thoman.de\/fr\/machines\/machines-de-cintrage-de-tubes\/\"},{\"@type\":\"ListItem\",\"position\":4,\"name\":\"Machines de cintrage de tubes enti\u00e8rement automatiques CNC\"}]},{\"@type\":\"WebSite\",\"@id\":\"https:\/\/www.thoman.de\/#website\",\"url\":\"https:\/\/www.thoman.de\/\",\"name\":\"Thoman Biegemaschinen\",\"description\":\"Eine weitere WordPress-Seite\",\"potentialAction\":[{\"@type\":\"SearchAction\",\"target\":{\"@type\":\"EntryPoint\",\"urlTemplate\":\"https:\/\/www.thoman.de\/?s={search_term_string}\"},\"query-input\":\"required name=search_term_string\"}],\"inLanguage\":\"fr-FR\"}]}<\/script>\n<!-- \/ Yoast SEO plugin. -->","yoast_head_json":{"title":"Machines de cintrage de tubes enti\u00e8rement automatiques CNC  - Thoman Biegemaschinen","robots":{"index":"index","follow":"follow","max-snippet":"max-snippet:-1","max-image-preview":"max-image-preview:large","max-video-preview":"max-video-preview:-1"},"canonical":"https:\/\/www.thoman.de\/fr\/machines\/machines-de-cintrage-de-tubes\/machines-de-cintrage-de-tubes-entierement-automatiques-cnc\/","og_locale":"fr_FR","og_type":"article","og_title":"Machines de cintrage de tubes enti\u00e8rement automatiques CNC  - Thoman Biegemaschinen","og_description":"Machines de cintrage de tubes enti\u00e8rement automatiques CNC pour une dynamique et pr\u00e9cision \u00e9lev\u00e9es Les machines de cintrage de tubes \u00e0 commande CNC cintrent des tubes avec la productivit\u00e9, la dynamique et la pr\u00e9cision la plus \u00e9lev\u00e9es. L&rsquo;avance et la rotation des tubes sont \u00e0 r\u00e9gulation servo-\u00e9lectrique. L&rsquo;entra\u00eenement de cintrage et les fonctions de serrage [&hellip;]","og_url":"https:\/\/www.thoman.de\/fr\/machines\/machines-de-cintrage-de-tubes\/machines-de-cintrage-de-tubes-entierement-automatiques-cnc\/","og_site_name":"Thoman Biegemaschinen","article_modified_time":"2014-09-22T00:06:40+00:00","og_image":[{"url":"https:\/\/www.thoman.de\/wp-content\/uploads\/2014\/09\/Profil-Rohr-300x99.png"}],"twitter_misc":{"Dur\u00e9e de lecture estim\u00e9e":"2 minutes"},"schema":{"@context":"https:\/\/schema.org","@graph":[{"@type":"WebPage","@id":"https:\/\/www.thoman.de\/fr\/machines\/machines-de-cintrage-de-tubes\/machines-de-cintrage-de-tubes-entierement-automatiques-cnc\/","url":"https:\/\/www.thoman.de\/fr\/machines\/machines-de-cintrage-de-tubes\/machines-de-cintrage-de-tubes-entierement-automatiques-cnc\/","name":"Machines de cintrage de tubes enti\u00e8rement automatiques CNC - Thoman Biegemaschinen","isPartOf":{"@id":"https:\/\/www.thoman.de\/#website"},"datePublished":"2014-08-14T15:13:19+00:00","dateModified":"2014-09-22T00:06:40+00:00","breadcrumb":{"@id":"https:\/\/www.thoman.de\/fr\/machines\/machines-de-cintrage-de-tubes\/machines-de-cintrage-de-tubes-entierement-automatiques-cnc\/#breadcrumb"},"inLanguage":"fr-FR","potentialAction":[{"@type":"ReadAction","target":["https:\/\/www.thoman.de\/fr\/machines\/machines-de-cintrage-de-tubes\/machines-de-cintrage-de-tubes-entierement-automatiques-cnc\/"]}]},{"@type":"BreadcrumbList","@id":"https:\/\/www.thoman.de\/fr\/machines\/machines-de-cintrage-de-tubes\/machines-de-cintrage-de-tubes-entierement-automatiques-cnc\/#breadcrumb","itemListElement":[{"@type":"ListItem","position":1,"name":"Home","item":"https:\/\/www.thoman.de\/fr\/"},{"@type":"ListItem","position":2,"name":"Machines","item":"https:\/\/www.thoman.de\/fr\/machines\/"},{"@type":"ListItem","position":3,"name":"Machines de cintrage de tubes","item":"https:\/\/www.thoman.de\/fr\/machines\/machines-de-cintrage-de-tubes\/"},{"@type":"ListItem","position":4,"name":"Machines de cintrage de tubes enti\u00e8rement automatiques CNC"}]},{"@type":"WebSite","@id":"https:\/\/www.thoman.de\/#website","url":"https:\/\/www.thoman.de\/","name":"Thoman Biegemaschinen","description":"Eine weitere WordPress-Seite","potentialAction":[{"@type":"SearchAction","target":{"@type":"EntryPoint","urlTemplate":"https:\/\/www.thoman.de\/?s={search_term_string}"},"query-input":"required name=search_term_string"}],"inLanguage":"fr-FR"}]}},"_links":{"self":[{"href":"https:\/\/www.thoman.de\/fr\/wp-json\/wp\/v2\/pages\/3630"}],"collection":[{"href":"https:\/\/www.thoman.de\/fr\/wp-json\/wp\/v2\/pages"}],"about":[{"href":"https:\/\/www.thoman.de\/fr\/wp-json\/wp\/v2\/types\/page"}],"author":[{"embeddable":true,"href":"https:\/\/www.thoman.de\/fr\/wp-json\/wp\/v2\/users\/11"}],"replies":[{"embeddable":true,"href":"https:\/\/www.thoman.de\/fr\/wp-json\/wp\/v2\/comments?post=3630"}],"version-history":[{"count":3,"href":"https:\/\/www.thoman.de\/fr\/wp-json\/wp\/v2\/pages\/3630\/revisions"}],"predecessor-version":[{"id":4759,"href":"https:\/\/www.thoman.de\/fr\/wp-json\/wp\/v2\/pages\/3630\/revisions\/4759"}],"up":[{"embeddable":true,"href":"https:\/\/www.thoman.de\/fr\/wp-json\/wp\/v2\/pages\/3436"}],"wp:attachment":[{"href":"https:\/\/www.thoman.de\/fr\/wp-json\/wp\/v2\/media?parent=3630"}],"curies":[{"name":"wp","href":"https:\/\/api.w.org\/{rel}","templated":true}]}}