{"id":3632,"date":"2014-08-14T17:12:55","date_gmt":"2014-08-14T15:12:55","guid":{"rendered":"http:\/\/thoman.de\/maschinen\/rohrbiegemaschinen\/vollautomatische-rohrbiegemaschinen-nc\/"},"modified":"2014-09-22T01:52:25","modified_gmt":"2014-09-21T23:52:25","slug":"machines-de-cintrage-de-tubes-entierement-automatiques-nc","status":"publish","type":"page","link":"https:\/\/www.thoman.de\/fr\/machines\/machines-de-cintrage-de-tubes\/machines-de-cintrage-de-tubes-entierement-automatiques-nc\/","title":{"rendered":"Machines de cintrage de tubes enti\u00e8rement automatiques NC"},"content":{"rendered":"<h1>Machines de cintrage de tubes<br \/>enti\u00e8rement automatiques NC<\/h1>\n<h2>C&rsquo;est possible \u00e9galement sans CNC<\/h2>\n<table>\n<tbody>\n<tr>\n<td>\n<p style=\"color: #606060;\">Les machines de cintrage des tubes \u00e0 commande NC, enti\u00e8rement automatiques disposent de trois axes entra\u00een\u00e9s et command\u00e9s individuellement. Le d\u00e9roulement complet du cintrage, incl. introduction des tubes, cintrage et rotation des tubes est automatique et command\u00e9 par un programme. Un r\u00e9glage manuel des but\u00e9es longitudinales et angulaires pour l&rsquo;avance des tubes et la rotation des tubes n&rsquo;est pas n\u00e9cessaire. Les programmes de cintrage peuvent directement \u00eatre cr\u00e9\u00e9s au choix sur la machine ou au choix sur un Notebook externe et transf\u00e9r\u00e9s en ligne \u00e0 la commande de la machine (PP41).<\/p>\n<\/td>\n<td>\n<p style=\"color: #606060;\">Les machines de cintrage de tubes \u00e0 commande NC enti\u00e8rement automatiques garantissent une fabrication rationnelle des pi\u00e8ces individuelles et en s\u00e9rie. Toutes les fonctions de serrage et les entra\u00eenements sont hydrauliques. Les machines de cintrage de tubes \u00e0 commande NC enti\u00e8rement automatiques offrent de nombreux avantages des machines \u00e0 commande CNC avec un investissement bien moins important.<\/p>\n<p style=\"color: #606060;\">Les machines de cintrage de tubes \u00e0 commande NC enti\u00e8rement automatiques sont utilis\u00e9es dans la fabrication de pi\u00e8ces individuelles et en s\u00e9rie, en atelier et en production.<\/p>\n<\/td>\n<\/tr>\n<\/tbody>\n<\/table>\n<h3 style=\"font-size: 14px; line-height: 20px; font-weight: bold;\"><span style=\"color: #cc0000;\">Domaines d&rsquo;utilisation<\/span> <span style=\"color: #b3b3b3; text-transform: none;\">Construction m\u00e9tallique, serrurerie et construction g\u00e9n\u00e9rale de machines, construction de conduites, hydraulique, construction d&rsquo;installations<\/span><\/h3>\n<p>&nbsp;<\/p>\n<h3 class=\"data-v2\">Caract\u00e9ristiques<\/h3>\n<table class=\"data-v2 table\">\n<tbody>\n<tr>\n<td>\u00a0Commande de la machine<\/td>\n<td>Commande de programme NC\/PP41 Affichage 12&#215;9\u00a0cm et gestion des programmes<\/td>\n<\/tr>\n<tr>\n<td>\u00a0Cr\u00e9ation de programmes<\/td>\n<td>Directement sur la machine ou au choix sur un PC externe avec logiciel de cintrage de tubes<\/td>\n<\/tr>\n<tr>\n<td> Axe de cintrage<\/td>\n<td>Commande hydraulique<\/td>\n<\/tr>\n<tr>\n<td>\u00a0Avance de tube<\/td>\n<td>Commande hydraulique<\/td>\n<\/tr>\n<tr>\n<td>\u00a0Rotation de tube<\/td>\n<td>Commande hydraulique<\/td>\n<\/tr>\n<tr>\n<td>\u00a0Rotation arri\u00e8re d&rsquo;outils<\/td>\n<td>Commande hydraulique<\/td>\n<\/tr>\n<tr>\n<td>\u00a0Serrage de tube sur outil de centrage<\/td>\n<td>Hydraulique<\/td>\n<\/tr>\n<tr>\n<td>\u00a0Pose de la m\u00e2choire de glissement<\/td>\n<td>Hydraulique<\/td>\n<\/tr>\n<tr>\n<td>\u00a0Rotation arri\u00e8re d&rsquo;outils<\/td>\n<td>Hydraulique<\/td>\n<\/tr>\n<tr>\n<td>\u00a0Extraction de mandrin<\/td>\n<td>Hydraulique<\/td>\n<\/tr>\n<tr>\n<td>\u00a0Retrait anticip\u00e9 du mandrin programmable<\/td>\n<td>Standard<\/td>\n<\/tr>\n<tr>\n<td>\u00a0Course d&rsquo;extraction du mandrin r\u00e9glable<\/td>\n<td>Standard<\/td>\n<\/tr>\n<tr>\n<td> Alimentation hydraulique de la pince de serrage<\/td>\n<td>Standard<\/td>\n<\/tr>\n<tr>\n<td>\u00a0Rails coulissants entra\u00een\u00e9s<\/td>\n<td>Option<\/td>\n<\/tr>\n<tr>\n<td>\u00a0Graissage automatique du mandrin<\/td>\n<td>Option<\/td>\n<\/tr>\n<\/tbody>\n<\/table>\n<h3 class=\"data-v1\">\u00a0Machines<\/h3>\n<table class=\"data-v1 table-line table\">\n<tbody>\n<tr>\n<th style=\"text-align: left;\">Machine<\/th>\n<th style=\"text-align: left;\"><a href=\"https:\/\/www.thoman.de\/wp-content\/uploads\/2014\/09\/Profil-Rohr.png\"><img decoding=\"async\" class=\"alignnone wp-image-1360\" src=\"https:\/\/www.thoman.de\/wp-content\/uploads\/2014\/09\/Profil-Rohr-300x99.png\" alt=\"Profil-Rohr\" width=\"90\" height=\"30\" srcset=\"https:\/\/www.thoman.de\/wp-content\/uploads\/2014\/09\/Profil-Rohr-300x99.png 300w, https:\/\/www.thoman.de\/wp-content\/uploads\/2014\/09\/Profil-Rohr.png 709w\" sizes=\"(max-width: 90px) 100vw, 90px\" \/><\/a><\/th>\n<th style=\"text-align: left;\"><img decoding=\"async\" class=\"alignnone wp-image-1362\" src=\"https:\/\/www.thoman.de\/wp-content\/uploads\/2014\/09\/Profil-VKrohr-300x99.png\" alt=\"Profil-VKrohr\" width=\"90\" height=\"30\" srcset=\"https:\/\/www.thoman.de\/wp-content\/uploads\/2014\/09\/Profil-VKrohr-300x99.png 300w, https:\/\/www.thoman.de\/wp-content\/uploads\/2014\/09\/Profil-VKrohr.png 709w\" sizes=\"(max-width: 90px) 100vw, 90px\" \/><\/th>\n<th style=\"text-align: left;\"><img decoding=\"async\" class=\"alignleft wp-image-1360\" src=\"https:\/\/www.thoman.de\/wp-content\/uploads\/2014\/09\/Profil-Rohr-300x99.png\" alt=\"Profil-Rohr\" width=\"90\" height=\"30\" srcset=\"https:\/\/www.thoman.de\/wp-content\/uploads\/2014\/09\/Profil-Rohr-300x99.png 300w, https:\/\/www.thoman.de\/wp-content\/uploads\/2014\/09\/Profil-Rohr.png 709w\" sizes=\"(max-width: 90px) 100vw, 90px\" \/><\/th>\n<\/tr>\n<tr>\n<td><\/td>\n<td>400N \/ mm2<\/td>\n<td>400N \/ mm2<\/td>\n<td>VA<\/td>\n<\/tr>\n<tr>\n<td><b>FK50-3A-CNC<\/b><\/td>\n<td>50,0 x 3,0<\/td>\n<td>35,0 x 2,5<\/td>\n<td>50,0 x 2,0<\/td>\n<\/tr>\n<tr>\n<td><b>FK60-3A-CNC<\/b><\/td>\n<td>60,3 x 4,0<\/td>\n<td>40,0 x 3,0<\/td>\n<td>60,3 x 2,9<\/td>\n<\/tr>\n<\/tbody>\n<\/table>\n<table>\n<tbody>\n<tr>\n<td>\n<p style=\"color: #606060;\">Le tableau ne pr\u00e9sente qu&rsquo;un \u00e9chantillon des profil\u00e9s et dimensions possibles.<\/p>\n<p style=\"color: #606060;\">D&rsquo;autres formes de profil\u00e9s, dimensions ou profil\u00e9s sp\u00e9ciaux sont possibles \u00e0 tout instant.<\/p>\n<\/td>\n<td>\n<p style=\"color: #606060;\">Les donn\u00e9es sont valables pour l&rsquo;acier avec une r\u00e9sistance \u00e0 la traction max. de Rm=400N\/mm2.<\/p>\n<p style=\"color: #606060;\">Pour les profil\u00e9s en aluminium ou autres mat\u00e9riaux \u00e0 haute performance, les valeurs nominales sont diff\u00e9rentes.<\/p>\n<\/td>\n<\/tr>\n<\/tbody>\n<\/table>\n","protected":false},"excerpt":{"rendered":"<p>Machines de cintrage de tubesenti\u00e8rement automatiques NC C&rsquo;est possible \u00e9galement sans CNC Les machines de cintrage des tubes \u00e0 commande NC, enti\u00e8rement automatiques disposent de trois axes entra\u00een\u00e9s et command\u00e9s individuellement. Le d\u00e9roulement complet du cintrage, incl. introduction des tubes, cintrage et rotation des tubes est automatique et command\u00e9 par un programme. Un r\u00e9glage manuel [&hellip;]<\/p>\n","protected":false},"author":11,"featured_media":0,"parent":3436,"menu_order":0,"comment_status":"open","ping_status":"open","template":"","meta":{"footnotes":""},"acf":[],"yoast_head":"<!-- This site is optimized with the Yoast SEO plugin v21.3 - https:\/\/yoast.com\/wordpress\/plugins\/seo\/ -->\n<title>Machines de cintrage de tubes enti\u00e8rement automatiques NC - Thoman Biegemaschinen<\/title>\n<meta name=\"robots\" content=\"index, follow, max-snippet:-1, max-image-preview:large, max-video-preview:-1\" \/>\n<link rel=\"canonical\" href=\"https:\/\/www.thoman.de\/fr\/machines\/machines-de-cintrage-de-tubes\/machines-de-cintrage-de-tubes-entierement-automatiques-nc\/\" \/>\n<meta property=\"og:locale\" content=\"fr_FR\" \/>\n<meta property=\"og:type\" content=\"article\" \/>\n<meta property=\"og:title\" content=\"Machines de cintrage de tubes enti\u00e8rement automatiques NC - Thoman Biegemaschinen\" \/>\n<meta property=\"og:description\" content=\"Machines de cintrage de tubesenti\u00e8rement automatiques NC C&rsquo;est possible \u00e9galement sans CNC Les machines de cintrage des tubes \u00e0 commande NC, enti\u00e8rement automatiques disposent de trois axes entra\u00een\u00e9s et command\u00e9s individuellement. Le d\u00e9roulement complet du cintrage, incl. introduction des tubes, cintrage et rotation des tubes est automatique et command\u00e9 par un programme. Un r\u00e9glage manuel [&hellip;]\" \/>\n<meta property=\"og:url\" content=\"https:\/\/www.thoman.de\/fr\/machines\/machines-de-cintrage-de-tubes\/machines-de-cintrage-de-tubes-entierement-automatiques-nc\/\" \/>\n<meta property=\"og:site_name\" content=\"Thoman Biegemaschinen\" \/>\n<meta property=\"article:modified_time\" content=\"2014-09-21T23:52:25+00:00\" \/>\n<meta property=\"og:image\" content=\"https:\/\/www.thoman.de\/wp-content\/uploads\/2014\/09\/Profil-Rohr-300x99.png\" \/>\n<meta name=\"twitter:label1\" content=\"Dur\u00e9e de lecture estim\u00e9e\" \/>\n\t<meta name=\"twitter:data1\" content=\"2 minutes\" \/>\n<script type=\"application\/ld+json\" class=\"yoast-schema-graph\">{\"@context\":\"https:\/\/schema.org\",\"@graph\":[{\"@type\":\"WebPage\",\"@id\":\"https:\/\/www.thoman.de\/fr\/machines\/machines-de-cintrage-de-tubes\/machines-de-cintrage-de-tubes-entierement-automatiques-nc\/\",\"url\":\"https:\/\/www.thoman.de\/fr\/machines\/machines-de-cintrage-de-tubes\/machines-de-cintrage-de-tubes-entierement-automatiques-nc\/\",\"name\":\"Machines de cintrage de tubes enti\u00e8rement automatiques NC - Thoman Biegemaschinen\",\"isPartOf\":{\"@id\":\"https:\/\/www.thoman.de\/#website\"},\"datePublished\":\"2014-08-14T15:12:55+00:00\",\"dateModified\":\"2014-09-21T23:52:25+00:00\",\"breadcrumb\":{\"@id\":\"https:\/\/www.thoman.de\/fr\/machines\/machines-de-cintrage-de-tubes\/machines-de-cintrage-de-tubes-entierement-automatiques-nc\/#breadcrumb\"},\"inLanguage\":\"fr-FR\",\"potentialAction\":[{\"@type\":\"ReadAction\",\"target\":[\"https:\/\/www.thoman.de\/fr\/machines\/machines-de-cintrage-de-tubes\/machines-de-cintrage-de-tubes-entierement-automatiques-nc\/\"]}]},{\"@type\":\"BreadcrumbList\",\"@id\":\"https:\/\/www.thoman.de\/fr\/machines\/machines-de-cintrage-de-tubes\/machines-de-cintrage-de-tubes-entierement-automatiques-nc\/#breadcrumb\",\"itemListElement\":[{\"@type\":\"ListItem\",\"position\":1,\"name\":\"Home\",\"item\":\"https:\/\/www.thoman.de\/fr\/\"},{\"@type\":\"ListItem\",\"position\":2,\"name\":\"Machines\",\"item\":\"https:\/\/www.thoman.de\/fr\/machines\/\"},{\"@type\":\"ListItem\",\"position\":3,\"name\":\"Machines de cintrage de tubes\",\"item\":\"https:\/\/www.thoman.de\/fr\/machines\/machines-de-cintrage-de-tubes\/\"},{\"@type\":\"ListItem\",\"position\":4,\"name\":\"Machines de cintrage de tubes enti\u00e8rement automatiques NC\"}]},{\"@type\":\"WebSite\",\"@id\":\"https:\/\/www.thoman.de\/#website\",\"url\":\"https:\/\/www.thoman.de\/\",\"name\":\"Thoman Biegemaschinen\",\"description\":\"Eine weitere WordPress-Seite\",\"potentialAction\":[{\"@type\":\"SearchAction\",\"target\":{\"@type\":\"EntryPoint\",\"urlTemplate\":\"https:\/\/www.thoman.de\/?s={search_term_string}\"},\"query-input\":\"required name=search_term_string\"}],\"inLanguage\":\"fr-FR\"}]}<\/script>\n<!-- \/ Yoast SEO plugin. -->","yoast_head_json":{"title":"Machines de cintrage de tubes enti\u00e8rement automatiques NC - Thoman Biegemaschinen","robots":{"index":"index","follow":"follow","max-snippet":"max-snippet:-1","max-image-preview":"max-image-preview:large","max-video-preview":"max-video-preview:-1"},"canonical":"https:\/\/www.thoman.de\/fr\/machines\/machines-de-cintrage-de-tubes\/machines-de-cintrage-de-tubes-entierement-automatiques-nc\/","og_locale":"fr_FR","og_type":"article","og_title":"Machines de cintrage de tubes enti\u00e8rement automatiques NC - Thoman Biegemaschinen","og_description":"Machines de cintrage de tubesenti\u00e8rement automatiques NC C&rsquo;est possible \u00e9galement sans CNC Les machines de cintrage des tubes \u00e0 commande NC, enti\u00e8rement automatiques disposent de trois axes entra\u00een\u00e9s et command\u00e9s individuellement. Le d\u00e9roulement complet du cintrage, incl. introduction des tubes, cintrage et rotation des tubes est automatique et command\u00e9 par un programme. Un r\u00e9glage manuel [&hellip;]","og_url":"https:\/\/www.thoman.de\/fr\/machines\/machines-de-cintrage-de-tubes\/machines-de-cintrage-de-tubes-entierement-automatiques-nc\/","og_site_name":"Thoman Biegemaschinen","article_modified_time":"2014-09-21T23:52:25+00:00","og_image":[{"url":"https:\/\/www.thoman.de\/wp-content\/uploads\/2014\/09\/Profil-Rohr-300x99.png"}],"twitter_misc":{"Dur\u00e9e de lecture estim\u00e9e":"2 minutes"},"schema":{"@context":"https:\/\/schema.org","@graph":[{"@type":"WebPage","@id":"https:\/\/www.thoman.de\/fr\/machines\/machines-de-cintrage-de-tubes\/machines-de-cintrage-de-tubes-entierement-automatiques-nc\/","url":"https:\/\/www.thoman.de\/fr\/machines\/machines-de-cintrage-de-tubes\/machines-de-cintrage-de-tubes-entierement-automatiques-nc\/","name":"Machines de cintrage de tubes enti\u00e8rement automatiques NC - Thoman Biegemaschinen","isPartOf":{"@id":"https:\/\/www.thoman.de\/#website"},"datePublished":"2014-08-14T15:12:55+00:00","dateModified":"2014-09-21T23:52:25+00:00","breadcrumb":{"@id":"https:\/\/www.thoman.de\/fr\/machines\/machines-de-cintrage-de-tubes\/machines-de-cintrage-de-tubes-entierement-automatiques-nc\/#breadcrumb"},"inLanguage":"fr-FR","potentialAction":[{"@type":"ReadAction","target":["https:\/\/www.thoman.de\/fr\/machines\/machines-de-cintrage-de-tubes\/machines-de-cintrage-de-tubes-entierement-automatiques-nc\/"]}]},{"@type":"BreadcrumbList","@id":"https:\/\/www.thoman.de\/fr\/machines\/machines-de-cintrage-de-tubes\/machines-de-cintrage-de-tubes-entierement-automatiques-nc\/#breadcrumb","itemListElement":[{"@type":"ListItem","position":1,"name":"Home","item":"https:\/\/www.thoman.de\/fr\/"},{"@type":"ListItem","position":2,"name":"Machines","item":"https:\/\/www.thoman.de\/fr\/machines\/"},{"@type":"ListItem","position":3,"name":"Machines de cintrage de tubes","item":"https:\/\/www.thoman.de\/fr\/machines\/machines-de-cintrage-de-tubes\/"},{"@type":"ListItem","position":4,"name":"Machines de cintrage de tubes enti\u00e8rement automatiques NC"}]},{"@type":"WebSite","@id":"https:\/\/www.thoman.de\/#website","url":"https:\/\/www.thoman.de\/","name":"Thoman Biegemaschinen","description":"Eine weitere WordPress-Seite","potentialAction":[{"@type":"SearchAction","target":{"@type":"EntryPoint","urlTemplate":"https:\/\/www.thoman.de\/?s={search_term_string}"},"query-input":"required name=search_term_string"}],"inLanguage":"fr-FR"}]}},"_links":{"self":[{"href":"https:\/\/www.thoman.de\/fr\/wp-json\/wp\/v2\/pages\/3632"}],"collection":[{"href":"https:\/\/www.thoman.de\/fr\/wp-json\/wp\/v2\/pages"}],"about":[{"href":"https:\/\/www.thoman.de\/fr\/wp-json\/wp\/v2\/types\/page"}],"author":[{"embeddable":true,"href":"https:\/\/www.thoman.de\/fr\/wp-json\/wp\/v2\/users\/11"}],"replies":[{"embeddable":true,"href":"https:\/\/www.thoman.de\/fr\/wp-json\/wp\/v2\/comments?post=3632"}],"version-history":[{"count":4,"href":"https:\/\/www.thoman.de\/fr\/wp-json\/wp\/v2\/pages\/3632\/revisions"}],"predecessor-version":[{"id":4752,"href":"https:\/\/www.thoman.de\/fr\/wp-json\/wp\/v2\/pages\/3632\/revisions\/4752"}],"up":[{"embeddable":true,"href":"https:\/\/www.thoman.de\/fr\/wp-json\/wp\/v2\/pages\/3436"}],"wp:attachment":[{"href":"https:\/\/www.thoman.de\/fr\/wp-json\/wp\/v2\/media?parent=3632"}],"curies":[{"name":"wp","href":"https:\/\/api.w.org\/{rel}","templated":true}]}}