{"id":3634,"date":"2014-08-14T17:18:07","date_gmt":"2014-08-14T15:18:07","guid":{"rendered":"http:\/\/thoman.de\/maschinen\/steuerungen\/cnc-s\/"},"modified":"2014-09-25T14:43:07","modified_gmt":"2014-09-25T12:43:07","slug":"cnc-s","status":"publish","type":"page","link":"https:\/\/www.thoman.de\/fr\/machines\/commandes\/cnc-s\/","title":{"rendered":"CNC-S"},"content":{"rendered":"<h1>La commande CNC-S<\/h1>\n<h2>des g\u00e9n\u00e9rations d&rsquo;avance<\/h2>\n<table>\n<tbody>\n<tr>\n<td>\n<p style=\"color: #cc0033;\"><a href=\"https:\/\/www.thoman.de\/wp-content\/uploads\/2014\/09\/Assistent_Walzbiegen.jpg\"><img decoding=\"async\" class=\"alignnone  wp-image-1346\" src=\"https:\/\/www.thoman.de\/wp-content\/uploads\/2014\/09\/Assistent_Walzbiegen-300x224.jpg\" alt=\"Assistant_cintrage par laminage\" width=\"250\" height=\"187\" srcset=\"https:\/\/www.thoman.de\/wp-content\/uploads\/2014\/09\/Assistent_Walzbiegen-300x224.jpg 300w, https:\/\/www.thoman.de\/wp-content\/uploads\/2014\/09\/Assistent_Walzbiegen-1024x766.jpg 1024w, https:\/\/www.thoman.de\/wp-content\/uploads\/2014\/09\/Assistent_Walzbiegen.jpg 1025w\" sizes=\"(max-width: 250px) 100vw, 250px\" \/><\/a><\/p>\n<p style=\"color: #cc0033;\"><a href=\"https:\/\/www.thoman.de\/wp-content\/uploads\/2014\/09\/Assistent_Dornbiegen.jpg\"><img decoding=\"async\" class=\"alignnone wp-image-1345\" src=\"https:\/\/www.thoman.de\/wp-content\/uploads\/2014\/09\/Assistent_Dornbiegen-300x225.jpg\" alt=\"Assistant_cintrage \u00e0 mandrin\" width=\"250\" height=\"188\" srcset=\"https:\/\/www.thoman.de\/wp-content\/uploads\/2014\/09\/Assistent_Dornbiegen-300x225.jpg 300w, https:\/\/www.thoman.de\/wp-content\/uploads\/2014\/09\/Assistent_Dornbiegen.jpg 392w\" sizes=\"(max-width: 250px) 100vw, 250px\" \/><\/a><\/p>\n<\/td>\n<td style=\"vertical-align: top;\">La nouvelle commande CNC High End se distingue par son excellente fonctionnalit\u00e9 et ses multiples possibilit\u00e9s.<br \/>\nLa cr\u00e9ation du programme et la gestion du programme sont effectu\u00e9es sur un terminal de commande mobile. Le terminal de commande h\u00e9berge un PC industriel puissant ainsi qu&rsquo;un \u00e9cran tactile de 15&Prime;. Design et ergonomie pour satisfaire aux plus hautes exigences. Le mat\u00e9riel informatique et le logiciel sont \u00e0 la pointe de la technique.<br \/>\nLa nouvelle commande CNC-S ainsi que l&rsquo;assistant de programme CNC-S r\u00e9volutionnaire satisfont \u00e0 tous les d\u00e9sirs et offrent des possibilit\u00e9s in\u00e9dites \u00e0 ce jour. La cr\u00e9ation des programmes est plus rapide, plus simple et plus pr\u00e9cise.<br \/>\n <br \/> Le terminal dispose d&rsquo;une tablette (A3) pour les dessins et documents techniques. Les documents en rapport avec la commande restent ainsi en permanence dans le champ de vision de l&rsquo;op\u00e9rateur. Windows 7 est le syst\u00e8me d&rsquo;exploitation embedded. La commande de la machine peut \u00eatre int\u00e9gr\u00e9e sans probl\u00e8me aux r\u00e9seaux pr\u00e9sents. Il est possible \u00e0 tout moment de sauvegarder des donn\u00e9es sur les lecteurs r\u00e9seaux ou d&rsquo;acc\u00e9der \u00e0 distance au support en ligne.<\/td>\n<\/tr>\n<\/tbody>\n<\/table>\n<h3 class=\"data-v2\">Donn\u00e9es techniques<\/h3>\n<table class=\"data-v2 table table-1-2\">\n<tbody>\n<tr>\n<td>\u00a0Terminal de commande<\/td>\n<td>Mobile avec tablette pour documents ou dessins techniques<\/td>\n<\/tr>\n<tr>\n<td>\u00a0Design<\/td>\n<td>Design plat moderne avec avant en aluminium bross\u00e9 et anodis\u00e9<\/td>\n<\/tr>\n<tr>\n<td>\u00a0\u00c9cran<\/td>\n<td>\u00c9cran tactile de 15&Prime; avec angle et hauteur r\u00e9glables<\/td>\n<\/tr>\n<tr>\n<td>\u00a0Syst\u00e8me d&rsquo;exploitation<\/td>\n<td>Windows-7 embedded multilangue DE\/EN.<\/td>\n<\/tr>\n<tr>\n<td>\u00a0Logiciel<\/td>\n<td>Assistant de programme CNC-S de Thoman<\/td>\n<\/tr>\n<\/tbody>\n<\/table>\n<p>&nbsp;<\/p>\n<h3 class=\"data-v2\">Fonctions:<\/h3>\n<table class=\"data-v2 table\">\n<tbody>\n<tr>\n<td>\u00a0Cr\u00e9ation de contours de cintrage avec saisie de rayon et d&rsquo;angle<\/td>\n<\/tr>\n<tr>\n<td>\u00a0Cr\u00e9ation de contours de cintrage avec saisie de rayon et de longueur<\/td>\n<\/tr>\n<tr>\n<td>\u00a0Cr\u00e9ation de contours de cintrage avec saisie de LRA (longueur rayon angle)<\/td>\n<\/tr>\n<tr>\n<td>\u00a0Cr\u00e9ation de contours de cintrage avec saisie des intersections de coordonn\u00e9es XYZ<\/td>\n<\/tr>\n<tr>\n<td>\u00a0Repr\u00e9sentation en 3D du contour de cintrage \u00e0 l&rsquo;\u00e9cran<\/td>\n<\/tr>\n<tr>\n<td>\u00a0Pivotement, zoom, rotation du contour de cintrage<\/td>\n<\/tr>\n<tr>\n<td>\u00a0Repr\u00e9sentation sous forme de tableau de tous les \u00e9l\u00e9ments du contour<\/td>\n<\/tr>\n<tr>\n<td>\u00a0Param\u00e8tres technologiques pour chaque \u00e9l\u00e9ment de contour<\/td>\n<\/tr>\n<tr>\n<td>\u00a0Insertion, suppression et assemblage des \u00e9l\u00e9ments de contour<\/td>\n<\/tr>\n<tr>\n<td>\u00a0Cintrage pr\u00e9cis en tenant compte de la r\u00e9silience du mat\u00e9riau<\/td>\n<\/tr>\n<tr>\n<td>\u00a0G\u00e9n\u00e9ration automatique du programme de la machine (code G)<\/td>\n<\/tr>\n<tr>\n<td>\u00a0Transitions parfaites des \u00e9l\u00e9ments de contour<\/td>\n<\/tr>\n<tr>\n<td>\u00a0Association des documents de votre choix avec programme, outil ou profil\u00e9<\/td>\n<\/tr>\n<tr>\n<td>\u00a0Gestion des droits en plusieurs \u00e9tapes<\/td>\n<\/tr>\n<tr>\n<td>\u00a0Base de donn\u00e9es pour programmes, outils, profil\u00e9s et caract\u00e9ristiques de cintrage<\/td>\n<\/tr>\n<\/tbody>\n<\/table>\n","protected":false},"excerpt":{"rendered":"<p>La commande CNC-S des g\u00e9n\u00e9rations d&rsquo;avance La nouvelle commande CNC High End se distingue par son excellente fonctionnalit\u00e9 et ses multiples possibilit\u00e9s. La cr\u00e9ation du programme et la gestion du programme sont effectu\u00e9es sur un terminal de commande mobile. Le terminal de commande h\u00e9berge un PC industriel puissant ainsi qu&rsquo;un \u00e9cran tactile de 15&Prime;. Design [&hellip;]<\/p>\n","protected":false},"author":11,"featured_media":0,"parent":3449,"menu_order":0,"comment_status":"open","ping_status":"open","template":"","meta":{"footnotes":""},"acf":[],"yoast_head":"<!-- This site is optimized with the Yoast SEO plugin v21.3 - https:\/\/yoast.com\/wordpress\/plugins\/seo\/ -->\n<title>CNC-S - Thoman Biegemaschinen<\/title>\n<meta name=\"robots\" content=\"index, follow, max-snippet:-1, max-image-preview:large, max-video-preview:-1\" \/>\n<link rel=\"canonical\" href=\"https:\/\/www.thoman.de\/fr\/machines\/commandes\/cnc-s\/\" \/>\n<meta property=\"og:locale\" content=\"fr_FR\" \/>\n<meta property=\"og:type\" content=\"article\" \/>\n<meta property=\"og:title\" content=\"CNC-S - Thoman Biegemaschinen\" \/>\n<meta property=\"og:description\" content=\"La commande CNC-S des g\u00e9n\u00e9rations d&rsquo;avance La nouvelle commande CNC High End se distingue par son excellente fonctionnalit\u00e9 et ses multiples possibilit\u00e9s. La cr\u00e9ation du programme et la gestion du programme sont effectu\u00e9es sur un terminal de commande mobile. Le terminal de commande h\u00e9berge un PC industriel puissant ainsi qu&rsquo;un \u00e9cran tactile de 15&Prime;. Design [&hellip;]\" \/>\n<meta property=\"og:url\" content=\"https:\/\/www.thoman.de\/fr\/machines\/commandes\/cnc-s\/\" \/>\n<meta property=\"og:site_name\" content=\"Thoman Biegemaschinen\" \/>\n<meta property=\"article:modified_time\" content=\"2014-09-25T12:43:07+00:00\" \/>\n<meta property=\"og:image\" content=\"https:\/\/www.thoman.de\/wp-content\/uploads\/2014\/09\/Assistent_Walzbiegen-300x224.jpg\" \/>\n<meta name=\"twitter:label1\" content=\"Dur\u00e9e de lecture estim\u00e9e\" \/>\n\t<meta name=\"twitter:data1\" content=\"2 minutes\" \/>\n<script type=\"application\/ld+json\" class=\"yoast-schema-graph\">{\"@context\":\"https:\/\/schema.org\",\"@graph\":[{\"@type\":\"WebPage\",\"@id\":\"https:\/\/www.thoman.de\/fr\/machines\/commandes\/cnc-s\/\",\"url\":\"https:\/\/www.thoman.de\/fr\/machines\/commandes\/cnc-s\/\",\"name\":\"CNC-S - Thoman Biegemaschinen\",\"isPartOf\":{\"@id\":\"https:\/\/www.thoman.de\/#website\"},\"datePublished\":\"2014-08-14T15:18:07+00:00\",\"dateModified\":\"2014-09-25T12:43:07+00:00\",\"breadcrumb\":{\"@id\":\"https:\/\/www.thoman.de\/fr\/machines\/commandes\/cnc-s\/#breadcrumb\"},\"inLanguage\":\"fr-FR\",\"potentialAction\":[{\"@type\":\"ReadAction\",\"target\":[\"https:\/\/www.thoman.de\/fr\/machines\/commandes\/cnc-s\/\"]}]},{\"@type\":\"BreadcrumbList\",\"@id\":\"https:\/\/www.thoman.de\/fr\/machines\/commandes\/cnc-s\/#breadcrumb\",\"itemListElement\":[{\"@type\":\"ListItem\",\"position\":1,\"name\":\"Home\",\"item\":\"https:\/\/www.thoman.de\/fr\/\"},{\"@type\":\"ListItem\",\"position\":2,\"name\":\"Machines\",\"item\":\"https:\/\/www.thoman.de\/fr\/machines\/\"},{\"@type\":\"ListItem\",\"position\":3,\"name\":\"Commandes\",\"item\":\"https:\/\/www.thoman.de\/fr\/machines\/commandes\/\"},{\"@type\":\"ListItem\",\"position\":4,\"name\":\"CNC-S\"}]},{\"@type\":\"WebSite\",\"@id\":\"https:\/\/www.thoman.de\/#website\",\"url\":\"https:\/\/www.thoman.de\/\",\"name\":\"Thoman Biegemaschinen\",\"description\":\"Eine weitere WordPress-Seite\",\"potentialAction\":[{\"@type\":\"SearchAction\",\"target\":{\"@type\":\"EntryPoint\",\"urlTemplate\":\"https:\/\/www.thoman.de\/?s={search_term_string}\"},\"query-input\":\"required name=search_term_string\"}],\"inLanguage\":\"fr-FR\"}]}<\/script>\n<!-- \/ Yoast SEO plugin. -->","yoast_head_json":{"title":"CNC-S - Thoman Biegemaschinen","robots":{"index":"index","follow":"follow","max-snippet":"max-snippet:-1","max-image-preview":"max-image-preview:large","max-video-preview":"max-video-preview:-1"},"canonical":"https:\/\/www.thoman.de\/fr\/machines\/commandes\/cnc-s\/","og_locale":"fr_FR","og_type":"article","og_title":"CNC-S - Thoman Biegemaschinen","og_description":"La commande CNC-S des g\u00e9n\u00e9rations d&rsquo;avance La nouvelle commande CNC High End se distingue par son excellente fonctionnalit\u00e9 et ses multiples possibilit\u00e9s. La cr\u00e9ation du programme et la gestion du programme sont effectu\u00e9es sur un terminal de commande mobile. Le terminal de commande h\u00e9berge un PC industriel puissant ainsi qu&rsquo;un \u00e9cran tactile de 15&Prime;. Design [&hellip;]","og_url":"https:\/\/www.thoman.de\/fr\/machines\/commandes\/cnc-s\/","og_site_name":"Thoman Biegemaschinen","article_modified_time":"2014-09-25T12:43:07+00:00","og_image":[{"url":"https:\/\/www.thoman.de\/wp-content\/uploads\/2014\/09\/Assistent_Walzbiegen-300x224.jpg"}],"twitter_misc":{"Dur\u00e9e de lecture estim\u00e9e":"2 minutes"},"schema":{"@context":"https:\/\/schema.org","@graph":[{"@type":"WebPage","@id":"https:\/\/www.thoman.de\/fr\/machines\/commandes\/cnc-s\/","url":"https:\/\/www.thoman.de\/fr\/machines\/commandes\/cnc-s\/","name":"CNC-S - Thoman Biegemaschinen","isPartOf":{"@id":"https:\/\/www.thoman.de\/#website"},"datePublished":"2014-08-14T15:18:07+00:00","dateModified":"2014-09-25T12:43:07+00:00","breadcrumb":{"@id":"https:\/\/www.thoman.de\/fr\/machines\/commandes\/cnc-s\/#breadcrumb"},"inLanguage":"fr-FR","potentialAction":[{"@type":"ReadAction","target":["https:\/\/www.thoman.de\/fr\/machines\/commandes\/cnc-s\/"]}]},{"@type":"BreadcrumbList","@id":"https:\/\/www.thoman.de\/fr\/machines\/commandes\/cnc-s\/#breadcrumb","itemListElement":[{"@type":"ListItem","position":1,"name":"Home","item":"https:\/\/www.thoman.de\/fr\/"},{"@type":"ListItem","position":2,"name":"Machines","item":"https:\/\/www.thoman.de\/fr\/machines\/"},{"@type":"ListItem","position":3,"name":"Commandes","item":"https:\/\/www.thoman.de\/fr\/machines\/commandes\/"},{"@type":"ListItem","position":4,"name":"CNC-S"}]},{"@type":"WebSite","@id":"https:\/\/www.thoman.de\/#website","url":"https:\/\/www.thoman.de\/","name":"Thoman Biegemaschinen","description":"Eine weitere WordPress-Seite","potentialAction":[{"@type":"SearchAction","target":{"@type":"EntryPoint","urlTemplate":"https:\/\/www.thoman.de\/?s={search_term_string}"},"query-input":"required name=search_term_string"}],"inLanguage":"fr-FR"}]}},"_links":{"self":[{"href":"https:\/\/www.thoman.de\/fr\/wp-json\/wp\/v2\/pages\/3634"}],"collection":[{"href":"https:\/\/www.thoman.de\/fr\/wp-json\/wp\/v2\/pages"}],"about":[{"href":"https:\/\/www.thoman.de\/fr\/wp-json\/wp\/v2\/types\/page"}],"author":[{"embeddable":true,"href":"https:\/\/www.thoman.de\/fr\/wp-json\/wp\/v2\/users\/11"}],"replies":[{"embeddable":true,"href":"https:\/\/www.thoman.de\/fr\/wp-json\/wp\/v2\/comments?post=3634"}],"version-history":[{"count":4,"href":"https:\/\/www.thoman.de\/fr\/wp-json\/wp\/v2\/pages\/3634\/revisions"}],"predecessor-version":[{"id":5083,"href":"https:\/\/www.thoman.de\/fr\/wp-json\/wp\/v2\/pages\/3634\/revisions\/5083"}],"up":[{"embeddable":true,"href":"https:\/\/www.thoman.de\/fr\/wp-json\/wp\/v2\/pages\/3449"}],"wp:attachment":[{"href":"https:\/\/www.thoman.de\/fr\/wp-json\/wp\/v2\/media?parent=3634"}],"curies":[{"name":"wp","href":"https:\/\/api.w.org\/{rel}","templated":true}]}}