{"id":3636,"date":"2014-08-14T17:19:03","date_gmt":"2014-08-14T15:19:03","guid":{"rendered":"http:\/\/thoman.de\/maschinen\/steuerungen\/nc-streckensteuerung-pp15\/"},"modified":"2014-09-25T14:53:54","modified_gmt":"2014-09-25T12:53:54","slug":"commande-nc-pp15","status":"publish","type":"page","link":"https:\/\/www.thoman.de\/fr\/machines\/commandes\/commande-nc-pp15\/","title":{"rendered":"Commande de d\u00e9placement lin\u00e9aire NC PP15"},"content":{"rendered":"<h1>La commande NC PP15<\/h1>\n<h2>une pr\u00e9cision command\u00e9e pour un axe<\/h2>\n<table>\n<tbody>\n<tr>\n<td>La commande de d\u00e9placement lin\u00e9aire NC PP15 est utilis\u00e9e dans les machines de cintrage de profil\u00e9s et les machines de cintrage universelles. Les pi\u00e8ces \u00e0 cintrer par compression et \u00e0 chanfreiner peuvent \u00eatre cintr\u00e9es avec une r\u00e9p\u00e9tabilit\u00e9 \u00e9lev\u00e9e avec une commande par programme. Il n&rsquo;est plus n\u00e9cessaire de proc\u00e9der au r\u00e9glage complique des but\u00e9es m\u00e9caniques ou des interrupteurs de fin de course \u00e9lectriques lors de la modification de la mise \u00e0 disposition. Le positionnement de l&rsquo;axe de cintrage est effectu\u00e9 par commande de d\u00e9placement lin\u00e9aire avec avance-marche en douceur-arr\u00eat. Une pr\u00e9cision et une r\u00e9p\u00e9tabilit\u00e9 \u00e9lev\u00e9es sont garanties. <\/p>\n<p style=\"color: #cc0033;\">\n<\/td>\n<td style=\"vertical-align: top;\">La commande dispose d&rsquo;un \u00e9cran avec 4&#215;20 caract\u00e8res.<br \/>\nLa position de consigne et r\u00e9elle sont directement affich\u00e9es. La commande est particuli\u00e8rement facile et intuitive. <\/td>\n<\/tr>\n<\/tbody>\n<\/table>\n","protected":false},"excerpt":{"rendered":"<p>La commande NC PP15 une pr\u00e9cision command\u00e9e pour un axe La commande de d\u00e9placement lin\u00e9aire NC PP15 est utilis\u00e9e dans les machines de cintrage de profil\u00e9s et les machines de cintrage universelles. Les pi\u00e8ces \u00e0 cintrer par compression et \u00e0 chanfreiner peuvent \u00eatre cintr\u00e9es avec une r\u00e9p\u00e9tabilit\u00e9 \u00e9lev\u00e9e avec une commande par programme. Il n&rsquo;est [&hellip;]<\/p>\n","protected":false},"author":11,"featured_media":0,"parent":3449,"menu_order":0,"comment_status":"open","ping_status":"open","template":"","meta":{"footnotes":""},"acf":[],"yoast_head":"<!-- This site is optimized with the Yoast SEO plugin v21.3 - https:\/\/yoast.com\/wordpress\/plugins\/seo\/ -->\n<title>Commande de d\u00e9placement lin\u00e9aire NC PP15 - Thoman Biegemaschinen<\/title>\n<meta name=\"robots\" content=\"index, follow, max-snippet:-1, max-image-preview:large, max-video-preview:-1\" \/>\n<link rel=\"canonical\" href=\"https:\/\/www.thoman.de\/fr\/machines\/commandes\/commande-nc-pp15\/\" \/>\n<meta property=\"og:locale\" content=\"fr_FR\" \/>\n<meta property=\"og:type\" content=\"article\" \/>\n<meta property=\"og:title\" content=\"Commande de d\u00e9placement lin\u00e9aire NC PP15 - Thoman Biegemaschinen\" \/>\n<meta property=\"og:description\" content=\"La commande NC PP15 une pr\u00e9cision command\u00e9e pour un axe La commande de d\u00e9placement lin\u00e9aire NC PP15 est utilis\u00e9e dans les machines de cintrage de profil\u00e9s et les machines de cintrage universelles. Les pi\u00e8ces \u00e0 cintrer par compression et \u00e0 chanfreiner peuvent \u00eatre cintr\u00e9es avec une r\u00e9p\u00e9tabilit\u00e9 \u00e9lev\u00e9e avec une commande par programme. Il n&rsquo;est [&hellip;]\" \/>\n<meta property=\"og:url\" content=\"https:\/\/www.thoman.de\/fr\/machines\/commandes\/commande-nc-pp15\/\" \/>\n<meta property=\"og:site_name\" content=\"Thoman Biegemaschinen\" \/>\n<meta property=\"article:modified_time\" content=\"2014-09-25T12:53:54+00:00\" \/>\n<meta name=\"twitter:label1\" content=\"Dur\u00e9e de lecture estim\u00e9e\" \/>\n\t<meta name=\"twitter:data1\" content=\"1 minute\" \/>\n<script type=\"application\/ld+json\" class=\"yoast-schema-graph\">{\"@context\":\"https:\/\/schema.org\",\"@graph\":[{\"@type\":\"WebPage\",\"@id\":\"https:\/\/www.thoman.de\/fr\/machines\/commandes\/commande-nc-pp15\/\",\"url\":\"https:\/\/www.thoman.de\/fr\/machines\/commandes\/commande-nc-pp15\/\",\"name\":\"Commande de d\u00e9placement lin\u00e9aire NC PP15 - Thoman Biegemaschinen\",\"isPartOf\":{\"@id\":\"https:\/\/www.thoman.de\/#website\"},\"datePublished\":\"2014-08-14T15:19:03+00:00\",\"dateModified\":\"2014-09-25T12:53:54+00:00\",\"breadcrumb\":{\"@id\":\"https:\/\/www.thoman.de\/fr\/machines\/commandes\/commande-nc-pp15\/#breadcrumb\"},\"inLanguage\":\"fr-FR\",\"potentialAction\":[{\"@type\":\"ReadAction\",\"target\":[\"https:\/\/www.thoman.de\/fr\/machines\/commandes\/commande-nc-pp15\/\"]}]},{\"@type\":\"BreadcrumbList\",\"@id\":\"https:\/\/www.thoman.de\/fr\/machines\/commandes\/commande-nc-pp15\/#breadcrumb\",\"itemListElement\":[{\"@type\":\"ListItem\",\"position\":1,\"name\":\"Home\",\"item\":\"https:\/\/www.thoman.de\/fr\/\"},{\"@type\":\"ListItem\",\"position\":2,\"name\":\"Machines\",\"item\":\"https:\/\/www.thoman.de\/fr\/machines\/\"},{\"@type\":\"ListItem\",\"position\":3,\"name\":\"Commandes\",\"item\":\"https:\/\/www.thoman.de\/fr\/machines\/commandes\/\"},{\"@type\":\"ListItem\",\"position\":4,\"name\":\"Commande de d\u00e9placement lin\u00e9aire NC PP15\"}]},{\"@type\":\"WebSite\",\"@id\":\"https:\/\/www.thoman.de\/#website\",\"url\":\"https:\/\/www.thoman.de\/\",\"name\":\"Thoman Biegemaschinen\",\"description\":\"Eine weitere WordPress-Seite\",\"potentialAction\":[{\"@type\":\"SearchAction\",\"target\":{\"@type\":\"EntryPoint\",\"urlTemplate\":\"https:\/\/www.thoman.de\/?s={search_term_string}\"},\"query-input\":\"required name=search_term_string\"}],\"inLanguage\":\"fr-FR\"}]}<\/script>\n<!-- \/ Yoast SEO plugin. -->","yoast_head_json":{"title":"Commande de d\u00e9placement lin\u00e9aire NC PP15 - Thoman Biegemaschinen","robots":{"index":"index","follow":"follow","max-snippet":"max-snippet:-1","max-image-preview":"max-image-preview:large","max-video-preview":"max-video-preview:-1"},"canonical":"https:\/\/www.thoman.de\/fr\/machines\/commandes\/commande-nc-pp15\/","og_locale":"fr_FR","og_type":"article","og_title":"Commande de d\u00e9placement lin\u00e9aire NC PP15 - Thoman Biegemaschinen","og_description":"La commande NC PP15 une pr\u00e9cision command\u00e9e pour un axe La commande de d\u00e9placement lin\u00e9aire NC PP15 est utilis\u00e9e dans les machines de cintrage de profil\u00e9s et les machines de cintrage universelles. Les pi\u00e8ces \u00e0 cintrer par compression et \u00e0 chanfreiner peuvent \u00eatre cintr\u00e9es avec une r\u00e9p\u00e9tabilit\u00e9 \u00e9lev\u00e9e avec une commande par programme. Il n&rsquo;est [&hellip;]","og_url":"https:\/\/www.thoman.de\/fr\/machines\/commandes\/commande-nc-pp15\/","og_site_name":"Thoman Biegemaschinen","article_modified_time":"2014-09-25T12:53:54+00:00","twitter_misc":{"Dur\u00e9e de lecture estim\u00e9e":"1 minute"},"schema":{"@context":"https:\/\/schema.org","@graph":[{"@type":"WebPage","@id":"https:\/\/www.thoman.de\/fr\/machines\/commandes\/commande-nc-pp15\/","url":"https:\/\/www.thoman.de\/fr\/machines\/commandes\/commande-nc-pp15\/","name":"Commande de d\u00e9placement lin\u00e9aire NC PP15 - Thoman Biegemaschinen","isPartOf":{"@id":"https:\/\/www.thoman.de\/#website"},"datePublished":"2014-08-14T15:19:03+00:00","dateModified":"2014-09-25T12:53:54+00:00","breadcrumb":{"@id":"https:\/\/www.thoman.de\/fr\/machines\/commandes\/commande-nc-pp15\/#breadcrumb"},"inLanguage":"fr-FR","potentialAction":[{"@type":"ReadAction","target":["https:\/\/www.thoman.de\/fr\/machines\/commandes\/commande-nc-pp15\/"]}]},{"@type":"BreadcrumbList","@id":"https:\/\/www.thoman.de\/fr\/machines\/commandes\/commande-nc-pp15\/#breadcrumb","itemListElement":[{"@type":"ListItem","position":1,"name":"Home","item":"https:\/\/www.thoman.de\/fr\/"},{"@type":"ListItem","position":2,"name":"Machines","item":"https:\/\/www.thoman.de\/fr\/machines\/"},{"@type":"ListItem","position":3,"name":"Commandes","item":"https:\/\/www.thoman.de\/fr\/machines\/commandes\/"},{"@type":"ListItem","position":4,"name":"Commande de d\u00e9placement lin\u00e9aire NC PP15"}]},{"@type":"WebSite","@id":"https:\/\/www.thoman.de\/#website","url":"https:\/\/www.thoman.de\/","name":"Thoman Biegemaschinen","description":"Eine weitere WordPress-Seite","potentialAction":[{"@type":"SearchAction","target":{"@type":"EntryPoint","urlTemplate":"https:\/\/www.thoman.de\/?s={search_term_string}"},"query-input":"required name=search_term_string"}],"inLanguage":"fr-FR"}]}},"_links":{"self":[{"href":"https:\/\/www.thoman.de\/fr\/wp-json\/wp\/v2\/pages\/3636"}],"collection":[{"href":"https:\/\/www.thoman.de\/fr\/wp-json\/wp\/v2\/pages"}],"about":[{"href":"https:\/\/www.thoman.de\/fr\/wp-json\/wp\/v2\/types\/page"}],"author":[{"embeddable":true,"href":"https:\/\/www.thoman.de\/fr\/wp-json\/wp\/v2\/users\/11"}],"replies":[{"embeddable":true,"href":"https:\/\/www.thoman.de\/fr\/wp-json\/wp\/v2\/comments?post=3636"}],"version-history":[{"count":3,"href":"https:\/\/www.thoman.de\/fr\/wp-json\/wp\/v2\/pages\/3636\/revisions"}],"predecessor-version":[{"id":5085,"href":"https:\/\/www.thoman.de\/fr\/wp-json\/wp\/v2\/pages\/3636\/revisions\/5085"}],"up":[{"embeddable":true,"href":"https:\/\/www.thoman.de\/fr\/wp-json\/wp\/v2\/pages\/3449"}],"wp:attachment":[{"href":"https:\/\/www.thoman.de\/fr\/wp-json\/wp\/v2\/media?parent=3636"}],"curies":[{"name":"wp","href":"https:\/\/api.w.org\/{rel}","templated":true}]}}