{"id":3638,"date":"2014-08-14T17:18:38","date_gmt":"2014-08-14T15:18:38","guid":{"rendered":"http:\/\/thoman.de\/maschinen\/steuerungen\/nc-streckensteuerung-pp41\/"},"modified":"2014-09-25T14:49:29","modified_gmt":"2014-09-25T12:49:29","slug":"nc-pp41","status":"publish","type":"page","link":"https:\/\/www.thoman.de\/fr\/machines\/commandes\/nc-pp41\/","title":{"rendered":"Commande de d\u00e9placement lin\u00e9aire NC PP41"},"content":{"rendered":"<h1>Commande NC PP41<\/h1>\n<h2>C&rsquo;est possible \u00e9galement sans CNC<\/h2>\n<table>\n<tbody>\n<tr>\n<td>La commande NC type PP41 commande jusqu&rsquo;\u00e0 3 axes. La commande est utilis\u00e9e au choix pour les machines de cintrage de profil\u00e9s, machines de cintrage universelles et machines de cintrage \u00e0 mandrin. La commande des axes est effectu\u00e9e par d\u00e9placement lin\u00e9aire. <br \/>En combinaison avec les machines de cintrage par laminage, l&rsquo;attribution du rouleau de cintrage ainsi que l&rsquo;avance du mat\u00e9riau est command\u00e9e. Avec les machines de cintrage \u00e0 mandrin, ce sont l&rsquo;angle de cintrage, la rotation des tubes et l&rsquo;introduction des tubes. <\/p>\n<p style=\"color: #cc0033;\">\n<\/td>\n<td style=\"vertical-align: top;\">La commande dispose d&rsquo;un grand \u00e9cran de 12&#215;9\u00a0cm ainsi que d&rsquo;une gestion de programme. Les programmes NC peuvent \u00eatre cr\u00e9\u00e9s et \u00e9dit\u00e9s directement sur la machine. La commande de la machine est dot\u00e9e d&rsquo;une interface pour int\u00e9grer un PC externe ou un Notebook.<br \/>Le logiciel de cintrage de PC en option permet de programmer particuli\u00e8rement facilement et confortablement. Les programmes de cintrage peuvent \u00eatre cr\u00e9\u00e9s sur un PC externe et directement transmis \u00e0 la commande de la machine.<br \/>La commande NC PP41 permet de fabriquer pr\u00e9cis\u00e9ment via une commande les pi\u00e8ces individuelles et en s\u00e9rie.<\/td>\n<\/tr>\n<\/tbody>\n<\/table>\n<h3 class=\"data-v2\">Donn\u00e9es techniques<\/h3>\n<table class=\"data-v2 table table-1-2\">\n<tbody>\n<tr>\n<td>\u00a0Terminal de commande<\/td>\n<td>Mobile<\/td>\n<\/tr>\n<tr>\n<td>\u00a0Design<\/td>\n<td>MDesign plat moderne avec avant en aluminium bross\u00e9 et anodis\u00e9<\/td>\n<\/tr>\n<tr>\n<td>\u00a0\u00c9cran<\/td>\n<td>\u00c9cran 12&#215;9\u00a0cm<\/td>\n<\/tr>\n<tr>\n<td>\u00a0Gestion de programme<\/td>\n<td>Oui<\/td>\n<\/tr>\n<tr>\n<td>\u00a0Interfaces<\/td>\n<td>RS232 USB avec convertisseur<\/td>\n<\/tr>\n<tr>\n<td>\u00a0Positionnement<\/td>\n<td>Commande par d\u00e9placement lin\u00e9aire avance-marche en douceur-arr\u00eat<\/td>\n<\/tr>\n<\/tbody>\n<\/table>\n<p>&nbsp;<\/p>\n<h2>Logiciel de cintrage pour PC externe<\/h2>\n<p>&nbsp;<\/p>\n<table>\n<tbody>\n<tr>\n<td>\n<h3 class=\"top\">Logiciel de cintrage pour cintrage par laminage<\/h3>\n<p><a href=\"https:\/\/www.thoman.de\/wp-content\/uploads\/2014\/09\/Walzbiegesoftware_B1.jpg\"><img decoding=\"async\" class=\"alignnone  wp-image-1338\" src=\"https:\/\/www.thoman.de\/wp-content\/uploads\/2014\/09\/Walzbiegesoftware_B1-300x224.jpg\" alt=\"Logiciel de cintrage par laminage_B1\" width=\"250\" height=\"187\" srcset=\"https:\/\/www.thoman.de\/wp-content\/uploads\/2014\/09\/Walzbiegesoftware_B1-300x224.jpg 300w, https:\/\/www.thoman.de\/wp-content\/uploads\/2014\/09\/Walzbiegesoftware_B1-1024x767.jpg 1024w, https:\/\/www.thoman.de\/wp-content\/uploads\/2014\/09\/Walzbiegesoftware_B1.jpg 1104w\" sizes=\"(max-width: 250px) 100vw, 250px\" \/><\/a><a href=\"https:\/\/www.thoman.de\/wp-content\/uploads\/2014\/08\/Walzbiegesoftware_Korbbogen.png\"><img decoding=\"async\" class=\"alignnone  wp-image-2186\" src=\"https:\/\/www.thoman.de\/wp-content\/uploads\/2014\/08\/Walzbiegesoftware_Ellipse-300x224.png\" alt=\"Logiciel de cintrage par laminage_Ellipse\" width=\"250\" height=\"187\" srcset=\"https:\/\/www.thoman.de\/wp-content\/uploads\/2014\/08\/Walzbiegesoftware_Ellipse-300x224.png 300w, https:\/\/www.thoman.de\/wp-content\/uploads\/2014\/08\/Walzbiegesoftware_Ellipse.png 709w\" sizes=\"(max-width: 250px) 100vw, 250px\" \/><img decoding=\"async\" class=\"alignnone  wp-image-2181\" src=\"https:\/\/www.thoman.de\/wp-content\/uploads\/2014\/08\/Walzbiegesoftware_Korbbogen-300x250.png\" alt=\"ogiciel de cintrage par laminage_cintre en anse de panier\" width=\"250\" height=\"208\" srcset=\"https:\/\/www.thoman.de\/wp-content\/uploads\/2014\/08\/Walzbiegesoftware_Korbbogen-300x250.png 300w, https:\/\/www.thoman.de\/wp-content\/uploads\/2014\/08\/Walzbiegesoftware_Korbbogen.png 709w\" sizes=\"(max-width: 250px) 100vw, 250px\" \/><\/a>\u00a0\u00a0<a href=\"https:\/\/www.thoman.de\/wp-content\/uploads\/2014\/09\/Walzbiegesoftware_Wendel.jpg\"><img decoding=\"async\" style=\"margin-left:10px;\" class=\"alignnone  wp-image-1341\" src=\"https:\/\/www.thoman.de\/wp-content\/uploads\/2014\/09\/Walzbiegesoftware_Wendel-300x228.jpg\" alt=\"Logiciel de cintrage par laminage_spirale\" width=\"231\" height=\"176\" srcset=\"https:\/\/www.thoman.de\/wp-content\/uploads\/2014\/09\/Walzbiegesoftware_Wendel-300x228.jpg 300w, https:\/\/www.thoman.de\/wp-content\/uploads\/2014\/09\/Walzbiegesoftware_Wendel.jpg 652w\" sizes=\"(max-width: 231px) 100vw, 231px\" \/><\/a><\/td>\n<td>Le logiciel de cintrage par laminage en 2D permet de fabriquer pr\u00e9cis\u00e9ment et avec exactitude des pi\u00e8ces cintr\u00e9es par laminage avec des extr\u00e9mit\u00e9s droites ou plusieurs rayons de cintrage.<br \/>\nLa cr\u00e9ation du programme est tr\u00e8s facile et confortable.<br \/>\nDans le tableau des programmes figurent le rayon d&rsquo;arc et l&rsquo;angle d&rsquo;arc. Le contour \u00e0 cintrer peut comporter plusieurs arcs ou lignes droites. Le contour de cintrage est repr\u00e9sent\u00e9 graphiquement.<br \/>\nLes dimensions sp\u00e9cifiques au profil et les valeurs de r\u00e9silience sont \u00e9num\u00e9r\u00e9es dans un catalogue de mat\u00e9riaux. Une fois le contour de cintrage saisi, le profil\u00e9 de votre choix peut \u00eatre s\u00e9lectionn\u00e9 dans le catalogue de mat\u00e9riaux.<br \/>\nLe logiciel cr\u00e9e automatiquement un programme de commande NC pour la machine de cintrage. Le calcul du programme est effectu\u00e9 en tenant compte de la r\u00e9silience afin que des r\u00e9sultats de cintrage et une pr\u00e9cision \u00e9lev\u00e9e puissent \u00eatre obtenus du premier coup. La mise \u00e0 disposition du cylindre de cintrage et de l&rsquo;avance de profil\u00e9 est effectu\u00e9e en plusieurs \u00e9tapes ce qui permet d&rsquo;obtenir des transitions sans pliure des rayons de cintrage.<br \/>\nLe programme de commande NC cr\u00e9\u00e9 peut \u00eatre transmis en ligne \u00e0 la commande NC PP41. <\/p>\n<p class=\"p1\">La combinaison de la commande de d\u00e9placement lin\u00e9aire NC et du logiciel de cintrage du PC \u00e9largit consid\u00e9rablement la plage d&rsquo;utilisation et les possibilit\u00e9s de la machine de cintrage.<\/p>\n<p class=\"p1\">Les contours de cintrage, qui ne sont habituellement pas r\u00e9alisables autrement que sur les machines co\u00fbteuses \u00e0 commande CNC, peuvent \u00eatre cintr\u00e9s de mani\u00e8re cibl\u00e9e et avec une grande pr\u00e9cision. Le logiciel de cintrage par laminage en 2D peut \u00eatre install\u00e9 sur tous les PC Windows ou Notebook disponibles dans le commerce.<\/p>\n<\/td>\n<\/tr>\n<\/tbody>\n<\/table>\n<hr \/>\n<table>\n<tbody>\n<tr>\n<td style=\"vertical-align: top;\">\n<h3 class=\"top\">Logiciel de cintrage de tubes en 3D <\/h3>\n<p>Le logiciel de cintrage de tubes en 3D calcule toutes les donn\u00e9es de r\u00e9glage et longueurs de coupe n\u00e9cessaires pour la fabrication des contours de tubes.<br \/>\nLe contour \u00e0 cintrer est cr\u00e9\u00e9 sur un PC externe en saisissant les donn\u00e9es isom\u00e9triques XYZ ou au choix la longueur, l&rsquo;angle de cintrage et la rotation.<br \/>\nLe contour de cintrage est repr\u00e9sent\u00e9 graphiquement de mani\u00e8re analogique. Les erreurs de saisie sont ainsi d\u00e9tect\u00e9es et corrig\u00e9es rapidement.<br \/>\nLes outils de cintrage et donn\u00e9es des tubes figurent dans un catalogue de mat\u00e9riaux.<br \/>\nLe logiciel de cintrage de tubes en 3D calcule toutes les donn\u00e9es de r\u00e9glage n\u00e9cessaires \u00e0 la fabrication et g\u00e9n\u00e8re un programme NC pour la machine de cintrage.<br \/>\nLa r\u00e9silience du tube est calcul\u00e9e en amont afin que des r\u00e9sultats de cintrage exacts soient obtenus du premier coup.<\/td>\n<td><a href=\"https:\/\/www.thoman.de\/wp-content\/uploads\/2014\/09\/3D-Rohrbiegesoftware.jpg\"><img decoding=\"async\" class=\"alignnone  wp-image-1343\" src=\"https:\/\/www.thoman.de\/wp-content\/uploads\/2014\/09\/3D-Rohrbiegesoftware-300x207.jpg\" alt=\"3D-Logiciel de cintrage de tubes en 3D\" width=\"261\" height=\"180\" srcset=\"https:\/\/www.thoman.de\/wp-content\/uploads\/2014\/09\/3D-Rohrbiegesoftware-300x207.jpg 300w, https:\/\/www.thoman.de\/wp-content\/uploads\/2014\/09\/3D-Rohrbiegesoftware.jpg 737w\" sizes=\"(max-width: 261px) 100vw, 261px\" \/><\/a>Le programme de commande NC cr\u00e9\u00e9 peut \u00eatre transmis en ligne \u00e0 la commande NC PP41.<\/td>\n<\/tr>\n<\/tbody>\n<\/table>\n","protected":false},"excerpt":{"rendered":"<p>Commande NC PP41 C&rsquo;est possible \u00e9galement sans CNC La commande NC type PP41 commande jusqu&rsquo;\u00e0 3 axes. La commande est utilis\u00e9e au choix pour les machines de cintrage de profil\u00e9s, machines de cintrage universelles et machines de cintrage \u00e0 mandrin. La commande des axes est effectu\u00e9e par d\u00e9placement lin\u00e9aire. En combinaison avec les machines de [&hellip;]<\/p>\n","protected":false},"author":11,"featured_media":0,"parent":3449,"menu_order":0,"comment_status":"open","ping_status":"open","template":"","meta":{"footnotes":""},"acf":[],"yoast_head":"<!-- This site is optimized with the Yoast SEO plugin v21.3 - https:\/\/yoast.com\/wordpress\/plugins\/seo\/ -->\n<title>Commande de d\u00e9placement lin\u00e9aire NC PP41 - Thoman Biegemaschinen<\/title>\n<meta name=\"robots\" content=\"index, follow, max-snippet:-1, max-image-preview:large, max-video-preview:-1\" \/>\n<link rel=\"canonical\" href=\"https:\/\/www.thoman.de\/fr\/machines\/commandes\/nc-pp41\/\" \/>\n<meta property=\"og:locale\" content=\"fr_FR\" \/>\n<meta property=\"og:type\" content=\"article\" \/>\n<meta property=\"og:title\" content=\"Commande de d\u00e9placement lin\u00e9aire NC PP41 - Thoman Biegemaschinen\" \/>\n<meta property=\"og:description\" content=\"Commande NC PP41 C&rsquo;est possible \u00e9galement sans CNC La commande NC type PP41 commande jusqu&rsquo;\u00e0 3 axes. La commande est utilis\u00e9e au choix pour les machines de cintrage de profil\u00e9s, machines de cintrage universelles et machines de cintrage \u00e0 mandrin. La commande des axes est effectu\u00e9e par d\u00e9placement lin\u00e9aire. En combinaison avec les machines de [&hellip;]\" \/>\n<meta property=\"og:url\" content=\"https:\/\/www.thoman.de\/fr\/machines\/commandes\/nc-pp41\/\" \/>\n<meta property=\"og:site_name\" content=\"Thoman Biegemaschinen\" \/>\n<meta property=\"article:modified_time\" content=\"2014-09-25T12:49:29+00:00\" \/>\n<meta property=\"og:image\" content=\"https:\/\/www.thoman.de\/wp-content\/uploads\/2014\/09\/Walzbiegesoftware_B1-300x224.jpg\" \/>\n<meta name=\"twitter:label1\" content=\"Dur\u00e9e de lecture estim\u00e9e\" \/>\n\t<meta name=\"twitter:data1\" content=\"4 minutes\" \/>\n<script type=\"application\/ld+json\" class=\"yoast-schema-graph\">{\"@context\":\"https:\/\/schema.org\",\"@graph\":[{\"@type\":\"WebPage\",\"@id\":\"https:\/\/www.thoman.de\/fr\/machines\/commandes\/nc-pp41\/\",\"url\":\"https:\/\/www.thoman.de\/fr\/machines\/commandes\/nc-pp41\/\",\"name\":\"Commande de d\u00e9placement lin\u00e9aire NC PP41 - Thoman Biegemaschinen\",\"isPartOf\":{\"@id\":\"https:\/\/www.thoman.de\/#website\"},\"datePublished\":\"2014-08-14T15:18:38+00:00\",\"dateModified\":\"2014-09-25T12:49:29+00:00\",\"breadcrumb\":{\"@id\":\"https:\/\/www.thoman.de\/fr\/machines\/commandes\/nc-pp41\/#breadcrumb\"},\"inLanguage\":\"fr-FR\",\"potentialAction\":[{\"@type\":\"ReadAction\",\"target\":[\"https:\/\/www.thoman.de\/fr\/machines\/commandes\/nc-pp41\/\"]}]},{\"@type\":\"BreadcrumbList\",\"@id\":\"https:\/\/www.thoman.de\/fr\/machines\/commandes\/nc-pp41\/#breadcrumb\",\"itemListElement\":[{\"@type\":\"ListItem\",\"position\":1,\"name\":\"Home\",\"item\":\"https:\/\/www.thoman.de\/fr\/\"},{\"@type\":\"ListItem\",\"position\":2,\"name\":\"Machines\",\"item\":\"https:\/\/www.thoman.de\/fr\/machines\/\"},{\"@type\":\"ListItem\",\"position\":3,\"name\":\"Commandes\",\"item\":\"https:\/\/www.thoman.de\/fr\/machines\/commandes\/\"},{\"@type\":\"ListItem\",\"position\":4,\"name\":\"Commande de d\u00e9placement lin\u00e9aire NC PP41\"}]},{\"@type\":\"WebSite\",\"@id\":\"https:\/\/www.thoman.de\/#website\",\"url\":\"https:\/\/www.thoman.de\/\",\"name\":\"Thoman Biegemaschinen\",\"description\":\"Eine weitere WordPress-Seite\",\"potentialAction\":[{\"@type\":\"SearchAction\",\"target\":{\"@type\":\"EntryPoint\",\"urlTemplate\":\"https:\/\/www.thoman.de\/?s={search_term_string}\"},\"query-input\":\"required name=search_term_string\"}],\"inLanguage\":\"fr-FR\"}]}<\/script>\n<!-- \/ Yoast SEO plugin. -->","yoast_head_json":{"title":"Commande de d\u00e9placement lin\u00e9aire NC PP41 - Thoman Biegemaschinen","robots":{"index":"index","follow":"follow","max-snippet":"max-snippet:-1","max-image-preview":"max-image-preview:large","max-video-preview":"max-video-preview:-1"},"canonical":"https:\/\/www.thoman.de\/fr\/machines\/commandes\/nc-pp41\/","og_locale":"fr_FR","og_type":"article","og_title":"Commande de d\u00e9placement lin\u00e9aire NC PP41 - Thoman Biegemaschinen","og_description":"Commande NC PP41 C&rsquo;est possible \u00e9galement sans CNC La commande NC type PP41 commande jusqu&rsquo;\u00e0 3 axes. La commande est utilis\u00e9e au choix pour les machines de cintrage de profil\u00e9s, machines de cintrage universelles et machines de cintrage \u00e0 mandrin. La commande des axes est effectu\u00e9e par d\u00e9placement lin\u00e9aire. En combinaison avec les machines de [&hellip;]","og_url":"https:\/\/www.thoman.de\/fr\/machines\/commandes\/nc-pp41\/","og_site_name":"Thoman Biegemaschinen","article_modified_time":"2014-09-25T12:49:29+00:00","og_image":[{"url":"https:\/\/www.thoman.de\/wp-content\/uploads\/2014\/09\/Walzbiegesoftware_B1-300x224.jpg"}],"twitter_misc":{"Dur\u00e9e de lecture estim\u00e9e":"4 minutes"},"schema":{"@context":"https:\/\/schema.org","@graph":[{"@type":"WebPage","@id":"https:\/\/www.thoman.de\/fr\/machines\/commandes\/nc-pp41\/","url":"https:\/\/www.thoman.de\/fr\/machines\/commandes\/nc-pp41\/","name":"Commande de d\u00e9placement lin\u00e9aire NC PP41 - Thoman Biegemaschinen","isPartOf":{"@id":"https:\/\/www.thoman.de\/#website"},"datePublished":"2014-08-14T15:18:38+00:00","dateModified":"2014-09-25T12:49:29+00:00","breadcrumb":{"@id":"https:\/\/www.thoman.de\/fr\/machines\/commandes\/nc-pp41\/#breadcrumb"},"inLanguage":"fr-FR","potentialAction":[{"@type":"ReadAction","target":["https:\/\/www.thoman.de\/fr\/machines\/commandes\/nc-pp41\/"]}]},{"@type":"BreadcrumbList","@id":"https:\/\/www.thoman.de\/fr\/machines\/commandes\/nc-pp41\/#breadcrumb","itemListElement":[{"@type":"ListItem","position":1,"name":"Home","item":"https:\/\/www.thoman.de\/fr\/"},{"@type":"ListItem","position":2,"name":"Machines","item":"https:\/\/www.thoman.de\/fr\/machines\/"},{"@type":"ListItem","position":3,"name":"Commandes","item":"https:\/\/www.thoman.de\/fr\/machines\/commandes\/"},{"@type":"ListItem","position":4,"name":"Commande de d\u00e9placement lin\u00e9aire NC PP41"}]},{"@type":"WebSite","@id":"https:\/\/www.thoman.de\/#website","url":"https:\/\/www.thoman.de\/","name":"Thoman Biegemaschinen","description":"Eine weitere WordPress-Seite","potentialAction":[{"@type":"SearchAction","target":{"@type":"EntryPoint","urlTemplate":"https:\/\/www.thoman.de\/?s={search_term_string}"},"query-input":"required name=search_term_string"}],"inLanguage":"fr-FR"}]}},"_links":{"self":[{"href":"https:\/\/www.thoman.de\/fr\/wp-json\/wp\/v2\/pages\/3638"}],"collection":[{"href":"https:\/\/www.thoman.de\/fr\/wp-json\/wp\/v2\/pages"}],"about":[{"href":"https:\/\/www.thoman.de\/fr\/wp-json\/wp\/v2\/types\/page"}],"author":[{"embeddable":true,"href":"https:\/\/www.thoman.de\/fr\/wp-json\/wp\/v2\/users\/11"}],"replies":[{"embeddable":true,"href":"https:\/\/www.thoman.de\/fr\/wp-json\/wp\/v2\/comments?post=3638"}],"version-history":[{"count":4,"href":"https:\/\/www.thoman.de\/fr\/wp-json\/wp\/v2\/pages\/3638\/revisions"}],"predecessor-version":[{"id":5084,"href":"https:\/\/www.thoman.de\/fr\/wp-json\/wp\/v2\/pages\/3638\/revisions\/5084"}],"up":[{"embeddable":true,"href":"https:\/\/www.thoman.de\/fr\/wp-json\/wp\/v2\/pages\/3449"}],"wp:attachment":[{"href":"https:\/\/www.thoman.de\/fr\/wp-json\/wp\/v2\/media?parent=3638"}],"curies":[{"name":"wp","href":"https:\/\/api.w.org\/{rel}","templated":true}]}}