{"id":3640,"date":"2014-08-14T17:16:06","date_gmt":"2014-08-14T15:16:06","guid":{"rendered":"http:\/\/thoman.de\/maschinen\/universalbiegemaschinen\/multibend-16\/"},"modified":"2014-09-22T02:13:47","modified_gmt":"2014-09-22T00:13:47","slug":"multibend-16","status":"publish","type":"page","link":"https:\/\/www.thoman.de\/fr\/machines\/machines-de-cintrage-universelles\/multibend-16\/","title":{"rendered":"MultiBend 16"},"content":{"rendered":"<h1>Machine de cintrage universelle MultiBend 16<\/h1>\n<h2>Je suis DEUX machines<\/h2>\n<table>\n<tbody>\n<tr>\n<td>\n<p style=\"color: #606060;\">Le nouveau centre de cintrage MultiBend-16 allie les fonctions du cintrage par compression et du cintrage par laminage en une seule machine.<\/p>\n<p style=\"color: #606060;\">Avec une force de compression de 16 tonnes, la machine dispose d&rsquo;une force suffisante pour pouvoir ex\u00e9cuter une multiplicit\u00e9 d&rsquo;op\u00e9rations de compression, chanfreinage et dressage dans le domaine de la construction m\u00e9tallique ou la serrurerie.<\/p>\n<p style=\"color: #606060;\">L&rsquo;entra\u00eenement \u00e0 cylindres avec 3 cylindres entra\u00een\u00e9s individuellement est int\u00e9gr\u00e9 \u00e0 la machine. Chaque unit\u00e9 d&rsquo;entra\u00eenement est aliment\u00e9e ou command\u00e9e hydrauliquement s\u00e9par\u00e9ment. Le couple de rotation maximal est ainsi disponible pour chaque entra\u00eenement. L&rsquo;entra\u00eenement \u00e0 cylindres performant et puissant garantit une puissance de cintrage \u00e9lev\u00e9e et de parfaits r\u00e9sultats de cintrage. D\u00e8s le premier laminage, de tr\u00e8s petits rayons de cintrage peuvent \u00eatre cintr\u00e9s.<\/p>\n<\/td>\n<td>\n<p style=\"color: #606060;\">La commande de programme NC PP15 ou PP45 est disponible au choix comme commande de la machine. Les programmes de cintrage peuvent \u00eatre cr\u00e9\u00e9s, trait\u00e9s et enregistr\u00e9s directement sur la machine. Les positions de consigne sont atteintes avec pr\u00e9cision, une bonne r\u00e9p\u00e9tabilit\u00e9 et command\u00e9es par un programme.<\/p>\n<p style=\"color: #606060;\">La commande de d\u00e9placement lin\u00e9aire NC PP41 permet d&rsquo;obtenir un cintrage par laminage command\u00e9 des contours de cintrage avec des extr\u00e9mit\u00e9s droites, plusieurs rayons de cintrage et des transitions nettes et sans pliure des rayons de cintrage.<\/p>\n<p style=\"color: #606060;\">La puissance de cintrage et la fonctionnalit\u00e9 de la MultiBend 16 sont con\u00e7ues id\u00e9alement pour r\u00e9pondre aux exigences des entreprises d&rsquo;usinage de m\u00e9taux et des serrureries.<\/p>\n<\/td>\n<\/tr>\n<\/tbody>\n<\/table>\n","protected":false},"excerpt":{"rendered":"<p>Machine de cintrage universelle MultiBend 16 Je suis DEUX machines Le nouveau centre de cintrage MultiBend-16 allie les fonctions du cintrage par compression et du cintrage par laminage en une seule machine. Avec une force de compression de 16 tonnes, la machine dispose d&rsquo;une force suffisante pour pouvoir ex\u00e9cuter une multiplicit\u00e9 d&rsquo;op\u00e9rations de compression, chanfreinage [&hellip;]<\/p>\n","protected":false},"author":11,"featured_media":0,"parent":3460,"menu_order":0,"comment_status":"open","ping_status":"open","template":"","meta":{"footnotes":""},"acf":[],"yoast_head":"<!-- This site is optimized with the Yoast SEO plugin v21.3 - https:\/\/yoast.com\/wordpress\/plugins\/seo\/ -->\n<title>MultiBend 16 - Thoman Biegemaschinen<\/title>\n<meta name=\"robots\" content=\"index, follow, max-snippet:-1, max-image-preview:large, max-video-preview:-1\" \/>\n<link rel=\"canonical\" href=\"https:\/\/www.thoman.de\/fr\/machines\/machines-de-cintrage-universelles\/multibend-16\/\" \/>\n<meta property=\"og:locale\" content=\"fr_FR\" \/>\n<meta property=\"og:type\" content=\"article\" \/>\n<meta property=\"og:title\" content=\"MultiBend 16 - Thoman Biegemaschinen\" \/>\n<meta property=\"og:description\" content=\"Machine de cintrage universelle MultiBend 16 Je suis DEUX machines Le nouveau centre de cintrage MultiBend-16 allie les fonctions du cintrage par compression et du cintrage par laminage en une seule machine. Avec une force de compression de 16 tonnes, la machine dispose d&rsquo;une force suffisante pour pouvoir ex\u00e9cuter une multiplicit\u00e9 d&rsquo;op\u00e9rations de compression, chanfreinage [&hellip;]\" \/>\n<meta property=\"og:url\" content=\"https:\/\/www.thoman.de\/fr\/machines\/machines-de-cintrage-universelles\/multibend-16\/\" \/>\n<meta property=\"og:site_name\" content=\"Thoman Biegemaschinen\" \/>\n<meta property=\"article:modified_time\" content=\"2014-09-22T00:13:47+00:00\" \/>\n<meta name=\"twitter:label1\" content=\"Dur\u00e9e de lecture estim\u00e9e\" \/>\n\t<meta name=\"twitter:data1\" content=\"1 minute\" \/>\n<script type=\"application\/ld+json\" class=\"yoast-schema-graph\">{\"@context\":\"https:\/\/schema.org\",\"@graph\":[{\"@type\":\"WebPage\",\"@id\":\"https:\/\/www.thoman.de\/fr\/machines\/machines-de-cintrage-universelles\/multibend-16\/\",\"url\":\"https:\/\/www.thoman.de\/fr\/machines\/machines-de-cintrage-universelles\/multibend-16\/\",\"name\":\"MultiBend 16 - Thoman Biegemaschinen\",\"isPartOf\":{\"@id\":\"https:\/\/www.thoman.de\/#website\"},\"datePublished\":\"2014-08-14T15:16:06+00:00\",\"dateModified\":\"2014-09-22T00:13:47+00:00\",\"breadcrumb\":{\"@id\":\"https:\/\/www.thoman.de\/fr\/machines\/machines-de-cintrage-universelles\/multibend-16\/#breadcrumb\"},\"inLanguage\":\"fr-FR\",\"potentialAction\":[{\"@type\":\"ReadAction\",\"target\":[\"https:\/\/www.thoman.de\/fr\/machines\/machines-de-cintrage-universelles\/multibend-16\/\"]}]},{\"@type\":\"BreadcrumbList\",\"@id\":\"https:\/\/www.thoman.de\/fr\/machines\/machines-de-cintrage-universelles\/multibend-16\/#breadcrumb\",\"itemListElement\":[{\"@type\":\"ListItem\",\"position\":1,\"name\":\"Home\",\"item\":\"https:\/\/www.thoman.de\/fr\/\"},{\"@type\":\"ListItem\",\"position\":2,\"name\":\"Machines\",\"item\":\"https:\/\/www.thoman.de\/fr\/machines\/\"},{\"@type\":\"ListItem\",\"position\":3,\"name\":\"Machines de cintrage universelles\",\"item\":\"https:\/\/www.thoman.de\/fr\/machines\/machines-de-cintrage-universelles\/\"},{\"@type\":\"ListItem\",\"position\":4,\"name\":\"MultiBend 16\"}]},{\"@type\":\"WebSite\",\"@id\":\"https:\/\/www.thoman.de\/#website\",\"url\":\"https:\/\/www.thoman.de\/\",\"name\":\"Thoman Biegemaschinen\",\"description\":\"Eine weitere WordPress-Seite\",\"potentialAction\":[{\"@type\":\"SearchAction\",\"target\":{\"@type\":\"EntryPoint\",\"urlTemplate\":\"https:\/\/www.thoman.de\/?s={search_term_string}\"},\"query-input\":\"required name=search_term_string\"}],\"inLanguage\":\"fr-FR\"}]}<\/script>\n<!-- \/ Yoast SEO plugin. -->","yoast_head_json":{"title":"MultiBend 16 - Thoman Biegemaschinen","robots":{"index":"index","follow":"follow","max-snippet":"max-snippet:-1","max-image-preview":"max-image-preview:large","max-video-preview":"max-video-preview:-1"},"canonical":"https:\/\/www.thoman.de\/fr\/machines\/machines-de-cintrage-universelles\/multibend-16\/","og_locale":"fr_FR","og_type":"article","og_title":"MultiBend 16 - Thoman Biegemaschinen","og_description":"Machine de cintrage universelle MultiBend 16 Je suis DEUX machines Le nouveau centre de cintrage MultiBend-16 allie les fonctions du cintrage par compression et du cintrage par laminage en une seule machine. Avec une force de compression de 16 tonnes, la machine dispose d&rsquo;une force suffisante pour pouvoir ex\u00e9cuter une multiplicit\u00e9 d&rsquo;op\u00e9rations de compression, chanfreinage [&hellip;]","og_url":"https:\/\/www.thoman.de\/fr\/machines\/machines-de-cintrage-universelles\/multibend-16\/","og_site_name":"Thoman Biegemaschinen","article_modified_time":"2014-09-22T00:13:47+00:00","twitter_misc":{"Dur\u00e9e de lecture estim\u00e9e":"1 minute"},"schema":{"@context":"https:\/\/schema.org","@graph":[{"@type":"WebPage","@id":"https:\/\/www.thoman.de\/fr\/machines\/machines-de-cintrage-universelles\/multibend-16\/","url":"https:\/\/www.thoman.de\/fr\/machines\/machines-de-cintrage-universelles\/multibend-16\/","name":"MultiBend 16 - Thoman Biegemaschinen","isPartOf":{"@id":"https:\/\/www.thoman.de\/#website"},"datePublished":"2014-08-14T15:16:06+00:00","dateModified":"2014-09-22T00:13:47+00:00","breadcrumb":{"@id":"https:\/\/www.thoman.de\/fr\/machines\/machines-de-cintrage-universelles\/multibend-16\/#breadcrumb"},"inLanguage":"fr-FR","potentialAction":[{"@type":"ReadAction","target":["https:\/\/www.thoman.de\/fr\/machines\/machines-de-cintrage-universelles\/multibend-16\/"]}]},{"@type":"BreadcrumbList","@id":"https:\/\/www.thoman.de\/fr\/machines\/machines-de-cintrage-universelles\/multibend-16\/#breadcrumb","itemListElement":[{"@type":"ListItem","position":1,"name":"Home","item":"https:\/\/www.thoman.de\/fr\/"},{"@type":"ListItem","position":2,"name":"Machines","item":"https:\/\/www.thoman.de\/fr\/machines\/"},{"@type":"ListItem","position":3,"name":"Machines de cintrage universelles","item":"https:\/\/www.thoman.de\/fr\/machines\/machines-de-cintrage-universelles\/"},{"@type":"ListItem","position":4,"name":"MultiBend 16"}]},{"@type":"WebSite","@id":"https:\/\/www.thoman.de\/#website","url":"https:\/\/www.thoman.de\/","name":"Thoman Biegemaschinen","description":"Eine weitere WordPress-Seite","potentialAction":[{"@type":"SearchAction","target":{"@type":"EntryPoint","urlTemplate":"https:\/\/www.thoman.de\/?s={search_term_string}"},"query-input":"required name=search_term_string"}],"inLanguage":"fr-FR"}]}},"_links":{"self":[{"href":"https:\/\/www.thoman.de\/fr\/wp-json\/wp\/v2\/pages\/3640"}],"collection":[{"href":"https:\/\/www.thoman.de\/fr\/wp-json\/wp\/v2\/pages"}],"about":[{"href":"https:\/\/www.thoman.de\/fr\/wp-json\/wp\/v2\/types\/page"}],"author":[{"embeddable":true,"href":"https:\/\/www.thoman.de\/fr\/wp-json\/wp\/v2\/users\/11"}],"replies":[{"embeddable":true,"href":"https:\/\/www.thoman.de\/fr\/wp-json\/wp\/v2\/comments?post=3640"}],"version-history":[{"count":3,"href":"https:\/\/www.thoman.de\/fr\/wp-json\/wp\/v2\/pages\/3640\/revisions"}],"predecessor-version":[{"id":4761,"href":"https:\/\/www.thoman.de\/fr\/wp-json\/wp\/v2\/pages\/3640\/revisions\/4761"}],"up":[{"embeddable":true,"href":"https:\/\/www.thoman.de\/fr\/wp-json\/wp\/v2\/pages\/3460"}],"wp:attachment":[{"href":"https:\/\/www.thoman.de\/fr\/wp-json\/wp\/v2\/media?parent=3640"}],"curies":[{"name":"wp","href":"https:\/\/api.w.org\/{rel}","templated":true}]}}