{"id":3642,"date":"2014-08-14T17:17:21","date_gmt":"2014-08-14T15:17:21","guid":{"rendered":"http:\/\/thoman.de\/maschinen\/universalbiegemaschinen\/optionen\/"},"modified":"2015-07-16T09:33:01","modified_gmt":"2015-07-16T07:33:01","slug":"options","status":"publish","type":"page","link":"https:\/\/www.thoman.de\/fr\/machines\/machines-de-cintrage-universelles\/options\/","title":{"rendered":"Options"},"content":{"rendered":"<h1>Options<\/h1>\n<h2>&nbsp;<\/h2>\n<table>\n<tbody>\n<tr>\n<td>\n<h3 class=\"top\">Chanfreinage<\/h3>\n<p style=\"color: #606060;\"><a href=\"https:\/\/www.thoman.de\/wp-content\/uploads\/2014\/09\/Kanten_B1.png\"><img decoding=\"async\" class=\"alignleft wp-image-2031\" src=\"https:\/\/www.thoman.de\/wp-content\/uploads\/2014\/09\/Kanten_B1-300x199.png\" alt=\"Chanfreinage_B1\" width=\"250\" height=\"166\" \/><\/a><\/p>\n<\/td>\n<td>\n<p style=\"color: #606060;\">Les profils chanfrein\u00e9s sont n\u00e9cessaires pour de nombreuses applications. Une multiplicit\u00e9 de poin\u00e7ons de cintrage, de matrices ou d&rsquo;outils sp\u00e9ciaux diff\u00e9rents sont disponibles pour la machine de cintrage universelle MultiBend.<\/p>\n<\/td>\n<\/tr>\n<\/tbody>\n<\/table>\n<hr \/>\n<table>\n<tbody>\n<tr>\n<td>\n<h3 class=\"top\">Dressage<\/h3>\n<p style=\"color: #cc0033;\"><a href=\"https:\/\/www.thoman.de\/wp-content\/uploads\/2014\/09\/Hauptbilder15.jpg\"><img decoding=\"async\" class=\"alignnone wp-image-1299\" src=\"https:\/\/www.thoman.de\/wp-content\/uploads\/2014\/09\/Hauptbilder15-300x112.jpg\" alt=\"Dressage_B2\" width=\"250\" height=\"94\" \/><\/a><\/p>\n<p>Le dressage de profil\u00e9s ou de constructions soud\u00e9es fait partie des t\u00e2ches quotidiennes de nombreuses entreprises d&rsquo;usinage de m\u00e9taux. Avec une MultiBend, les profil\u00e9s peuvent \u00eatre dress\u00e9s rapidement et pr\u00e9cis\u00e9ment. La MultiBend dispose \u00e0 cet effet d&rsquo;un cycle de dressage sp\u00e9cial. Il permet d&rsquo;obtenir un dressage particuli\u00e8rement simple et efficace.<\/td>\n<td>La plate-forme de travail de la MultiBend est \u00e9quip\u00e9e de plusieurs postes d&rsquo;enfichage destin\u00e9s aux contre-supports de dressage. Une barre de dressage avec des contre-supports \u00e0 r\u00e9glage variable est disponible en option.<\/td>\n<\/tr>\n<\/tbody>\n<\/table>\n<hr \/>\n<table>\n<tbody>\n<tr>\n<td>\n<h3 class=\"top\">Cintrage par compression<\/h3>\n<p><a href=\"https:\/\/www.thoman.de\/wp-content\/uploads\/2014\/09\/universal-biegemaschine-zubehoer-optionen-thoman-biegemaschinen.jpg\"><img decoding=\"async\" class=\"alignleft wp-image-2050\" src=\"https:\/\/www.thoman.de\/wp-content\/uploads\/2014\/09\/universal-biegemaschine-zubehoer-optionen-thoman-biegemaschinen-300x112.jpg\" alt=\"Vielseitig und universell\" alt=\"\" width=\"250\" height=\"140\" \/><\/a><\/td>\n<td>Le processus de cintrage par compression est con\u00e7u pour fabriquer des coudes \u00e0 partir de tubes \u00e0 paroi \u00e9paisse. Vous recevez les segments de cintrage de tubes et les contre-supports pour les dimensions standard de Thoman d\u00e9part entrep\u00f4t. Il est possible d&rsquo;obtenir des outils sp\u00e9ciaux sp\u00e9cifiques pour le client.<\/td>\n<\/tr>\n<\/tbody>\n<\/table>\n<hr \/>\n<table>\n<tbody>\n<tr>\n<td>\n<h3 class=\"top\">Cintreuse de tubes \u00e0 rotation<\/h3>\n<p><a href=\"https:\/\/www.thoman.de\/wp-content\/uploads\/2014\/09\/Rohrbieger-Rotation.png\"><img decoding=\"async\" class=\"alignnone wp-image-2075\" src=\"https:\/\/www.thoman.de\/wp-content\/uploads\/2014\/09\/Rohrbieger-Rotation-300x199.png\" alt=\"Cintreuse de tubes \u00e0 rotation\" width=\"250\" height=\"166\" \/><\/a><\/td>\n<td>Des coudes avec angle de cintrage &gt; 90\u00b0 peuvent \u00eatre fabriqu\u00e9s particuli\u00e8rement facilement au cours du processus de cintrage par rotation. L&rsquo;angle de rotation peut \u00eatre programm\u00e9 directement et cintr\u00e9 selon l&rsquo;angle de cintrage requis au cours d&rsquo;une seule \u00e9tape de travail.<\/td>\n<\/tr>\n<\/tbody>\n<\/table>\n<hr \/>\n<table>\n<tbody>\n<tr>\n<td>\n<h3 class=\"top\">Cintrage par laminage<\/h3>\n<p><a href=\"https:\/\/www.thoman.de\/wp-content\/uploads\/2014\/09\/Walzbiegen_B2.png\"><img decoding=\"async\" class=\"alignnone wp-image-2090\" src=\"https:\/\/www.thoman.de\/wp-content\/uploads\/2014\/09\/Walzbiegen_B2-300x199.png\" alt=\"Cintrage par laminage_B2\" width=\"250\" height=\"166\" \/><\/a><\/p>\n<p>&nbsp;<\/td>\n<td>Le puissant entra\u00eenement \u00e0 cylindres dispose de trois cylindres de laminage entra\u00een\u00e9s individuellement. Chaque rouleau d&rsquo;entra\u00eenement dispose du couple de rotation du moteur maximal. Les profil\u00e9s lourds peuvent \u00e9galement \u00eatre cintr\u00e9s selon le rayon de votre choix d\u00e8s le premier laminage. Cela garantit ainsi la productivit\u00e9 la plus \u00e9lev\u00e9e et des r\u00e9sultats de cintrage parfaits.<\/td>\n<\/tr>\n<\/tbody>\n<\/table>\n<hr \/>\n<table>\n<tbody>\n<tr>\n<td>\n<h3 class=\"top\">Outils sp\u00e9ciaux<\/h3>\n<p><a href=\"https:\/\/www.thoman.de\/wp-content\/uploads\/2014\/09\/Sonderwerkzeuge_B1.png\"><img decoding=\"async\" class=\"alignnone wp-image-2080\" src=\"https:\/\/www.thoman.de\/wp-content\/uploads\/2014\/09\/Sonderwerkzeuge_B1-300x198.png\" alt=\"Outils sp\u00e9ciaux_B1\" width=\"250\" height=\"166\" \/><\/a><\/td>\n<td>Les exigences sp\u00e9ciales requi\u00e8rent des solutions sp\u00e9ciales. Parlez-nous en.<br \/>\nDans notre construction, nous d\u00e9veloppons des outils sp\u00e9ciaux pour les exigences sp\u00e9cifiques des clients.<\/td>\n<\/tr>\n<\/tbody>\n<\/table>\n<p>&nbsp;<\/p>\n","protected":false},"excerpt":{"rendered":"<p>Options &nbsp; Chanfreinage Les profils chanfrein\u00e9s sont n\u00e9cessaires pour de nombreuses applications. Une multiplicit\u00e9 de poin\u00e7ons de cintrage, de matrices ou d&rsquo;outils sp\u00e9ciaux diff\u00e9rents sont disponibles pour la machine de cintrage universelle MultiBend. Dressage Le dressage de profil\u00e9s ou de constructions soud\u00e9es fait partie des t\u00e2ches quotidiennes de nombreuses entreprises d&rsquo;usinage de m\u00e9taux. Avec une [&hellip;]<\/p>\n","protected":false},"author":11,"featured_media":0,"parent":3460,"menu_order":0,"comment_status":"open","ping_status":"open","template":"","meta":{"footnotes":""},"acf":[],"yoast_head":"<!-- This site is optimized with the Yoast SEO plugin v21.3 - https:\/\/yoast.com\/wordpress\/plugins\/seo\/ -->\n<title>Options - Thoman Biegemaschinen<\/title>\n<meta name=\"robots\" content=\"index, follow, max-snippet:-1, max-image-preview:large, max-video-preview:-1\" \/>\n<link rel=\"canonical\" href=\"https:\/\/www.thoman.de\/fr\/machines\/machines-de-cintrage-universelles\/options\/\" \/>\n<meta property=\"og:locale\" content=\"fr_FR\" \/>\n<meta property=\"og:type\" content=\"article\" \/>\n<meta property=\"og:title\" content=\"Options - Thoman Biegemaschinen\" \/>\n<meta property=\"og:description\" content=\"Options &nbsp; Chanfreinage Les profils chanfrein\u00e9s sont n\u00e9cessaires pour de nombreuses applications. Une multiplicit\u00e9 de poin\u00e7ons de cintrage, de matrices ou d&rsquo;outils sp\u00e9ciaux diff\u00e9rents sont disponibles pour la machine de cintrage universelle MultiBend. Dressage Le dressage de profil\u00e9s ou de constructions soud\u00e9es fait partie des t\u00e2ches quotidiennes de nombreuses entreprises d&rsquo;usinage de m\u00e9taux. Avec une [&hellip;]\" \/>\n<meta property=\"og:url\" content=\"https:\/\/www.thoman.de\/fr\/machines\/machines-de-cintrage-universelles\/options\/\" \/>\n<meta property=\"og:site_name\" content=\"Thoman Biegemaschinen\" \/>\n<meta property=\"article:modified_time\" content=\"2015-07-16T07:33:01+00:00\" \/>\n<meta property=\"og:image\" content=\"https:\/\/www.thoman.de\/wp-content\/uploads\/2014\/09\/Kanten_B1-300x199.png\" \/>\n<meta name=\"twitter:label1\" content=\"Dur\u00e9e de lecture estim\u00e9e\" \/>\n\t<meta name=\"twitter:data1\" content=\"2 minutes\" \/>\n<script type=\"application\/ld+json\" class=\"yoast-schema-graph\">{\"@context\":\"https:\/\/schema.org\",\"@graph\":[{\"@type\":\"WebPage\",\"@id\":\"https:\/\/www.thoman.de\/fr\/machines\/machines-de-cintrage-universelles\/options\/\",\"url\":\"https:\/\/www.thoman.de\/fr\/machines\/machines-de-cintrage-universelles\/options\/\",\"name\":\"Options - Thoman Biegemaschinen\",\"isPartOf\":{\"@id\":\"https:\/\/www.thoman.de\/#website\"},\"datePublished\":\"2014-08-14T15:17:21+00:00\",\"dateModified\":\"2015-07-16T07:33:01+00:00\",\"breadcrumb\":{\"@id\":\"https:\/\/www.thoman.de\/fr\/machines\/machines-de-cintrage-universelles\/options\/#breadcrumb\"},\"inLanguage\":\"fr-FR\",\"potentialAction\":[{\"@type\":\"ReadAction\",\"target\":[\"https:\/\/www.thoman.de\/fr\/machines\/machines-de-cintrage-universelles\/options\/\"]}]},{\"@type\":\"BreadcrumbList\",\"@id\":\"https:\/\/www.thoman.de\/fr\/machines\/machines-de-cintrage-universelles\/options\/#breadcrumb\",\"itemListElement\":[{\"@type\":\"ListItem\",\"position\":1,\"name\":\"Home\",\"item\":\"https:\/\/www.thoman.de\/fr\/\"},{\"@type\":\"ListItem\",\"position\":2,\"name\":\"Machines\",\"item\":\"https:\/\/www.thoman.de\/fr\/machines\/\"},{\"@type\":\"ListItem\",\"position\":3,\"name\":\"Machines de cintrage universelles\",\"item\":\"https:\/\/www.thoman.de\/fr\/machines\/machines-de-cintrage-universelles\/\"},{\"@type\":\"ListItem\",\"position\":4,\"name\":\"Options\"}]},{\"@type\":\"WebSite\",\"@id\":\"https:\/\/www.thoman.de\/#website\",\"url\":\"https:\/\/www.thoman.de\/\",\"name\":\"Thoman Biegemaschinen\",\"description\":\"Eine weitere WordPress-Seite\",\"potentialAction\":[{\"@type\":\"SearchAction\",\"target\":{\"@type\":\"EntryPoint\",\"urlTemplate\":\"https:\/\/www.thoman.de\/?s={search_term_string}\"},\"query-input\":\"required name=search_term_string\"}],\"inLanguage\":\"fr-FR\"}]}<\/script>\n<!-- \/ Yoast SEO plugin. -->","yoast_head_json":{"title":"Options - Thoman Biegemaschinen","robots":{"index":"index","follow":"follow","max-snippet":"max-snippet:-1","max-image-preview":"max-image-preview:large","max-video-preview":"max-video-preview:-1"},"canonical":"https:\/\/www.thoman.de\/fr\/machines\/machines-de-cintrage-universelles\/options\/","og_locale":"fr_FR","og_type":"article","og_title":"Options - Thoman Biegemaschinen","og_description":"Options &nbsp; Chanfreinage Les profils chanfrein\u00e9s sont n\u00e9cessaires pour de nombreuses applications. Une multiplicit\u00e9 de poin\u00e7ons de cintrage, de matrices ou d&rsquo;outils sp\u00e9ciaux diff\u00e9rents sont disponibles pour la machine de cintrage universelle MultiBend. Dressage Le dressage de profil\u00e9s ou de constructions soud\u00e9es fait partie des t\u00e2ches quotidiennes de nombreuses entreprises d&rsquo;usinage de m\u00e9taux. Avec une [&hellip;]","og_url":"https:\/\/www.thoman.de\/fr\/machines\/machines-de-cintrage-universelles\/options\/","og_site_name":"Thoman Biegemaschinen","article_modified_time":"2015-07-16T07:33:01+00:00","og_image":[{"url":"https:\/\/www.thoman.de\/wp-content\/uploads\/2014\/09\/Kanten_B1-300x199.png"}],"twitter_misc":{"Dur\u00e9e de lecture estim\u00e9e":"2 minutes"},"schema":{"@context":"https:\/\/schema.org","@graph":[{"@type":"WebPage","@id":"https:\/\/www.thoman.de\/fr\/machines\/machines-de-cintrage-universelles\/options\/","url":"https:\/\/www.thoman.de\/fr\/machines\/machines-de-cintrage-universelles\/options\/","name":"Options - Thoman Biegemaschinen","isPartOf":{"@id":"https:\/\/www.thoman.de\/#website"},"datePublished":"2014-08-14T15:17:21+00:00","dateModified":"2015-07-16T07:33:01+00:00","breadcrumb":{"@id":"https:\/\/www.thoman.de\/fr\/machines\/machines-de-cintrage-universelles\/options\/#breadcrumb"},"inLanguage":"fr-FR","potentialAction":[{"@type":"ReadAction","target":["https:\/\/www.thoman.de\/fr\/machines\/machines-de-cintrage-universelles\/options\/"]}]},{"@type":"BreadcrumbList","@id":"https:\/\/www.thoman.de\/fr\/machines\/machines-de-cintrage-universelles\/options\/#breadcrumb","itemListElement":[{"@type":"ListItem","position":1,"name":"Home","item":"https:\/\/www.thoman.de\/fr\/"},{"@type":"ListItem","position":2,"name":"Machines","item":"https:\/\/www.thoman.de\/fr\/machines\/"},{"@type":"ListItem","position":3,"name":"Machines de cintrage universelles","item":"https:\/\/www.thoman.de\/fr\/machines\/machines-de-cintrage-universelles\/"},{"@type":"ListItem","position":4,"name":"Options"}]},{"@type":"WebSite","@id":"https:\/\/www.thoman.de\/#website","url":"https:\/\/www.thoman.de\/","name":"Thoman Biegemaschinen","description":"Eine weitere WordPress-Seite","potentialAction":[{"@type":"SearchAction","target":{"@type":"EntryPoint","urlTemplate":"https:\/\/www.thoman.de\/?s={search_term_string}"},"query-input":"required name=search_term_string"}],"inLanguage":"fr-FR"}]}},"_links":{"self":[{"href":"https:\/\/www.thoman.de\/fr\/wp-json\/wp\/v2\/pages\/3642"}],"collection":[{"href":"https:\/\/www.thoman.de\/fr\/wp-json\/wp\/v2\/pages"}],"about":[{"href":"https:\/\/www.thoman.de\/fr\/wp-json\/wp\/v2\/types\/page"}],"author":[{"embeddable":true,"href":"https:\/\/www.thoman.de\/fr\/wp-json\/wp\/v2\/users\/11"}],"replies":[{"embeddable":true,"href":"https:\/\/www.thoman.de\/fr\/wp-json\/wp\/v2\/comments?post=3642"}],"version-history":[{"count":3,"href":"https:\/\/www.thoman.de\/fr\/wp-json\/wp\/v2\/pages\/3642\/revisions"}],"predecessor-version":[{"id":5404,"href":"https:\/\/www.thoman.de\/fr\/wp-json\/wp\/v2\/pages\/3642\/revisions\/5404"}],"up":[{"embeddable":true,"href":"https:\/\/www.thoman.de\/fr\/wp-json\/wp\/v2\/pages\/3460"}],"wp:attachment":[{"href":"https:\/\/www.thoman.de\/fr\/wp-json\/wp\/v2\/media?parent=3642"}],"curies":[{"name":"wp","href":"https:\/\/api.w.org\/{rel}","templated":true}]}}